{"id":9995,"date":"2023-05-10T15:38:18","date_gmt":"2023-05-10T13:38:18","guid":{"rendered":"https:\/\/kajakaskaoprema.si\/?post_type=product&#038;p=9995"},"modified":"2025-11-12T21:01:23","modified_gmt":"2025-11-12T20:01:23","slug":"neoprenske-rokavice-neo-1-5","status":"publish","type":"product","link":"https:\/\/kajakaskaoprema.si\/en\/trgovina\/rokavice\/neoprenske-rokavice-neo-1-5\/","title":{"rendered":"NEO 1.5 neoprene poggies"},"content":{"rendered":"<p><strong>NEO 1.5 neoprene poggies<\/strong><\/p>\n<p>Neo neoprene gloves are suitable for all competitors and all rowers who need to feel the paddle in their hands and want to protect their hands from the cold.<\/p>\n<p>The ultra-lightweight cold gloves are made of 1.5 mm neoprene and designed for canoe slalom, wild water, fishing, freestyle. They will keep your hands warm even in extremely cold weather without losing grip on the paddle. They are attached to the paddle with a very sticky Velcro.<\/p>","protected":false},"excerpt":{"rendered":"<p>Neoprenske rokavice HIKO NEO 1.5 Neo neoprenske rokavice so primerne za vse tekmovalce in vse vesla\u010de, ki morajo \u010dutiti veslo v rokah in hkrati \u017eelijo za\u0161\u010dititi svoje roke pred mrazom. Zelo lahke rokavice za mraz so narejene iz 1.5 mm neoprena in zasnovane za slalom v kanuju, divje vode, ribolov, freestyle. Ohranile bodo va\u0161e roke [&hellip;]<\/p>\n","protected":false},"featured_media":9998,"comment_status":"open","ping_status":"closed","template":"","meta":{"_et_pb_use_builder":"","_et_pb_old_content":"","_et_gb_content_width":""},"product_brand":[],"product_cat":[15],"product_tag":[86,538],"class_list":{"0":"post-9995","1":"product","2":"type-product","3":"status-publish","4":"has-post-thumbnail","6":"product_cat-rokavice","7":"product_tag-neoprene","8":"product_tag-rokavice","9":"pa_velikost-s-m","10":"pa_velikost-l-xl","12":"first","13":"instock","14":"shipping-taxable","15":"purchasable","16":"product-type-variable"},"yoast_head":"<!-- This site is optimized with the Yoast SEO plugin v27.0 - https:\/\/yoast.com\/product\/yoast-seo-wordpress\/ -->\n<title>Neoprenske rokavice NEO 1.5 | Kajaka\u0161ka Oprema<\/title>\n<meta name=\"description\" content=\"Neoprenske rokavice HIKO NEO 1.5 Neo neoprenske rokavice so primerne za vse tekmovalce in vse vesla\u010de, ki morajo \u010dutiti veslo v rokah in hkrati \u017eelijo\" \/>\n<meta name=\"robots\" content=\"index, follow, max-snippet:-1, max-image-preview:large, max-video-preview:-1\" \/>\n<link rel=\"canonical\" href=\"https:\/\/kajakaskaoprema.si\/en\/trgovina\/rokavice\/neoprenske-rokavice-neo-1-5\/\" \/>\n<meta property=\"og:locale\" content=\"en_GB\" \/>\n<meta property=\"og:type\" content=\"article\" \/>\n<meta property=\"og:title\" content=\"Neoprenske rokavice NEO 1.5 | Kajaka\u0161ka Oprema\" \/>\n<meta property=\"og:description\" content=\"Neoprenske rokavice HIKO NEO 1.5 Neo neoprenske rokavice so primerne za vse tekmovalce in vse vesla\u010de, ki morajo \u010dutiti veslo v rokah in hkrati \u017eelijo\" \/>\n<meta property=\"og:url\" content=\"https:\/\/kajakaskaoprema.si\/en\/trgovina\/rokavice\/neoprenske-rokavice-neo-1-5\/\" \/>\n<meta property=\"og:site_name\" content=\"Kajaka\u0161ka Oprema\" \/>\n<meta property=\"article:publisher\" content=\"https:\/\/www.facebook.com\/profile.php?id=100089048120006\" \/>\n<meta property=\"article:modified_time\" content=\"2025-11-12T20:01:23+00:00\" \/>\n<meta property=\"og:image\" content=\"https:\/\/kajakaskaoprema.si\/wp-content\/uploads\/2023\/05\/Untitled-design-_7_.webp\" \/>\n\t<meta property=\"og:image:width\" content=\"1000\" \/>\n\t<meta property=\"og:image:height\" content=\"1000\" \/>\n\t<meta property=\"og:image:type\" content=\"image\/webp\" \/>\n<meta name=\"twitter:card\" content=\"summary_large_image\" \/>\n<meta name=\"twitter:label1\" content=\"Estimated reading time\" \/>\n\t<meta name=\"twitter:data1\" content=\"1 minute\" \/>\n<!-- \/ Yoast SEO plugin. -->","yoast_head_json":{"title":"Neoprenske rokavice NEO 1.5 | Kajaka\u0161ka Oprema","description":"Neoprenske rokavice HIKO NEO 1.5 Neo neoprenske rokavice so primerne za vse tekmovalce in vse vesla\u010de, ki morajo \u010dutiti veslo v rokah in hkrati \u017eelijo","robots":{"index":"index","follow":"follow","max-snippet":"max-snippet:-1","max-image-preview":"max-image-preview:large","max-video-preview":"max-video-preview:-1"},"canonical":"https:\/\/kajakaskaoprema.si\/en\/trgovina\/rokavice\/neoprenske-rokavice-neo-1-5\/","og_locale":"en_GB","og_type":"article","og_title":"Neoprenske rokavice NEO 1.5 | Kajaka\u0161ka Oprema","og_description":"Neoprenske rokavice HIKO NEO 1.5 Neo neoprenske rokavice so primerne za vse tekmovalce in vse vesla\u010de, ki morajo \u010dutiti veslo v rokah in hkrati \u017eelijo","og_url":"https:\/\/kajakaskaoprema.si\/en\/trgovina\/rokavice\/neoprenske-rokavice-neo-1-5\/","og_site_name":"Kajaka\u0161ka Oprema","article_publisher":"https:\/\/www.facebook.com\/profile.php?id=100089048120006","article_modified_time":"2025-11-12T20:01:23+00:00","og_image":[{"width":1000,"height":1000,"url":"https:\/\/kajakaskaoprema.si\/wp-content\/uploads\/2023\/05\/Untitled-design-_7_.webp","type":"image\/webp"}],"twitter_card":"summary_large_image","twitter_misc":{"Estimated reading time":"1 minute"},"schema":{"@context":"https:\/\/schema.org","@graph":[{"@type":["WebPage","ItemPage"],"@id":"https:\/\/kajakaskaoprema.si\/trgovina\/rokavice\/neoprenske-rokavice-neo-1-5\/","url":"https:\/\/kajakaskaoprema.si\/trgovina\/rokavice\/neoprenske-rokavice-neo-1-5\/","name":"Neoprenske rokavice NEO 1.5 | Kajaka\u0161ka Oprema","isPartOf":{"@id":"https:\/\/kajakaskaoprema.si\/#website"},"primaryImageOfPage":{"@id":"https:\/\/kajakaskaoprema.si\/trgovina\/rokavice\/neoprenske-rokavice-neo-1-5\/#primaryimage"},"image":{"@id":"https:\/\/kajakaskaoprema.si\/trgovina\/rokavice\/neoprenske-rokavice-neo-1-5\/#primaryimage"},"thumbnailUrl":"https:\/\/kajakaskaoprema.si\/wp-content\/uploads\/2023\/05\/Untitled-design-_7_.webp","datePublished":"2023-05-10T13:38:18+00:00","dateModified":"2025-11-12T20:01:23+00:00","description":"Neoprenske rokavice HIKO NEO 1.5 Neo neoprenske rokavice so primerne za vse tekmovalce in vse vesla\u010de, ki morajo \u010dutiti veslo v rokah in hkrati \u017eelijo","breadcrumb":{"@id":"https:\/\/kajakaskaoprema.si\/trgovina\/rokavice\/neoprenske-rokavice-neo-1-5\/#breadcrumb"},"inLanguage":"en-GB","potentialAction":[{"@type":"ReadAction","target":["https:\/\/kajakaskaoprema.si\/trgovina\/rokavice\/neoprenske-rokavice-neo-1-5\/"]}]},{"@type":"ImageObject","inLanguage":"en-GB","@id":"https:\/\/kajakaskaoprema.si\/trgovina\/rokavice\/neoprenske-rokavice-neo-1-5\/#primaryimage","url":"https:\/\/kajakaskaoprema.si\/wp-content\/uploads\/2023\/05\/Untitled-design-_7_.webp","contentUrl":"https:\/\/kajakaskaoprema.si\/wp-content\/uploads\/2023\/05\/Untitled-design-_7_.webp","width":1000,"height":1000},{"@type":"BreadcrumbList","@id":"https:\/\/kajakaskaoprema.si\/trgovina\/rokavice\/neoprenske-rokavice-neo-1-5\/#breadcrumb","itemListElement":[{"@type":"ListItem","position":1,"name":"Domov","item":"https:\/\/kajakaskaoprema.si\/"},{"@type":"ListItem","position":2,"name":"Trgovina","item":"https:\/\/kajakaskaoprema.si\/trgovina\/"},{"@type":"ListItem","position":3,"name":"Rokavice","item":"https:\/\/kajakaskaoprema.si\/kolekcije\/rokavice\/"},{"@type":"ListItem","position":4,"name":"Neoprenske rokavice NEO 1.5"}]},{"@type":"WebSite","@id":"https:\/\/kajakaskaoprema.si\/#website","url":"https:\/\/kajakaskaoprema.si\/","name":"Kajaka\u0161ka Oprema","description":"Spletna trgovina s kajaka\u0161ko opremo svetovno priznanih znamk. Idealno za vse ljubitelje adrenalina in vodnih \u0161portov.","publisher":{"@id":"https:\/\/kajakaskaoprema.si\/#organization"},"potentialAction":[{"@type":"SearchAction","target":{"@type":"EntryPoint","urlTemplate":"https:\/\/kajakaskaoprema.si\/?s={search_term_string}"},"query-input":{"@type":"PropertyValueSpecification","valueRequired":true,"valueName":"search_term_string"}}],"inLanguage":"en-GB"},{"@type":"Organization","@id":"https:\/\/kajakaskaoprema.si\/#organization","name":"Kajaka\u0161ka Oprema","url":"https:\/\/kajakaskaoprema.si\/","logo":{"@type":"ImageObject","inLanguage":"en-GB","@id":"https:\/\/kajakaskaoprema.si\/#\/schema\/logo\/image\/","url":"https:\/\/kajakaskaoprema.si\/wp-content\/uploads\/2022\/12\/Logo_Kajakaska-Oprema.png","contentUrl":"https:\/\/kajakaskaoprema.si\/wp-content\/uploads\/2022\/12\/Logo_Kajakaska-Oprema.png","width":250,"height":69,"caption":"Kajaka\u0161ka Oprema"},"image":{"@id":"https:\/\/kajakaskaoprema.si\/#\/schema\/logo\/image\/"},"sameAs":["https:\/\/www.facebook.com\/profile.php?id=100089048120006","https:\/\/www.instagram.com\/kajakaska_oprema\/?fbclid=IwAR2wP1CpCpqaC63UyJF_RvVrzwwz_bz6YVmg02z_LdA4tZuWdCWYKBih7zQ"]}]}},"_links":{"self":[{"href":"https:\/\/kajakaskaoprema.si\/en\/wp-json\/wp\/v2\/product\/9995","targetHints":{"allow":["GET"]}}],"collection":[{"href":"https:\/\/kajakaskaoprema.si\/en\/wp-json\/wp\/v2\/product"}],"about":[{"href":"https:\/\/kajakaskaoprema.si\/en\/wp-json\/wp\/v2\/types\/product"}],"replies":[{"embeddable":true,"href":"https:\/\/kajakaskaoprema.si\/en\/wp-json\/wp\/v2\/comments?post=9995"}],"wp:featuredmedia":[{"embeddable":true,"href":"https:\/\/kajakaskaoprema.si\/en\/wp-json\/wp\/v2\/media\/9998"}],"wp:attachment":[{"href":"https:\/\/kajakaskaoprema.si\/en\/wp-json\/wp\/v2\/media?parent=9995"}],"wp:term":[{"taxonomy":"product_brand","embeddable":true,"href":"https:\/\/kajakaskaoprema.si\/en\/wp-json\/wp\/v2\/product_brand?post=9995"},{"taxonomy":"product_cat","embeddable":true,"href":"https:\/\/kajakaskaoprema.si\/en\/wp-json\/wp\/v2\/product_cat?post=9995"},{"taxonomy":"product_tag","embeddable":true,"href":"https:\/\/kajakaskaoprema.si\/en\/wp-json\/wp\/v2\/product_tag?post=9995"}],"curies":[{"name":"wp","href":"https:\/\/api.w.org\/{rel}","templated":true}]}}