{"id":9957,"date":"2023-05-05T13:41:31","date_gmt":"2023-05-05T11:41:31","guid":{"rendered":"https:\/\/kajakaskaoprema.si\/?post_type=product&#038;p=9957"},"modified":"2025-03-20T21:50:20","modified_gmt":"2025-03-20T20:50:20","slug":"nahrbtnik-trek-tpu-60l","status":"publish","type":"product","link":"https:\/\/kajakaskaoprema.si\/en\/trgovina\/torbe-in-nahrbtniki\/nahrbtnik-trek-tpu-60l\/","title":{"rendered":"Nahrbtnik TREK TPU 60l"},"content":{"rendered":"<p><strong>Nahrbtnik HIKO TREK TPU 60l<\/strong><\/p>\n<p>Trpe\u017eni nahrbtnik TREK TPU, odporen na vodo.<\/p>\n<p>+ Oblazinjene naramnice s dodatnim pasom katerega lahko zapnemo okoli prsnega ko\u0161a in pasa.<\/p>\n<p>+ Sprednji panel z mre\u017eo bungee za pritrditev manj\u0161ih predmetov.<\/p>\n<p>+ Dva pasova za opremo vzdol\u017e sprednjega dela nahrbtnika z zankami za opremo na dnu in D-obro\u010dki na vrhu.<\/p>\n<p>+ izdelan iz 100-odstotno vodoodporne in zelo odporne najlonske tkanine s prevleko TPU.<\/p>\n<p>+ Enostaven sistem zapiranja nahrbtnika, ki ohranja notranjost suho tudi v najektremnej\u0161ih vremenskih pogojih.<\/p>","protected":false},"excerpt":{"rendered":"<p>Nahrbtnik HIKO TREK TPU 60l Trpe\u017eni nahrbtnik TREK TPU, odporen na vodo. + Oblazinjene naramnice s dodatnim pasom katerega lahko zapnemo okoli prsnega ko\u0161a in pasa. + Sprednji panel z mre\u017eo bungee za pritrditev manj\u0161ih predmetov. + Dva pasova za opremo vzdol\u017e sprednjega dela nahrbtnika z zankami za opremo na dnu in D-obro\u010dki na vrhu. [&hellip;]<\/p>\n","protected":false},"featured_media":9955,"comment_status":"open","ping_status":"closed","template":"","meta":{"_et_pb_use_builder":"","_et_pb_old_content":"","_et_gb_content_width":""},"product_brand":[],"product_cat":[201],"product_tag":[],"class_list":{"0":"post-9957","1":"product","2":"type-product","3":"status-publish","4":"has-post-thumbnail","6":"product_cat-torbe-in-nahrbtniki","7":"pa_barva-rdeca","8":"pa_barva-zelena","10":"first","11":"instock","12":"shipping-taxable","13":"purchasable","14":"product-type-variable"},"yoast_head":"<!-- This site is optimized with the Yoast SEO plugin v27.0 - https:\/\/yoast.com\/product\/yoast-seo-wordpress\/ -->\n<title>Nahrbtnik TREK TPU 60l | Kajaka\u0161ka Oprema<\/title>\n<meta name=\"description\" content=\"Nahrbtnik HIKO TREK TPU 60l Trpe\u017eni nahrbtnik TREK TPU, odporen na vodo. + Oblazinjene naramnice s dodatnim pasom katerega lahko zapnemo okoli prsnega\" \/>\n<meta name=\"robots\" content=\"index, follow, max-snippet:-1, max-image-preview:large, max-video-preview:-1\" \/>\n<link rel=\"canonical\" href=\"https:\/\/kajakaskaoprema.si\/en\/trgovina\/torbe-in-nahrbtniki\/nahrbtnik-trek-tpu-60l\/\" \/>\n<meta property=\"og:locale\" content=\"en_GB\" \/>\n<meta property=\"og:type\" content=\"article\" \/>\n<meta property=\"og:title\" content=\"Nahrbtnik TREK TPU 60l | Kajaka\u0161ka Oprema\" \/>\n<meta property=\"og:description\" content=\"Nahrbtnik HIKO TREK TPU 60l Trpe\u017eni nahrbtnik TREK TPU, odporen na vodo. + Oblazinjene naramnice s dodatnim pasom katerega lahko zapnemo okoli prsnega\" \/>\n<meta property=\"og:url\" content=\"https:\/\/kajakaskaoprema.si\/en\/trgovina\/torbe-in-nahrbtniki\/nahrbtnik-trek-tpu-60l\/\" \/>\n<meta property=\"og:site_name\" content=\"Kajaka\u0161ka Oprema\" \/>\n<meta property=\"article:publisher\" content=\"https:\/\/www.facebook.com\/profile.php?id=100089048120006\" \/>\n<meta property=\"article:modified_time\" content=\"2025-03-20T20:50:20+00:00\" \/>\n<meta property=\"og:image\" content=\"https:\/\/kajakaskaoprema.si\/wp-content\/uploads\/2023\/05\/green.webp\" \/>\n\t<meta property=\"og:image:width\" content=\"1000\" \/>\n\t<meta property=\"og:image:height\" content=\"1000\" \/>\n\t<meta property=\"og:image:type\" content=\"image\/webp\" \/>\n<meta name=\"twitter:card\" content=\"summary_large_image\" \/>\n<meta name=\"twitter:label1\" content=\"Estimated reading time\" \/>\n\t<meta name=\"twitter:data1\" content=\"1 minute\" \/>\n<!-- \/ Yoast SEO plugin. -->","yoast_head_json":{"title":"Nahrbtnik TREK TPU 60l | Kajaka\u0161ka Oprema","description":"Nahrbtnik HIKO TREK TPU 60l Trpe\u017eni nahrbtnik TREK TPU, odporen na vodo. + Oblazinjene naramnice s dodatnim pasom katerega lahko zapnemo okoli prsnega","robots":{"index":"index","follow":"follow","max-snippet":"max-snippet:-1","max-image-preview":"max-image-preview:large","max-video-preview":"max-video-preview:-1"},"canonical":"https:\/\/kajakaskaoprema.si\/en\/trgovina\/torbe-in-nahrbtniki\/nahrbtnik-trek-tpu-60l\/","og_locale":"en_GB","og_type":"article","og_title":"Nahrbtnik TREK TPU 60l | Kajaka\u0161ka Oprema","og_description":"Nahrbtnik HIKO TREK TPU 60l Trpe\u017eni nahrbtnik TREK TPU, odporen na vodo. + Oblazinjene naramnice s dodatnim pasom katerega lahko zapnemo okoli prsnega","og_url":"https:\/\/kajakaskaoprema.si\/en\/trgovina\/torbe-in-nahrbtniki\/nahrbtnik-trek-tpu-60l\/","og_site_name":"Kajaka\u0161ka Oprema","article_publisher":"https:\/\/www.facebook.com\/profile.php?id=100089048120006","article_modified_time":"2025-03-20T20:50:20+00:00","og_image":[{"width":1000,"height":1000,"url":"https:\/\/kajakaskaoprema.si\/wp-content\/uploads\/2023\/05\/green.webp","type":"image\/webp"}],"twitter_card":"summary_large_image","twitter_misc":{"Estimated reading time":"1 minute"},"schema":{"@context":"https:\/\/schema.org","@graph":[{"@type":["WebPage","ItemPage"],"@id":"https:\/\/kajakaskaoprema.si\/trgovina\/torbe-in-nahrbtniki\/nahrbtnik-trek-tpu-60l\/","url":"https:\/\/kajakaskaoprema.si\/trgovina\/torbe-in-nahrbtniki\/nahrbtnik-trek-tpu-60l\/","name":"Nahrbtnik TREK TPU 60l | Kajaka\u0161ka Oprema","isPartOf":{"@id":"https:\/\/kajakaskaoprema.si\/#website"},"primaryImageOfPage":{"@id":"https:\/\/kajakaskaoprema.si\/trgovina\/torbe-in-nahrbtniki\/nahrbtnik-trek-tpu-60l\/#primaryimage"},"image":{"@id":"https:\/\/kajakaskaoprema.si\/trgovina\/torbe-in-nahrbtniki\/nahrbtnik-trek-tpu-60l\/#primaryimage"},"thumbnailUrl":"https:\/\/kajakaskaoprema.si\/wp-content\/uploads\/2023\/05\/green.webp","datePublished":"2023-05-05T11:41:31+00:00","dateModified":"2025-03-20T20:50:20+00:00","description":"Nahrbtnik HIKO TREK TPU 60l Trpe\u017eni nahrbtnik TREK TPU, odporen na vodo. + Oblazinjene naramnice s dodatnim pasom katerega lahko zapnemo okoli prsnega","breadcrumb":{"@id":"https:\/\/kajakaskaoprema.si\/trgovina\/torbe-in-nahrbtniki\/nahrbtnik-trek-tpu-60l\/#breadcrumb"},"inLanguage":"en-GB","potentialAction":[{"@type":"ReadAction","target":["https:\/\/kajakaskaoprema.si\/trgovina\/torbe-in-nahrbtniki\/nahrbtnik-trek-tpu-60l\/"]}]},{"@type":"ImageObject","inLanguage":"en-GB","@id":"https:\/\/kajakaskaoprema.si\/trgovina\/torbe-in-nahrbtniki\/nahrbtnik-trek-tpu-60l\/#primaryimage","url":"https:\/\/kajakaskaoprema.si\/wp-content\/uploads\/2023\/05\/green.webp","contentUrl":"https:\/\/kajakaskaoprema.si\/wp-content\/uploads\/2023\/05\/green.webp","width":1000,"height":1000},{"@type":"BreadcrumbList","@id":"https:\/\/kajakaskaoprema.si\/trgovina\/torbe-in-nahrbtniki\/nahrbtnik-trek-tpu-60l\/#breadcrumb","itemListElement":[{"@type":"ListItem","position":1,"name":"Domov","item":"https:\/\/kajakaskaoprema.si\/"},{"@type":"ListItem","position":2,"name":"Trgovina","item":"https:\/\/kajakaskaoprema.si\/trgovina\/"},{"@type":"ListItem","position":3,"name":"Torbe &amp; nahrbtniki","item":"https:\/\/kajakaskaoprema.si\/kolekcije\/torbe-in-nahrbtniki\/"},{"@type":"ListItem","position":4,"name":"Nahrbtnik TREK TPU 60l"}]},{"@type":"WebSite","@id":"https:\/\/kajakaskaoprema.si\/#website","url":"https:\/\/kajakaskaoprema.si\/","name":"Kajaka\u0161ka Oprema","description":"Spletna trgovina s kajaka\u0161ko opremo svetovno priznanih znamk. Idealno za vse ljubitelje adrenalina in vodnih \u0161portov.","publisher":{"@id":"https:\/\/kajakaskaoprema.si\/#organization"},"potentialAction":[{"@type":"SearchAction","target":{"@type":"EntryPoint","urlTemplate":"https:\/\/kajakaskaoprema.si\/?s={search_term_string}"},"query-input":{"@type":"PropertyValueSpecification","valueRequired":true,"valueName":"search_term_string"}}],"inLanguage":"en-GB"},{"@type":"Organization","@id":"https:\/\/kajakaskaoprema.si\/#organization","name":"Kajaka\u0161ka Oprema","url":"https:\/\/kajakaskaoprema.si\/","logo":{"@type":"ImageObject","inLanguage":"en-GB","@id":"https:\/\/kajakaskaoprema.si\/#\/schema\/logo\/image\/","url":"https:\/\/kajakaskaoprema.si\/wp-content\/uploads\/2022\/12\/Logo_Kajakaska-Oprema.png","contentUrl":"https:\/\/kajakaskaoprema.si\/wp-content\/uploads\/2022\/12\/Logo_Kajakaska-Oprema.png","width":250,"height":69,"caption":"Kajaka\u0161ka Oprema"},"image":{"@id":"https:\/\/kajakaskaoprema.si\/#\/schema\/logo\/image\/"},"sameAs":["https:\/\/www.facebook.com\/profile.php?id=100089048120006","https:\/\/www.instagram.com\/kajakaska_oprema\/?fbclid=IwAR2wP1CpCpqaC63UyJF_RvVrzwwz_bz6YVmg02z_LdA4tZuWdCWYKBih7zQ"]}]}},"_links":{"self":[{"href":"https:\/\/kajakaskaoprema.si\/en\/wp-json\/wp\/v2\/product\/9957","targetHints":{"allow":["GET"]}}],"collection":[{"href":"https:\/\/kajakaskaoprema.si\/en\/wp-json\/wp\/v2\/product"}],"about":[{"href":"https:\/\/kajakaskaoprema.si\/en\/wp-json\/wp\/v2\/types\/product"}],"replies":[{"embeddable":true,"href":"https:\/\/kajakaskaoprema.si\/en\/wp-json\/wp\/v2\/comments?post=9957"}],"wp:featuredmedia":[{"embeddable":true,"href":"https:\/\/kajakaskaoprema.si\/en\/wp-json\/wp\/v2\/media\/9955"}],"wp:attachment":[{"href":"https:\/\/kajakaskaoprema.si\/en\/wp-json\/wp\/v2\/media?parent=9957"}],"wp:term":[{"taxonomy":"product_brand","embeddable":true,"href":"https:\/\/kajakaskaoprema.si\/en\/wp-json\/wp\/v2\/product_brand?post=9957"},{"taxonomy":"product_cat","embeddable":true,"href":"https:\/\/kajakaskaoprema.si\/en\/wp-json\/wp\/v2\/product_cat?post=9957"},{"taxonomy":"product_tag","embeddable":true,"href":"https:\/\/kajakaskaoprema.si\/en\/wp-json\/wp\/v2\/product_tag?post=9957"}],"curies":[{"name":"wp","href":"https:\/\/api.w.org\/{rel}","templated":true}]}}