{"id":9914,"date":"2023-05-05T11:04:21","date_gmt":"2023-05-05T09:04:21","guid":{"rendered":"https:\/\/kajakaskaoprema.si\/?post_type=product&#038;p=9914"},"modified":"2025-03-20T21:53:14","modified_gmt":"2025-03-20T20:53:14","slug":"suha-obleka-odin-air4","status":"publish","type":"product","link":"https:\/\/kajakaskaoprema.si\/en\/trgovina\/suhe-obleke\/suha-obleka-odin-air4\/","title":{"rendered":"ODIN Air4 Dry Suit"},"content":{"rendered":"<p><strong>ODIN Air4 Dry Suit<\/strong><\/p>\n<p>The ODIN Air4 is a top of the line men's dry suit that is here to keep you warm and dry even while pushing the boundaries of what's possible in a kayak.<\/p>\n<p>+ Rear entry TIZIP\u00ae waterproof zipper dry suit designed for extreme paddling<\/p>\n<p>+ Latex wrists and neck gaskets for maximum dryness are further protected protected with soft neoprene cuffs<\/p>\n<p>+ Hight wear areas (seat, knees, forearms and elbows) are reinforced with cordura for durability<\/p>\n<p>+ The main body of the suit is made from Air4 material<\/p>\n<p>+ Opremljena je z sistemom &#8220;Double Pull&#8221;, pri katerem poteg naprej na zavihke za pas hkrati zategne sprednji in zadnji del, nato pa je spredaj pritrjen s sistemom hoop-and-loop za popolno prileganje.<\/p>\n<p>+ Ankle cuffs adjustable via hook-and-loop<\/p>\n<p>+ Integrated cordura socks are durable and stay dry.<\/p>","protected":false},"excerpt":{"rendered":"<p>Suha obleka HIKO ODIN Air4. ODIN Air4 je vrhunska mo\u0161ka suha obleka, ki vas bo ohranjala suhe tudi pri veslanju v najboljekstremnih pogojih. + Suha obleka je opremljena z vodoodporno zadrgo TIZIP\u00ae. + Na zapestjih in vrati so tesnila iz lateksa, ki onemogo\u010dajo vstop vode in skrbijo za maksimalno suhost uporabnika. + Mo\u010dno obrabljena mesta [&hellip;]<\/p>\n","protected":false},"featured_media":9925,"comment_status":"open","ping_status":"closed","template":"","meta":{"_et_pb_use_builder":"","_et_pb_old_content":"","_et_gb_content_width":""},"product_brand":[],"product_cat":[536],"product_tag":[],"class_list":{"0":"post-9914","1":"product","2":"type-product","3":"status-publish","4":"has-post-thumbnail","6":"product_cat-suhe-obleke","7":"pa_barva-rdeca","8":"pa_barva-modra","9":"pa_velikost-s","10":"pa_velikost-m","11":"pa_velikost-l","12":"pa_velikost-xl","13":"pa_velikost-xxl","15":"first","16":"instock","17":"shipping-taxable","18":"purchasable","19":"product-type-variable","20":"has-default-attributes"},"yoast_head":"<!-- This site is optimized with the Yoast SEO plugin v27.0 - https:\/\/yoast.com\/product\/yoast-seo-wordpress\/ -->\n<title>Suha obleka ODIN Air4 | Kajaka\u0161ka Oprema<\/title>\n<meta name=\"description\" content=\"Suha obleka HIKO ODIN Air4. ODIN Air4 je vrhunska mo\u0161ka suha obleka, ki vas bo ohranjala suhe tudi pri veslanju v najboljekstremnih pogojih. + Suha obleka\" \/>\n<meta name=\"robots\" content=\"index, follow, max-snippet:-1, max-image-preview:large, max-video-preview:-1\" \/>\n<link rel=\"canonical\" href=\"https:\/\/kajakaskaoprema.si\/en\/trgovina\/suhe-obleke\/suha-obleka-odin-air4\/\" \/>\n<meta property=\"og:locale\" content=\"en_GB\" \/>\n<meta property=\"og:type\" content=\"article\" \/>\n<meta property=\"og:title\" content=\"Suha obleka ODIN Air4 | Kajaka\u0161ka Oprema\" \/>\n<meta property=\"og:description\" content=\"Suha obleka HIKO ODIN Air4. ODIN Air4 je vrhunska mo\u0161ka suha obleka, ki vas bo ohranjala suhe tudi pri veslanju v najboljekstremnih pogojih. + Suha obleka\" \/>\n<meta property=\"og:url\" content=\"https:\/\/kajakaskaoprema.si\/en\/trgovina\/suhe-obleke\/suha-obleka-odin-air4\/\" \/>\n<meta property=\"og:site_name\" content=\"Kajaka\u0161ka Oprema\" \/>\n<meta property=\"article:publisher\" content=\"https:\/\/www.facebook.com\/profile.php?id=100089048120006\" \/>\n<meta property=\"article:modified_time\" content=\"2025-03-20T20:53:14+00:00\" \/>\n<meta property=\"og:image\" content=\"https:\/\/kajakaskaoprema.si\/wp-content\/uploads\/2023\/05\/odin-1.webp\" \/>\n\t<meta property=\"og:image:width\" content=\"1000\" \/>\n\t<meta property=\"og:image:height\" content=\"1000\" \/>\n\t<meta property=\"og:image:type\" content=\"image\/webp\" \/>\n<meta name=\"twitter:card\" content=\"summary_large_image\" \/>\n<meta name=\"twitter:label1\" content=\"Estimated reading time\" \/>\n\t<meta name=\"twitter:data1\" content=\"1 minute\" \/>\n<!-- \/ Yoast SEO plugin. -->","yoast_head_json":{"title":"Suha obleka ODIN Air4 | Kajaka\u0161ka Oprema","description":"Suha obleka HIKO ODIN Air4. ODIN Air4 je vrhunska mo\u0161ka suha obleka, ki vas bo ohranjala suhe tudi pri veslanju v najboljekstremnih pogojih. + Suha obleka","robots":{"index":"index","follow":"follow","max-snippet":"max-snippet:-1","max-image-preview":"max-image-preview:large","max-video-preview":"max-video-preview:-1"},"canonical":"https:\/\/kajakaskaoprema.si\/en\/trgovina\/suhe-obleke\/suha-obleka-odin-air4\/","og_locale":"en_GB","og_type":"article","og_title":"Suha obleka ODIN Air4 | Kajaka\u0161ka Oprema","og_description":"Suha obleka HIKO ODIN Air4. ODIN Air4 je vrhunska mo\u0161ka suha obleka, ki vas bo ohranjala suhe tudi pri veslanju v najboljekstremnih pogojih. + Suha obleka","og_url":"https:\/\/kajakaskaoprema.si\/en\/trgovina\/suhe-obleke\/suha-obleka-odin-air4\/","og_site_name":"Kajaka\u0161ka Oprema","article_publisher":"https:\/\/www.facebook.com\/profile.php?id=100089048120006","article_modified_time":"2025-03-20T20:53:14+00:00","og_image":[{"width":1000,"height":1000,"url":"https:\/\/kajakaskaoprema.si\/wp-content\/uploads\/2023\/05\/odin-1.webp","type":"image\/webp"}],"twitter_card":"summary_large_image","twitter_misc":{"Estimated reading time":"1 minute"},"schema":{"@context":"https:\/\/schema.org","@graph":[{"@type":["WebPage","ItemPage"],"@id":"https:\/\/kajakaskaoprema.si\/trgovina\/suhe-obleke\/suha-obleka-odin-air4\/","url":"https:\/\/kajakaskaoprema.si\/trgovina\/suhe-obleke\/suha-obleka-odin-air4\/","name":"Suha obleka ODIN Air4 | Kajaka\u0161ka Oprema","isPartOf":{"@id":"https:\/\/kajakaskaoprema.si\/#website"},"primaryImageOfPage":{"@id":"https:\/\/kajakaskaoprema.si\/trgovina\/suhe-obleke\/suha-obleka-odin-air4\/#primaryimage"},"image":{"@id":"https:\/\/kajakaskaoprema.si\/trgovina\/suhe-obleke\/suha-obleka-odin-air4\/#primaryimage"},"thumbnailUrl":"https:\/\/kajakaskaoprema.si\/wp-content\/uploads\/2023\/05\/odin-1.webp","datePublished":"2023-05-05T09:04:21+00:00","dateModified":"2025-03-20T20:53:14+00:00","description":"Suha obleka HIKO ODIN Air4. ODIN Air4 je vrhunska mo\u0161ka suha obleka, ki vas bo ohranjala suhe tudi pri veslanju v najboljekstremnih pogojih. + Suha obleka","breadcrumb":{"@id":"https:\/\/kajakaskaoprema.si\/trgovina\/suhe-obleke\/suha-obleka-odin-air4\/#breadcrumb"},"inLanguage":"en-GB","potentialAction":[{"@type":"ReadAction","target":["https:\/\/kajakaskaoprema.si\/trgovina\/suhe-obleke\/suha-obleka-odin-air4\/"]}]},{"@type":"ImageObject","inLanguage":"en-GB","@id":"https:\/\/kajakaskaoprema.si\/trgovina\/suhe-obleke\/suha-obleka-odin-air4\/#primaryimage","url":"https:\/\/kajakaskaoprema.si\/wp-content\/uploads\/2023\/05\/odin-1.webp","contentUrl":"https:\/\/kajakaskaoprema.si\/wp-content\/uploads\/2023\/05\/odin-1.webp","width":1000,"height":1000},{"@type":"BreadcrumbList","@id":"https:\/\/kajakaskaoprema.si\/trgovina\/suhe-obleke\/suha-obleka-odin-air4\/#breadcrumb","itemListElement":[{"@type":"ListItem","position":1,"name":"Domov","item":"https:\/\/kajakaskaoprema.si\/"},{"@type":"ListItem","position":2,"name":"Trgovina","item":"https:\/\/kajakaskaoprema.si\/trgovina\/"},{"@type":"ListItem","position":3,"name":"Suhe obleke","item":"https:\/\/kajakaskaoprema.si\/kolekcije\/suhe-obleke\/"},{"@type":"ListItem","position":4,"name":"Suha obleka ODIN Air4"}]},{"@type":"WebSite","@id":"https:\/\/kajakaskaoprema.si\/#website","url":"https:\/\/kajakaskaoprema.si\/","name":"Kajaka\u0161ka Oprema","description":"Spletna trgovina s kajaka\u0161ko opremo svetovno priznanih znamk. Idealno za vse ljubitelje adrenalina in vodnih \u0161portov.","publisher":{"@id":"https:\/\/kajakaskaoprema.si\/#organization"},"potentialAction":[{"@type":"SearchAction","target":{"@type":"EntryPoint","urlTemplate":"https:\/\/kajakaskaoprema.si\/?s={search_term_string}"},"query-input":{"@type":"PropertyValueSpecification","valueRequired":true,"valueName":"search_term_string"}}],"inLanguage":"en-GB"},{"@type":"Organization","@id":"https:\/\/kajakaskaoprema.si\/#organization","name":"Kajaka\u0161ka Oprema","url":"https:\/\/kajakaskaoprema.si\/","logo":{"@type":"ImageObject","inLanguage":"en-GB","@id":"https:\/\/kajakaskaoprema.si\/#\/schema\/logo\/image\/","url":"https:\/\/kajakaskaoprema.si\/wp-content\/uploads\/2022\/12\/Logo_Kajakaska-Oprema.png","contentUrl":"https:\/\/kajakaskaoprema.si\/wp-content\/uploads\/2022\/12\/Logo_Kajakaska-Oprema.png","width":250,"height":69,"caption":"Kajaka\u0161ka Oprema"},"image":{"@id":"https:\/\/kajakaskaoprema.si\/#\/schema\/logo\/image\/"},"sameAs":["https:\/\/www.facebook.com\/profile.php?id=100089048120006","https:\/\/www.instagram.com\/kajakaska_oprema\/?fbclid=IwAR2wP1CpCpqaC63UyJF_RvVrzwwz_bz6YVmg02z_LdA4tZuWdCWYKBih7zQ"]}]}},"_links":{"self":[{"href":"https:\/\/kajakaskaoprema.si\/en\/wp-json\/wp\/v2\/product\/9914","targetHints":{"allow":["GET"]}}],"collection":[{"href":"https:\/\/kajakaskaoprema.si\/en\/wp-json\/wp\/v2\/product"}],"about":[{"href":"https:\/\/kajakaskaoprema.si\/en\/wp-json\/wp\/v2\/types\/product"}],"replies":[{"embeddable":true,"href":"https:\/\/kajakaskaoprema.si\/en\/wp-json\/wp\/v2\/comments?post=9914"}],"wp:featuredmedia":[{"embeddable":true,"href":"https:\/\/kajakaskaoprema.si\/en\/wp-json\/wp\/v2\/media\/9925"}],"wp:attachment":[{"href":"https:\/\/kajakaskaoprema.si\/en\/wp-json\/wp\/v2\/media?parent=9914"}],"wp:term":[{"taxonomy":"product_brand","embeddable":true,"href":"https:\/\/kajakaskaoprema.si\/en\/wp-json\/wp\/v2\/product_brand?post=9914"},{"taxonomy":"product_cat","embeddable":true,"href":"https:\/\/kajakaskaoprema.si\/en\/wp-json\/wp\/v2\/product_cat?post=9914"},{"taxonomy":"product_tag","embeddable":true,"href":"https:\/\/kajakaskaoprema.si\/en\/wp-json\/wp\/v2\/product_tag?post=9914"}],"curies":[{"name":"wp","href":"https:\/\/api.w.org\/{rel}","templated":true}]}}