{"id":9903,"date":"2023-05-05T10:29:07","date_gmt":"2023-05-05T08:29:07","guid":{"rendered":"https:\/\/kajakaskaoprema.si\/?post_type=product&#038;p=9903"},"modified":"2025-03-20T21:54:02","modified_gmt":"2025-03-20T20:54:02","slug":"hlace-bayard-air4","status":"publish","type":"product","link":"https:\/\/kajakaskaoprema.si\/en\/trgovina\/suhe-obleke\/hlace-bayard-air4\/","title":{"rendered":"Dry pants BAYARD Air4"},"content":{"rendered":"<p><strong>BAYARD Air4 Dry PantsBAYARD Air4 Dry Pants<\/strong><\/p>\n<p>These men's dry pants (with integrated socks) were made for the toughest conditions out there, made from our breathable 4 layer fabric and reinforced in key areas for durability.<\/p>\n<p>+ An easy to adjust double waist with a high rise tunel is designed to keep you dry and comfortable all day, especially when mated with one of our drytops.<\/p>\n<p>+ The cut was designed with a paddlers seated anatomy in mind offering comfort even after a long day in your kayak.<\/p>\n<p>+ Hight wear areas (seat and knee patches) are reinforced with durable cordura.<\/p>\n<p>+ Integrated waterproof socks are made out of cordura for greater durability and comfort.<\/p>\n<p>+ Pocket for smaller items.<\/p>\n<p>+ Reflective accents to aid in low visibility situations.<\/p>","protected":false},"excerpt":{"rendered":"<p>Suhe hla\u010de HIKO BAYARD Air4 Suhe hla\u010de HIKO BAYARD Air4 (z integriranimi nogavicami) so izdelane za najekstremnej\u0161e vremenskerazmere, saj so narejene iz dihajo\u010de \u0161tirislojne tkanine, oja\u010dane na klju\u010dnih mestih za ve\u010djo vzdr\u017eljivost. + Enostavno nastavljiv dvojni pas z visokim pasom je zasnovan tako, da vas ohranja suhe in udobne ves dan. + Kroj je bil [&hellip;]<\/p>\n","protected":false},"featured_media":9909,"comment_status":"open","ping_status":"closed","template":"","meta":{"_et_pb_use_builder":"","_et_pb_old_content":"","_et_gb_content_width":""},"product_brand":[],"product_cat":[536],"product_tag":[],"class_list":{"0":"post-9903","1":"product","2":"type-product","3":"status-publish","4":"has-post-thumbnail","6":"product_cat-suhe-obleke","7":"pa_barva-crna","8":"pa_velikost-s","9":"pa_velikost-m","10":"pa_velikost-l","11":"pa_velikost-xl","12":"pa_velikost-xxl","14":"first","15":"instock","16":"shipping-taxable","17":"purchasable","18":"product-type-variable"},"yoast_head":"<!-- This site is optimized with the Yoast SEO plugin v27.0 - https:\/\/yoast.com\/product\/yoast-seo-wordpress\/ -->\n<title>Hla\u010de BAYARD Air4 | Kajaka\u0161ka Oprema<\/title>\n<meta name=\"description\" content=\"Suhe hla\u010de HIKO BAYARD Air4 Suhe hla\u010de HIKO BAYARD Air4 (z integriranimi nogavicami) so izdelane za najekstremnej\u0161e vremenskerazmere, saj so narejene iz\" \/>\n<meta name=\"robots\" content=\"index, follow, max-snippet:-1, max-image-preview:large, max-video-preview:-1\" \/>\n<link rel=\"canonical\" href=\"https:\/\/kajakaskaoprema.si\/en\/trgovina\/suhe-obleke\/hlace-bayard-air4\/\" \/>\n<meta property=\"og:locale\" content=\"en_GB\" \/>\n<meta property=\"og:type\" content=\"article\" \/>\n<meta property=\"og:title\" content=\"Hla\u010de BAYARD Air4 | Kajaka\u0161ka Oprema\" \/>\n<meta property=\"og:description\" content=\"Suhe hla\u010de HIKO BAYARD Air4 Suhe hla\u010de HIKO BAYARD Air4 (z integriranimi nogavicami) so izdelane za najekstremnej\u0161e vremenskerazmere, saj so narejene iz\" \/>\n<meta property=\"og:url\" content=\"https:\/\/kajakaskaoprema.si\/en\/trgovina\/suhe-obleke\/hlace-bayard-air4\/\" \/>\n<meta property=\"og:site_name\" content=\"Kajaka\u0161ka Oprema\" \/>\n<meta property=\"article:publisher\" content=\"https:\/\/www.facebook.com\/profile.php?id=100089048120006\" \/>\n<meta property=\"article:modified_time\" content=\"2025-03-20T20:54:02+00:00\" \/>\n<meta property=\"og:image\" content=\"https:\/\/kajakaskaoprema.si\/wp-content\/uploads\/2023\/05\/bayard-1.webp\" \/>\n\t<meta property=\"og:image:width\" content=\"1000\" \/>\n\t<meta property=\"og:image:height\" content=\"1000\" \/>\n\t<meta property=\"og:image:type\" content=\"image\/webp\" \/>\n<meta name=\"twitter:card\" content=\"summary_large_image\" \/>\n<meta name=\"twitter:label1\" content=\"Estimated reading time\" \/>\n\t<meta name=\"twitter:data1\" content=\"1 minute\" \/>\n<!-- \/ Yoast SEO plugin. -->","yoast_head_json":{"title":"Hla\u010de BAYARD Air4 | Kajaka\u0161ka Oprema","description":"Suhe hla\u010de HIKO BAYARD Air4 Suhe hla\u010de HIKO BAYARD Air4 (z integriranimi nogavicami) so izdelane za najekstremnej\u0161e vremenskerazmere, saj so narejene iz","robots":{"index":"index","follow":"follow","max-snippet":"max-snippet:-1","max-image-preview":"max-image-preview:large","max-video-preview":"max-video-preview:-1"},"canonical":"https:\/\/kajakaskaoprema.si\/en\/trgovina\/suhe-obleke\/hlace-bayard-air4\/","og_locale":"en_GB","og_type":"article","og_title":"Hla\u010de BAYARD Air4 | Kajaka\u0161ka Oprema","og_description":"Suhe hla\u010de HIKO BAYARD Air4 Suhe hla\u010de HIKO BAYARD Air4 (z integriranimi nogavicami) so izdelane za najekstremnej\u0161e vremenskerazmere, saj so narejene iz","og_url":"https:\/\/kajakaskaoprema.si\/en\/trgovina\/suhe-obleke\/hlace-bayard-air4\/","og_site_name":"Kajaka\u0161ka Oprema","article_publisher":"https:\/\/www.facebook.com\/profile.php?id=100089048120006","article_modified_time":"2025-03-20T20:54:02+00:00","og_image":[{"width":1000,"height":1000,"url":"https:\/\/kajakaskaoprema.si\/wp-content\/uploads\/2023\/05\/bayard-1.webp","type":"image\/webp"}],"twitter_card":"summary_large_image","twitter_misc":{"Estimated reading time":"1 minute"},"schema":{"@context":"https:\/\/schema.org","@graph":[{"@type":["WebPage","ItemPage"],"@id":"https:\/\/kajakaskaoprema.si\/trgovina\/suhe-obleke\/hlace-bayard-air4\/","url":"https:\/\/kajakaskaoprema.si\/trgovina\/suhe-obleke\/hlace-bayard-air4\/","name":"Hla\u010de BAYARD Air4 | Kajaka\u0161ka Oprema","isPartOf":{"@id":"https:\/\/kajakaskaoprema.si\/#website"},"primaryImageOfPage":{"@id":"https:\/\/kajakaskaoprema.si\/trgovina\/suhe-obleke\/hlace-bayard-air4\/#primaryimage"},"image":{"@id":"https:\/\/kajakaskaoprema.si\/trgovina\/suhe-obleke\/hlace-bayard-air4\/#primaryimage"},"thumbnailUrl":"https:\/\/kajakaskaoprema.si\/wp-content\/uploads\/2023\/05\/bayard-1.webp","datePublished":"2023-05-05T08:29:07+00:00","dateModified":"2025-03-20T20:54:02+00:00","description":"Suhe hla\u010de HIKO BAYARD Air4 Suhe hla\u010de HIKO BAYARD Air4 (z integriranimi nogavicami) so izdelane za najekstremnej\u0161e vremenskerazmere, saj so narejene iz","breadcrumb":{"@id":"https:\/\/kajakaskaoprema.si\/trgovina\/suhe-obleke\/hlace-bayard-air4\/#breadcrumb"},"inLanguage":"en-GB","potentialAction":[{"@type":"ReadAction","target":["https:\/\/kajakaskaoprema.si\/trgovina\/suhe-obleke\/hlace-bayard-air4\/"]}]},{"@type":"ImageObject","inLanguage":"en-GB","@id":"https:\/\/kajakaskaoprema.si\/trgovina\/suhe-obleke\/hlace-bayard-air4\/#primaryimage","url":"https:\/\/kajakaskaoprema.si\/wp-content\/uploads\/2023\/05\/bayard-1.webp","contentUrl":"https:\/\/kajakaskaoprema.si\/wp-content\/uploads\/2023\/05\/bayard-1.webp","width":1000,"height":1000},{"@type":"BreadcrumbList","@id":"https:\/\/kajakaskaoprema.si\/trgovina\/suhe-obleke\/hlace-bayard-air4\/#breadcrumb","itemListElement":[{"@type":"ListItem","position":1,"name":"Domov","item":"https:\/\/kajakaskaoprema.si\/"},{"@type":"ListItem","position":2,"name":"Trgovina","item":"https:\/\/kajakaskaoprema.si\/trgovina\/"},{"@type":"ListItem","position":3,"name":"Suhe obleke","item":"https:\/\/kajakaskaoprema.si\/kolekcije\/suhe-obleke\/"},{"@type":"ListItem","position":4,"name":"Hla\u010de BAYARD Air4"}]},{"@type":"WebSite","@id":"https:\/\/kajakaskaoprema.si\/#website","url":"https:\/\/kajakaskaoprema.si\/","name":"Kajaka\u0161ka Oprema","description":"Spletna trgovina s kajaka\u0161ko opremo svetovno priznanih znamk. Idealno za vse ljubitelje adrenalina in vodnih \u0161portov.","publisher":{"@id":"https:\/\/kajakaskaoprema.si\/#organization"},"potentialAction":[{"@type":"SearchAction","target":{"@type":"EntryPoint","urlTemplate":"https:\/\/kajakaskaoprema.si\/?s={search_term_string}"},"query-input":{"@type":"PropertyValueSpecification","valueRequired":true,"valueName":"search_term_string"}}],"inLanguage":"en-GB"},{"@type":"Organization","@id":"https:\/\/kajakaskaoprema.si\/#organization","name":"Kajaka\u0161ka Oprema","url":"https:\/\/kajakaskaoprema.si\/","logo":{"@type":"ImageObject","inLanguage":"en-GB","@id":"https:\/\/kajakaskaoprema.si\/#\/schema\/logo\/image\/","url":"https:\/\/kajakaskaoprema.si\/wp-content\/uploads\/2022\/12\/Logo_Kajakaska-Oprema.png","contentUrl":"https:\/\/kajakaskaoprema.si\/wp-content\/uploads\/2022\/12\/Logo_Kajakaska-Oprema.png","width":250,"height":69,"caption":"Kajaka\u0161ka Oprema"},"image":{"@id":"https:\/\/kajakaskaoprema.si\/#\/schema\/logo\/image\/"},"sameAs":["https:\/\/www.facebook.com\/profile.php?id=100089048120006","https:\/\/www.instagram.com\/kajakaska_oprema\/?fbclid=IwAR2wP1CpCpqaC63UyJF_RvVrzwwz_bz6YVmg02z_LdA4tZuWdCWYKBih7zQ"]}]}},"_links":{"self":[{"href":"https:\/\/kajakaskaoprema.si\/en\/wp-json\/wp\/v2\/product\/9903","targetHints":{"allow":["GET"]}}],"collection":[{"href":"https:\/\/kajakaskaoprema.si\/en\/wp-json\/wp\/v2\/product"}],"about":[{"href":"https:\/\/kajakaskaoprema.si\/en\/wp-json\/wp\/v2\/types\/product"}],"replies":[{"embeddable":true,"href":"https:\/\/kajakaskaoprema.si\/en\/wp-json\/wp\/v2\/comments?post=9903"}],"wp:featuredmedia":[{"embeddable":true,"href":"https:\/\/kajakaskaoprema.si\/en\/wp-json\/wp\/v2\/media\/9909"}],"wp:attachment":[{"href":"https:\/\/kajakaskaoprema.si\/en\/wp-json\/wp\/v2\/media?parent=9903"}],"wp:term":[{"taxonomy":"product_brand","embeddable":true,"href":"https:\/\/kajakaskaoprema.si\/en\/wp-json\/wp\/v2\/product_brand?post=9903"},{"taxonomy":"product_cat","embeddable":true,"href":"https:\/\/kajakaskaoprema.si\/en\/wp-json\/wp\/v2\/product_cat?post=9903"},{"taxonomy":"product_tag","embeddable":true,"href":"https:\/\/kajakaskaoprema.si\/en\/wp-json\/wp\/v2\/product_tag?post=9903"}],"curies":[{"name":"wp","href":"https:\/\/api.w.org\/{rel}","templated":true}]}}