{"id":9885,"date":"2023-05-04T00:40:54","date_gmt":"2023-05-03T22:40:54","guid":{"rendered":"https:\/\/kajakaskaoprema.si\/?post_type=product&#038;p=9885"},"modified":"2025-11-18T08:31:55","modified_gmt":"2025-11-18T07:31:55","slug":"krovnica-camel-110","status":"publish","type":"product","link":"https:\/\/kajakaskaoprema.si\/en\/trgovina\/krovnice-za-kajak\/krovnica-camel-110\/","title":{"rendered":"KROVNICA HIKO CAMEL 110"},"content":{"rendered":"<h1 data-start=\"380\" data-end=\"409\"><strong data-start=\"382\" data-end=\"409\">Krovnica HIKO Camel 110<\/strong><\/h1>\n<p data-start=\"411\" data-end=\"673\">Krovnica HIKO Camel 110 je ekspedicijski spraydeck, zasnovan za touring in morsko kajaka\u0161tvo. Zdru\u017euje najbolj\u0161e lastnosti neoprenske in najlonske konstrukcije ter zagotavlja celodnevno udobje, odli\u010dno vodotesnost in visoko odpornost v zahtevnih pogojih na vodi.<\/p>\n<ul data-start=\"675\" data-end=\"1538\">\n<li data-start=\"675\" data-end=\"895\">\n<p data-start=\"677\" data-end=\"895\"><strong data-start=\"677\" data-end=\"696\">Najlonski tunel<\/strong> omogo\u010da dobro zra\u010dnost in ve\u010dje udobje pri umirjenih in toplej\u0161ih dneh, lahko pa ga zategne\u0161 vi\u0161je z elastiko in naramnicami za popolno za\u0161\u010dito pred vdorom vode v hladnih ali razburkanih razmerah.<\/p>\n<\/li>\n<li data-start=\"896\" data-end=\"1060\">\n<p data-start=\"898\" data-end=\"1060\"><strong data-start=\"898\" data-end=\"923\">Neoprensko dno (deck)<\/strong> iz NTX2 Flex materiala skrbi za popolno vodotesnost, nizko te\u017eo in izjemno raztegljivost, zaradi katere se krovnica enostavno namesti.<\/p>\n<\/li>\n<li data-start=\"1061\" data-end=\"1213\">\n<p data-start=\"1063\" data-end=\"1213\"><strong data-start=\"1063\" data-end=\"1087\">Gumiran notranji rob<\/strong> po obodu pove\u010da oprijem na kokpitu, prepre\u010duje vdore vode in zagotavlja, da krovnica ostane na mestu tudi v mo\u010dnej\u0161em valu.<\/p>\n<\/li>\n<li data-start=\"1214\" data-end=\"1376\">\n<p data-start=\"1216\" data-end=\"1376\"><strong data-start=\"1216\" data-end=\"1261\">Oja\u010dane zanke, gumica in pritrdilna mesta<\/strong> na zgornji strani omogo\u010dajo, da nanje pritdi\u0161 karto, kompas ali drugo opremo, ki jo potrebuje\u0161 na dalj\u0161ih turah.<\/p>\n<\/li>\n<li data-start=\"1377\" data-end=\"1538\">\n<p data-start=\"1379\" data-end=\"1538\"><strong data-start=\"1379\" data-end=\"1401\">Popolno prileganje<\/strong> lahko natan\u010dno nastavi\u0161 z obodnim zategovanjem in naramnicami, kar poskrbi za udobje in stabilnost ves dan \u2013 ne glede na pogoje na vodi.<\/p>\n<\/li>\n<\/ul>\n<h2 data-start=\"1545\" data-end=\"1603\">\ud83d\udd17 <strong data-start=\"1637\" data-end=\"1690\">Interni link<\/strong><strong data-start=\"1551\" data-end=\"1601\">:<\/strong><\/h2>\n<p data-start=\"1604\" data-end=\"1718\"><em data-start=\"1604\" data-end=\"1660\">Preverite na\u0161o celotno ponudbo krovnic za kajak TUKAJ:<\/em><br data-start=\"1660\" data-end=\"1663\" \/><a class=\"decorated-link\" href=\"https:\/\/kajakaskaoprema.si\/en\/kolekcije\/krovnice-za-kajak\/\" target=\"_new\" rel=\"noopener\" data-start=\"1663\" data-end=\"1718\">https:\/\/kajakaskaoprema.si\/kolekcije\/krovnice-za-kajak\/<\/a><\/p>","protected":false},"excerpt":{"rendered":"<p>Krovnica HIKO Camel 110 je ekspedicijska krovnica za touring in morsko kajaka\u0161tvo, ki zdru\u017euje neopren in najlon za udobje in popolno za\u0161\u010dito.<\/p>","protected":false},"featured_media":9876,"comment_status":"open","ping_status":"closed","template":"","meta":{"_et_pb_use_builder":"","_et_pb_old_content":"","_et_gb_content_width":""},"product_brand":[],"product_cat":[200],"product_tag":[285],"class_list":{"0":"post-9885","1":"product","2":"type-product","3":"status-publish","4":"has-post-thumbnail","6":"product_cat-krovnice-za-kajak","7":"product_tag-krovnica","8":"pa_barva-crna","9":"pa_barva-rdeca","11":"first","12":"instock","13":"shipping-taxable","14":"purchasable","15":"product-type-variable"},"yoast_head":"<!-- This site is optimized with the Yoast SEO plugin v27.0 - https:\/\/yoast.com\/product\/yoast-seo-wordpress\/ -->\n<title>KROVNICA HIKO CAMEL 110 | Kajaka\u0161ka Oprema<\/title>\n<meta name=\"description\" content=\"Krovnica HIKO Camel 110 je ekspedicijska krovnica za touring in morsko kajaka\u0161tvo, ki zdru\u017euje neopren in najlon za udobje in popolno za\u0161\u010dito.\" \/>\n<meta name=\"robots\" content=\"index, follow, max-snippet:-1, max-image-preview:large, max-video-preview:-1\" \/>\n<link rel=\"canonical\" href=\"https:\/\/kajakaskaoprema.si\/en\/trgovina\/krovnice-za-kajak\/krovnica-camel-110\/\" \/>\n<meta property=\"og:locale\" content=\"en_GB\" \/>\n<meta property=\"og:type\" content=\"article\" \/>\n<meta property=\"og:title\" content=\"KROVNICA HIKO CAMEL 110 | Kajaka\u0161ka Oprema\" \/>\n<meta property=\"og:description\" content=\"Krovnica HIKO Camel 110 je ekspedicijska krovnica za touring in morsko kajaka\u0161tvo, ki zdru\u017euje neopren in najlon za udobje in popolno za\u0161\u010dito.\" \/>\n<meta property=\"og:url\" content=\"https:\/\/kajakaskaoprema.si\/en\/trgovina\/krovnice-za-kajak\/krovnica-camel-110\/\" \/>\n<meta property=\"og:site_name\" content=\"Kajaka\u0161ka Oprema\" \/>\n<meta property=\"article:publisher\" content=\"https:\/\/www.facebook.com\/profile.php?id=100089048120006\" \/>\n<meta property=\"article:modified_time\" content=\"2025-11-18T07:31:55+00:00\" \/>\n<meta property=\"og:image\" content=\"https:\/\/kajakaskaoprema.si\/wp-content\/uploads\/2023\/05\/CAMEL.webp\" \/>\n\t<meta property=\"og:image:width\" content=\"1000\" \/>\n\t<meta property=\"og:image:height\" content=\"1000\" \/>\n\t<meta property=\"og:image:type\" content=\"image\/webp\" \/>\n<meta name=\"twitter:card\" content=\"summary_large_image\" \/>\n<meta name=\"twitter:label1\" content=\"Estimated reading time\" \/>\n\t<meta name=\"twitter:data1\" content=\"1 minute\" \/>\n<!-- \/ Yoast SEO plugin. -->","yoast_head_json":{"title":"KROVNICA HIKO CAMEL 110 | Kajaka\u0161ka Oprema","description":"Krovnica HIKO Camel 110 je ekspedicijska krovnica za touring in morsko kajaka\u0161tvo, ki zdru\u017euje neopren in najlon za udobje in popolno za\u0161\u010dito.","robots":{"index":"index","follow":"follow","max-snippet":"max-snippet:-1","max-image-preview":"max-image-preview:large","max-video-preview":"max-video-preview:-1"},"canonical":"https:\/\/kajakaskaoprema.si\/en\/trgovina\/krovnice-za-kajak\/krovnica-camel-110\/","og_locale":"en_GB","og_type":"article","og_title":"KROVNICA HIKO CAMEL 110 | Kajaka\u0161ka Oprema","og_description":"Krovnica HIKO Camel 110 je ekspedicijska krovnica za touring in morsko kajaka\u0161tvo, ki zdru\u017euje neopren in najlon za udobje in popolno za\u0161\u010dito.","og_url":"https:\/\/kajakaskaoprema.si\/en\/trgovina\/krovnice-za-kajak\/krovnica-camel-110\/","og_site_name":"Kajaka\u0161ka Oprema","article_publisher":"https:\/\/www.facebook.com\/profile.php?id=100089048120006","article_modified_time":"2025-11-18T07:31:55+00:00","og_image":[{"width":1000,"height":1000,"url":"https:\/\/kajakaskaoprema.si\/wp-content\/uploads\/2023\/05\/CAMEL.webp","type":"image\/webp"}],"twitter_card":"summary_large_image","twitter_misc":{"Estimated reading time":"1 minute"},"schema":{"@context":"https:\/\/schema.org","@graph":[{"@type":["WebPage","ItemPage"],"@id":"https:\/\/kajakaskaoprema.si\/trgovina\/krovnice-za-kajak\/krovnica-camel-110\/","url":"https:\/\/kajakaskaoprema.si\/trgovina\/krovnice-za-kajak\/krovnica-camel-110\/","name":"KROVNICA HIKO CAMEL 110 | Kajaka\u0161ka Oprema","isPartOf":{"@id":"https:\/\/kajakaskaoprema.si\/#website"},"primaryImageOfPage":{"@id":"https:\/\/kajakaskaoprema.si\/trgovina\/krovnice-za-kajak\/krovnica-camel-110\/#primaryimage"},"image":{"@id":"https:\/\/kajakaskaoprema.si\/trgovina\/krovnice-za-kajak\/krovnica-camel-110\/#primaryimage"},"thumbnailUrl":"https:\/\/kajakaskaoprema.si\/wp-content\/uploads\/2023\/05\/CAMEL.webp","datePublished":"2023-05-03T22:40:54+00:00","dateModified":"2025-11-18T07:31:55+00:00","description":"Krovnica HIKO Camel 110 je ekspedicijska krovnica za touring in morsko kajaka\u0161tvo, ki zdru\u017euje neopren in najlon za udobje in popolno za\u0161\u010dito.","breadcrumb":{"@id":"https:\/\/kajakaskaoprema.si\/trgovina\/krovnice-za-kajak\/krovnica-camel-110\/#breadcrumb"},"inLanguage":"en-GB","potentialAction":[{"@type":"ReadAction","target":["https:\/\/kajakaskaoprema.si\/trgovina\/krovnice-za-kajak\/krovnica-camel-110\/"]}]},{"@type":"ImageObject","inLanguage":"en-GB","@id":"https:\/\/kajakaskaoprema.si\/trgovina\/krovnice-za-kajak\/krovnica-camel-110\/#primaryimage","url":"https:\/\/kajakaskaoprema.si\/wp-content\/uploads\/2023\/05\/CAMEL.webp","contentUrl":"https:\/\/kajakaskaoprema.si\/wp-content\/uploads\/2023\/05\/CAMEL.webp","width":1000,"height":1000,"caption":"HIKO Camel spraydeck \u2013 full side profile for touring and sea kayaking"},{"@type":"BreadcrumbList","@id":"https:\/\/kajakaskaoprema.si\/trgovina\/krovnice-za-kajak\/krovnica-camel-110\/#breadcrumb","itemListElement":[{"@type":"ListItem","position":1,"name":"Domov","item":"https:\/\/kajakaskaoprema.si\/"},{"@type":"ListItem","position":2,"name":"Trgovina","item":"https:\/\/kajakaskaoprema.si\/trgovina\/"},{"@type":"ListItem","position":3,"name":"Krovnice za kajak","item":"https:\/\/kajakaskaoprema.si\/kolekcije\/krovnice-za-kajak\/"},{"@type":"ListItem","position":4,"name":"KROVNICA HIKO CAMEL 110"}]},{"@type":"WebSite","@id":"https:\/\/kajakaskaoprema.si\/#website","url":"https:\/\/kajakaskaoprema.si\/","name":"Kajaka\u0161ka Oprema","description":"Spletna trgovina s kajaka\u0161ko opremo svetovno priznanih znamk. Idealno za vse ljubitelje adrenalina in vodnih \u0161portov.","publisher":{"@id":"https:\/\/kajakaskaoprema.si\/#organization"},"potentialAction":[{"@type":"SearchAction","target":{"@type":"EntryPoint","urlTemplate":"https:\/\/kajakaskaoprema.si\/?s={search_term_string}"},"query-input":{"@type":"PropertyValueSpecification","valueRequired":true,"valueName":"search_term_string"}}],"inLanguage":"en-GB"},{"@type":"Organization","@id":"https:\/\/kajakaskaoprema.si\/#organization","name":"Kajaka\u0161ka Oprema","url":"https:\/\/kajakaskaoprema.si\/","logo":{"@type":"ImageObject","inLanguage":"en-GB","@id":"https:\/\/kajakaskaoprema.si\/#\/schema\/logo\/image\/","url":"https:\/\/kajakaskaoprema.si\/wp-content\/uploads\/2022\/12\/Logo_Kajakaska-Oprema.png","contentUrl":"https:\/\/kajakaskaoprema.si\/wp-content\/uploads\/2022\/12\/Logo_Kajakaska-Oprema.png","width":250,"height":69,"caption":"Kajaka\u0161ka Oprema"},"image":{"@id":"https:\/\/kajakaskaoprema.si\/#\/schema\/logo\/image\/"},"sameAs":["https:\/\/www.facebook.com\/profile.php?id=100089048120006","https:\/\/www.instagram.com\/kajakaska_oprema\/?fbclid=IwAR2wP1CpCpqaC63UyJF_RvVrzwwz_bz6YVmg02z_LdA4tZuWdCWYKBih7zQ"]}]}},"_links":{"self":[{"href":"https:\/\/kajakaskaoprema.si\/en\/wp-json\/wp\/v2\/product\/9885","targetHints":{"allow":["GET"]}}],"collection":[{"href":"https:\/\/kajakaskaoprema.si\/en\/wp-json\/wp\/v2\/product"}],"about":[{"href":"https:\/\/kajakaskaoprema.si\/en\/wp-json\/wp\/v2\/types\/product"}],"replies":[{"embeddable":true,"href":"https:\/\/kajakaskaoprema.si\/en\/wp-json\/wp\/v2\/comments?post=9885"}],"wp:featuredmedia":[{"embeddable":true,"href":"https:\/\/kajakaskaoprema.si\/en\/wp-json\/wp\/v2\/media\/9876"}],"wp:attachment":[{"href":"https:\/\/kajakaskaoprema.si\/en\/wp-json\/wp\/v2\/media?parent=9885"}],"wp:term":[{"taxonomy":"product_brand","embeddable":true,"href":"https:\/\/kajakaskaoprema.si\/en\/wp-json\/wp\/v2\/product_brand?post=9885"},{"taxonomy":"product_cat","embeddable":true,"href":"https:\/\/kajakaskaoprema.si\/en\/wp-json\/wp\/v2\/product_cat?post=9885"},{"taxonomy":"product_tag","embeddable":true,"href":"https:\/\/kajakaskaoprema.si\/en\/wp-json\/wp\/v2\/product_tag?post=9885"}],"curies":[{"name":"wp","href":"https:\/\/api.w.org\/{rel}","templated":true}]}}