{"id":8727,"date":"2022-11-28T09:12:49","date_gmt":"2022-11-28T08:12:49","guid":{"rendered":"https:\/\/kajakaskaoprema.si\/?post_type=product&#038;p=8727"},"modified":"2025-11-17T08:44:13","modified_gmt":"2025-11-17T07:44:13","slug":"neoprenske-nogavice-hiko-slim","status":"publish","type":"product","link":"https:\/\/kajakaskaoprema.si\/en\/trgovina\/neoprenski-cevlji\/neoprenske-nogavice-hiko-slim\/","title":{"rendered":"Neoprene socks HIKO Slim"},"content":{"rendered":"<h1 data-start=\"295\" data-end=\"330\"><strong data-start=\"297\" data-end=\"330\">Neoprene socks HIKO Slim<\/strong><\/h1>\n<p data-start=\"332\" data-end=\"656\"><strong data-start=\"332\" data-end=\"474\">HIKO Slim are extremely thin, flexible, and snug-fitting neoprene socks designed for moments when you need a bit of extra warmth and protection.<\/strong> Thanks to the ultralight 0.5 mm neoprene, they offer the perfect balance of comfort, flexibility, and thermal insulation, making them ideal for water sports in cooler summer conditions.<\/p>\n<p data-start=\"658\" data-end=\"956\">Flat seams reduce pressure on sensitive areas and prevent chafing, keeping the socks comfortable even during extended use.<br data-start=\"789\" data-end=\"792\" \/>You can wear HIKO Slim on their own or as an extra thermal layer inside water shoes \u2014 they effectively block out the cold and protect your feet during various water activities.<\/p>\n<h2 data-start=\"963\" data-end=\"987\"><strong data-start=\"966\" data-end=\"987\">Who are they suitable for?<\/strong><\/h2>\n<p data-start=\"988\" data-end=\"1039\">HIKO Slim neoprene socks are an excellent choice for:<\/p>\n<ul data-start=\"1041\" data-end=\"1446\">\n<li data-start=\"1041\" data-end=\"1115\">\n<p data-start=\"1043\" data-end=\"1115\">all water sports (kayaking, SUP, rafting, canyoning) in cooler weather<\/p>\n<\/li>\n<li data-start=\"1116\" data-end=\"1207\">\n<p data-start=\"1118\" data-end=\"1207\">children, beginners, and recreational athletes who want extra warmth without feeling weighed down<\/p>\n<\/li>\n<li data-start=\"1208\" data-end=\"1282\">\n<p data-start=\"1210\" data-end=\"1282\">athletes who need a <strong data-start=\"1236\" data-end=\"1280\">thin and highly flexible foot protection<\/strong><\/p>\n<\/li>\n<li data-start=\"1283\" data-end=\"1351\">\n<p data-start=\"1285\" data-end=\"1351\">anyone who wears water shoes and wants an additional layer of insulation<\/p>\n<\/li>\n<li data-start=\"1352\" data-end=\"1446\">\n<p data-start=\"1354\" data-end=\"1446\">use on chilly summer days, at the beach, by the water, or in combination with neoprene footwear<\/p>\n<\/li>\n<\/ul>\n<h2 data-start=\"1453\" data-end=\"1477\"><strong data-start=\"1456\" data-end=\"1477\">Key advantages:<\/strong><\/h2>\n<ul data-start=\"1478\" data-end=\"1765\">\n<li data-start=\"1478\" data-end=\"1536\">\n<p data-start=\"1480\" data-end=\"1536\"><strong data-start=\"1480\" data-end=\"1501\">Snug slim fit<\/strong> for lightness and natural movement<\/p>\n<\/li>\n<li data-start=\"1537\" data-end=\"1593\">\n<p data-start=\"1539\" data-end=\"1593\"><strong data-start=\"1539\" data-end=\"1570\">0.5 mm ultra-flexible neoprene<\/strong> for maximum comfort<\/p>\n<\/li>\n<li data-start=\"1594\" data-end=\"1646\">\n<p data-start=\"1596\" data-end=\"1646\"><strong data-start=\"1596\" data-end=\"1610\">Flat seams<\/strong> for enhanced comfort and reduced chafing<\/p>\n<\/li>\n<li data-start=\"1647\" data-end=\"1710\">\n<p data-start=\"1649\" data-end=\"1710\"><strong data-start=\"1649\" data-end=\"1687\">Perfect for cooler summer days<\/strong> and water activities<\/p>\n<\/li>\n<li data-start=\"1711\" data-end=\"1765\">\n<p data-start=\"1713\" data-end=\"1765\"><strong data-start=\"1713\" data-end=\"1765\">Wearable on their own or as an extra layer inside shoes<\/strong><\/p>\n<\/li>\n<\/ul>\n<p data-start=\"1772\" data-end=\"1913\"><strong data-start=\"1772\" data-end=\"1863\">For even more options, check out our full range of water shoes and footwear for water sports HERE:<\/strong><br data-start=\"1863\" data-end=\"1866\" \/>\ud83d\udc49 <a class=\"decorated-link\" href=\"https:\/\/kajakaskaoprema.si\/en\/kolekcije\/cevlji\/\" target=\"_new\" rel=\"noopener\" data-start=\"1869\" data-end=\"1913\">https:\/\/kajakaskaoprema.si\/en\/kolekcije\/neoprenski-cevlji\/<\/a><\/p>\n<p>&nbsp;<\/p>","protected":false},"excerpt":{"rendered":"<p>Neoprenske nogavice HIKO Slim HIKO Slim so izjemno tanke, pro\u017ene in oprijete neoprenske nogavice, zasnovane za trenutke, ko potrebuje\u0161 malce dodatne toplote in za\u0161\u010dite. Zaradi ultralahkega 0,5 mm neoprena nudijo popolno ravnovesje med udobjem, gibljivostjo in toplotno izolacijo, zaradi \u010desar so idealne za vodne \u0161porte v hladnej\u0161em poletnem vremenu. Ravni \u0161ivi zmanj\u0161ujejo pritisk na ob\u010dutljive [&hellip;]<\/p>\n","protected":false},"featured_media":8729,"comment_status":"open","ping_status":"closed","template":"","meta":{"_et_pb_use_builder":"on","_et_pb_old_content":"<h1 data-start=\"295\" data-end=\"330\"><strong data-start=\"297\" data-end=\"330\">Neoprenske nogavice HIKO Slim<\/strong><\/h1>\r\n<p data-start=\"332\" data-end=\"656\"><strong data-start=\"332\" data-end=\"474\">HIKO Slim so izjemno tanke, pro\u017ene in oprijete neoprenske nogavice, zasnovane za trenutke, ko potrebuje\u0161 malce dodatne toplote in za\u0161\u010dite.<\/strong> Zaradi ultralahkega 0,5 mm neoprena nudijo popolno ravnovesje med udobjem, gibljivostjo in toplotno izolacijo, zaradi \u010desar so idealne za vodne \u0161porte v hladnej\u0161em poletnem vremenu.<\/p>\r\n<p data-start=\"658\" data-end=\"956\">Ravni \u0161ivi zmanj\u0161ujejo pritisk na ob\u010dutljive to\u010dke in prepre\u010dujejo drgnjenje, zato nogavice ostanejo udobne tudi ob dalj\u0161i uporabi.<br data-start=\"789\" data-end=\"792\" \/>HIKO Slim lahko nosi\u0161 samostojno ali kot dodatno toplotno plast v vodnih \u010devljih \u2014 u\u010dinkovito prepre\u010dujejo mraz in \u0161\u010ditijo stopala pri razli\u010dnih vodnih aktivnostih.<\/p>\r\n\r\n<h2 data-start=\"963\" data-end=\"987\"><strong data-start=\"966\" data-end=\"987\">Komu so primerne?<\/strong><\/h2>\r\n<p data-start=\"988\" data-end=\"1039\">Neoprenske nogavice HIKO Slim so odli\u010dna izbira za:<\/p>\r\n\r\n<ul data-start=\"1041\" data-end=\"1446\">\r\n \t<li data-start=\"1041\" data-end=\"1115\">\r\n<p data-start=\"1043\" data-end=\"1115\">vse vodne \u0161porte (kajak, SUP, rafting, kanjoning) v hladnej\u0161em vremenu<\/p>\r\n<\/li>\r\n \t<li data-start=\"1116\" data-end=\"1207\">\r\n<p data-start=\"1118\" data-end=\"1207\">otroke, za\u010detnike in rekreativne \u0161portnike, ki \u017eelijo dodatno toploto brez ob\u010dutka te\u017ee<\/p>\r\n<\/li>\r\n \t<li data-start=\"1208\" data-end=\"1282\">\r\n<p data-start=\"1210\" data-end=\"1282\">\u0161portnike, ki potrebujejo <strong data-start=\"1236\" data-end=\"1280\">tanko in izjemno gibljivo za\u0161\u010dito stopal<\/strong><\/p>\r\n<\/li>\r\n \t<li data-start=\"1283\" data-end=\"1351\">\r\n<p data-start=\"1285\" data-end=\"1351\">vsakogar, ki nosi vodne \u010devlje in \u017eeli dodatno izolacijsko plast<\/p>\r\n<\/li>\r\n \t<li data-start=\"1352\" data-end=\"1446\">\r\n<p data-start=\"1354\" data-end=\"1446\">uporabo v hladnih poletnih dneh, na pla\u017ei, ob vodi ali v kombinaciji z neoprensko obutvijo<\/p>\r\n<\/li>\r\n<\/ul>\r\n<h2 data-start=\"1453\" data-end=\"1477\"><strong data-start=\"1456\" data-end=\"1477\">Glavne prednosti:<\/strong><\/h2>\r\n<ul data-start=\"1478\" data-end=\"1765\">\r\n \t<li data-start=\"1478\" data-end=\"1536\">\r\n<p data-start=\"1480\" data-end=\"1536\"><strong data-start=\"1480\" data-end=\"1501\">Oprijet slim kroj<\/strong> za lahkotnost in naravno gibanje<\/p>\r\n<\/li>\r\n \t<li data-start=\"1537\" data-end=\"1593\">\r\n<p data-start=\"1539\" data-end=\"1593\"><strong data-start=\"1539\" data-end=\"1570\">0,5 mm ultra pro\u017een neopren<\/strong> za maksimalno udobje<\/p>\r\n<\/li>\r\n \t<li data-start=\"1594\" data-end=\"1646\">\r\n<p data-start=\"1596\" data-end=\"1646\"><strong data-start=\"1596\" data-end=\"1610\">Ravni \u0161ivi<\/strong> za ve\u010dje udobje in manj drgnjenja<\/p>\r\n<\/li>\r\n \t<li data-start=\"1647\" data-end=\"1710\">\r\n<p data-start=\"1649\" data-end=\"1710\"><strong data-start=\"1649\" data-end=\"1687\">Odli\u010dno za hladnej\u0161e poletne dneve<\/strong> in aktivnosti v vodi<\/p>\r\n<\/li>\r\n \t<li data-start=\"1711\" data-end=\"1765\">\r\n<p data-start=\"1713\" data-end=\"1765\"><strong data-start=\"1713\" data-end=\"1765\">Lahko samostojno ali kot dodatna plast v \u010devljih<\/strong><\/p>\r\n<\/li>\r\n<\/ul>\r\n<p data-start=\"1772\" data-end=\"1913\"><strong data-start=\"1772\" data-end=\"1863\">Za \u0161e ve\u010d izbire preverite na\u0161o celotno ponudbo obutve za v vodo in vodne \u0161porte TUKAJ:<\/strong><br data-start=\"1863\" data-end=\"1866\" \/>\ud83d\udc49 <a class=\"decorated-link\" href=\"https:\/\/kajakaskaoprema.si\/kolekcije\/cevlji\/\" target=\"_new\" rel=\"noopener\" data-start=\"1869\" data-end=\"1913\">https:\/\/kajakaskaoprema.si\/kolekcije\/cevlji\/<\/a><\/p>\r\n&nbsp;","_et_gb_content_width":""},"product_brand":[],"product_cat":[195],"product_tag":[348,86,352,404],"class_list":{"0":"post-8727","1":"product","2":"type-product","3":"status-publish","4":"has-post-thumbnail","6":"product_cat-neoprenski-cevlji","7":"product_tag-cevlji","8":"product_tag-neoprene","9":"product_tag-nogavice","10":"product_tag-slim","11":"pa_barva-crna","12":"pa_barva-rdeca","13":"pa_barva-olivna","14":"pa_velikost-noge-4-5","15":"pa_velikost-noge-6-7","16":"pa_velikost-noge-8-9","17":"pa_velikost-noge-10-11","18":"pa_velikost-noge-12-13","20":"first","21":"instock","22":"shipping-taxable","23":"purchasable","24":"product-type-variable","25":"has-default-attributes"},"yoast_head":"<!-- This site is optimized with the Yoast SEO plugin v27.0 - https:\/\/yoast.com\/product\/yoast-seo-wordpress\/ -->\n<title>Neoprenske nogavice HIKO Slim | Kajaka\u0161ka Oprema<\/title>\n<meta name=\"description\" content=\"Neoprenske nogavice HIKO Slim \u2013 izjemno tanke in pro\u017ene nogavice iz 0,5 mm neoprena, idealne za hladnej\u0161e poletne dni in aktivnosti v vodi.\" \/>\n<meta name=\"robots\" content=\"index, follow, max-snippet:-1, max-image-preview:large, max-video-preview:-1\" \/>\n<link rel=\"canonical\" href=\"https:\/\/kajakaskaoprema.si\/en\/trgovina\/neoprenski-cevlji\/neoprenske-nogavice-hiko-slim\/\" \/>\n<meta property=\"og:locale\" content=\"en_GB\" \/>\n<meta property=\"og:type\" content=\"article\" \/>\n<meta property=\"og:title\" content=\"Neoprenske nogavice HIKO Slim | Kajaka\u0161ka Oprema\" \/>\n<meta property=\"og:description\" content=\"Neoprenske nogavice HIKO Slim HIKO Slim so izjemno tanke, pro\u017ene in oprijete neoprenske nogavice, zasnovane za trenutke, ko potrebuje\u0161 malce dodatne\" \/>\n<meta property=\"og:url\" content=\"https:\/\/kajakaskaoprema.si\/en\/trgovina\/neoprenski-cevlji\/neoprenske-nogavice-hiko-slim\/\" \/>\n<meta property=\"og:site_name\" content=\"Kajaka\u0161ka Oprema\" \/>\n<meta property=\"article:publisher\" content=\"https:\/\/www.facebook.com\/profile.php?id=100089048120006\" \/>\n<meta property=\"article:modified_time\" content=\"2025-11-17T07:44:13+00:00\" \/>\n<meta property=\"og:image\" content=\"https:\/\/kajakaskaoprema.si\/wp-content\/uploads\/2022\/11\/Slim_Neoprene-nogavice.webp\" \/>\n\t<meta property=\"og:image:width\" content=\"1000\" \/>\n\t<meta property=\"og:image:height\" content=\"1000\" \/>\n\t<meta property=\"og:image:type\" content=\"image\/webp\" \/>\n<meta name=\"twitter:card\" content=\"summary_large_image\" \/>\n<meta name=\"twitter:title\" content=\"Neoprenske nogavice HIKO Slim | Kajaka\u0161ka Oprema\" \/>\n<meta name=\"twitter:description\" content=\"Neoprenske nogavice HIKO Slim HIKO Slim so izjemno tanke, pro\u017ene in oprijete neoprenske nogavice, zasnovane za trenutke, ko potrebuje\u0161 malce dodatne\" \/>\n<meta name=\"twitter:image\" content=\"https:\/\/kajakaskaoprema.si\/wp-content\/uploads\/2022\/11\/Slim_Neoprene-nogavice.webp\" \/>\n<meta name=\"twitter:label1\" content=\"Estimated reading time\" \/>\n\t<meta name=\"twitter:data1\" content=\"2 minutes\" \/>\n<!-- \/ Yoast SEO plugin. -->","yoast_head_json":{"title":"Neoprenske nogavice HIKO Slim | Kajaka\u0161ka Oprema","description":"Neoprenske nogavice HIKO Slim \u2013 izjemno tanke in pro\u017ene nogavice iz 0,5 mm neoprena, idealne za hladnej\u0161e poletne dni in aktivnosti v vodi.","robots":{"index":"index","follow":"follow","max-snippet":"max-snippet:-1","max-image-preview":"max-image-preview:large","max-video-preview":"max-video-preview:-1"},"canonical":"https:\/\/kajakaskaoprema.si\/en\/trgovina\/neoprenski-cevlji\/neoprenske-nogavice-hiko-slim\/","og_locale":"en_GB","og_type":"article","og_title":"Neoprenske nogavice HIKO Slim | Kajaka\u0161ka Oprema","og_description":"Neoprenske nogavice HIKO Slim HIKO Slim so izjemno tanke, pro\u017ene in oprijete neoprenske nogavice, zasnovane za trenutke, ko potrebuje\u0161 malce dodatne","og_url":"https:\/\/kajakaskaoprema.si\/en\/trgovina\/neoprenski-cevlji\/neoprenske-nogavice-hiko-slim\/","og_site_name":"Kajaka\u0161ka Oprema","article_publisher":"https:\/\/www.facebook.com\/profile.php?id=100089048120006","article_modified_time":"2025-11-17T07:44:13+00:00","og_image":[{"width":1000,"height":1000,"url":"https:\/\/kajakaskaoprema.si\/wp-content\/uploads\/2022\/11\/Slim_Neoprene-nogavice.webp","type":"image\/webp"}],"twitter_card":"summary_large_image","twitter_title":"Neoprenske nogavice HIKO Slim | Kajaka\u0161ka Oprema","twitter_description":"Neoprenske nogavice HIKO Slim HIKO Slim so izjemno tanke, pro\u017ene in oprijete neoprenske nogavice, zasnovane za trenutke, ko potrebuje\u0161 malce dodatne","twitter_image":"https:\/\/kajakaskaoprema.si\/wp-content\/uploads\/2022\/11\/Slim_Neoprene-nogavice.webp","twitter_misc":{"Estimated reading time":"2 minutes"},"schema":{"@context":"https:\/\/schema.org","@graph":[{"@type":["WebPage","ItemPage"],"@id":"https:\/\/kajakaskaoprema.si\/trgovina\/neoprenski-cevlji\/neoprenske-nogavice-hiko-slim\/","url":"https:\/\/kajakaskaoprema.si\/trgovina\/neoprenski-cevlji\/neoprenske-nogavice-hiko-slim\/","name":"Neoprenske nogavice HIKO Slim | Kajaka\u0161ka Oprema","isPartOf":{"@id":"https:\/\/kajakaskaoprema.si\/#website"},"primaryImageOfPage":{"@id":"https:\/\/kajakaskaoprema.si\/trgovina\/neoprenski-cevlji\/neoprenske-nogavice-hiko-slim\/#primaryimage"},"image":{"@id":"https:\/\/kajakaskaoprema.si\/trgovina\/neoprenski-cevlji\/neoprenske-nogavice-hiko-slim\/#primaryimage"},"thumbnailUrl":"https:\/\/kajakaskaoprema.si\/wp-content\/uploads\/2022\/11\/Slim_Neoprene-nogavice.webp","datePublished":"2022-11-28T08:12:49+00:00","dateModified":"2025-11-17T07:44:13+00:00","description":"Neoprenske nogavice HIKO Slim \u2013 izjemno tanke in pro\u017ene nogavice iz 0,5 mm neoprena, idealne za hladnej\u0161e poletne dni in aktivnosti v vodi.","breadcrumb":{"@id":"https:\/\/kajakaskaoprema.si\/trgovina\/neoprenski-cevlji\/neoprenske-nogavice-hiko-slim\/#breadcrumb"},"inLanguage":"en-GB","potentialAction":[{"@type":"ReadAction","target":["https:\/\/kajakaskaoprema.si\/trgovina\/neoprenski-cevlji\/neoprenske-nogavice-hiko-slim\/"]}]},{"@type":"ImageObject","inLanguage":"en-GB","@id":"https:\/\/kajakaskaoprema.si\/trgovina\/neoprenski-cevlji\/neoprenske-nogavice-hiko-slim\/#primaryimage","url":"https:\/\/kajakaskaoprema.si\/wp-content\/uploads\/2022\/11\/Slim_Neoprene-nogavice.webp","contentUrl":"https:\/\/kajakaskaoprema.si\/wp-content\/uploads\/2022\/11\/Slim_Neoprene-nogavice.webp","width":1000,"height":1000,"caption":"Neoprene socks HIKO Slim for water activities"},{"@type":"BreadcrumbList","@id":"https:\/\/kajakaskaoprema.si\/trgovina\/neoprenski-cevlji\/neoprenske-nogavice-hiko-slim\/#breadcrumb","itemListElement":[{"@type":"ListItem","position":1,"name":"Domov","item":"https:\/\/kajakaskaoprema.si\/"},{"@type":"ListItem","position":2,"name":"Trgovina","item":"https:\/\/kajakaskaoprema.si\/trgovina\/"},{"@type":"ListItem","position":3,"name":"Neoprenski \u010devlji","item":"https:\/\/kajakaskaoprema.si\/kolekcije\/neoprenski-cevlji\/"},{"@type":"ListItem","position":4,"name":"Neoprenske nogavice HIKO Slim"}]},{"@type":"WebSite","@id":"https:\/\/kajakaskaoprema.si\/#website","url":"https:\/\/kajakaskaoprema.si\/","name":"Kajaka\u0161ka Oprema","description":"Spletna trgovina s kajaka\u0161ko opremo svetovno priznanih znamk. Idealno za vse ljubitelje adrenalina in vodnih \u0161portov.","publisher":{"@id":"https:\/\/kajakaskaoprema.si\/#organization"},"potentialAction":[{"@type":"SearchAction","target":{"@type":"EntryPoint","urlTemplate":"https:\/\/kajakaskaoprema.si\/?s={search_term_string}"},"query-input":{"@type":"PropertyValueSpecification","valueRequired":true,"valueName":"search_term_string"}}],"inLanguage":"en-GB"},{"@type":"Organization","@id":"https:\/\/kajakaskaoprema.si\/#organization","name":"Kajaka\u0161ka Oprema","url":"https:\/\/kajakaskaoprema.si\/","logo":{"@type":"ImageObject","inLanguage":"en-GB","@id":"https:\/\/kajakaskaoprema.si\/#\/schema\/logo\/image\/","url":"https:\/\/kajakaskaoprema.si\/wp-content\/uploads\/2022\/12\/Logo_Kajakaska-Oprema.png","contentUrl":"https:\/\/kajakaskaoprema.si\/wp-content\/uploads\/2022\/12\/Logo_Kajakaska-Oprema.png","width":250,"height":69,"caption":"Kajaka\u0161ka Oprema"},"image":{"@id":"https:\/\/kajakaskaoprema.si\/#\/schema\/logo\/image\/"},"sameAs":["https:\/\/www.facebook.com\/profile.php?id=100089048120006","https:\/\/www.instagram.com\/kajakaska_oprema\/?fbclid=IwAR2wP1CpCpqaC63UyJF_RvVrzwwz_bz6YVmg02z_LdA4tZuWdCWYKBih7zQ"]}]}},"_links":{"self":[{"href":"https:\/\/kajakaskaoprema.si\/en\/wp-json\/wp\/v2\/product\/8727","targetHints":{"allow":["GET"]}}],"collection":[{"href":"https:\/\/kajakaskaoprema.si\/en\/wp-json\/wp\/v2\/product"}],"about":[{"href":"https:\/\/kajakaskaoprema.si\/en\/wp-json\/wp\/v2\/types\/product"}],"replies":[{"embeddable":true,"href":"https:\/\/kajakaskaoprema.si\/en\/wp-json\/wp\/v2\/comments?post=8727"}],"wp:featuredmedia":[{"embeddable":true,"href":"https:\/\/kajakaskaoprema.si\/en\/wp-json\/wp\/v2\/media\/8729"}],"wp:attachment":[{"href":"https:\/\/kajakaskaoprema.si\/en\/wp-json\/wp\/v2\/media?parent=8727"}],"wp:term":[{"taxonomy":"product_brand","embeddable":true,"href":"https:\/\/kajakaskaoprema.si\/en\/wp-json\/wp\/v2\/product_brand?post=8727"},{"taxonomy":"product_cat","embeddable":true,"href":"https:\/\/kajakaskaoprema.si\/en\/wp-json\/wp\/v2\/product_cat?post=8727"},{"taxonomy":"product_tag","embeddable":true,"href":"https:\/\/kajakaskaoprema.si\/en\/wp-json\/wp\/v2\/product_tag?post=8727"}],"curies":[{"name":"wp","href":"https:\/\/api.w.org\/{rel}","templated":true}]}}