{"id":8226,"date":"2022-11-26T17:30:48","date_gmt":"2022-11-26T16:30:48","guid":{"rendered":"https:\/\/kajakaskaoprema.si\/?post_type=product&#038;p=8226"},"modified":"2022-12-19T14:06:28","modified_gmt":"2022-12-19T13:06:28","slug":"challenger-ii-elite","status":"publish","type":"product","link":"https:\/\/kajakaskaoprema.si\/en\/trgovina\/vesla\/challenger-ii-elite\/","title":{"rendered":"Challenger II Elite"},"content":{"rendered":"<p><strong>Challenger II Elite &#8211; Veslo za slalomski kanu.<\/strong><\/p>\n<p>The most popular slalom canoe paddle, made with Monocque technology, designed in collaboration with Denis Gargaud, 2011 C1M World Champion,<\/p>\n<p>The special feature of this paddle is the angled blade, which provides excellent pulling power, resulting in excellent acceleration in the water. This slalom canoe paddle is ergonomically balanced and allows precise manoeuvres and a concentrated and powerful stroke. The unique thin shaft design (28 mm) improves grip and control.<\/p>\n<p>The paddle is available in four sizes and two stiffnesses, but all paddles are equipped with a reinforced blade made of high-quality INOX steel.<\/p>","protected":false},"excerpt":{"rendered":"<p>Challenger II Elite &#8211; Veslo za slalomski kanu. Najbolj priljubljeno veslo za slalomski kanu, izdelano s tehnologijo Monocque. Izdelano v sodelovanju z Denisom Gargaudom, svetovnim prvakom za C1M iz leta 2011, Posebnost tega vesla je pod kotom postavljeno rezilo, ki zagotavlja odli\u010dno mo\u010d vleka, kar se odra\u017ea v odli\u010dnem pospe\u0161evanju v vodi. To slalomsko kanuisti\u010dno [&hellip;]<\/p>\n","protected":false},"featured_media":7933,"comment_status":"open","ping_status":"closed","template":"","meta":{"_et_pb_use_builder":"","_et_pb_old_content":"","_et_gb_content_width":""},"product_brand":[],"product_cat":[353],"product_tag":[397,392,398,355],"class_list":{"0":"post-8226","1":"product","2":"type-product","3":"status-publish","4":"has-post-thumbnail","6":"product_cat-vesla","7":"product_tag-challenger","8":"product_tag-elite","9":"product_tag-ii","10":"product_tag-veslo","11":"pa_rocaj-lesen-35-mm","12":"pa_rocaj-lesen-40-mm","13":"pa_rocaj-carbon-30-mm","14":"pa_rocaj-carbon-35-mm","15":"pa_rocaj-carbon-40-mm","16":"pa_trdota-kola-flex-medium","17":"pa_trdota-kola-flex-hard","18":"pa_velikost-lopate-s","19":"pa_velikost-lopate-m","20":"pa_velikost-lopate-l","21":"pa_velikost-lopate-xl","23":"first","24":"instock","25":"shipping-taxable","26":"purchasable","27":"product-type-variable"},"yoast_head":"<!-- This site is optimized with the Yoast SEO plugin v27.0 - https:\/\/yoast.com\/product\/yoast-seo-wordpress\/ -->\n<title>Challenger II Elite | Kajaka\u0161ka Oprema<\/title>\n<meta name=\"description\" content=\"Challenger II Elite - Veslo za slalomski kanu. Najbolj priljubljeno veslo za slalomski kanu, izdelano s tehnologijo Monocque. Izdelano v sodelovanju z\" \/>\n<meta name=\"robots\" content=\"index, follow, max-snippet:-1, max-image-preview:large, max-video-preview:-1\" \/>\n<link rel=\"canonical\" href=\"https:\/\/kajakaskaoprema.si\/en\/trgovina\/vesla\/challenger-ii-elite\/\" \/>\n<meta property=\"og:locale\" content=\"en_GB\" \/>\n<meta property=\"og:type\" content=\"article\" \/>\n<meta property=\"og:title\" content=\"Challenger II Elite | Kajaka\u0161ka Oprema\" \/>\n<meta property=\"og:description\" content=\"Challenger II Elite - Veslo za slalomski kanu. Najbolj priljubljeno veslo za slalomski kanu, izdelano s tehnologijo Monocque. Izdelano v sodelovanju z\" \/>\n<meta property=\"og:url\" content=\"https:\/\/kajakaskaoprema.si\/en\/trgovina\/vesla\/challenger-ii-elite\/\" \/>\n<meta property=\"og:site_name\" content=\"Kajaka\u0161ka Oprema\" \/>\n<meta property=\"article:publisher\" content=\"https:\/\/www.facebook.com\/profile.php?id=100089048120006\" \/>\n<meta property=\"article:modified_time\" content=\"2022-12-19T13:06:28+00:00\" \/>\n<meta property=\"og:image\" content=\"https:\/\/kajakaskaoprema.si\/wp-content\/uploads\/2022\/11\/Challenger.webp\" \/>\n\t<meta property=\"og:image:width\" content=\"1000\" \/>\n\t<meta property=\"og:image:height\" content=\"1000\" \/>\n\t<meta property=\"og:image:type\" content=\"image\/webp\" \/>\n<meta name=\"twitter:card\" content=\"summary_large_image\" \/>\n<meta name=\"twitter:title\" content=\"Challenger II Elite | Kajaka\u0161ka Oprema\" \/>\n<meta name=\"twitter:description\" content=\"Challenger II Elite - Veslo za slalomski kanu. Najbolj priljubljeno veslo za slalomski kanu, izdelano s tehnologijo Monocque. Izdelano v sodelovanju z\" \/>\n<meta name=\"twitter:image\" content=\"https:\/\/kajakaskaoprema.si\/wp-content\/uploads\/2022\/11\/Challenger.webp\" \/>\n<meta name=\"twitter:label1\" content=\"Estimated reading time\" \/>\n\t<meta name=\"twitter:data1\" content=\"1 minute\" \/>\n<!-- \/ Yoast SEO plugin. -->","yoast_head_json":{"title":"Challenger II Elite | Kajaka\u0161ka Oprema","description":"Challenger II Elite - Veslo za slalomski kanu. Najbolj priljubljeno veslo za slalomski kanu, izdelano s tehnologijo Monocque. Izdelano v sodelovanju z","robots":{"index":"index","follow":"follow","max-snippet":"max-snippet:-1","max-image-preview":"max-image-preview:large","max-video-preview":"max-video-preview:-1"},"canonical":"https:\/\/kajakaskaoprema.si\/en\/trgovina\/vesla\/challenger-ii-elite\/","og_locale":"en_GB","og_type":"article","og_title":"Challenger II Elite | Kajaka\u0161ka Oprema","og_description":"Challenger II Elite - Veslo za slalomski kanu. Najbolj priljubljeno veslo za slalomski kanu, izdelano s tehnologijo Monocque. Izdelano v sodelovanju z","og_url":"https:\/\/kajakaskaoprema.si\/en\/trgovina\/vesla\/challenger-ii-elite\/","og_site_name":"Kajaka\u0161ka Oprema","article_publisher":"https:\/\/www.facebook.com\/profile.php?id=100089048120006","article_modified_time":"2022-12-19T13:06:28+00:00","og_image":[{"width":1000,"height":1000,"url":"https:\/\/kajakaskaoprema.si\/wp-content\/uploads\/2022\/11\/Challenger.webp","type":"image\/webp"}],"twitter_card":"summary_large_image","twitter_title":"Challenger II Elite | Kajaka\u0161ka Oprema","twitter_description":"Challenger II Elite - Veslo za slalomski kanu. Najbolj priljubljeno veslo za slalomski kanu, izdelano s tehnologijo Monocque. Izdelano v sodelovanju z","twitter_image":"https:\/\/kajakaskaoprema.si\/wp-content\/uploads\/2022\/11\/Challenger.webp","twitter_misc":{"Estimated reading time":"1 minute"},"schema":{"@context":"https:\/\/schema.org","@graph":[{"@type":["WebPage","ItemPage"],"@id":"https:\/\/kajakaskaoprema.si\/trgovina\/vesla\/challenger-ii-elite\/","url":"https:\/\/kajakaskaoprema.si\/trgovina\/vesla\/challenger-ii-elite\/","name":"Challenger II Elite | Kajaka\u0161ka Oprema","isPartOf":{"@id":"https:\/\/kajakaskaoprema.si\/#website"},"primaryImageOfPage":{"@id":"https:\/\/kajakaskaoprema.si\/trgovina\/vesla\/challenger-ii-elite\/#primaryimage"},"image":{"@id":"https:\/\/kajakaskaoprema.si\/trgovina\/vesla\/challenger-ii-elite\/#primaryimage"},"thumbnailUrl":"https:\/\/kajakaskaoprema.si\/wp-content\/uploads\/2022\/11\/Challenger.webp","datePublished":"2022-11-26T16:30:48+00:00","dateModified":"2022-12-19T13:06:28+00:00","description":"Challenger II Elite - Veslo za slalomski kanu. Najbolj priljubljeno veslo za slalomski kanu, izdelano s tehnologijo Monocque. Izdelano v sodelovanju z","breadcrumb":{"@id":"https:\/\/kajakaskaoprema.si\/trgovina\/vesla\/challenger-ii-elite\/#breadcrumb"},"inLanguage":"en-GB","potentialAction":[{"@type":"ReadAction","target":["https:\/\/kajakaskaoprema.si\/trgovina\/vesla\/challenger-ii-elite\/"]}]},{"@type":"ImageObject","inLanguage":"en-GB","@id":"https:\/\/kajakaskaoprema.si\/trgovina\/vesla\/challenger-ii-elite\/#primaryimage","url":"https:\/\/kajakaskaoprema.si\/wp-content\/uploads\/2022\/11\/Challenger.webp","contentUrl":"https:\/\/kajakaskaoprema.si\/wp-content\/uploads\/2022\/11\/Challenger.webp","width":1000,"height":1000,"caption":"Challenger II Elite"},{"@type":"BreadcrumbList","@id":"https:\/\/kajakaskaoprema.si\/trgovina\/vesla\/challenger-ii-elite\/#breadcrumb","itemListElement":[{"@type":"ListItem","position":1,"name":"Domov","item":"https:\/\/kajakaskaoprema.si\/"},{"@type":"ListItem","position":2,"name":"Trgovina","item":"https:\/\/kajakaskaoprema.si\/trgovina\/"},{"@type":"ListItem","position":3,"name":"Vesla","item":"https:\/\/kajakaskaoprema.si\/kolekcije\/vesla\/"},{"@type":"ListItem","position":4,"name":"Challenger II Elite"}]},{"@type":"WebSite","@id":"https:\/\/kajakaskaoprema.si\/#website","url":"https:\/\/kajakaskaoprema.si\/","name":"Kajaka\u0161ka Oprema","description":"Spletna trgovina s kajaka\u0161ko opremo svetovno priznanih znamk. Idealno za vse ljubitelje adrenalina in vodnih \u0161portov.","publisher":{"@id":"https:\/\/kajakaskaoprema.si\/#organization"},"potentialAction":[{"@type":"SearchAction","target":{"@type":"EntryPoint","urlTemplate":"https:\/\/kajakaskaoprema.si\/?s={search_term_string}"},"query-input":{"@type":"PropertyValueSpecification","valueRequired":true,"valueName":"search_term_string"}}],"inLanguage":"en-GB"},{"@type":"Organization","@id":"https:\/\/kajakaskaoprema.si\/#organization","name":"Kajaka\u0161ka Oprema","url":"https:\/\/kajakaskaoprema.si\/","logo":{"@type":"ImageObject","inLanguage":"en-GB","@id":"https:\/\/kajakaskaoprema.si\/#\/schema\/logo\/image\/","url":"https:\/\/kajakaskaoprema.si\/wp-content\/uploads\/2022\/12\/Logo_Kajakaska-Oprema.png","contentUrl":"https:\/\/kajakaskaoprema.si\/wp-content\/uploads\/2022\/12\/Logo_Kajakaska-Oprema.png","width":250,"height":69,"caption":"Kajaka\u0161ka Oprema"},"image":{"@id":"https:\/\/kajakaskaoprema.si\/#\/schema\/logo\/image\/"},"sameAs":["https:\/\/www.facebook.com\/profile.php?id=100089048120006","https:\/\/www.instagram.com\/kajakaska_oprema\/?fbclid=IwAR2wP1CpCpqaC63UyJF_RvVrzwwz_bz6YVmg02z_LdA4tZuWdCWYKBih7zQ"]}]}},"_links":{"self":[{"href":"https:\/\/kajakaskaoprema.si\/en\/wp-json\/wp\/v2\/product\/8226","targetHints":{"allow":["GET"]}}],"collection":[{"href":"https:\/\/kajakaskaoprema.si\/en\/wp-json\/wp\/v2\/product"}],"about":[{"href":"https:\/\/kajakaskaoprema.si\/en\/wp-json\/wp\/v2\/types\/product"}],"replies":[{"embeddable":true,"href":"https:\/\/kajakaskaoprema.si\/en\/wp-json\/wp\/v2\/comments?post=8226"}],"wp:featuredmedia":[{"embeddable":true,"href":"https:\/\/kajakaskaoprema.si\/en\/wp-json\/wp\/v2\/media\/7933"}],"wp:attachment":[{"href":"https:\/\/kajakaskaoprema.si\/en\/wp-json\/wp\/v2\/media?parent=8226"}],"wp:term":[{"taxonomy":"product_brand","embeddable":true,"href":"https:\/\/kajakaskaoprema.si\/en\/wp-json\/wp\/v2\/product_brand?post=8226"},{"taxonomy":"product_cat","embeddable":true,"href":"https:\/\/kajakaskaoprema.si\/en\/wp-json\/wp\/v2\/product_cat?post=8226"},{"taxonomy":"product_tag","embeddable":true,"href":"https:\/\/kajakaskaoprema.si\/en\/wp-json\/wp\/v2\/product_tag?post=8226"}],"curies":[{"name":"wp","href":"https:\/\/api.w.org\/{rel}","templated":true}]}}