{"id":8150,"date":"2022-11-26T16:24:49","date_gmt":"2022-11-26T15:24:49","guid":{"rendered":"https:\/\/kajakaskaoprema.si\/?post_type=product&#038;p=8150"},"modified":"2022-12-19T14:06:40","modified_gmt":"2022-12-19T13:06:40","slug":"revolution-elite","status":"publish","type":"product","link":"https:\/\/kajakaskaoprema.si\/en\/trgovina\/vesla\/revolution-elite\/","title":{"rendered":"Revolution Elite"},"content":{"rendered":"<p><strong>Veslo za kanu &#8211; Revolution Elite<\/strong><\/p>\n<p>The best choice for professional slalom athletes and recreational canoe paddlers.<\/p>\n<p>Inovativno slalomsko veslo, ki ga je zasnoval eden najbolj\u0161ih \u0161portnikov v slalomu &#8211; Alexander Slafkovsk\u00fd iz Slova\u0161ke. Desetkratni svetovni prvak v ekipnem in posami\u010dni evropski prvak. V na\u0161i ponudbi lahko zelo preprosto najdete veslo, ki vam bo popolnoma ustrezalo. Od petih velikosti lopatic, treh vrst togosti gredi in \u0161tevilnih razli\u010dic ro\u010daja. Omogo\u010damo vam, da si izberete popolno veslo za slalomski kanu.<\/p>\n<p>Kovinske konice &#8211; Karbonska rezila so na voljo z oja\u010ditvijo iz nerjavnega jekla ob zunanjem robu, ki odli\u010dno \u0161\u010diti rezilo pred po\u0161kodbami in udarci vesla ob re\u010dne skale. Zaradi mo\u010dnej\u0161ih povr\u0161in je veslo mo\u010dnej\u0161e za udarce.<\/p>\n<p>The Slalom Canoe Carbon Paddle makes you stronger, giving you more satisfaction in every workout. Ditch the aluminium and pvc construction and push your performance to the next level.<br \/>\nJessica Fox iz Avstralije, najbolj\u0161a in najuspe\u0161nej\u0161a tekmovalka v zgodovini \u017eenskega slaloma C1, \u017ee vrsto let uporablja veslo G&#8217; Power. ve\u010dkratna svetovna prvakinja se je odlo\u010dila za model Revolution Elite v velikosti &#8220;S&#8221; in karbonskim ro\u010dajem, da bi zagotovila, da bo veslo zdr\u017ealo tudi najte\u017ejo eno tekmo.<\/p>\n<p>Create your own perfect customised paddle!<\/p>","protected":false},"excerpt":{"rendered":"<p>Veslo za kanu &#8211; Revolution Elite Najbolj\u0161a izbira za profesionalne \u0161portnike v slalomu in ljubitelje rekreativnega veslanja s kanuji. Inovativno slalomsko veslo, ki ga je zasnoval eden najbolj\u0161ih \u0161portnikov v slalomu &#8211; Alexander Slafkovsk\u00fd iz Slova\u0161ke. Desetkratni svetovni prvak v ekipnem in posami\u010dni evropski prvak. V na\u0161i ponudbi lahko zelo preprosto najdete veslo, ki vam [&hellip;]<\/p>\n","protected":false},"featured_media":7888,"comment_status":"open","ping_status":"closed","template":"","meta":{"_et_pb_use_builder":"","_et_pb_old_content":"","_et_gb_content_width":""},"product_brand":[],"product_cat":[353],"product_tag":[392,394,355],"class_list":{"0":"post-8150","1":"product","2":"type-product","3":"status-publish","4":"has-post-thumbnail","6":"product_cat-vesla","7":"product_tag-elite","8":"product_tag-revolution","9":"product_tag-veslo","10":"pa_rocaj-lesen-35-mm","11":"pa_rocaj-lesen-40-mm","12":"pa_rocaj-carbon-30-mm","13":"pa_rocaj-carbon-35-mm","14":"pa_rocaj-carbon-40-mm","15":"pa_trdota-kola-carbon-soft","16":"pa_trdota-kola-carbon-medium","17":"pa_trdota-kola-carbon-hard","18":"pa_velikost-lopate-xs","19":"pa_velikost-lopate-s","20":"pa_velikost-lopate-m","21":"pa_velikost-lopate-l","22":"pa_velikost-lopate-xl","24":"first","25":"instock","26":"shipping-taxable","27":"purchasable","28":"product-type-variable"},"yoast_head":"<!-- This site is optimized with the Yoast SEO plugin v27.0 - https:\/\/yoast.com\/product\/yoast-seo-wordpress\/ -->\n<title>Revolution Elite | Kajaka\u0161ka Oprema<\/title>\n<meta name=\"description\" content=\"Veslo za kanu - Revolution Elite Najbolj\u0161a izbira za profesionalne \u0161portnike v slalomu in ljubitelje rekreativnega veslanja s kanuji. Inovativno slalomsko\" \/>\n<meta name=\"robots\" content=\"index, follow, max-snippet:-1, max-image-preview:large, max-video-preview:-1\" \/>\n<link rel=\"canonical\" href=\"https:\/\/kajakaskaoprema.si\/en\/trgovina\/vesla\/revolution-elite\/\" \/>\n<meta property=\"og:locale\" content=\"en_GB\" \/>\n<meta property=\"og:type\" content=\"article\" \/>\n<meta property=\"og:title\" content=\"Revolution Elite | Kajaka\u0161ka Oprema\" \/>\n<meta property=\"og:description\" content=\"Veslo za kanu - Revolution Elite Najbolj\u0161a izbira za profesionalne \u0161portnike v slalomu in ljubitelje rekreativnega veslanja s kanuji. Inovativno slalomsko\" \/>\n<meta property=\"og:url\" content=\"https:\/\/kajakaskaoprema.si\/en\/trgovina\/vesla\/revolution-elite\/\" \/>\n<meta property=\"og:site_name\" content=\"Kajaka\u0161ka Oprema\" \/>\n<meta property=\"article:publisher\" content=\"https:\/\/www.facebook.com\/profile.php?id=100089048120006\" \/>\n<meta property=\"article:modified_time\" content=\"2022-12-19T13:06:40+00:00\" \/>\n<meta property=\"og:image\" content=\"https:\/\/kajakaskaoprema.si\/wp-content\/uploads\/2022\/11\/Revolution-Elite.webp\" \/>\n\t<meta property=\"og:image:width\" content=\"1000\" \/>\n\t<meta property=\"og:image:height\" content=\"1000\" \/>\n\t<meta property=\"og:image:type\" content=\"image\/webp\" \/>\n<meta name=\"twitter:card\" content=\"summary_large_image\" \/>\n<meta name=\"twitter:title\" content=\"Revolution Elite | Kajaka\u0161ka Oprema\" \/>\n<meta name=\"twitter:description\" content=\"Veslo za kanu - Revolution Elite Najbolj\u0161a izbira za profesionalne \u0161portnike v slalomu in ljubitelje rekreativnega veslanja s kanuji. Inovativno slalomsko\" \/>\n<meta name=\"twitter:image\" content=\"https:\/\/kajakaskaoprema.si\/wp-content\/uploads\/2022\/11\/Revolution-Elite.webp\" \/>\n<meta name=\"twitter:label1\" content=\"Estimated reading time\" \/>\n\t<meta name=\"twitter:data1\" content=\"1 minute\" \/>\n<!-- \/ Yoast SEO plugin. -->","yoast_head_json":{"title":"Revolution Elite | Kajaka\u0161ka Oprema","description":"Veslo za kanu - Revolution Elite Najbolj\u0161a izbira za profesionalne \u0161portnike v slalomu in ljubitelje rekreativnega veslanja s kanuji. Inovativno slalomsko","robots":{"index":"index","follow":"follow","max-snippet":"max-snippet:-1","max-image-preview":"max-image-preview:large","max-video-preview":"max-video-preview:-1"},"canonical":"https:\/\/kajakaskaoprema.si\/en\/trgovina\/vesla\/revolution-elite\/","og_locale":"en_GB","og_type":"article","og_title":"Revolution Elite | Kajaka\u0161ka Oprema","og_description":"Veslo za kanu - Revolution Elite Najbolj\u0161a izbira za profesionalne \u0161portnike v slalomu in ljubitelje rekreativnega veslanja s kanuji. Inovativno slalomsko","og_url":"https:\/\/kajakaskaoprema.si\/en\/trgovina\/vesla\/revolution-elite\/","og_site_name":"Kajaka\u0161ka Oprema","article_publisher":"https:\/\/www.facebook.com\/profile.php?id=100089048120006","article_modified_time":"2022-12-19T13:06:40+00:00","og_image":[{"width":1000,"height":1000,"url":"https:\/\/kajakaskaoprema.si\/wp-content\/uploads\/2022\/11\/Revolution-Elite.webp","type":"image\/webp"}],"twitter_card":"summary_large_image","twitter_title":"Revolution Elite | Kajaka\u0161ka Oprema","twitter_description":"Veslo za kanu - Revolution Elite Najbolj\u0161a izbira za profesionalne \u0161portnike v slalomu in ljubitelje rekreativnega veslanja s kanuji. Inovativno slalomsko","twitter_image":"https:\/\/kajakaskaoprema.si\/wp-content\/uploads\/2022\/11\/Revolution-Elite.webp","twitter_misc":{"Estimated reading time":"1 minute"},"schema":{"@context":"https:\/\/schema.org","@graph":[{"@type":["WebPage","ItemPage"],"@id":"https:\/\/kajakaskaoprema.si\/trgovina\/vesla\/revolution-elite\/","url":"https:\/\/kajakaskaoprema.si\/trgovina\/vesla\/revolution-elite\/","name":"Revolution Elite | Kajaka\u0161ka Oprema","isPartOf":{"@id":"https:\/\/kajakaskaoprema.si\/#website"},"primaryImageOfPage":{"@id":"https:\/\/kajakaskaoprema.si\/trgovina\/vesla\/revolution-elite\/#primaryimage"},"image":{"@id":"https:\/\/kajakaskaoprema.si\/trgovina\/vesla\/revolution-elite\/#primaryimage"},"thumbnailUrl":"https:\/\/kajakaskaoprema.si\/wp-content\/uploads\/2022\/11\/Revolution-Elite.webp","datePublished":"2022-11-26T15:24:49+00:00","dateModified":"2022-12-19T13:06:40+00:00","description":"Veslo za kanu - Revolution Elite Najbolj\u0161a izbira za profesionalne \u0161portnike v slalomu in ljubitelje rekreativnega veslanja s kanuji. Inovativno slalomsko","breadcrumb":{"@id":"https:\/\/kajakaskaoprema.si\/trgovina\/vesla\/revolution-elite\/#breadcrumb"},"inLanguage":"en-GB","potentialAction":[{"@type":"ReadAction","target":["https:\/\/kajakaskaoprema.si\/trgovina\/vesla\/revolution-elite\/"]}]},{"@type":"ImageObject","inLanguage":"en-GB","@id":"https:\/\/kajakaskaoprema.si\/trgovina\/vesla\/revolution-elite\/#primaryimage","url":"https:\/\/kajakaskaoprema.si\/wp-content\/uploads\/2022\/11\/Revolution-Elite.webp","contentUrl":"https:\/\/kajakaskaoprema.si\/wp-content\/uploads\/2022\/11\/Revolution-Elite.webp","width":1000,"height":1000,"caption":"Revolution Elite"},{"@type":"BreadcrumbList","@id":"https:\/\/kajakaskaoprema.si\/trgovina\/vesla\/revolution-elite\/#breadcrumb","itemListElement":[{"@type":"ListItem","position":1,"name":"Domov","item":"https:\/\/kajakaskaoprema.si\/"},{"@type":"ListItem","position":2,"name":"Trgovina","item":"https:\/\/kajakaskaoprema.si\/trgovina\/"},{"@type":"ListItem","position":3,"name":"Vesla","item":"https:\/\/kajakaskaoprema.si\/kolekcije\/vesla\/"},{"@type":"ListItem","position":4,"name":"Revolution Elite"}]},{"@type":"WebSite","@id":"https:\/\/kajakaskaoprema.si\/#website","url":"https:\/\/kajakaskaoprema.si\/","name":"Kajaka\u0161ka Oprema","description":"Spletna trgovina s kajaka\u0161ko opremo svetovno priznanih znamk. Idealno za vse ljubitelje adrenalina in vodnih \u0161portov.","publisher":{"@id":"https:\/\/kajakaskaoprema.si\/#organization"},"potentialAction":[{"@type":"SearchAction","target":{"@type":"EntryPoint","urlTemplate":"https:\/\/kajakaskaoprema.si\/?s={search_term_string}"},"query-input":{"@type":"PropertyValueSpecification","valueRequired":true,"valueName":"search_term_string"}}],"inLanguage":"en-GB"},{"@type":"Organization","@id":"https:\/\/kajakaskaoprema.si\/#organization","name":"Kajaka\u0161ka Oprema","url":"https:\/\/kajakaskaoprema.si\/","logo":{"@type":"ImageObject","inLanguage":"en-GB","@id":"https:\/\/kajakaskaoprema.si\/#\/schema\/logo\/image\/","url":"https:\/\/kajakaskaoprema.si\/wp-content\/uploads\/2022\/12\/Logo_Kajakaska-Oprema.png","contentUrl":"https:\/\/kajakaskaoprema.si\/wp-content\/uploads\/2022\/12\/Logo_Kajakaska-Oprema.png","width":250,"height":69,"caption":"Kajaka\u0161ka Oprema"},"image":{"@id":"https:\/\/kajakaskaoprema.si\/#\/schema\/logo\/image\/"},"sameAs":["https:\/\/www.facebook.com\/profile.php?id=100089048120006","https:\/\/www.instagram.com\/kajakaska_oprema\/?fbclid=IwAR2wP1CpCpqaC63UyJF_RvVrzwwz_bz6YVmg02z_LdA4tZuWdCWYKBih7zQ"]}]}},"_links":{"self":[{"href":"https:\/\/kajakaskaoprema.si\/en\/wp-json\/wp\/v2\/product\/8150","targetHints":{"allow":["GET"]}}],"collection":[{"href":"https:\/\/kajakaskaoprema.si\/en\/wp-json\/wp\/v2\/product"}],"about":[{"href":"https:\/\/kajakaskaoprema.si\/en\/wp-json\/wp\/v2\/types\/product"}],"replies":[{"embeddable":true,"href":"https:\/\/kajakaskaoprema.si\/en\/wp-json\/wp\/v2\/comments?post=8150"}],"wp:featuredmedia":[{"embeddable":true,"href":"https:\/\/kajakaskaoprema.si\/en\/wp-json\/wp\/v2\/media\/7888"}],"wp:attachment":[{"href":"https:\/\/kajakaskaoprema.si\/en\/wp-json\/wp\/v2\/media?parent=8150"}],"wp:term":[{"taxonomy":"product_brand","embeddable":true,"href":"https:\/\/kajakaskaoprema.si\/en\/wp-json\/wp\/v2\/product_brand?post=8150"},{"taxonomy":"product_cat","embeddable":true,"href":"https:\/\/kajakaskaoprema.si\/en\/wp-json\/wp\/v2\/product_cat?post=8150"},{"taxonomy":"product_tag","embeddable":true,"href":"https:\/\/kajakaskaoprema.si\/en\/wp-json\/wp\/v2\/product_tag?post=8150"}],"curies":[{"name":"wp","href":"https:\/\/api.w.org\/{rel}","templated":true}]}}