{"id":8006,"date":"2022-11-26T14:54:58","date_gmt":"2022-11-26T13:54:58","guid":{"rendered":"https:\/\/kajakaskaoprema.si\/?post_type=product&#038;p=8006"},"modified":"2022-12-19T14:09:00","modified_gmt":"2022-12-19T13:09:00","slug":"hunter-elite","status":"publish","type":"product","link":"https:\/\/kajakaskaoprema.si\/en\/trgovina\/vesla\/hunter-elite\/","title":{"rendered":"Hunter Elite"},"content":{"rendered":"<p><strong>Hunter Elite &#8211; Veslo za napredne kajaka\u0161e, ki imajo raje mo\u010dan in zanesljiv oprijem ter mo\u010dan zamah.<\/strong><\/p>\n<p>&nbsp;<\/p>\n<ul>\n<li>Ridges on the inner edge provide greater stability during pulling<\/li>\n<li>Wide blades are great for sprints<\/li>\n<li>Very light weight with a solid construction of 660-710 g<\/li>\n<li>Available in 4 different sizes and 3 materials<\/li>\n<li>Laser-cut INOX steel adapters<\/li>\n<li>Available with QNECT<\/li>\n<\/ul>","protected":false},"excerpt":{"rendered":"<p>Hunter Elite &#8211; Veslo za napredne kajaka\u0161e, ki imajo raje mo\u010dan in zanesljiv oprijem ter mo\u010dan zamah. &nbsp; Grebeni na notranjem robu zagotavljajo ve\u010djo stabilnost med potegom \u0160iroke lopatice so odli\u010dne pri \u0161printih Zelo majhna te\u017ea s trdno konstrukcijo, ki zna\u0161a 660-710 g Na voljo v 4 razli\u010dnih velikostih in iz 3 materialov Lasersko izrezani [&hellip;]<\/p>\n","protected":false},"featured_media":7924,"comment_status":"open","ping_status":"closed","template":"","meta":{"_et_pb_use_builder":"","_et_pb_old_content":"","_et_gb_content_width":""},"product_brand":[],"product_cat":[353],"product_tag":[392,393,355],"class_list":{"0":"post-8006","1":"product","2":"type-product","3":"status-publish","4":"has-post-thumbnail","6":"product_cat-vesla","7":"product_tag-elite","8":"product_tag-hunter","9":"product_tag-veslo","10":"pa_trdota-kola-carbon-soft","11":"pa_trdota-kola-carbon-medium","12":"pa_trdota-kola-carbon-hard","13":"pa_velikost-lopate-s","14":"pa_velikost-lopate-m","15":"pa_velikost-lopate-l","16":"pa_velikost-lopate-xl","18":"first","19":"instock","20":"shipping-taxable","21":"purchasable","22":"product-type-variable"},"yoast_head":"<!-- This site is optimized with the Yoast SEO plugin v27.0 - https:\/\/yoast.com\/product\/yoast-seo-wordpress\/ -->\n<title>Hunter Elite | Kajaka\u0161ka Oprema<\/title>\n<meta name=\"description\" content=\"Hunter Elite - Veslo za napredne kajaka\u0161e, ki imajo raje mo\u010dan in zanesljiv oprijem ter mo\u010dan zamah. &nbsp; Grebeni na notranjem robu zagotavljajo ve\u010djo\" \/>\n<meta name=\"robots\" content=\"index, follow, max-snippet:-1, max-image-preview:large, max-video-preview:-1\" \/>\n<link rel=\"canonical\" href=\"https:\/\/kajakaskaoprema.si\/en\/trgovina\/vesla\/hunter-elite\/\" \/>\n<meta property=\"og:locale\" content=\"en_GB\" \/>\n<meta property=\"og:type\" content=\"article\" \/>\n<meta property=\"og:title\" content=\"Hunter Elite | Kajaka\u0161ka Oprema\" \/>\n<meta property=\"og:description\" content=\"Hunter Elite - Veslo za napredne kajaka\u0161e, ki imajo raje mo\u010dan in zanesljiv oprijem ter mo\u010dan zamah. &nbsp; Grebeni na notranjem robu zagotavljajo ve\u010djo\" \/>\n<meta property=\"og:url\" content=\"https:\/\/kajakaskaoprema.si\/en\/trgovina\/vesla\/hunter-elite\/\" \/>\n<meta property=\"og:site_name\" content=\"Kajaka\u0161ka Oprema\" \/>\n<meta property=\"article:publisher\" content=\"https:\/\/www.facebook.com\/profile.php?id=100089048120006\" \/>\n<meta property=\"article:modified_time\" content=\"2022-12-19T13:09:00+00:00\" \/>\n<meta property=\"og:image\" content=\"https:\/\/kajakaskaoprema.si\/wp-content\/uploads\/2022\/11\/Hunter_Elite.webp\" \/>\n\t<meta property=\"og:image:width\" content=\"1000\" \/>\n\t<meta property=\"og:image:height\" content=\"1000\" \/>\n\t<meta property=\"og:image:type\" content=\"image\/webp\" \/>\n<meta name=\"twitter:card\" content=\"summary_large_image\" \/>\n<meta name=\"twitter:title\" content=\"Hunter Elite | Kajaka\u0161ka Oprema\" \/>\n<meta name=\"twitter:description\" content=\"Hunter Elite - Veslo za napredne kajaka\u0161e, ki imajo raje mo\u010dan in zanesljiv oprijem ter mo\u010dan zamah. &nbsp; Grebeni na notranjem robu zagotavljajo ve\u010djo\" \/>\n<meta name=\"twitter:image\" content=\"https:\/\/kajakaskaoprema.si\/wp-content\/uploads\/2022\/11\/Hunter_Elite.webp\" \/>\n<meta name=\"twitter:label1\" content=\"Estimated reading time\" \/>\n\t<meta name=\"twitter:data1\" content=\"1 minute\" \/>\n<!-- \/ Yoast SEO plugin. -->","yoast_head_json":{"title":"Hunter Elite | Kajaka\u0161ka Oprema","description":"Hunter Elite - Veslo za napredne kajaka\u0161e, ki imajo raje mo\u010dan in zanesljiv oprijem ter mo\u010dan zamah. &nbsp; Grebeni na notranjem robu zagotavljajo ve\u010djo","robots":{"index":"index","follow":"follow","max-snippet":"max-snippet:-1","max-image-preview":"max-image-preview:large","max-video-preview":"max-video-preview:-1"},"canonical":"https:\/\/kajakaskaoprema.si\/en\/trgovina\/vesla\/hunter-elite\/","og_locale":"en_GB","og_type":"article","og_title":"Hunter Elite | Kajaka\u0161ka Oprema","og_description":"Hunter Elite - Veslo za napredne kajaka\u0161e, ki imajo raje mo\u010dan in zanesljiv oprijem ter mo\u010dan zamah. &nbsp; Grebeni na notranjem robu zagotavljajo ve\u010djo","og_url":"https:\/\/kajakaskaoprema.si\/en\/trgovina\/vesla\/hunter-elite\/","og_site_name":"Kajaka\u0161ka Oprema","article_publisher":"https:\/\/www.facebook.com\/profile.php?id=100089048120006","article_modified_time":"2022-12-19T13:09:00+00:00","og_image":[{"width":1000,"height":1000,"url":"https:\/\/kajakaskaoprema.si\/wp-content\/uploads\/2022\/11\/Hunter_Elite.webp","type":"image\/webp"}],"twitter_card":"summary_large_image","twitter_title":"Hunter Elite | Kajaka\u0161ka Oprema","twitter_description":"Hunter Elite - Veslo za napredne kajaka\u0161e, ki imajo raje mo\u010dan in zanesljiv oprijem ter mo\u010dan zamah. &nbsp; Grebeni na notranjem robu zagotavljajo ve\u010djo","twitter_image":"https:\/\/kajakaskaoprema.si\/wp-content\/uploads\/2022\/11\/Hunter_Elite.webp","twitter_misc":{"Estimated reading time":"1 minute"},"schema":{"@context":"https:\/\/schema.org","@graph":[{"@type":["WebPage","ItemPage"],"@id":"https:\/\/kajakaskaoprema.si\/trgovina\/vesla\/hunter-elite\/","url":"https:\/\/kajakaskaoprema.si\/trgovina\/vesla\/hunter-elite\/","name":"Hunter Elite | Kajaka\u0161ka Oprema","isPartOf":{"@id":"https:\/\/kajakaskaoprema.si\/#website"},"primaryImageOfPage":{"@id":"https:\/\/kajakaskaoprema.si\/trgovina\/vesla\/hunter-elite\/#primaryimage"},"image":{"@id":"https:\/\/kajakaskaoprema.si\/trgovina\/vesla\/hunter-elite\/#primaryimage"},"thumbnailUrl":"https:\/\/kajakaskaoprema.si\/wp-content\/uploads\/2022\/11\/Hunter_Elite.webp","datePublished":"2022-11-26T13:54:58+00:00","dateModified":"2022-12-19T13:09:00+00:00","description":"Hunter Elite - Veslo za napredne kajaka\u0161e, ki imajo raje mo\u010dan in zanesljiv oprijem ter mo\u010dan zamah. &nbsp; Grebeni na notranjem robu zagotavljajo ve\u010djo","breadcrumb":{"@id":"https:\/\/kajakaskaoprema.si\/trgovina\/vesla\/hunter-elite\/#breadcrumb"},"inLanguage":"en-GB","potentialAction":[{"@type":"ReadAction","target":["https:\/\/kajakaskaoprema.si\/trgovina\/vesla\/hunter-elite\/"]}]},{"@type":"ImageObject","inLanguage":"en-GB","@id":"https:\/\/kajakaskaoprema.si\/trgovina\/vesla\/hunter-elite\/#primaryimage","url":"https:\/\/kajakaskaoprema.si\/wp-content\/uploads\/2022\/11\/Hunter_Elite.webp","contentUrl":"https:\/\/kajakaskaoprema.si\/wp-content\/uploads\/2022\/11\/Hunter_Elite.webp","width":1000,"height":1000,"caption":"Hunter Elite"},{"@type":"BreadcrumbList","@id":"https:\/\/kajakaskaoprema.si\/trgovina\/vesla\/hunter-elite\/#breadcrumb","itemListElement":[{"@type":"ListItem","position":1,"name":"Domov","item":"https:\/\/kajakaskaoprema.si\/"},{"@type":"ListItem","position":2,"name":"Trgovina","item":"https:\/\/kajakaskaoprema.si\/trgovina\/"},{"@type":"ListItem","position":3,"name":"Vesla","item":"https:\/\/kajakaskaoprema.si\/kolekcije\/vesla\/"},{"@type":"ListItem","position":4,"name":"Hunter Elite"}]},{"@type":"WebSite","@id":"https:\/\/kajakaskaoprema.si\/#website","url":"https:\/\/kajakaskaoprema.si\/","name":"Kajaka\u0161ka Oprema","description":"Spletna trgovina s kajaka\u0161ko opremo svetovno priznanih znamk. Idealno za vse ljubitelje adrenalina in vodnih \u0161portov.","publisher":{"@id":"https:\/\/kajakaskaoprema.si\/#organization"},"potentialAction":[{"@type":"SearchAction","target":{"@type":"EntryPoint","urlTemplate":"https:\/\/kajakaskaoprema.si\/?s={search_term_string}"},"query-input":{"@type":"PropertyValueSpecification","valueRequired":true,"valueName":"search_term_string"}}],"inLanguage":"en-GB"},{"@type":"Organization","@id":"https:\/\/kajakaskaoprema.si\/#organization","name":"Kajaka\u0161ka Oprema","url":"https:\/\/kajakaskaoprema.si\/","logo":{"@type":"ImageObject","inLanguage":"en-GB","@id":"https:\/\/kajakaskaoprema.si\/#\/schema\/logo\/image\/","url":"https:\/\/kajakaskaoprema.si\/wp-content\/uploads\/2022\/12\/Logo_Kajakaska-Oprema.png","contentUrl":"https:\/\/kajakaskaoprema.si\/wp-content\/uploads\/2022\/12\/Logo_Kajakaska-Oprema.png","width":250,"height":69,"caption":"Kajaka\u0161ka Oprema"},"image":{"@id":"https:\/\/kajakaskaoprema.si\/#\/schema\/logo\/image\/"},"sameAs":["https:\/\/www.facebook.com\/profile.php?id=100089048120006","https:\/\/www.instagram.com\/kajakaska_oprema\/?fbclid=IwAR2wP1CpCpqaC63UyJF_RvVrzwwz_bz6YVmg02z_LdA4tZuWdCWYKBih7zQ"]}]}},"_links":{"self":[{"href":"https:\/\/kajakaskaoprema.si\/en\/wp-json\/wp\/v2\/product\/8006","targetHints":{"allow":["GET"]}}],"collection":[{"href":"https:\/\/kajakaskaoprema.si\/en\/wp-json\/wp\/v2\/product"}],"about":[{"href":"https:\/\/kajakaskaoprema.si\/en\/wp-json\/wp\/v2\/types\/product"}],"replies":[{"embeddable":true,"href":"https:\/\/kajakaskaoprema.si\/en\/wp-json\/wp\/v2\/comments?post=8006"}],"wp:featuredmedia":[{"embeddable":true,"href":"https:\/\/kajakaskaoprema.si\/en\/wp-json\/wp\/v2\/media\/7924"}],"wp:attachment":[{"href":"https:\/\/kajakaskaoprema.si\/en\/wp-json\/wp\/v2\/media?parent=8006"}],"wp:term":[{"taxonomy":"product_brand","embeddable":true,"href":"https:\/\/kajakaskaoprema.si\/en\/wp-json\/wp\/v2\/product_brand?post=8006"},{"taxonomy":"product_cat","embeddable":true,"href":"https:\/\/kajakaskaoprema.si\/en\/wp-json\/wp\/v2\/product_cat?post=8006"},{"taxonomy":"product_tag","embeddable":true,"href":"https:\/\/kajakaskaoprema.si\/en\/wp-json\/wp\/v2\/product_tag?post=8006"}],"curies":[{"name":"wp","href":"https:\/\/api.w.org\/{rel}","templated":true}]}}