{"id":7941,"date":"2022-11-26T13:59:36","date_gmt":"2022-11-26T12:59:36","guid":{"rendered":"https:\/\/kajakaskaoprema.si\/?post_type=product&#038;p=7941"},"modified":"2022-12-19T14:10:24","modified_gmt":"2022-12-19T13:10:24","slug":"spider-racing","status":"publish","type":"product","link":"https:\/\/kajakaskaoprema.si\/en\/trgovina\/vesla\/spider-racing\/","title":{"rendered":"Spider Racing"},"content":{"rendered":"<p><strong>Kajaka\u0161ko slalomsko veslo &#8211; Spider Racing<\/strong><\/p>\n<p>Spider Racing is our latest slalom paddle model, which uses a unique internal blade surface. The concave grooves and irregular shape increase the effective working area while maintaining the standard size. After months of testing, we can say with certainty that this is an innovation that allows you to improve stability on the water, increase available power and capture more water during each stroke.<\/p>\n<p>Andrej Malek (SVK), an athlete from our team, proved his skills with this paddle by winning the 2019 ICF World Cup 2 Men's K1 competition using this innovative paddle.<br \/>\nThe Spider Elite is our latest model of carbon slalom paddle, featuring a unique internal blade surface. The concave grooves and irregular shape increase the effective working area while maintaining the standard size. After months of testing, we can say with certainty that this is an innovation that allows you to improve stability on the water, increase available power and capture more water during each stroke.<\/p>\n<p><strong>Use:<\/strong> Kayak slalom paddle<\/p>\n<p><strong>User level:<\/strong> Experienced athlete, training.<\/p>","protected":false},"excerpt":{"rendered":"<p>Kajaka\u0161ko slalomsko veslo &#8211; Spider Racing Spider Racing je na\u0161 najnovej\u0161i model slalomskega vesla, pri katerem smo uporabili edinstveno notranjo povr\u0161ino lopatice. Konkavni utori in nepravilna oblika pove\u010dujejo u\u010dinkovito delovno povr\u0161ino, hkrati pa ohranjajo standardno velikost. Po ve\u010dmese\u010dnem testiranju lahko z gotovostjo trdimo, da gre za inovacijo, ki vam omogo\u010da izbolj\u0161anje stabilnosti na vodi, pove\u010danje [&hellip;]<\/p>\n","protected":false},"featured_media":7866,"comment_status":"open","ping_status":"closed","template":"","meta":{"_et_pb_use_builder":"","_et_pb_old_content":"","_et_gb_content_width":""},"product_brand":[],"product_cat":[353],"product_tag":[391,390,355],"class_list":{"0":"post-7941","1":"product","2":"type-product","3":"status-publish","4":"has-post-thumbnail","6":"product_cat-vesla","7":"product_tag-racing","8":"product_tag-spider","9":"product_tag-veslo","10":"pa_trdota-kola-carbon-soft","11":"pa_trdota-kola-carbon-medium","12":"pa_trdota-kola-carbon-hard","13":"pa_velikost-lopate-s","14":"pa_velikost-lopate-m","15":"pa_velikost-lopate-l","17":"first","18":"instock","19":"shipping-taxable","20":"purchasable","21":"product-type-variable"},"yoast_head":"<!-- This site is optimized with the Yoast SEO plugin v27.0 - https:\/\/yoast.com\/product\/yoast-seo-wordpress\/ -->\n<title>Spider Racing | Kajaka\u0161ka Oprema<\/title>\n<meta name=\"description\" content=\"Kajaka\u0161ko slalomsko veslo - Spider Racing Spider Racing je na\u0161 najnovej\u0161i model slalomskega vesla, pri katerem smo uporabili edinstveno notranjo povr\u0161ino\" \/>\n<meta name=\"robots\" content=\"index, follow, max-snippet:-1, max-image-preview:large, max-video-preview:-1\" \/>\n<link rel=\"canonical\" href=\"https:\/\/kajakaskaoprema.si\/en\/trgovina\/vesla\/spider-racing\/\" \/>\n<meta property=\"og:locale\" content=\"en_GB\" \/>\n<meta property=\"og:type\" content=\"article\" \/>\n<meta property=\"og:title\" content=\"Spider Racing | Kajaka\u0161ka Oprema\" \/>\n<meta property=\"og:description\" content=\"Kajaka\u0161ko slalomsko veslo - Spider Racing Spider Racing je na\u0161 najnovej\u0161i model slalomskega vesla, pri katerem smo uporabili edinstveno notranjo povr\u0161ino\" \/>\n<meta property=\"og:url\" content=\"https:\/\/kajakaskaoprema.si\/en\/trgovina\/vesla\/spider-racing\/\" \/>\n<meta property=\"og:site_name\" content=\"Kajaka\u0161ka Oprema\" \/>\n<meta property=\"article:publisher\" content=\"https:\/\/www.facebook.com\/profile.php?id=100089048120006\" \/>\n<meta property=\"article:modified_time\" content=\"2022-12-19T13:10:24+00:00\" \/>\n<meta property=\"og:image\" content=\"https:\/\/kajakaskaoprema.si\/wp-content\/uploads\/2022\/11\/Spider-Racing.webp\" \/>\n\t<meta property=\"og:image:width\" content=\"1000\" \/>\n\t<meta property=\"og:image:height\" content=\"1000\" \/>\n\t<meta property=\"og:image:type\" content=\"image\/webp\" \/>\n<meta name=\"twitter:card\" content=\"summary_large_image\" \/>\n<meta name=\"twitter:title\" content=\"Spider Racing | Kajaka\u0161ka Oprema\" \/>\n<meta name=\"twitter:description\" content=\"Kajaka\u0161ko slalomsko veslo - Spider Racing Spider Racing je na\u0161 najnovej\u0161i model slalomskega vesla, pri katerem smo uporabili edinstveno notranjo povr\u0161ino\" \/>\n<meta name=\"twitter:image\" content=\"https:\/\/kajakaskaoprema.si\/wp-content\/uploads\/2022\/11\/Spider-Racing.webp\" \/>\n<meta name=\"twitter:label1\" content=\"Estimated reading time\" \/>\n\t<meta name=\"twitter:data1\" content=\"1 minute\" \/>\n<!-- \/ Yoast SEO plugin. -->","yoast_head_json":{"title":"Spider Racing | Kajaka\u0161ka Oprema","description":"Kajaka\u0161ko slalomsko veslo - Spider Racing Spider Racing je na\u0161 najnovej\u0161i model slalomskega vesla, pri katerem smo uporabili edinstveno notranjo povr\u0161ino","robots":{"index":"index","follow":"follow","max-snippet":"max-snippet:-1","max-image-preview":"max-image-preview:large","max-video-preview":"max-video-preview:-1"},"canonical":"https:\/\/kajakaskaoprema.si\/en\/trgovina\/vesla\/spider-racing\/","og_locale":"en_GB","og_type":"article","og_title":"Spider Racing | Kajaka\u0161ka Oprema","og_description":"Kajaka\u0161ko slalomsko veslo - Spider Racing Spider Racing je na\u0161 najnovej\u0161i model slalomskega vesla, pri katerem smo uporabili edinstveno notranjo povr\u0161ino","og_url":"https:\/\/kajakaskaoprema.si\/en\/trgovina\/vesla\/spider-racing\/","og_site_name":"Kajaka\u0161ka Oprema","article_publisher":"https:\/\/www.facebook.com\/profile.php?id=100089048120006","article_modified_time":"2022-12-19T13:10:24+00:00","og_image":[{"width":1000,"height":1000,"url":"https:\/\/kajakaskaoprema.si\/wp-content\/uploads\/2022\/11\/Spider-Racing.webp","type":"image\/webp"}],"twitter_card":"summary_large_image","twitter_title":"Spider Racing | Kajaka\u0161ka Oprema","twitter_description":"Kajaka\u0161ko slalomsko veslo - Spider Racing Spider Racing je na\u0161 najnovej\u0161i model slalomskega vesla, pri katerem smo uporabili edinstveno notranjo povr\u0161ino","twitter_image":"https:\/\/kajakaskaoprema.si\/wp-content\/uploads\/2022\/11\/Spider-Racing.webp","twitter_misc":{"Estimated reading time":"1 minute"},"schema":{"@context":"https:\/\/schema.org","@graph":[{"@type":["WebPage","ItemPage"],"@id":"https:\/\/kajakaskaoprema.si\/trgovina\/vesla\/spider-racing\/","url":"https:\/\/kajakaskaoprema.si\/trgovina\/vesla\/spider-racing\/","name":"Spider Racing | Kajaka\u0161ka Oprema","isPartOf":{"@id":"https:\/\/kajakaskaoprema.si\/#website"},"primaryImageOfPage":{"@id":"https:\/\/kajakaskaoprema.si\/trgovina\/vesla\/spider-racing\/#primaryimage"},"image":{"@id":"https:\/\/kajakaskaoprema.si\/trgovina\/vesla\/spider-racing\/#primaryimage"},"thumbnailUrl":"https:\/\/kajakaskaoprema.si\/wp-content\/uploads\/2022\/11\/Spider-Racing.webp","datePublished":"2022-11-26T12:59:36+00:00","dateModified":"2022-12-19T13:10:24+00:00","description":"Kajaka\u0161ko slalomsko veslo - Spider Racing Spider Racing je na\u0161 najnovej\u0161i model slalomskega vesla, pri katerem smo uporabili edinstveno notranjo povr\u0161ino","breadcrumb":{"@id":"https:\/\/kajakaskaoprema.si\/trgovina\/vesla\/spider-racing\/#breadcrumb"},"inLanguage":"en-GB","potentialAction":[{"@type":"ReadAction","target":["https:\/\/kajakaskaoprema.si\/trgovina\/vesla\/spider-racing\/"]}]},{"@type":"ImageObject","inLanguage":"en-GB","@id":"https:\/\/kajakaskaoprema.si\/trgovina\/vesla\/spider-racing\/#primaryimage","url":"https:\/\/kajakaskaoprema.si\/wp-content\/uploads\/2022\/11\/Spider-Racing.webp","contentUrl":"https:\/\/kajakaskaoprema.si\/wp-content\/uploads\/2022\/11\/Spider-Racing.webp","width":1000,"height":1000,"caption":"Spider Racing"},{"@type":"BreadcrumbList","@id":"https:\/\/kajakaskaoprema.si\/trgovina\/vesla\/spider-racing\/#breadcrumb","itemListElement":[{"@type":"ListItem","position":1,"name":"Domov","item":"https:\/\/kajakaskaoprema.si\/"},{"@type":"ListItem","position":2,"name":"Trgovina","item":"https:\/\/kajakaskaoprema.si\/trgovina\/"},{"@type":"ListItem","position":3,"name":"Vesla","item":"https:\/\/kajakaskaoprema.si\/kolekcije\/vesla\/"},{"@type":"ListItem","position":4,"name":"Spider Racing"}]},{"@type":"WebSite","@id":"https:\/\/kajakaskaoprema.si\/#website","url":"https:\/\/kajakaskaoprema.si\/","name":"Kajaka\u0161ka Oprema","description":"Spletna trgovina s kajaka\u0161ko opremo svetovno priznanih znamk. Idealno za vse ljubitelje adrenalina in vodnih \u0161portov.","publisher":{"@id":"https:\/\/kajakaskaoprema.si\/#organization"},"potentialAction":[{"@type":"SearchAction","target":{"@type":"EntryPoint","urlTemplate":"https:\/\/kajakaskaoprema.si\/?s={search_term_string}"},"query-input":{"@type":"PropertyValueSpecification","valueRequired":true,"valueName":"search_term_string"}}],"inLanguage":"en-GB"},{"@type":"Organization","@id":"https:\/\/kajakaskaoprema.si\/#organization","name":"Kajaka\u0161ka Oprema","url":"https:\/\/kajakaskaoprema.si\/","logo":{"@type":"ImageObject","inLanguage":"en-GB","@id":"https:\/\/kajakaskaoprema.si\/#\/schema\/logo\/image\/","url":"https:\/\/kajakaskaoprema.si\/wp-content\/uploads\/2022\/12\/Logo_Kajakaska-Oprema.png","contentUrl":"https:\/\/kajakaskaoprema.si\/wp-content\/uploads\/2022\/12\/Logo_Kajakaska-Oprema.png","width":250,"height":69,"caption":"Kajaka\u0161ka Oprema"},"image":{"@id":"https:\/\/kajakaskaoprema.si\/#\/schema\/logo\/image\/"},"sameAs":["https:\/\/www.facebook.com\/profile.php?id=100089048120006","https:\/\/www.instagram.com\/kajakaska_oprema\/?fbclid=IwAR2wP1CpCpqaC63UyJF_RvVrzwwz_bz6YVmg02z_LdA4tZuWdCWYKBih7zQ"]}]}},"_links":{"self":[{"href":"https:\/\/kajakaskaoprema.si\/en\/wp-json\/wp\/v2\/product\/7941","targetHints":{"allow":["GET"]}}],"collection":[{"href":"https:\/\/kajakaskaoprema.si\/en\/wp-json\/wp\/v2\/product"}],"about":[{"href":"https:\/\/kajakaskaoprema.si\/en\/wp-json\/wp\/v2\/types\/product"}],"replies":[{"embeddable":true,"href":"https:\/\/kajakaskaoprema.si\/en\/wp-json\/wp\/v2\/comments?post=7941"}],"wp:featuredmedia":[{"embeddable":true,"href":"https:\/\/kajakaskaoprema.si\/en\/wp-json\/wp\/v2\/media\/7866"}],"wp:attachment":[{"href":"https:\/\/kajakaskaoprema.si\/en\/wp-json\/wp\/v2\/media?parent=7941"}],"wp:term":[{"taxonomy":"product_brand","embeddable":true,"href":"https:\/\/kajakaskaoprema.si\/en\/wp-json\/wp\/v2\/product_brand?post=7941"},{"taxonomy":"product_cat","embeddable":true,"href":"https:\/\/kajakaskaoprema.si\/en\/wp-json\/wp\/v2\/product_cat?post=7941"},{"taxonomy":"product_tag","embeddable":true,"href":"https:\/\/kajakaskaoprema.si\/en\/wp-json\/wp\/v2\/product_tag?post=7941"}],"curies":[{"name":"wp","href":"https:\/\/api.w.org\/{rel}","templated":true}]}}