{"id":7937,"date":"2022-11-26T13:47:36","date_gmt":"2022-11-26T12:47:36","guid":{"rendered":"https:\/\/kajakaskaoprema.si\/?post_type=product&#038;p=7937"},"modified":"2023-08-16T15:24:25","modified_gmt":"2023-08-16T13:24:25","slug":"spider-x-creek","status":"publish","type":"product","link":"https:\/\/kajakaskaoprema.si\/en\/trgovina\/vesla\/spider-x-creek\/","title":{"rendered":"Spider x Creek"},"content":{"rendered":"<p><strong>Vesla za kajak na divjih vodah &#8211; Spider X Creek<\/strong><\/p>\n<p>Veslo za kajak na divjih vodah G&#8217;Power Spider je izjemno sodobno oblikovano za slalom K1. Zdaj je na voljo v tr\u0161i, oja\u010dani konstrukciji za kajaka\u0161tvo na divjih vodah, vo\u017enjo po strmih potokih in ekstremni slalom!<\/p>\n<p><strong>Serija G&#8217;Power X Creek<\/strong><\/p>\n<p>Serija X-Creek je nastala z zelo jasnim ciljem. Izdelati visoko zmogljive modele, po katerih je podjetje G&#8217;Power znano, v mo\u010dnej\u0161i konstrukciji, primerni za testna okolja na belih vodah. Serija X-Creek je G&#8217;Powerjeva ponudba vrhunskih karbonskih vesel, posebej za mo\u010dna igrala, strme potoke, velike koli\u010dine vode in tudi ekstremni slalom.<\/p>","protected":false},"excerpt":{"rendered":"<p>Vesla za kajak na divjih vodah &#8211; Spider X Creek Veslo za kajak na divjih vodah G&#8217;Power Spider je izjemno sodobno oblikovano za slalom K1. Zdaj je na voljo v tr\u0161i, oja\u010dani konstrukciji za kajaka\u0161tvo na divjih vodah, vo\u017enjo po strmih potokih in ekstremni slalom! Serija G&#8217;Power X Creek Serija X-Creek je nastala z zelo [&hellip;]<\/p>\n","protected":false},"featured_media":7861,"comment_status":"open","ping_status":"closed","template":"","meta":{"_et_pb_use_builder":"","_et_pb_old_content":"","_et_gb_content_width":""},"product_brand":[],"product_cat":[353],"product_tag":[327,390,355],"class_list":{"0":"post-7937","1":"product","2":"type-product","3":"status-publish","4":"has-post-thumbnail","6":"product_cat-vesla","7":"product_tag-creek","8":"product_tag-spider","9":"product_tag-veslo","10":"pa_trdota-kola-shaft-x-creek","11":"pa_velikost-lopate-s","12":"pa_velikost-lopate-m","13":"pa_velikost-lopate-l","15":"first","16":"instock","17":"shipping-taxable","18":"purchasable","19":"product-type-variable"},"yoast_head":"<!-- This site is optimized with the Yoast SEO plugin v27.0 - https:\/\/yoast.com\/product\/yoast-seo-wordpress\/ -->\n<title>Spider x Creek | Kajaka\u0161ka Oprema<\/title>\n<meta name=\"description\" content=\"Vesla za kajak na divjih vodah - Spider X Creek Veslo za kajak na divjih vodah G&#039;Power Spider je izjemno sodobno oblikovano za slalom K1. Zdaj je na voljo\" \/>\n<meta name=\"robots\" content=\"index, follow, max-snippet:-1, max-image-preview:large, max-video-preview:-1\" \/>\n<link rel=\"canonical\" href=\"https:\/\/kajakaskaoprema.si\/en\/trgovina\/vesla\/spider-x-creek\/\" \/>\n<meta property=\"og:locale\" content=\"en_GB\" \/>\n<meta property=\"og:type\" content=\"article\" \/>\n<meta property=\"og:title\" content=\"Spider x Creek | Kajaka\u0161ka Oprema\" \/>\n<meta property=\"og:description\" content=\"Vesla za kajak na divjih vodah - Spider X Creek Veslo za kajak na divjih vodah G&#039;Power Spider je izjemno sodobno oblikovano za slalom K1. Zdaj je na voljo\" \/>\n<meta property=\"og:url\" content=\"https:\/\/kajakaskaoprema.si\/en\/trgovina\/vesla\/spider-x-creek\/\" \/>\n<meta property=\"og:site_name\" content=\"Kajaka\u0161ka Oprema\" \/>\n<meta property=\"article:publisher\" content=\"https:\/\/www.facebook.com\/profile.php?id=100089048120006\" \/>\n<meta property=\"article:modified_time\" content=\"2023-08-16T13:24:25+00:00\" \/>\n<meta property=\"og:image\" content=\"https:\/\/kajakaskaoprema.si\/wp-content\/uploads\/2022\/11\/Spider-x-Creek.webp\" \/>\n\t<meta property=\"og:image:width\" content=\"1000\" \/>\n\t<meta property=\"og:image:height\" content=\"1000\" \/>\n\t<meta property=\"og:image:type\" content=\"image\/webp\" \/>\n<meta name=\"twitter:card\" content=\"summary_large_image\" \/>\n<meta name=\"twitter:title\" content=\"Spider x Creek | Kajaka\u0161ka Oprema\" \/>\n<meta name=\"twitter:description\" content=\"Vesla za kajak na divjih vodah - Spider X Creek Veslo za kajak na divjih vodah G&#039;Power Spider je izjemno sodobno oblikovano za slalom K1. Zdaj je na voljo\" \/>\n<meta name=\"twitter:image\" content=\"https:\/\/kajakaskaoprema.si\/wp-content\/uploads\/2022\/11\/Spider-x-Creek.webp\" \/>\n<meta name=\"twitter:label1\" content=\"Estimated reading time\" \/>\n\t<meta name=\"twitter:data1\" content=\"1 minute\" \/>\n<!-- \/ Yoast SEO plugin. -->","yoast_head_json":{"title":"Spider x Creek | Kajaka\u0161ka Oprema","description":"Vesla za kajak na divjih vodah - Spider X Creek Veslo za kajak na divjih vodah G'Power Spider je izjemno sodobno oblikovano za slalom K1. Zdaj je na voljo","robots":{"index":"index","follow":"follow","max-snippet":"max-snippet:-1","max-image-preview":"max-image-preview:large","max-video-preview":"max-video-preview:-1"},"canonical":"https:\/\/kajakaskaoprema.si\/en\/trgovina\/vesla\/spider-x-creek\/","og_locale":"en_GB","og_type":"article","og_title":"Spider x Creek | Kajaka\u0161ka Oprema","og_description":"Vesla za kajak na divjih vodah - Spider X Creek Veslo za kajak na divjih vodah G'Power Spider je izjemno sodobno oblikovano za slalom K1. Zdaj je na voljo","og_url":"https:\/\/kajakaskaoprema.si\/en\/trgovina\/vesla\/spider-x-creek\/","og_site_name":"Kajaka\u0161ka Oprema","article_publisher":"https:\/\/www.facebook.com\/profile.php?id=100089048120006","article_modified_time":"2023-08-16T13:24:25+00:00","og_image":[{"width":1000,"height":1000,"url":"https:\/\/kajakaskaoprema.si\/wp-content\/uploads\/2022\/11\/Spider-x-Creek.webp","type":"image\/webp"}],"twitter_card":"summary_large_image","twitter_title":"Spider x Creek | Kajaka\u0161ka Oprema","twitter_description":"Vesla za kajak na divjih vodah - Spider X Creek Veslo za kajak na divjih vodah G'Power Spider je izjemno sodobno oblikovano za slalom K1. Zdaj je na voljo","twitter_image":"https:\/\/kajakaskaoprema.si\/wp-content\/uploads\/2022\/11\/Spider-x-Creek.webp","twitter_misc":{"Estimated reading time":"1 minute"},"schema":{"@context":"https:\/\/schema.org","@graph":[{"@type":["WebPage","ItemPage"],"@id":"https:\/\/kajakaskaoprema.si\/trgovina\/vesla\/spider-x-creek\/","url":"https:\/\/kajakaskaoprema.si\/trgovina\/vesla\/spider-x-creek\/","name":"Spider x Creek | Kajaka\u0161ka Oprema","isPartOf":{"@id":"https:\/\/kajakaskaoprema.si\/#website"},"primaryImageOfPage":{"@id":"https:\/\/kajakaskaoprema.si\/trgovina\/vesla\/spider-x-creek\/#primaryimage"},"image":{"@id":"https:\/\/kajakaskaoprema.si\/trgovina\/vesla\/spider-x-creek\/#primaryimage"},"thumbnailUrl":"https:\/\/kajakaskaoprema.si\/wp-content\/uploads\/2022\/11\/Spider-x-Creek.webp","datePublished":"2022-11-26T12:47:36+00:00","dateModified":"2023-08-16T13:24:25+00:00","description":"Vesla za kajak na divjih vodah - Spider X Creek Veslo za kajak na divjih vodah G'Power Spider je izjemno sodobno oblikovano za slalom K1. Zdaj je na voljo","breadcrumb":{"@id":"https:\/\/kajakaskaoprema.si\/trgovina\/vesla\/spider-x-creek\/#breadcrumb"},"inLanguage":"en-GB","potentialAction":[{"@type":"ReadAction","target":["https:\/\/kajakaskaoprema.si\/trgovina\/vesla\/spider-x-creek\/"]}]},{"@type":"ImageObject","inLanguage":"en-GB","@id":"https:\/\/kajakaskaoprema.si\/trgovina\/vesla\/spider-x-creek\/#primaryimage","url":"https:\/\/kajakaskaoprema.si\/wp-content\/uploads\/2022\/11\/Spider-x-Creek.webp","contentUrl":"https:\/\/kajakaskaoprema.si\/wp-content\/uploads\/2022\/11\/Spider-x-Creek.webp","width":1000,"height":1000,"caption":"Spider x Creek"},{"@type":"BreadcrumbList","@id":"https:\/\/kajakaskaoprema.si\/trgovina\/vesla\/spider-x-creek\/#breadcrumb","itemListElement":[{"@type":"ListItem","position":1,"name":"Domov","item":"https:\/\/kajakaskaoprema.si\/"},{"@type":"ListItem","position":2,"name":"Trgovina","item":"https:\/\/kajakaskaoprema.si\/trgovina\/"},{"@type":"ListItem","position":3,"name":"Vesla","item":"https:\/\/kajakaskaoprema.si\/kolekcije\/vesla\/"},{"@type":"ListItem","position":4,"name":"Spider x Creek"}]},{"@type":"WebSite","@id":"https:\/\/kajakaskaoprema.si\/#website","url":"https:\/\/kajakaskaoprema.si\/","name":"Kajaka\u0161ka Oprema","description":"Spletna trgovina s kajaka\u0161ko opremo svetovno priznanih znamk. Idealno za vse ljubitelje adrenalina in vodnih \u0161portov.","publisher":{"@id":"https:\/\/kajakaskaoprema.si\/#organization"},"potentialAction":[{"@type":"SearchAction","target":{"@type":"EntryPoint","urlTemplate":"https:\/\/kajakaskaoprema.si\/?s={search_term_string}"},"query-input":{"@type":"PropertyValueSpecification","valueRequired":true,"valueName":"search_term_string"}}],"inLanguage":"en-GB"},{"@type":"Organization","@id":"https:\/\/kajakaskaoprema.si\/#organization","name":"Kajaka\u0161ka Oprema","url":"https:\/\/kajakaskaoprema.si\/","logo":{"@type":"ImageObject","inLanguage":"en-GB","@id":"https:\/\/kajakaskaoprema.si\/#\/schema\/logo\/image\/","url":"https:\/\/kajakaskaoprema.si\/wp-content\/uploads\/2022\/12\/Logo_Kajakaska-Oprema.png","contentUrl":"https:\/\/kajakaskaoprema.si\/wp-content\/uploads\/2022\/12\/Logo_Kajakaska-Oprema.png","width":250,"height":69,"caption":"Kajaka\u0161ka Oprema"},"image":{"@id":"https:\/\/kajakaskaoprema.si\/#\/schema\/logo\/image\/"},"sameAs":["https:\/\/www.facebook.com\/profile.php?id=100089048120006","https:\/\/www.instagram.com\/kajakaska_oprema\/?fbclid=IwAR2wP1CpCpqaC63UyJF_RvVrzwwz_bz6YVmg02z_LdA4tZuWdCWYKBih7zQ"]}]}},"_links":{"self":[{"href":"https:\/\/kajakaskaoprema.si\/en\/wp-json\/wp\/v2\/product\/7937","targetHints":{"allow":["GET"]}}],"collection":[{"href":"https:\/\/kajakaskaoprema.si\/en\/wp-json\/wp\/v2\/product"}],"about":[{"href":"https:\/\/kajakaskaoprema.si\/en\/wp-json\/wp\/v2\/types\/product"}],"replies":[{"embeddable":true,"href":"https:\/\/kajakaskaoprema.si\/en\/wp-json\/wp\/v2\/comments?post=7937"}],"wp:featuredmedia":[{"embeddable":true,"href":"https:\/\/kajakaskaoprema.si\/en\/wp-json\/wp\/v2\/media\/7861"}],"wp:attachment":[{"href":"https:\/\/kajakaskaoprema.si\/en\/wp-json\/wp\/v2\/media?parent=7937"}],"wp:term":[{"taxonomy":"product_brand","embeddable":true,"href":"https:\/\/kajakaskaoprema.si\/en\/wp-json\/wp\/v2\/product_brand?post=7937"},{"taxonomy":"product_cat","embeddable":true,"href":"https:\/\/kajakaskaoprema.si\/en\/wp-json\/wp\/v2\/product_cat?post=7937"},{"taxonomy":"product_tag","embeddable":true,"href":"https:\/\/kajakaskaoprema.si\/en\/wp-json\/wp\/v2\/product_tag?post=7937"}],"curies":[{"name":"wp","href":"https:\/\/api.w.org\/{rel}","templated":true}]}}