{"id":7484,"date":"2022-11-21T13:31:40","date_gmt":"2022-11-21T12:31:40","guid":{"rendered":"https:\/\/kajakaskaoprema.si\/?post_type=product&#038;p=7484"},"modified":"2025-11-18T08:38:14","modified_gmt":"2025-11-18T07:38:14","slug":"neo-3-0-neoprene-nogavice","status":"publish","type":"product","link":"https:\/\/kajakaskaoprema.si\/en\/trgovina\/neoprenski-cevlji\/neo-3-0-neoprene-nogavice\/","title":{"rendered":"Neoprene socks HIKO Neo 3.0"},"content":{"rendered":"<h1 data-start=\"424\" data-end=\"729\"><strong data-start=\"424\" data-end=\"593\">Neoprene socks HIKO Neo 3.0 <\/strong><\/h1>\n<p data-start=\"424\" data-end=\"729\"><strong data-start=\"424\" data-end=\"593\">so tople neoprenske nogavice, izdelane iz 3 mm e.prene materiala, ki zagotavlja izvrstno toplotno izolacijo in udobje pri vseh aktivnostih v in ob vodi.<\/strong> Zaradi svojega oprijetega kroja so odli\u010dna izbira tudi za \u0161portne dejavnosti na prostem, kot je odbojka na mivki v hladnej\u0161ih razmerah.<\/p>\n<p data-start=\"731\" data-end=\"953\">Za bolj\u0161o odpornost proti obrabi je na spodnjem delu uporabljen <strong data-start=\"795\" data-end=\"807\">Supratex<\/strong>, ki pove\u010da trpe\u017enost in podalj\u0161a \u017eivljenjsko dobo nogavic.<br data-start=\"866\" data-end=\"869\" \/>Neoprenske nogavice lahko nosi\u0161 samostojno ali kot dodatno toplotno plast v \u010devljih.<\/p>\n<h2 data-start=\"955\" data-end=\"980\"><strong data-start=\"959\" data-end=\"980\">Glavne prednosti nogavic HIKO Neo 3.0<\/strong><\/h2>\n<ul data-start=\"981\" data-end=\"1301\">\n<li data-start=\"981\" data-end=\"1045\">\n<p data-start=\"983\" data-end=\"1045\"><strong data-start=\"983\" data-end=\"1013\">Topel 3 mm e.prene neopren<\/strong> za izjemno toplotno izolacijo<\/p>\n<\/li>\n<li data-start=\"1046\" data-end=\"1109\">\n<p data-start=\"1048\" data-end=\"1109\"><strong data-start=\"1048\" data-end=\"1075\">Odli\u010dno za vodne \u0161porte<\/strong> in aktivnosti v hladnih okoljih<\/p>\n<\/li>\n<li data-start=\"1110\" data-end=\"1177\">\n<p data-start=\"1112\" data-end=\"1177\"><strong data-start=\"1112\" data-end=\"1133\">Snug slim fit<\/strong>, idealen za \u0161portne aktivnosti na prostem<\/p>\n<\/li>\n<li data-start=\"1178\" data-end=\"1236\">\n<p data-start=\"1180\" data-end=\"1236\"><strong data-start=\"1180\" data-end=\"1204\">Supratex spodnji del<\/strong> za ve\u010djo trpe\u017enost in za\u0161\u010dito<\/p>\n<\/li>\n<li data-start=\"1237\" data-end=\"1301\">\n<p data-start=\"1239\" data-end=\"1301\"><strong data-start=\"1239\" data-end=\"1301\">Lahko se uporabljajo samostojno ali kot nogavice v \u010devljih<\/strong><\/p>\n<\/li>\n<\/ul>\n<p data-start=\"1303\" data-end=\"1453\">Nogavice HIKO Neo 3.0 so vsestranske, odporne in udobne neoprenske nogavice, primerne za vse, ki \u017eelijo ohraniti toploto in za\u0161\u010dito stopal v zahtevnih pogojih.<\/p>\n<p data-start=\"1303\" data-end=\"1453\">Preverite na\u0161o ponudbo obutve za v vodo in vodne \u0161porte <strong>TUKAJ <a href=\"https:\/\/kajakaskaoprema.si\/en\/kolekcije\/cevlji\/\">https:\/\/kajakaskaoprema.si\/en\/kolekcije\/neoprenski-cevlji\/<\/a><\/strong><\/p>","protected":false},"excerpt":{"rendered":"<p>Tople in trpe\u017ene neoprenske nogavice iz 3 mm e.prene materiala. Odli\u010dna toplotna izolacija, Supratex oja\u010ditev na podplatu in slim prileganje za \u0161portne aktivnosti v hladnem okolju. Primerne za vse vodne \u0161porte ter no\u0161enje samostojno ali v \u010devljih.<\/p>","protected":false},"featured_media":7435,"comment_status":"open","ping_status":"closed","template":"","meta":{"_et_pb_use_builder":"","_et_pb_old_content":"","_et_gb_content_width":""},"product_brand":[],"product_cat":[195],"product_tag":[299,298,86,352],"class_list":{"0":"post-7484","1":"product","2":"type-product","3":"status-publish","4":"has-post-thumbnail","6":"product_cat-neoprenski-cevlji","7":"product_tag-3-0","8":"product_tag-neo","9":"product_tag-neoprene","10":"product_tag-nogavice","11":"pa_barva-crna","12":"pa_velikost-noge-405","13":"pa_velikost-noge-406","14":"pa_velikost-noge-407","15":"pa_velikost-noge-408","16":"pa_velikost-noge-409","17":"pa_velikost-noge-410","18":"pa_velikost-noge-411","19":"pa_velikost-noge-412","20":"pa_velikost-noge-413","21":"pa_velikost-noge-414","23":"first","24":"instock","25":"shipping-taxable","26":"purchasable","27":"product-type-variable","28":"has-default-attributes"},"yoast_head":"<!-- This site is optimized with the Yoast SEO plugin v27.0 - https:\/\/yoast.com\/product\/yoast-seo-wordpress\/ -->\n<title>Neoprenske nogavice HIKO Neo 3.0 | Kajaka\u0161ka Oprema<\/title>\n<meta name=\"description\" content=\"Tople neoprenske nogavice HIKO iz 3 mm e.prene materiala za odli\u010dno toplotno izolacijo. Idealne za vse vodne aktivnosti in hladna okolja.\" \/>\n<meta name=\"robots\" content=\"index, follow, max-snippet:-1, max-image-preview:large, max-video-preview:-1\" \/>\n<link rel=\"canonical\" href=\"https:\/\/kajakaskaoprema.si\/en\/trgovina\/neoprenski-cevlji\/neo-3-0-neoprene-nogavice\/\" \/>\n<meta property=\"og:locale\" content=\"en_GB\" \/>\n<meta property=\"og:type\" content=\"article\" \/>\n<meta property=\"og:title\" content=\"Neoprenske nogavice HIKO Neo 3.0 | Kajaka\u0161ka Oprema\" \/>\n<meta property=\"og:description\" content=\"Tople in trpe\u017ene neoprenske nogavice iz 3 mm e.prene materiala. Odli\u010dna toplotna izolacija, Supratex oja\u010ditev na podplatu in slim prileganje za \u0161portne aktivnosti v hladnem okolju. Primerne za vse vodne \u0161porte ter no\u0161enje samostojno ali v \u010devljih.\" \/>\n<meta property=\"og:url\" content=\"https:\/\/kajakaskaoprema.si\/en\/trgovina\/neoprenski-cevlji\/neo-3-0-neoprene-nogavice\/\" \/>\n<meta property=\"og:site_name\" content=\"Kajaka\u0161ka Oprema\" \/>\n<meta property=\"article:publisher\" content=\"https:\/\/www.facebook.com\/profile.php?id=100089048120006\" \/>\n<meta property=\"article:modified_time\" content=\"2025-11-18T07:38:14+00:00\" \/>\n<meta property=\"og:image\" content=\"https:\/\/kajakaskaoprema.si\/wp-content\/uploads\/2022\/11\/Neo-3.0-Neoprene-nogavice.webp\" \/>\n\t<meta property=\"og:image:width\" content=\"1000\" \/>\n\t<meta property=\"og:image:height\" content=\"1000\" \/>\n\t<meta property=\"og:image:type\" content=\"image\/webp\" \/>\n<meta name=\"twitter:card\" content=\"summary_large_image\" \/>\n<meta name=\"twitter:title\" content=\"Neoprenske nogavice HIKO Neo 3.0 | Kajaka\u0161ka Oprema\" \/>\n<meta name=\"twitter:description\" content=\"Tople in trpe\u017ene neoprenske nogavice iz 3 mm e.prene materiala. Odli\u010dna toplotna izolacija, Supratex oja\u010ditev na podplatu in slim prileganje za \u0161portne aktivnosti v hladnem okolju. Primerne za vse vodne \u0161porte ter no\u0161enje samostojno ali v \u010devljih.\" \/>\n<meta name=\"twitter:image\" content=\"https:\/\/kajakaskaoprema.si\/wp-content\/uploads\/2022\/11\/Neo-3.0-Neoprene-nogavice.webp\" \/>\n<meta name=\"twitter:label1\" content=\"Estimated reading time\" \/>\n\t<meta name=\"twitter:data1\" content=\"1 minute\" \/>\n<!-- \/ Yoast SEO plugin. -->","yoast_head_json":{"title":"Neoprenske nogavice HIKO Neo 3.0 | Kajaka\u0161ka Oprema","description":"Tople neoprenske nogavice HIKO iz 3 mm e.prene materiala za odli\u010dno toplotno izolacijo. Idealne za vse vodne aktivnosti in hladna okolja.","robots":{"index":"index","follow":"follow","max-snippet":"max-snippet:-1","max-image-preview":"max-image-preview:large","max-video-preview":"max-video-preview:-1"},"canonical":"https:\/\/kajakaskaoprema.si\/en\/trgovina\/neoprenski-cevlji\/neo-3-0-neoprene-nogavice\/","og_locale":"en_GB","og_type":"article","og_title":"Neoprenske nogavice HIKO Neo 3.0 | Kajaka\u0161ka Oprema","og_description":"Tople in trpe\u017ene neoprenske nogavice iz 3 mm e.prene materiala. Odli\u010dna toplotna izolacija, Supratex oja\u010ditev na podplatu in slim prileganje za \u0161portne aktivnosti v hladnem okolju. Primerne za vse vodne \u0161porte ter no\u0161enje samostojno ali v \u010devljih.","og_url":"https:\/\/kajakaskaoprema.si\/en\/trgovina\/neoprenski-cevlji\/neo-3-0-neoprene-nogavice\/","og_site_name":"Kajaka\u0161ka Oprema","article_publisher":"https:\/\/www.facebook.com\/profile.php?id=100089048120006","article_modified_time":"2025-11-18T07:38:14+00:00","og_image":[{"width":1000,"height":1000,"url":"https:\/\/kajakaskaoprema.si\/wp-content\/uploads\/2022\/11\/Neo-3.0-Neoprene-nogavice.webp","type":"image\/webp"}],"twitter_card":"summary_large_image","twitter_title":"Neoprenske nogavice HIKO Neo 3.0 | Kajaka\u0161ka Oprema","twitter_description":"Tople in trpe\u017ene neoprenske nogavice iz 3 mm e.prene materiala. Odli\u010dna toplotna izolacija, Supratex oja\u010ditev na podplatu in slim prileganje za \u0161portne aktivnosti v hladnem okolju. Primerne za vse vodne \u0161porte ter no\u0161enje samostojno ali v \u010devljih.","twitter_image":"https:\/\/kajakaskaoprema.si\/wp-content\/uploads\/2022\/11\/Neo-3.0-Neoprene-nogavice.webp","twitter_misc":{"Estimated reading time":"1 minute"},"schema":{"@context":"https:\/\/schema.org","@graph":[{"@type":["WebPage","ItemPage"],"@id":"https:\/\/kajakaskaoprema.si\/trgovina\/neoprenski-cevlji\/neo-3-0-neoprene-nogavice\/","url":"https:\/\/kajakaskaoprema.si\/trgovina\/neoprenski-cevlji\/neo-3-0-neoprene-nogavice\/","name":"Neoprenske nogavice HIKO Neo 3.0 | Kajaka\u0161ka Oprema","isPartOf":{"@id":"https:\/\/kajakaskaoprema.si\/#website"},"primaryImageOfPage":{"@id":"https:\/\/kajakaskaoprema.si\/trgovina\/neoprenski-cevlji\/neo-3-0-neoprene-nogavice\/#primaryimage"},"image":{"@id":"https:\/\/kajakaskaoprema.si\/trgovina\/neoprenski-cevlji\/neo-3-0-neoprene-nogavice\/#primaryimage"},"thumbnailUrl":"https:\/\/kajakaskaoprema.si\/wp-content\/uploads\/2022\/11\/Neo-3.0-Neoprene-nogavice.webp","datePublished":"2022-11-21T12:31:40+00:00","dateModified":"2025-11-18T07:38:14+00:00","description":"Tople neoprenske nogavice HIKO iz 3 mm e.prene materiala za odli\u010dno toplotno izolacijo. Idealne za vse vodne aktivnosti in hladna okolja.","breadcrumb":{"@id":"https:\/\/kajakaskaoprema.si\/trgovina\/neoprenski-cevlji\/neo-3-0-neoprene-nogavice\/#breadcrumb"},"inLanguage":"en-GB","potentialAction":[{"@type":"ReadAction","target":["https:\/\/kajakaskaoprema.si\/trgovina\/neoprenski-cevlji\/neo-3-0-neoprene-nogavice\/"]}]},{"@type":"ImageObject","inLanguage":"en-GB","@id":"https:\/\/kajakaskaoprema.si\/trgovina\/neoprenski-cevlji\/neo-3-0-neoprene-nogavice\/#primaryimage","url":"https:\/\/kajakaskaoprema.si\/wp-content\/uploads\/2022\/11\/Neo-3.0-Neoprene-nogavice.webp","contentUrl":"https:\/\/kajakaskaoprema.si\/wp-content\/uploads\/2022\/11\/Neo-3.0-Neoprene-nogavice.webp","width":1000,"height":1000,"caption":"Neoprene sock HIKO NEO 3.0 for whitewater kayaking and water activities"},{"@type":"BreadcrumbList","@id":"https:\/\/kajakaskaoprema.si\/trgovina\/neoprenski-cevlji\/neo-3-0-neoprene-nogavice\/#breadcrumb","itemListElement":[{"@type":"ListItem","position":1,"name":"Domov","item":"https:\/\/kajakaskaoprema.si\/"},{"@type":"ListItem","position":2,"name":"Trgovina","item":"https:\/\/kajakaskaoprema.si\/trgovina\/"},{"@type":"ListItem","position":3,"name":"Neoprenski \u010devlji","item":"https:\/\/kajakaskaoprema.si\/kolekcije\/neoprenski-cevlji\/"},{"@type":"ListItem","position":4,"name":"Neoprenske nogavice HIKO Neo 3.0"}]},{"@type":"WebSite","@id":"https:\/\/kajakaskaoprema.si\/#website","url":"https:\/\/kajakaskaoprema.si\/","name":"Kajaka\u0161ka Oprema","description":"Spletna trgovina s kajaka\u0161ko opremo svetovno priznanih znamk. Idealno za vse ljubitelje adrenalina in vodnih \u0161portov.","publisher":{"@id":"https:\/\/kajakaskaoprema.si\/#organization"},"potentialAction":[{"@type":"SearchAction","target":{"@type":"EntryPoint","urlTemplate":"https:\/\/kajakaskaoprema.si\/?s={search_term_string}"},"query-input":{"@type":"PropertyValueSpecification","valueRequired":true,"valueName":"search_term_string"}}],"inLanguage":"en-GB"},{"@type":"Organization","@id":"https:\/\/kajakaskaoprema.si\/#organization","name":"Kajaka\u0161ka Oprema","url":"https:\/\/kajakaskaoprema.si\/","logo":{"@type":"ImageObject","inLanguage":"en-GB","@id":"https:\/\/kajakaskaoprema.si\/#\/schema\/logo\/image\/","url":"https:\/\/kajakaskaoprema.si\/wp-content\/uploads\/2022\/12\/Logo_Kajakaska-Oprema.png","contentUrl":"https:\/\/kajakaskaoprema.si\/wp-content\/uploads\/2022\/12\/Logo_Kajakaska-Oprema.png","width":250,"height":69,"caption":"Kajaka\u0161ka Oprema"},"image":{"@id":"https:\/\/kajakaskaoprema.si\/#\/schema\/logo\/image\/"},"sameAs":["https:\/\/www.facebook.com\/profile.php?id=100089048120006","https:\/\/www.instagram.com\/kajakaska_oprema\/?fbclid=IwAR2wP1CpCpqaC63UyJF_RvVrzwwz_bz6YVmg02z_LdA4tZuWdCWYKBih7zQ"]}]}},"_links":{"self":[{"href":"https:\/\/kajakaskaoprema.si\/en\/wp-json\/wp\/v2\/product\/7484","targetHints":{"allow":["GET"]}}],"collection":[{"href":"https:\/\/kajakaskaoprema.si\/en\/wp-json\/wp\/v2\/product"}],"about":[{"href":"https:\/\/kajakaskaoprema.si\/en\/wp-json\/wp\/v2\/types\/product"}],"replies":[{"embeddable":true,"href":"https:\/\/kajakaskaoprema.si\/en\/wp-json\/wp\/v2\/comments?post=7484"}],"wp:featuredmedia":[{"embeddable":true,"href":"https:\/\/kajakaskaoprema.si\/en\/wp-json\/wp\/v2\/media\/7435"}],"wp:attachment":[{"href":"https:\/\/kajakaskaoprema.si\/en\/wp-json\/wp\/v2\/media?parent=7484"}],"wp:term":[{"taxonomy":"product_brand","embeddable":true,"href":"https:\/\/kajakaskaoprema.si\/en\/wp-json\/wp\/v2\/product_brand?post=7484"},{"taxonomy":"product_cat","embeddable":true,"href":"https:\/\/kajakaskaoprema.si\/en\/wp-json\/wp\/v2\/product_cat?post=7484"},{"taxonomy":"product_tag","embeddable":true,"href":"https:\/\/kajakaskaoprema.si\/en\/wp-json\/wp\/v2\/product_tag?post=7484"}],"curies":[{"name":"wp","href":"https:\/\/api.w.org\/{rel}","templated":true}]}}