{"id":7482,"date":"2022-11-21T13:24:06","date_gmt":"2022-11-21T12:24:06","guid":{"rendered":"https:\/\/kajakaskaoprema.si\/?post_type=product&#038;p=7482"},"modified":"2025-11-30T09:57:00","modified_gmt":"2025-11-30T08:57:00","slug":"neoprenski-cevlji-hiko-surfer","status":"publish","type":"product","link":"https:\/\/kajakaskaoprema.si\/en\/trgovina\/neoprenski-cevlji\/neoprenski-cevlji-hiko-surfer\/","title":{"rendered":"Neoprene shoes HIKO Surfer"},"content":{"rendered":"<h1 data-start=\"984\" data-end=\"1019\"><strong data-start=\"986\" data-end=\"1019\">Neoprene shoes HIKO Surfer<\/strong><\/h1>\n<p data-start=\"1021\" data-end=\"1388\">Neoprene shoes <strong data-start=\"1039\" data-end=\"1054\">HIKO Surfer<\/strong> so brez\u010dasna klasika in eden najbolj priljubljenih modelov med ljubitelji vodnih \u0161portov. Izdelani so iz <strong data-start=\"1160\" data-end=\"1177\">3 mm neoprena<\/strong>, ki zagotavlja toploto in udobje skozi celo leto, hkrati pa nudijo odli\u010dno za\u0161\u010dito in stabilnost na mokrih povr\u0161inah. Zaradi vzdr\u017eljive zasnove so primerni tako za rekreativce kot tudi za zahtevnej\u0161e \u0161portnike.<\/p>\n<h2 data-start=\"1390\" data-end=\"1427\"><strong data-start=\"1393\" data-end=\"1427\">Klju\u010dne prednosti in lastnosti<\/strong><\/h2>\n<ul data-start=\"1428\" data-end=\"2053\">\n<li data-start=\"1428\" data-end=\"1506\">\n<p data-start=\"1430\" data-end=\"1506\">Visoki neopren \u010devlji, ki u\u010dinkovito ohranjajo toploto in \u0161\u010ditijo stopala.<\/p>\n<\/li>\n<li data-start=\"1507\" data-end=\"1574\">\n<p data-start=\"1509\" data-end=\"1574\">Robustni podplati, odporni proti obrabi, za ve\u010djo vzdr\u017eljivost.<\/p>\n<\/li>\n<li data-start=\"1575\" data-end=\"1649\">\n<p data-start=\"1577\" data-end=\"1649\">Mehka in gladka konstrukcija omogo\u010da naravno gibanje in fleksibilnost.<\/p>\n<\/li>\n<li data-start=\"1650\" data-end=\"1734\">\n<p data-start=\"1652\" data-end=\"1734\">Gumijaste oja\u010ditve na peti in prstih pove\u010dajo za\u0161\u010dito pred udarci in drgnjenjem.<\/p>\n<\/li>\n<li data-start=\"1735\" data-end=\"1800\">\n<p data-start=\"1737\" data-end=\"1800\"><strong data-start=\"1737\" data-end=\"1753\">3 mm neopren<\/strong> nad gle\u017enjem za optimalno za\u0161\u010dito in udobje.<\/p>\n<\/li>\n<li data-start=\"1801\" data-end=\"1891\">\n<p data-start=\"1803\" data-end=\"1891\">Velcro trak omogo\u010da natan\u010dno nastavitev in varno prileganje tudi v zahtevnih razmerah.<\/p>\n<\/li>\n<li data-start=\"1892\" data-end=\"2053\">\n<p data-start=\"1894\" data-end=\"2053\">Odli\u010dno delujejo pri razli\u010dnih vodnih \u0161portih:<br data-start=\"1940\" data-end=\"1943\" \/><strong data-start=\"1945\" data-end=\"2053\">kajtanje, wakeboarding, SUP, kanu, slalom, spust po divjih vodah, rekreativni kajak in ribolov s kajaka.<\/strong><\/p>\n<\/li>\n<\/ul>\n<h2 data-start=\"2060\" data-end=\"2087\"><strong data-start=\"2063\" data-end=\"2087\">Za koga so primerni?<\/strong><\/h2>\n<p data-start=\"2088\" data-end=\"2143\">Neoprene shoes <strong data-start=\"2106\" data-end=\"2121\">HIKO Surfer<\/strong> so odli\u010dna izbira za:<\/p>\n<ul data-start=\"2144\" data-end=\"2451\">\n<li data-start=\"2144\" data-end=\"2199\">\n<p data-start=\"2146\" data-end=\"2199\">za\u010detnike, ki potrebujejo zanesljiv in topel \u010develj<\/p>\n<\/li>\n<li data-start=\"2200\" data-end=\"2236\">\n<p data-start=\"2202\" data-end=\"2236\">izku\u0161ene kajaka\u0161e in SUP vesla\u010de<\/p>\n<\/li>\n<li data-start=\"2237\" data-end=\"2291\">\n<p data-start=\"2239\" data-end=\"2291\">\u0161portnike, ki trenirajo tudi v hladnej\u0161ih razmerah<\/p>\n<\/li>\n<li data-start=\"2292\" data-end=\"2360\">\n<p data-start=\"2294\" data-end=\"2360\">dru\u017eine in rekreativce, ki \u017eelijo udobno in varno obutev za vodo<\/p>\n<\/li>\n<li data-start=\"2361\" data-end=\"2451\">\n<p data-start=\"2363\" data-end=\"2451\">vsakogar, ki potrebuje vzdr\u017eljive \u010devlje za skale, re\u010dne bregove, plitvine ali supanje<\/p>\n<\/li>\n<\/ul>\n<h2 data-start=\"2458\" data-end=\"2493\">\ud83d\udd17 <strong data-start=\"2464\" data-end=\"2493\">Internal link (kot \u017eeli\u0161)<\/strong><\/h2>\n<p data-start=\"2494\" data-end=\"2607\"><strong data-start=\"2494\" data-end=\"2560\">Preverite na\u0161o ponudbo obutve za v vodo in vodne \u0161porte TUKAJ:<\/strong><br data-start=\"2560\" data-end=\"2563\" \/><a class=\"decorated-link\" href=\"https:\/\/kajakaskaoprema.si\/en\/kolekcije\/cevlji\/\" target=\"_new\" rel=\"noopener\" data-start=\"2563\" data-end=\"2607\">https:\/\/kajakaskaoprema.si\/en\/kolekcije\/neoprenski-cevlji\/<\/a><\/p>","protected":false},"excerpt":{"rendered":"<p>Klasi\u010dni neoprenski \u010devlji HIKO Surfer iz 3 mm neoprena zagotavljajo toploto, za\u0161\u010dito in zanesljiv oprijem pri vseh vodnih \u0161portih. Primerni za celoletno uporabo, z oja\u010ditvami na peti in prstih ter nastavljivim trakom za popolno prileganje.<\/p>","protected":false},"featured_media":7422,"comment_status":"open","ping_status":"closed","template":"","meta":{"_et_pb_use_builder":"","_et_pb_old_content":"","_et_gb_content_width":""},"product_brand":[],"product_cat":[195],"product_tag":[348,351],"class_list":{"0":"post-7482","1":"product","2":"type-product","3":"status-publish","4":"has-post-thumbnail","6":"product_cat-neoprenski-cevlji","7":"product_tag-cevlji","8":"product_tag-surfer","9":"pa_barva-crna","10":"pa_velikost-noge-405","11":"pa_velikost-noge-406","12":"pa_velikost-noge-407","13":"pa_velikost-noge-408","14":"pa_velikost-noge-409","15":"pa_velikost-noge-410","16":"pa_velikost-noge-411","17":"pa_velikost-noge-412","18":"pa_velikost-noge-413","19":"pa_velikost-noge-414","21":"first","22":"instock","23":"shipping-taxable","24":"purchasable","25":"product-type-variable","26":"has-default-attributes"},"yoast_head":"<!-- This site is optimized with the Yoast SEO plugin v27.0 - https:\/\/yoast.com\/product\/yoast-seo-wordpress\/ -->\n<title>Neoprenski \u010devlji HIKO Surfer | Kajaka\u0161ka Oprema<\/title>\n<meta name=\"description\" content=\"Neoprenski \u010devlji HIKO Surfer \u2013 klasi\u010dni 3 mm neopren \u010devlji za vse vodne \u0161porte, ki nudijo toploto, za\u0161\u010dito in odli\u010den oprijem skozi celo leto.\" \/>\n<meta name=\"robots\" content=\"index, follow, max-snippet:-1, max-image-preview:large, max-video-preview:-1\" \/>\n<link rel=\"canonical\" href=\"https:\/\/kajakaskaoprema.si\/en\/trgovina\/neoprenski-cevlji\/neoprenski-cevlji-hiko-surfer\/\" \/>\n<meta property=\"og:locale\" content=\"en_GB\" \/>\n<meta property=\"og:type\" content=\"article\" \/>\n<meta property=\"og:title\" content=\"Neoprenski \u010devlji HIKO Surfer | Kajaka\u0161ka Oprema\" \/>\n<meta property=\"og:description\" content=\"Klasi\u010dni neoprenski \u010devlji HIKO Surfer iz 3 mm neoprena zagotavljajo toploto, za\u0161\u010dito in zanesljiv oprijem pri vseh vodnih \u0161portih. Primerni za celoletno uporabo, z oja\u010ditvami na peti in prstih ter nastavljivim trakom za popolno prileganje.\" \/>\n<meta property=\"og:url\" content=\"https:\/\/kajakaskaoprema.si\/en\/trgovina\/neoprenski-cevlji\/neoprenski-cevlji-hiko-surfer\/\" \/>\n<meta property=\"og:site_name\" content=\"Kajaka\u0161ka Oprema\" \/>\n<meta property=\"article:publisher\" content=\"https:\/\/www.facebook.com\/profile.php?id=100089048120006\" \/>\n<meta property=\"article:modified_time\" content=\"2025-11-30T08:57:00+00:00\" \/>\n<meta property=\"og:image\" content=\"https:\/\/kajakaskaoprema.si\/wp-content\/uploads\/2022\/11\/Surfer.webp\" \/>\n\t<meta property=\"og:image:width\" content=\"1000\" \/>\n\t<meta property=\"og:image:height\" content=\"1000\" \/>\n\t<meta property=\"og:image:type\" content=\"image\/webp\" \/>\n<meta name=\"twitter:card\" content=\"summary_large_image\" \/>\n<meta name=\"twitter:title\" content=\"Neoprenski \u010devlji HIKO Surfer | Kajaka\u0161ka Oprema\" \/>\n<meta name=\"twitter:description\" content=\"Klasi\u010dni neoprenski \u010devlji HIKO Surfer iz 3 mm neoprena zagotavljajo toploto, za\u0161\u010dito in zanesljiv oprijem pri vseh vodnih \u0161portih. Primerni za celoletno uporabo, z oja\u010ditvami na peti in prstih ter nastavljivim trakom za popolno prileganje.\" \/>\n<meta name=\"twitter:image\" content=\"https:\/\/kajakaskaoprema.si\/wp-content\/uploads\/2022\/11\/Surfer.webp\" \/>\n<meta name=\"twitter:label1\" content=\"Estimated reading time\" \/>\n\t<meta name=\"twitter:data1\" content=\"2 minutes\" \/>\n<!-- \/ Yoast SEO plugin. -->","yoast_head_json":{"title":"Neoprenski \u010devlji HIKO Surfer | Kajaka\u0161ka Oprema","description":"Neoprenski \u010devlji HIKO Surfer \u2013 klasi\u010dni 3 mm neopren \u010devlji za vse vodne \u0161porte, ki nudijo toploto, za\u0161\u010dito in odli\u010den oprijem skozi celo leto.","robots":{"index":"index","follow":"follow","max-snippet":"max-snippet:-1","max-image-preview":"max-image-preview:large","max-video-preview":"max-video-preview:-1"},"canonical":"https:\/\/kajakaskaoprema.si\/en\/trgovina\/neoprenski-cevlji\/neoprenski-cevlji-hiko-surfer\/","og_locale":"en_GB","og_type":"article","og_title":"Neoprenski \u010devlji HIKO Surfer | Kajaka\u0161ka Oprema","og_description":"Klasi\u010dni neoprenski \u010devlji HIKO Surfer iz 3 mm neoprena zagotavljajo toploto, za\u0161\u010dito in zanesljiv oprijem pri vseh vodnih \u0161portih. Primerni za celoletno uporabo, z oja\u010ditvami na peti in prstih ter nastavljivim trakom za popolno prileganje.","og_url":"https:\/\/kajakaskaoprema.si\/en\/trgovina\/neoprenski-cevlji\/neoprenski-cevlji-hiko-surfer\/","og_site_name":"Kajaka\u0161ka Oprema","article_publisher":"https:\/\/www.facebook.com\/profile.php?id=100089048120006","article_modified_time":"2025-11-30T08:57:00+00:00","og_image":[{"width":1000,"height":1000,"url":"https:\/\/kajakaskaoprema.si\/wp-content\/uploads\/2022\/11\/Surfer.webp","type":"image\/webp"}],"twitter_card":"summary_large_image","twitter_title":"Neoprenski \u010devlji HIKO Surfer | Kajaka\u0161ka Oprema","twitter_description":"Klasi\u010dni neoprenski \u010devlji HIKO Surfer iz 3 mm neoprena zagotavljajo toploto, za\u0161\u010dito in zanesljiv oprijem pri vseh vodnih \u0161portih. Primerni za celoletno uporabo, z oja\u010ditvami na peti in prstih ter nastavljivim trakom za popolno prileganje.","twitter_image":"https:\/\/kajakaskaoprema.si\/wp-content\/uploads\/2022\/11\/Surfer.webp","twitter_misc":{"Estimated reading time":"2 minutes"},"schema":{"@context":"https:\/\/schema.org","@graph":[{"@type":["WebPage","ItemPage"],"@id":"https:\/\/kajakaskaoprema.si\/trgovina\/neoprenski-cevlji\/neoprenski-cevlji-hiko-surfer\/","url":"https:\/\/kajakaskaoprema.si\/trgovina\/neoprenski-cevlji\/neoprenski-cevlji-hiko-surfer\/","name":"Neoprenski \u010devlji HIKO Surfer | Kajaka\u0161ka Oprema","isPartOf":{"@id":"https:\/\/kajakaskaoprema.si\/#website"},"primaryImageOfPage":{"@id":"https:\/\/kajakaskaoprema.si\/trgovina\/neoprenski-cevlji\/neoprenski-cevlji-hiko-surfer\/#primaryimage"},"image":{"@id":"https:\/\/kajakaskaoprema.si\/trgovina\/neoprenski-cevlji\/neoprenski-cevlji-hiko-surfer\/#primaryimage"},"thumbnailUrl":"https:\/\/kajakaskaoprema.si\/wp-content\/uploads\/2022\/11\/Surfer.webp","datePublished":"2022-11-21T12:24:06+00:00","dateModified":"2025-11-30T08:57:00+00:00","description":"Neoprenski \u010devlji HIKO Surfer \u2013 klasi\u010dni 3 mm neopren \u010devlji za vse vodne \u0161porte, ki nudijo toploto, za\u0161\u010dito in odli\u010den oprijem skozi celo leto.","breadcrumb":{"@id":"https:\/\/kajakaskaoprema.si\/trgovina\/neoprenski-cevlji\/neoprenski-cevlji-hiko-surfer\/#breadcrumb"},"inLanguage":"en-GB","potentialAction":[{"@type":"ReadAction","target":["https:\/\/kajakaskaoprema.si\/trgovina\/neoprenski-cevlji\/neoprenski-cevlji-hiko-surfer\/"]}]},{"@type":"ImageObject","inLanguage":"en-GB","@id":"https:\/\/kajakaskaoprema.si\/trgovina\/neoprenski-cevlji\/neoprenski-cevlji-hiko-surfer\/#primaryimage","url":"https:\/\/kajakaskaoprema.si\/wp-content\/uploads\/2022\/11\/Surfer.webp","contentUrl":"https:\/\/kajakaskaoprema.si\/wp-content\/uploads\/2022\/11\/Surfer.webp","width":1000,"height":1000,"caption":"Neoprene shoes HIKO Surfer for water sports"},{"@type":"BreadcrumbList","@id":"https:\/\/kajakaskaoprema.si\/trgovina\/neoprenski-cevlji\/neoprenski-cevlji-hiko-surfer\/#breadcrumb","itemListElement":[{"@type":"ListItem","position":1,"name":"Domov","item":"https:\/\/kajakaskaoprema.si\/"},{"@type":"ListItem","position":2,"name":"Trgovina","item":"https:\/\/kajakaskaoprema.si\/trgovina\/"},{"@type":"ListItem","position":3,"name":"Neoprenski \u010devlji","item":"https:\/\/kajakaskaoprema.si\/kolekcije\/neoprenski-cevlji\/"},{"@type":"ListItem","position":4,"name":"Neoprenski \u010devlji HIKO Surfer"}]},{"@type":"WebSite","@id":"https:\/\/kajakaskaoprema.si\/#website","url":"https:\/\/kajakaskaoprema.si\/","name":"Kajaka\u0161ka Oprema","description":"Spletna trgovina s kajaka\u0161ko opremo svetovno priznanih znamk. Idealno za vse ljubitelje adrenalina in vodnih \u0161portov.","publisher":{"@id":"https:\/\/kajakaskaoprema.si\/#organization"},"potentialAction":[{"@type":"SearchAction","target":{"@type":"EntryPoint","urlTemplate":"https:\/\/kajakaskaoprema.si\/?s={search_term_string}"},"query-input":{"@type":"PropertyValueSpecification","valueRequired":true,"valueName":"search_term_string"}}],"inLanguage":"en-GB"},{"@type":"Organization","@id":"https:\/\/kajakaskaoprema.si\/#organization","name":"Kajaka\u0161ka Oprema","url":"https:\/\/kajakaskaoprema.si\/","logo":{"@type":"ImageObject","inLanguage":"en-GB","@id":"https:\/\/kajakaskaoprema.si\/#\/schema\/logo\/image\/","url":"https:\/\/kajakaskaoprema.si\/wp-content\/uploads\/2022\/12\/Logo_Kajakaska-Oprema.png","contentUrl":"https:\/\/kajakaskaoprema.si\/wp-content\/uploads\/2022\/12\/Logo_Kajakaska-Oprema.png","width":250,"height":69,"caption":"Kajaka\u0161ka Oprema"},"image":{"@id":"https:\/\/kajakaskaoprema.si\/#\/schema\/logo\/image\/"},"sameAs":["https:\/\/www.facebook.com\/profile.php?id=100089048120006","https:\/\/www.instagram.com\/kajakaska_oprema\/?fbclid=IwAR2wP1CpCpqaC63UyJF_RvVrzwwz_bz6YVmg02z_LdA4tZuWdCWYKBih7zQ"]}]}},"_links":{"self":[{"href":"https:\/\/kajakaskaoprema.si\/en\/wp-json\/wp\/v2\/product\/7482","targetHints":{"allow":["GET"]}}],"collection":[{"href":"https:\/\/kajakaskaoprema.si\/en\/wp-json\/wp\/v2\/product"}],"about":[{"href":"https:\/\/kajakaskaoprema.si\/en\/wp-json\/wp\/v2\/types\/product"}],"replies":[{"embeddable":true,"href":"https:\/\/kajakaskaoprema.si\/en\/wp-json\/wp\/v2\/comments?post=7482"}],"wp:featuredmedia":[{"embeddable":true,"href":"https:\/\/kajakaskaoprema.si\/en\/wp-json\/wp\/v2\/media\/7422"}],"wp:attachment":[{"href":"https:\/\/kajakaskaoprema.si\/en\/wp-json\/wp\/v2\/media?parent=7482"}],"wp:term":[{"taxonomy":"product_brand","embeddable":true,"href":"https:\/\/kajakaskaoprema.si\/en\/wp-json\/wp\/v2\/product_brand?post=7482"},{"taxonomy":"product_cat","embeddable":true,"href":"https:\/\/kajakaskaoprema.si\/en\/wp-json\/wp\/v2\/product_cat?post=7482"},{"taxonomy":"product_tag","embeddable":true,"href":"https:\/\/kajakaskaoprema.si\/en\/wp-json\/wp\/v2\/product_tag?post=7482"}],"curies":[{"name":"wp","href":"https:\/\/api.w.org\/{rel}","templated":true}]}}