{"id":7480,"date":"2022-11-21T13:19:35","date_gmt":"2022-11-21T12:19:35","guid":{"rendered":"https:\/\/kajakaskaoprema.si\/?post_type=product&#038;p=7480"},"modified":"2026-04-23T21:37:18","modified_gmt":"2026-04-23T19:37:18","slug":"neoprenski-cevlji-hiko-rafter-rent","status":"publish","type":"product","link":"https:\/\/kajakaskaoprema.si\/en\/trgovina\/neoprenski-cevlji\/neoprenski-cevlji-hiko-rafter-rent\/","title":{"rendered":"Neoprene shoes HIKO Rafter Rent"},"content":{"rendered":"<h1 data-start=\"194\" data-end=\"234\"><strong data-start=\"196\" data-end=\"234\">Neoprene shoes HIKO Rafter Rent<\/strong><\/h1>\n<p data-start=\"236\" data-end=\"452\">Neoprenski \u010devlji HIKO Rafter Rent so zasnovani za zahtevne pogoje na reki \u2013 visoka vzdr\u017eljivost, udobje in enostavna uporaba jih naredijo idealno izbiro tako za individualne \u0161portnike kot tudi za komercialne centre.<\/p>\n<p data-start=\"454\" data-end=\"708\">Izdelani so iz <strong data-start=\"469\" data-end=\"495\">5 mm debelega neoprena<\/strong> z mehko <strong data-start=\"504\" data-end=\"519\">Thermoplush<\/strong> notranjo podlogo, ki zagotavlja toploto in udobje. Zaradi robustnega podplata in dodatnih oja\u010ditev na peti ter nartu so ti \u010devlji izjemno odporni proti obrabi, tudi pri intenzivni uporabi.<\/p>\n<p data-start=\"710\" data-end=\"901\">Velika prednost modela Rafter Rent je <strong data-start=\"748\" data-end=\"758\">zadrga<\/strong>, ki omogo\u010da hitro in preprosto obuvanje ter sezuvanje, kar je \u0161e posebej pomembno pri komercialni uporabi (rafting agencije, izposojevalnice).<\/p>\n<h2 data-start=\"903\" data-end=\"916\"><strong>Specifications:<\/strong><\/h2>\n<ul data-start=\"917\" data-end=\"1281\">\n<li data-start=\"917\" data-end=\"984\">\n<p data-start=\"919\" data-end=\"984\">Izdelani iz 5 mm debelega neoprena s toplo Thermoplush podlogo.<\/p>\n<\/li>\n<li data-start=\"985\" data-end=\"1063\">\n<p data-start=\"987\" data-end=\"1063\">Oja\u010ditve na podplatu, peti in zgornjem delu stopala za ve\u010djo vzdr\u017eljivost.<\/p>\n<\/li>\n<li data-start=\"1064\" data-end=\"1117\">\n<p data-start=\"1066\" data-end=\"1117\">Zadrga za enostavno obuvanje in dobro prileganje.<\/p>\n<\/li>\n<li data-start=\"1118\" data-end=\"1196\">\n<p data-start=\"1120\" data-end=\"1196\">Velika \u0161tevilka na zadnji strani za hitro organizacijo v komercialni rabi.<\/p>\n<\/li>\n<li data-start=\"1197\" data-end=\"1281\">\n<p data-start=\"1199\" data-end=\"1281\">Primerna izbira za komercialne centre ali posameznike, ki i\u0161\u010dejo trpe\u017eno obutev.<\/p>\n<\/li>\n<\/ul>\n<h2><strong>Neoprenski \u010devlji HIKO Rafter rent so primerni za:<\/strong><\/h2>\n<ul data-start=\"1299\" data-end=\"1396\">\n<li data-start=\"1299\" data-end=\"1310\">\n<p data-start=\"1301\" data-end=\"1310\">rafting<\/p>\n<\/li>\n<li data-start=\"1311\" data-end=\"1320\">\n<p data-start=\"1313\" data-end=\"1320\">kayak<\/p>\n<\/li>\n<li data-start=\"1321\" data-end=\"1328\">\n<p data-start=\"1323\" data-end=\"1328\">SUP<\/p>\n<\/li>\n<li data-start=\"1329\" data-end=\"1342\">\n<p data-start=\"1331\" data-end=\"1342\">kanjoning<\/p>\n<\/li>\n<li data-start=\"1343\" data-end=\"1367\">\n<p data-start=\"1345\" data-end=\"1367\">komercialno izposojo<\/p>\n<\/li>\n<li data-start=\"1368\" data-end=\"1396\">\n<p data-start=\"1370\" data-end=\"1396\">rekreativne vodne \u0161porte<\/p>\n<\/li>\n<\/ul>\n<p data-start=\"1398\" data-end=\"1511\"><strong data-start=\"1398\" data-end=\"1464\">Preverite na\u0161o ponudbo obutve za v vodo in vodne \u0161porte TUKAJ:<\/strong><br data-start=\"1464\" data-end=\"1467\" \/><a class=\"decorated-link\" href=\"https:\/\/kajakaskaoprema.si\/en\/kolekcije\/cevlji\/\" target=\"_new\" rel=\"noopener\" data-start=\"1467\" data-end=\"1511\">https:\/\/kajakaskaoprema.si\/en\/kolekcije\/neoprenski-cevlji\/<\/a><\/p>","protected":false},"excerpt":{"rendered":"<p>Trpe\u017eni neoprenski \u010devlji iz 5 mm neoprena s toplo Thermoplush podlogo. Z zadrgo, oja\u010ditvami in robustnim podplatom \u2013 odli\u010dni za rafting, kajak in komercialno rabo.<\/p>","protected":false},"featured_media":7429,"comment_status":"open","ping_status":"closed","template":"","meta":{"_et_pb_use_builder":"","_et_pb_old_content":"","_et_gb_content_width":""},"product_brand":[],"product_cat":[195],"product_tag":[348,350,270],"class_list":{"0":"post-7480","1":"product","2":"type-product","3":"status-publish","4":"has-post-thumbnail","6":"product_cat-neoprenski-cevlji","7":"product_tag-cevlji","8":"product_tag-rafter","9":"product_tag-rent","10":"pa_barva-crna","11":"pa_uporaba-divja-voda","12":"pa_uporaba-jahtanje","13":"pa_uporaba-morski-kajak","14":"pa_uporaba-potovanje","15":"pa_uporaba-prosti-slog","16":"pa_uporaba-rafting","17":"pa_uporaba-resevanje","18":"pa_velikost-noge-34-35","19":"pa_velikost-noge-36-37","20":"pa_velikost-noge-38-39","21":"pa_velikost-noge-40-41","22":"pa_velikost-noge-42-43","23":"pa_velikost-noge-44-45","24":"pa_velikost-noge-46-47","25":"pa_velikost-noge-48-49","27":"first","28":"instock","29":"shipping-taxable","30":"purchasable","31":"product-type-variable","32":"has-default-attributes"},"yoast_head":"<!-- This site is optimized with the Yoast SEO plugin v27.0 - https:\/\/yoast.com\/product\/yoast-seo-wordpress\/ -->\n<title>Neoprenski \u010devlji HIKO Rafter Rent | Kajaka\u0161ka Oprema<\/title>\n<meta name=\"description\" content=\"Neoprenski \u010devlji HIKO Rafter Rent \u2013 trpe\u017eni in udobni \u010devlji iz 5 mm neoprena, idealni za rafting, kajak in vodne aktivnosti. Zadrga za enostavno obuvanje.\" \/>\n<meta name=\"robots\" content=\"index, follow, max-snippet:-1, max-image-preview:large, max-video-preview:-1\" \/>\n<link rel=\"canonical\" href=\"https:\/\/kajakaskaoprema.si\/en\/trgovina\/neoprenski-cevlji\/neoprenski-cevlji-hiko-rafter-rent\/\" \/>\n<meta property=\"og:locale\" content=\"en_GB\" \/>\n<meta property=\"og:type\" content=\"article\" \/>\n<meta property=\"og:title\" content=\"Neoprenski \u010devlji HIKO Rafter Rent | Kajaka\u0161ka Oprema\" \/>\n<meta property=\"og:description\" content=\"Trpe\u017eni neoprenski \u010devlji iz 5 mm neoprena s toplo Thermoplush podlogo. Z zadrgo, oja\u010ditvami in robustnim podplatom \u2013 odli\u010dni za rafting, kajak in komercialno rabo.\" \/>\n<meta property=\"og:url\" content=\"https:\/\/kajakaskaoprema.si\/en\/trgovina\/neoprenski-cevlji\/neoprenski-cevlji-hiko-rafter-rent\/\" \/>\n<meta property=\"og:site_name\" content=\"Kajaka\u0161ka Oprema\" \/>\n<meta property=\"article:publisher\" content=\"https:\/\/www.facebook.com\/profile.php?id=100089048120006\" \/>\n<meta property=\"article:modified_time\" content=\"2026-04-23T19:37:18+00:00\" \/>\n<meta property=\"og:image\" content=\"https:\/\/kajakaskaoprema.si\/wp-content\/uploads\/2022\/11\/Rafter-Rent.webp\" \/>\n\t<meta property=\"og:image:width\" content=\"1000\" \/>\n\t<meta property=\"og:image:height\" content=\"1000\" \/>\n\t<meta property=\"og:image:type\" content=\"image\/webp\" \/>\n<meta name=\"twitter:card\" content=\"summary_large_image\" \/>\n<meta name=\"twitter:title\" content=\"Neoprenski \u010devlji HIKO Rafter Rent | Kajaka\u0161ka Oprema\" \/>\n<meta name=\"twitter:description\" content=\"Trpe\u017eni neoprenski \u010devlji iz 5 mm neoprena s toplo Thermoplush podlogo. Z zadrgo, oja\u010ditvami in robustnim podplatom \u2013 odli\u010dni za rafting, kajak in komercialno rabo.\" \/>\n<meta name=\"twitter:image\" content=\"https:\/\/kajakaskaoprema.si\/wp-content\/uploads\/2022\/11\/Rafter-Rent.webp\" \/>\n<meta name=\"twitter:label1\" content=\"Estimated reading time\" \/>\n\t<meta name=\"twitter:data1\" content=\"1 minute\" \/>\n<!-- \/ Yoast SEO plugin. -->","yoast_head_json":{"title":"Neoprenski \u010devlji HIKO Rafter Rent | Kajaka\u0161ka Oprema","description":"Neoprenski \u010devlji HIKO Rafter Rent \u2013 trpe\u017eni in udobni \u010devlji iz 5 mm neoprena, idealni za rafting, kajak in vodne aktivnosti. Zadrga za enostavno obuvanje.","robots":{"index":"index","follow":"follow","max-snippet":"max-snippet:-1","max-image-preview":"max-image-preview:large","max-video-preview":"max-video-preview:-1"},"canonical":"https:\/\/kajakaskaoprema.si\/en\/trgovina\/neoprenski-cevlji\/neoprenski-cevlji-hiko-rafter-rent\/","og_locale":"en_GB","og_type":"article","og_title":"Neoprenski \u010devlji HIKO Rafter Rent | Kajaka\u0161ka Oprema","og_description":"Trpe\u017eni neoprenski \u010devlji iz 5 mm neoprena s toplo Thermoplush podlogo. Z zadrgo, oja\u010ditvami in robustnim podplatom \u2013 odli\u010dni za rafting, kajak in komercialno rabo.","og_url":"https:\/\/kajakaskaoprema.si\/en\/trgovina\/neoprenski-cevlji\/neoprenski-cevlji-hiko-rafter-rent\/","og_site_name":"Kajaka\u0161ka Oprema","article_publisher":"https:\/\/www.facebook.com\/profile.php?id=100089048120006","article_modified_time":"2026-04-23T19:37:18+00:00","og_image":[{"width":1000,"height":1000,"url":"https:\/\/kajakaskaoprema.si\/wp-content\/uploads\/2022\/11\/Rafter-Rent.webp","type":"image\/webp"}],"twitter_card":"summary_large_image","twitter_title":"Neoprenski \u010devlji HIKO Rafter Rent | Kajaka\u0161ka Oprema","twitter_description":"Trpe\u017eni neoprenski \u010devlji iz 5 mm neoprena s toplo Thermoplush podlogo. Z zadrgo, oja\u010ditvami in robustnim podplatom \u2013 odli\u010dni za rafting, kajak in komercialno rabo.","twitter_image":"https:\/\/kajakaskaoprema.si\/wp-content\/uploads\/2022\/11\/Rafter-Rent.webp","twitter_misc":{"Estimated reading time":"1 minute"},"schema":{"@context":"https:\/\/schema.org","@graph":[{"@type":["WebPage","ItemPage"],"@id":"https:\/\/kajakaskaoprema.si\/trgovina\/neoprenski-cevlji\/neoprenski-cevlji-hiko-rafter-rent\/","url":"https:\/\/kajakaskaoprema.si\/trgovina\/neoprenski-cevlji\/neoprenski-cevlji-hiko-rafter-rent\/","name":"Neoprenski \u010devlji HIKO Rafter Rent | Kajaka\u0161ka Oprema","isPartOf":{"@id":"https:\/\/kajakaskaoprema.si\/#website"},"primaryImageOfPage":{"@id":"https:\/\/kajakaskaoprema.si\/trgovina\/neoprenski-cevlji\/neoprenski-cevlji-hiko-rafter-rent\/#primaryimage"},"image":{"@id":"https:\/\/kajakaskaoprema.si\/trgovina\/neoprenski-cevlji\/neoprenski-cevlji-hiko-rafter-rent\/#primaryimage"},"thumbnailUrl":"https:\/\/kajakaskaoprema.si\/wp-content\/uploads\/2022\/11\/Rafter-Rent.webp","datePublished":"2022-11-21T12:19:35+00:00","dateModified":"2026-04-23T19:37:18+00:00","description":"Neoprenski \u010devlji HIKO Rafter Rent \u2013 trpe\u017eni in udobni \u010devlji iz 5 mm neoprena, idealni za rafting, kajak in vodne aktivnosti. Zadrga za enostavno obuvanje.","breadcrumb":{"@id":"https:\/\/kajakaskaoprema.si\/trgovina\/neoprenski-cevlji\/neoprenski-cevlji-hiko-rafter-rent\/#breadcrumb"},"inLanguage":"en-GB","potentialAction":[{"@type":"ReadAction","target":["https:\/\/kajakaskaoprema.si\/trgovina\/neoprenski-cevlji\/neoprenski-cevlji-hiko-rafter-rent\/"]}]},{"@type":"ImageObject","inLanguage":"en-GB","@id":"https:\/\/kajakaskaoprema.si\/trgovina\/neoprenski-cevlji\/neoprenski-cevlji-hiko-rafter-rent\/#primaryimage","url":"https:\/\/kajakaskaoprema.si\/wp-content\/uploads\/2022\/11\/Rafter-Rent.webp","contentUrl":"https:\/\/kajakaskaoprema.si\/wp-content\/uploads\/2022\/11\/Rafter-Rent.webp","width":1000,"height":1000,"caption":"Neoprene shoes HIKO Rafter Rent for whitewater kayaking and other water sports"},{"@type":"BreadcrumbList","@id":"https:\/\/kajakaskaoprema.si\/trgovina\/neoprenski-cevlji\/neoprenski-cevlji-hiko-rafter-rent\/#breadcrumb","itemListElement":[{"@type":"ListItem","position":1,"name":"Domov","item":"https:\/\/kajakaskaoprema.si\/"},{"@type":"ListItem","position":2,"name":"Trgovina","item":"https:\/\/kajakaskaoprema.si\/trgovina\/"},{"@type":"ListItem","position":3,"name":"Neoprenski \u010devlji","item":"https:\/\/kajakaskaoprema.si\/kolekcije\/neoprenski-cevlji\/"},{"@type":"ListItem","position":4,"name":"Neoprenski \u010devlji HIKO Rafter Rent"}]},{"@type":"WebSite","@id":"https:\/\/kajakaskaoprema.si\/#website","url":"https:\/\/kajakaskaoprema.si\/","name":"Kajaka\u0161ka Oprema","description":"Spletna trgovina s kajaka\u0161ko opremo svetovno priznanih znamk. Idealno za vse ljubitelje adrenalina in vodnih \u0161portov.","publisher":{"@id":"https:\/\/kajakaskaoprema.si\/#organization"},"potentialAction":[{"@type":"SearchAction","target":{"@type":"EntryPoint","urlTemplate":"https:\/\/kajakaskaoprema.si\/?s={search_term_string}"},"query-input":{"@type":"PropertyValueSpecification","valueRequired":true,"valueName":"search_term_string"}}],"inLanguage":"en-GB"},{"@type":"Organization","@id":"https:\/\/kajakaskaoprema.si\/#organization","name":"Kajaka\u0161ka Oprema","url":"https:\/\/kajakaskaoprema.si\/","logo":{"@type":"ImageObject","inLanguage":"en-GB","@id":"https:\/\/kajakaskaoprema.si\/#\/schema\/logo\/image\/","url":"https:\/\/kajakaskaoprema.si\/wp-content\/uploads\/2022\/12\/Logo_Kajakaska-Oprema.png","contentUrl":"https:\/\/kajakaskaoprema.si\/wp-content\/uploads\/2022\/12\/Logo_Kajakaska-Oprema.png","width":250,"height":69,"caption":"Kajaka\u0161ka Oprema"},"image":{"@id":"https:\/\/kajakaskaoprema.si\/#\/schema\/logo\/image\/"},"sameAs":["https:\/\/www.facebook.com\/profile.php?id=100089048120006","https:\/\/www.instagram.com\/kajakaska_oprema\/?fbclid=IwAR2wP1CpCpqaC63UyJF_RvVrzwwz_bz6YVmg02z_LdA4tZuWdCWYKBih7zQ"]}]}},"_links":{"self":[{"href":"https:\/\/kajakaskaoprema.si\/en\/wp-json\/wp\/v2\/product\/7480","targetHints":{"allow":["GET"]}}],"collection":[{"href":"https:\/\/kajakaskaoprema.si\/en\/wp-json\/wp\/v2\/product"}],"about":[{"href":"https:\/\/kajakaskaoprema.si\/en\/wp-json\/wp\/v2\/types\/product"}],"replies":[{"embeddable":true,"href":"https:\/\/kajakaskaoprema.si\/en\/wp-json\/wp\/v2\/comments?post=7480"}],"wp:featuredmedia":[{"embeddable":true,"href":"https:\/\/kajakaskaoprema.si\/en\/wp-json\/wp\/v2\/media\/7429"}],"wp:attachment":[{"href":"https:\/\/kajakaskaoprema.si\/en\/wp-json\/wp\/v2\/media?parent=7480"}],"wp:term":[{"taxonomy":"product_brand","embeddable":true,"href":"https:\/\/kajakaskaoprema.si\/en\/wp-json\/wp\/v2\/product_brand?post=7480"},{"taxonomy":"product_cat","embeddable":true,"href":"https:\/\/kajakaskaoprema.si\/en\/wp-json\/wp\/v2\/product_cat?post=7480"},{"taxonomy":"product_tag","embeddable":true,"href":"https:\/\/kajakaskaoprema.si\/en\/wp-json\/wp\/v2\/product_tag?post=7480"}],"curies":[{"name":"wp","href":"https:\/\/api.w.org\/{rel}","templated":true}]}}