{"id":7203,"date":"2022-11-20T16:38:20","date_gmt":"2022-11-20T15:38:20","guid":{"rendered":"https:\/\/kajakaskaoprema.si\/?post_type=product&#038;p=7203"},"modified":"2025-11-18T12:37:17","modified_gmt":"2025-11-18T11:37:17","slug":"symbio-e-kratki-rokavi","status":"publish","type":"product","link":"https:\/\/kajakaskaoprema.si\/en\/trgovina\/majice\/symbio-e-kratki-rokavi\/","title":{"rendered":"Neoprenska majica Symbio &#8211; Kratki rokavi"},"content":{"rendered":"<h1 data-start=\"285\" data-end=\"336\"><strong data-start=\"287\" data-end=\"336\">Neoprenska majica HIKO Symbio \u2013 kratki rokavi<\/strong><\/h1>\n<p data-start=\"338\" data-end=\"674\">Neoprenska majica HIKO Symbio \u2013 kratki rokavi je lahka, izjemno tanka in izredno prilagodljiva majica, namenjena vsem, ki so aktivni v vodi ali ob njej. Nova generacija Symbio modelov uporablja <strong data-start=\"532\" data-end=\"551\">e.prene neopren<\/strong>, ki ohranja enako raven toplote, udobja in elasti\u010dnosti kot klasi\u010dni neopren, vendar z bistveno manj\u0161im okoljskim odtisom.<\/p>\n<p data-start=\"676\" data-end=\"1195\">Majica je zasnovana iz kombinacije treh vrst neoprena, kar omogo\u010da optimalno ravnovesje med toploto, raztegljivostjo, zra\u010dnostjo in vzdr\u017eljivostjo. Sprednji in zadnji panel sta izdelana iz 1.5 mm mehkega in pro\u017enega neoprena, ki zagotavlja toploto in prijeten ob\u010dutek na ko\u017ei. Stranski deli, ramena in rokavi so iz ultra elasti\u010dnega 0.5 mm neoprena, ki pove\u010da svobodo gibanja in zra\u010dnost. V predelu pazduh in vratu je uporabljena mehka <strong data-start=\"1112\" data-end=\"1141\">Lycra s flis notranjostjo<\/strong>, ki zagotavlja udobje ter u\u010dinkovito odvajanje vlage.<\/p>\n<h2 data-start=\"1197\" data-end=\"1260\"><strong data-start=\"1200\" data-end=\"1260\">Lastnosti neoprenske majice HIKO Symbio \u2013 kratki rokavi:<\/strong><\/h2>\n<ul data-start=\"1262\" data-end=\"1747\">\n<li data-start=\"1262\" data-end=\"1327\">\n<p data-start=\"1264\" data-end=\"1327\">Izdelana iz <strong data-start=\"1276\" data-end=\"1296\">e.prene neoprena<\/strong> z manj\u0161im okoljskim odtisom.<\/p>\n<\/li>\n<li data-start=\"1328\" data-end=\"1420\">\n<p data-start=\"1330\" data-end=\"1420\">Kombinacija treh neoprenov za popolno ravnovesje med toploto, udobjem in vzdr\u017eljivostjo.<\/p>\n<\/li>\n<li data-start=\"1421\" data-end=\"1478\">\n<p data-start=\"1423\" data-end=\"1478\">1.5 mm neopren spredaj in zadaj za toploto in udobje.<\/p>\n<\/li>\n<li data-start=\"1479\" data-end=\"1552\">\n<p data-start=\"1481\" data-end=\"1552\">0.5 mm neopren na straneh, ramenih in rokavih za izjemno elasti\u010dnost.<\/p>\n<\/li>\n<li data-start=\"1553\" data-end=\"1626\">\n<p data-start=\"1555\" data-end=\"1626\">Mehka Lycra pri vratu in pazduhah z notranjim flisom za ve\u010dje udobje.<\/p>\n<\/li>\n<li data-start=\"1627\" data-end=\"1681\">\n<p data-start=\"1629\" data-end=\"1681\">U\u010dinkovito odvajanje vlage in prijetno prileganje.<\/p>\n<\/li>\n<li data-start=\"1682\" data-end=\"1747\">\n<p data-start=\"1684\" data-end=\"1747\">Odli\u010dna za vse vodne \u0161porte v toplej\u0161ih ali prehodnih razmerah.<\/p>\n<\/li>\n<\/ul>\n<h2 data-start=\"1749\" data-end=\"1773\"><strong data-start=\"1752\" data-end=\"1773\">Komu je primerna?<\/strong><\/h2>\n<p data-start=\"1775\" data-end=\"1835\">Neoprenska majica HIKO Symbio \u2013 kratki rokavi je odli\u010dna za:<\/p>\n<ul data-start=\"1837\" data-end=\"2137\">\n<li data-start=\"1837\" data-end=\"1874\">\n<p data-start=\"1839\" data-end=\"1874\">kajaka\u0161e, SUP vesla\u010de in plavalce<\/p>\n<\/li>\n<li data-start=\"1875\" data-end=\"1921\">\n<p data-start=\"1877\" data-end=\"1921\">vodne \u0161porte v toplih in prehodnih mesecih<\/p>\n<\/li>\n<li data-start=\"1922\" data-end=\"1981\">\n<p data-start=\"1924\" data-end=\"1981\">vse, ki \u017eelijo lahkoten, tanek, a topel neoprenski sloj<\/p>\n<\/li>\n<li data-start=\"1982\" data-end=\"2044\">\n<p data-start=\"1984\" data-end=\"2044\">\u0161portnike, ki potrebujejo zra\u010dnost in pro\u017enost pri gibanju<\/p>\n<\/li>\n<li data-start=\"2045\" data-end=\"2089\">\n<p data-start=\"2047\" data-end=\"2089\">kombiniranje z neoprenskimi hla\u010dami HIKO<\/p>\n<\/li>\n<li data-start=\"2090\" data-end=\"2137\">\n<p data-start=\"2092\" data-end=\"2137\">rekreacijo v vodi, surfanje, re\u010dne aktivnosti<\/p>\n<\/li>\n<\/ul>\n<h2 data-start=\"2139\" data-end=\"2163\"><strong data-start=\"2142\" data-end=\"2163\">Notranja povezava<\/strong><\/h2>\n<p data-start=\"2165\" data-end=\"2278\">Oglejte si \u0161e ostale neoprenske in tehni\u010dne majice HIKO TUKAJ:<br data-start=\"2227\" data-end=\"2230\" \/><strong data-start=\"2230\" data-end=\"2278\"><a class=\"decorated-link\" href=\"https:\/\/kajakaskaoprema.si\/en\/kolekcije\/majice\/\" target=\"_new\" rel=\"noopener\" data-start=\"2232\" data-end=\"2276\">https:\/\/kajakaskaoprema.si\/kolekcije\/majice\/<\/a><\/strong><\/p>","protected":false},"excerpt":{"rendered":"<p>Tanka neoprenska majica HIKO Symbio \u2013 kratki rokavi iz e.prene materiala. Topla, pro\u017ena in zra\u010dna izbira za vodne \u0161porte in aktivnosti v vodi.<\/p>","protected":false},"featured_media":7202,"comment_status":"open","ping_status":"closed","template":"","meta":{"_et_pb_use_builder":"","_et_pb_old_content":"","_et_gb_content_width":""},"product_brand":[],"product_cat":[193],"product_tag":[336,265,334,295],"class_list":{"0":"post-7203","1":"product","2":"type-product","3":"status-publish","4":"has-post-thumbnail","6":"product_cat-majice","7":"product_tag-e","8":"product_tag-kratki-rokavi","9":"product_tag-majica","10":"product_tag-symbio","11":"pa_barva-modra","12":"pa_barva-olivna","13":"pa_velikost-xs","14":"pa_velikost-s","15":"pa_velikost-m","16":"pa_velikost-l","17":"pa_velikost-xl","18":"pa_velikost-xxl","20":"first","21":"instock","22":"shipping-taxable","23":"purchasable","24":"product-type-variable"},"yoast_head":"<!-- This site is optimized with the Yoast SEO plugin v27.0 - https:\/\/yoast.com\/product\/yoast-seo-wordpress\/ -->\n<title>Neoprenska majica Symbio - Kratki rokavi | Kajaka\u0161ka Oprema<\/title>\n<meta name=\"description\" content=\"Tanka neoprenska majica HIKO Symbio \u2013 kratki rokavi iz e.prene materiala. Topla, pro\u017ena in zra\u010dna izbira za vodne \u0161porte in aktivnosti v vodi.\" \/>\n<meta name=\"robots\" content=\"index, follow, max-snippet:-1, max-image-preview:large, max-video-preview:-1\" \/>\n<link rel=\"canonical\" href=\"https:\/\/kajakaskaoprema.si\/en\/trgovina\/majice\/symbio-e-kratki-rokavi\/\" \/>\n<meta property=\"og:locale\" content=\"en_GB\" \/>\n<meta property=\"og:type\" content=\"article\" \/>\n<meta property=\"og:title\" content=\"Neoprenska majica Symbio - Kratki rokavi | Kajaka\u0161ka Oprema\" \/>\n<meta property=\"og:description\" content=\"Tanka neoprenska majica HIKO Symbio \u2013 kratki rokavi iz e.prene materiala. Topla, pro\u017ena in zra\u010dna izbira za vodne \u0161porte in aktivnosti v vodi.\" \/>\n<meta property=\"og:url\" content=\"https:\/\/kajakaskaoprema.si\/en\/trgovina\/majice\/symbio-e-kratki-rokavi\/\" \/>\n<meta property=\"og:site_name\" content=\"Kajaka\u0161ka Oprema\" \/>\n<meta property=\"article:publisher\" content=\"https:\/\/www.facebook.com\/profile.php?id=100089048120006\" \/>\n<meta property=\"article:modified_time\" content=\"2025-11-18T11:37:17+00:00\" \/>\n<meta property=\"og:image\" content=\"https:\/\/kajakaskaoprema.si\/wp-content\/uploads\/2022\/11\/Majica-Symbio-e.-Kratki-rokavi.webp\" \/>\n\t<meta property=\"og:image:width\" content=\"1000\" \/>\n\t<meta property=\"og:image:height\" content=\"1000\" \/>\n\t<meta property=\"og:image:type\" content=\"image\/webp\" \/>\n<meta name=\"twitter:card\" content=\"summary_large_image\" \/>\n<meta name=\"twitter:title\" content=\"Neoprenska majica Symbio - Kratki rokavi | Kajaka\u0161ka Oprema\" \/>\n<meta name=\"twitter:description\" content=\"Tanka neoprenska majica HIKO Symbio \u2013 kratki rokavi iz e.prene materiala. Topla, pro\u017ena in zra\u010dna izbira za vodne \u0161porte in aktivnosti v vodi.\" \/>\n<meta name=\"twitter:image\" content=\"https:\/\/kajakaskaoprema.si\/wp-content\/uploads\/2022\/11\/Majica-Symbio-e.-Kratki-rokavi.webp\" \/>\n<meta name=\"twitter:label1\" content=\"Estimated reading time\" \/>\n\t<meta name=\"twitter:data1\" content=\"2 minutes\" \/>\n<!-- \/ Yoast SEO plugin. -->","yoast_head_json":{"title":"Neoprenska majica Symbio - Kratki rokavi | Kajaka\u0161ka Oprema","description":"Tanka neoprenska majica HIKO Symbio \u2013 kratki rokavi iz e.prene materiala. Topla, pro\u017ena in zra\u010dna izbira za vodne \u0161porte in aktivnosti v vodi.","robots":{"index":"index","follow":"follow","max-snippet":"max-snippet:-1","max-image-preview":"max-image-preview:large","max-video-preview":"max-video-preview:-1"},"canonical":"https:\/\/kajakaskaoprema.si\/en\/trgovina\/majice\/symbio-e-kratki-rokavi\/","og_locale":"en_GB","og_type":"article","og_title":"Neoprenska majica Symbio - Kratki rokavi | Kajaka\u0161ka Oprema","og_description":"Tanka neoprenska majica HIKO Symbio \u2013 kratki rokavi iz e.prene materiala. Topla, pro\u017ena in zra\u010dna izbira za vodne \u0161porte in aktivnosti v vodi.","og_url":"https:\/\/kajakaskaoprema.si\/en\/trgovina\/majice\/symbio-e-kratki-rokavi\/","og_site_name":"Kajaka\u0161ka Oprema","article_publisher":"https:\/\/www.facebook.com\/profile.php?id=100089048120006","article_modified_time":"2025-11-18T11:37:17+00:00","og_image":[{"width":1000,"height":1000,"url":"https:\/\/kajakaskaoprema.si\/wp-content\/uploads\/2022\/11\/Majica-Symbio-e.-Kratki-rokavi.webp","type":"image\/webp"}],"twitter_card":"summary_large_image","twitter_title":"Neoprenska majica Symbio - Kratki rokavi | Kajaka\u0161ka Oprema","twitter_description":"Tanka neoprenska majica HIKO Symbio \u2013 kratki rokavi iz e.prene materiala. Topla, pro\u017ena in zra\u010dna izbira za vodne \u0161porte in aktivnosti v vodi.","twitter_image":"https:\/\/kajakaskaoprema.si\/wp-content\/uploads\/2022\/11\/Majica-Symbio-e.-Kratki-rokavi.webp","twitter_misc":{"Estimated reading time":"2 minutes"},"schema":{"@context":"https:\/\/schema.org","@graph":[{"@type":["WebPage","ItemPage"],"@id":"https:\/\/kajakaskaoprema.si\/trgovina\/majice\/symbio-e-kratki-rokavi\/","url":"https:\/\/kajakaskaoprema.si\/trgovina\/majice\/symbio-e-kratki-rokavi\/","name":"Neoprenska majica Symbio - Kratki rokavi | Kajaka\u0161ka Oprema","isPartOf":{"@id":"https:\/\/kajakaskaoprema.si\/#website"},"primaryImageOfPage":{"@id":"https:\/\/kajakaskaoprema.si\/trgovina\/majice\/symbio-e-kratki-rokavi\/#primaryimage"},"image":{"@id":"https:\/\/kajakaskaoprema.si\/trgovina\/majice\/symbio-e-kratki-rokavi\/#primaryimage"},"thumbnailUrl":"https:\/\/kajakaskaoprema.si\/wp-content\/uploads\/2022\/11\/Majica-Symbio-e.-Kratki-rokavi.webp","datePublished":"2022-11-20T15:38:20+00:00","dateModified":"2025-11-18T11:37:17+00:00","description":"Tanka neoprenska majica HIKO Symbio \u2013 kratki rokavi iz e.prene materiala. Topla, pro\u017ena in zra\u010dna izbira za vodne \u0161porte in aktivnosti v vodi.","breadcrumb":{"@id":"https:\/\/kajakaskaoprema.si\/trgovina\/majice\/symbio-e-kratki-rokavi\/#breadcrumb"},"inLanguage":"en-GB","potentialAction":[{"@type":"ReadAction","target":["https:\/\/kajakaskaoprema.si\/trgovina\/majice\/symbio-e-kratki-rokavi\/"]}]},{"@type":"ImageObject","inLanguage":"en-GB","@id":"https:\/\/kajakaskaoprema.si\/trgovina\/majice\/symbio-e-kratki-rokavi\/#primaryimage","url":"https:\/\/kajakaskaoprema.si\/wp-content\/uploads\/2022\/11\/Majica-Symbio-e.-Kratki-rokavi.webp","contentUrl":"https:\/\/kajakaskaoprema.si\/wp-content\/uploads\/2022\/11\/Majica-Symbio-e.-Kratki-rokavi.webp","width":1000,"height":1000,"caption":"HIKO Symbio short sleeve neoprene top \u2013 front view, flexible e.prene watersports shirt for kayaking and water activities"},{"@type":"BreadcrumbList","@id":"https:\/\/kajakaskaoprema.si\/trgovina\/majice\/symbio-e-kratki-rokavi\/#breadcrumb","itemListElement":[{"@type":"ListItem","position":1,"name":"Domov","item":"https:\/\/kajakaskaoprema.si\/"},{"@type":"ListItem","position":2,"name":"Trgovina","item":"https:\/\/kajakaskaoprema.si\/trgovina\/"},{"@type":"ListItem","position":3,"name":"Majice","item":"https:\/\/kajakaskaoprema.si\/kolekcije\/majice\/"},{"@type":"ListItem","position":4,"name":"Neoprenska majica Symbio &#8211; Kratki rokavi"}]},{"@type":"WebSite","@id":"https:\/\/kajakaskaoprema.si\/#website","url":"https:\/\/kajakaskaoprema.si\/","name":"Kajaka\u0161ka Oprema","description":"Spletna trgovina s kajaka\u0161ko opremo svetovno priznanih znamk. Idealno za vse ljubitelje adrenalina in vodnih \u0161portov.","publisher":{"@id":"https:\/\/kajakaskaoprema.si\/#organization"},"potentialAction":[{"@type":"SearchAction","target":{"@type":"EntryPoint","urlTemplate":"https:\/\/kajakaskaoprema.si\/?s={search_term_string}"},"query-input":{"@type":"PropertyValueSpecification","valueRequired":true,"valueName":"search_term_string"}}],"inLanguage":"en-GB"},{"@type":"Organization","@id":"https:\/\/kajakaskaoprema.si\/#organization","name":"Kajaka\u0161ka Oprema","url":"https:\/\/kajakaskaoprema.si\/","logo":{"@type":"ImageObject","inLanguage":"en-GB","@id":"https:\/\/kajakaskaoprema.si\/#\/schema\/logo\/image\/","url":"https:\/\/kajakaskaoprema.si\/wp-content\/uploads\/2022\/12\/Logo_Kajakaska-Oprema.png","contentUrl":"https:\/\/kajakaskaoprema.si\/wp-content\/uploads\/2022\/12\/Logo_Kajakaska-Oprema.png","width":250,"height":69,"caption":"Kajaka\u0161ka Oprema"},"image":{"@id":"https:\/\/kajakaskaoprema.si\/#\/schema\/logo\/image\/"},"sameAs":["https:\/\/www.facebook.com\/profile.php?id=100089048120006","https:\/\/www.instagram.com\/kajakaska_oprema\/?fbclid=IwAR2wP1CpCpqaC63UyJF_RvVrzwwz_bz6YVmg02z_LdA4tZuWdCWYKBih7zQ"]}]}},"_links":{"self":[{"href":"https:\/\/kajakaskaoprema.si\/en\/wp-json\/wp\/v2\/product\/7203","targetHints":{"allow":["GET"]}}],"collection":[{"href":"https:\/\/kajakaskaoprema.si\/en\/wp-json\/wp\/v2\/product"}],"about":[{"href":"https:\/\/kajakaskaoprema.si\/en\/wp-json\/wp\/v2\/types\/product"}],"replies":[{"embeddable":true,"href":"https:\/\/kajakaskaoprema.si\/en\/wp-json\/wp\/v2\/comments?post=7203"}],"wp:featuredmedia":[{"embeddable":true,"href":"https:\/\/kajakaskaoprema.si\/en\/wp-json\/wp\/v2\/media\/7202"}],"wp:attachment":[{"href":"https:\/\/kajakaskaoprema.si\/en\/wp-json\/wp\/v2\/media?parent=7203"}],"wp:term":[{"taxonomy":"product_brand","embeddable":true,"href":"https:\/\/kajakaskaoprema.si\/en\/wp-json\/wp\/v2\/product_brand?post=7203"},{"taxonomy":"product_cat","embeddable":true,"href":"https:\/\/kajakaskaoprema.si\/en\/wp-json\/wp\/v2\/product_cat?post=7203"},{"taxonomy":"product_tag","embeddable":true,"href":"https:\/\/kajakaskaoprema.si\/en\/wp-json\/wp\/v2\/product_tag?post=7203"}],"curies":[{"name":"wp","href":"https:\/\/api.w.org\/{rel}","templated":true}]}}