{"id":7094,"date":"2022-11-17T23:27:52","date_gmt":"2022-11-17T22:27:52","guid":{"rendered":"https:\/\/kajakaskaoprema.si\/?post_type=product&#038;p=7094"},"modified":"2023-02-01T12:57:56","modified_gmt":"2023-02-01T11:57:56","slug":"shark-1","status":"publish","type":"product","link":"https:\/\/kajakaskaoprema.si\/en\/trgovina\/kajaki\/shark-1\/","title":{"rendered":"Shark 1"},"content":{"rendered":"<p><strong>Sit on top kayak SHARK 1.<\/strong><\/p>\n<p>&nbsp;<\/p>\n<ul>\n<li>SHARK 1 is suitable for paddling on the sea, lakes and rivers.<\/li>\n<li>The kayak is extremely light and stable.<\/li>\n<li>Also suitable for beginners.<\/li>\n<\/ul>\n<p>Available in two versions, SPORT, with a padded seat and high back, straps for transport and stability control, and a removable watertight locker.<\/p>","protected":false},"excerpt":{"rendered":"<p>Sit on top kajak SHARK 1 &nbsp; SHARK 1 primeren za veslanje po morju, jezerih in tudi rekah. Kajak je izredno lahek in stabilen. Primeren tudi za za\u010detnike Na voljo tudi v razli\u010dici SPORT<\/p>","protected":false},"featured_media":7055,"comment_status":"open","ping_status":"closed","template":"","meta":{"_et_pb_use_builder":"","_et_pb_old_content":"","_et_gb_content_width":""},"product_brand":[],"product_cat":[322],"product_tag":[331,324,330],"class_list":{"0":"post-7094","1":"product","2":"type-product","3":"status-publish","4":"has-post-thumbnail","6":"product_cat-kajaki","7":"product_tag-331","8":"product_tag-kajak","9":"product_tag-shark","10":"pa_barva-rdeca","11":"pa_barva-modra","12":"pa_barva-turkizna","13":"pa_barva-zelena","14":"pa_barva-rumena","16":"first","17":"instock","18":"shipping-taxable","19":"purchasable","20":"product-type-variable","21":"has-default-attributes"},"yoast_head":"<!-- This site is optimized with the Yoast SEO plugin v27.0 - https:\/\/yoast.com\/product\/yoast-seo-wordpress\/ -->\n<title>Shark 1 | Kajaka\u0161ka Oprema<\/title>\n<meta name=\"description\" content=\"Sit on top kajak SHARK 1 &nbsp; SHARK 1 primeren za veslanje po morju, jezerih in tudi rekah. Kajak je izredno lahek in stabilen. Primeren tudi za\" \/>\n<meta name=\"robots\" content=\"index, follow, max-snippet:-1, max-image-preview:large, max-video-preview:-1\" \/>\n<link rel=\"canonical\" href=\"https:\/\/kajakaskaoprema.si\/en\/trgovina\/kajaki\/shark-1\/\" \/>\n<meta property=\"og:locale\" content=\"en_GB\" \/>\n<meta property=\"og:type\" content=\"article\" \/>\n<meta property=\"og:title\" content=\"Shark 1 | Kajaka\u0161ka Oprema\" \/>\n<meta property=\"og:description\" content=\"Sit on top kajak SHARK 1 &nbsp; SHARK 1 primeren za veslanje po morju, jezerih in tudi rekah. Kajak je izredno lahek in stabilen. Primeren tudi za\" \/>\n<meta property=\"og:url\" content=\"https:\/\/kajakaskaoprema.si\/en\/trgovina\/kajaki\/shark-1\/\" \/>\n<meta property=\"og:site_name\" content=\"Kajaka\u0161ka Oprema\" \/>\n<meta property=\"article:publisher\" content=\"https:\/\/www.facebook.com\/profile.php?id=100089048120006\" \/>\n<meta property=\"article:modified_time\" content=\"2023-02-01T11:57:56+00:00\" \/>\n<meta property=\"og:image\" content=\"https:\/\/kajakaskaoprema.si\/wp-content\/uploads\/2022\/11\/Shark-1.webp\" \/>\n\t<meta property=\"og:image:width\" content=\"1000\" \/>\n\t<meta property=\"og:image:height\" content=\"1000\" \/>\n\t<meta property=\"og:image:type\" content=\"image\/webp\" \/>\n<meta name=\"twitter:card\" content=\"summary_large_image\" \/>\n<meta name=\"twitter:title\" content=\"Shark 1 | Kajaka\u0161ka Oprema\" \/>\n<meta name=\"twitter:description\" content=\"Sit on top kajak SHARK 1 &nbsp; SHARK 1 primeren za veslanje po morju, jezerih in tudi rekah. Kajak je izredno lahek in stabilen. Primeren tudi za\" \/>\n<meta name=\"twitter:image\" content=\"https:\/\/kajakaskaoprema.si\/wp-content\/uploads\/2022\/11\/Shark-1.webp\" \/>\n<meta name=\"twitter:label1\" content=\"Estimated reading time\" \/>\n\t<meta name=\"twitter:data1\" content=\"1 minute\" \/>\n<!-- \/ Yoast SEO plugin. -->","yoast_head_json":{"title":"Shark 1 | Kajaka\u0161ka Oprema","description":"Sit on top kajak SHARK 1 &nbsp; SHARK 1 primeren za veslanje po morju, jezerih in tudi rekah. Kajak je izredno lahek in stabilen. Primeren tudi za","robots":{"index":"index","follow":"follow","max-snippet":"max-snippet:-1","max-image-preview":"max-image-preview:large","max-video-preview":"max-video-preview:-1"},"canonical":"https:\/\/kajakaskaoprema.si\/en\/trgovina\/kajaki\/shark-1\/","og_locale":"en_GB","og_type":"article","og_title":"Shark 1 | Kajaka\u0161ka Oprema","og_description":"Sit on top kajak SHARK 1 &nbsp; SHARK 1 primeren za veslanje po morju, jezerih in tudi rekah. Kajak je izredno lahek in stabilen. Primeren tudi za","og_url":"https:\/\/kajakaskaoprema.si\/en\/trgovina\/kajaki\/shark-1\/","og_site_name":"Kajaka\u0161ka Oprema","article_publisher":"https:\/\/www.facebook.com\/profile.php?id=100089048120006","article_modified_time":"2023-02-01T11:57:56+00:00","og_image":[{"width":1000,"height":1000,"url":"https:\/\/kajakaskaoprema.si\/wp-content\/uploads\/2022\/11\/Shark-1.webp","type":"image\/webp"}],"twitter_card":"summary_large_image","twitter_title":"Shark 1 | Kajaka\u0161ka Oprema","twitter_description":"Sit on top kajak SHARK 1 &nbsp; SHARK 1 primeren za veslanje po morju, jezerih in tudi rekah. Kajak je izredno lahek in stabilen. Primeren tudi za","twitter_image":"https:\/\/kajakaskaoprema.si\/wp-content\/uploads\/2022\/11\/Shark-1.webp","twitter_misc":{"Estimated reading time":"1 minute"},"schema":{"@context":"https:\/\/schema.org","@graph":[{"@type":["WebPage","ItemPage"],"@id":"https:\/\/kajakaskaoprema.si\/trgovina\/kajaki\/shark-1\/","url":"https:\/\/kajakaskaoprema.si\/trgovina\/kajaki\/shark-1\/","name":"Shark 1 | Kajaka\u0161ka Oprema","isPartOf":{"@id":"https:\/\/kajakaskaoprema.si\/#website"},"primaryImageOfPage":{"@id":"https:\/\/kajakaskaoprema.si\/trgovina\/kajaki\/shark-1\/#primaryimage"},"image":{"@id":"https:\/\/kajakaskaoprema.si\/trgovina\/kajaki\/shark-1\/#primaryimage"},"thumbnailUrl":"https:\/\/kajakaskaoprema.si\/wp-content\/uploads\/2022\/11\/Shark-1.webp","datePublished":"2022-11-17T22:27:52+00:00","dateModified":"2023-02-01T11:57:56+00:00","description":"Sit on top kajak SHARK 1 &nbsp; SHARK 1 primeren za veslanje po morju, jezerih in tudi rekah. Kajak je izredno lahek in stabilen. Primeren tudi za","breadcrumb":{"@id":"https:\/\/kajakaskaoprema.si\/trgovina\/kajaki\/shark-1\/#breadcrumb"},"inLanguage":"en-GB","potentialAction":[{"@type":"ReadAction","target":["https:\/\/kajakaskaoprema.si\/trgovina\/kajaki\/shark-1\/"]}]},{"@type":"ImageObject","inLanguage":"en-GB","@id":"https:\/\/kajakaskaoprema.si\/trgovina\/kajaki\/shark-1\/#primaryimage","url":"https:\/\/kajakaskaoprema.si\/wp-content\/uploads\/2022\/11\/Shark-1.webp","contentUrl":"https:\/\/kajakaskaoprema.si\/wp-content\/uploads\/2022\/11\/Shark-1.webp","width":1000,"height":1000,"caption":"Shark 1"},{"@type":"BreadcrumbList","@id":"https:\/\/kajakaskaoprema.si\/trgovina\/kajaki\/shark-1\/#breadcrumb","itemListElement":[{"@type":"ListItem","position":1,"name":"Domov","item":"https:\/\/kajakaskaoprema.si\/"},{"@type":"ListItem","position":2,"name":"Trgovina","item":"https:\/\/kajakaskaoprema.si\/trgovina\/"},{"@type":"ListItem","position":3,"name":"Kajaki","item":"https:\/\/kajakaskaoprema.si\/kolekcije\/kajaki\/"},{"@type":"ListItem","position":4,"name":"Shark 1"}]},{"@type":"WebSite","@id":"https:\/\/kajakaskaoprema.si\/#website","url":"https:\/\/kajakaskaoprema.si\/","name":"Kajaka\u0161ka Oprema","description":"Spletna trgovina s kajaka\u0161ko opremo svetovno priznanih znamk. Idealno za vse ljubitelje adrenalina in vodnih \u0161portov.","publisher":{"@id":"https:\/\/kajakaskaoprema.si\/#organization"},"potentialAction":[{"@type":"SearchAction","target":{"@type":"EntryPoint","urlTemplate":"https:\/\/kajakaskaoprema.si\/?s={search_term_string}"},"query-input":{"@type":"PropertyValueSpecification","valueRequired":true,"valueName":"search_term_string"}}],"inLanguage":"en-GB"},{"@type":"Organization","@id":"https:\/\/kajakaskaoprema.si\/#organization","name":"Kajaka\u0161ka Oprema","url":"https:\/\/kajakaskaoprema.si\/","logo":{"@type":"ImageObject","inLanguage":"en-GB","@id":"https:\/\/kajakaskaoprema.si\/#\/schema\/logo\/image\/","url":"https:\/\/kajakaskaoprema.si\/wp-content\/uploads\/2022\/12\/Logo_Kajakaska-Oprema.png","contentUrl":"https:\/\/kajakaskaoprema.si\/wp-content\/uploads\/2022\/12\/Logo_Kajakaska-Oprema.png","width":250,"height":69,"caption":"Kajaka\u0161ka Oprema"},"image":{"@id":"https:\/\/kajakaskaoprema.si\/#\/schema\/logo\/image\/"},"sameAs":["https:\/\/www.facebook.com\/profile.php?id=100089048120006","https:\/\/www.instagram.com\/kajakaska_oprema\/?fbclid=IwAR2wP1CpCpqaC63UyJF_RvVrzwwz_bz6YVmg02z_LdA4tZuWdCWYKBih7zQ"]}]}},"_links":{"self":[{"href":"https:\/\/kajakaskaoprema.si\/en\/wp-json\/wp\/v2\/product\/7094","targetHints":{"allow":["GET"]}}],"collection":[{"href":"https:\/\/kajakaskaoprema.si\/en\/wp-json\/wp\/v2\/product"}],"about":[{"href":"https:\/\/kajakaskaoprema.si\/en\/wp-json\/wp\/v2\/types\/product"}],"replies":[{"embeddable":true,"href":"https:\/\/kajakaskaoprema.si\/en\/wp-json\/wp\/v2\/comments?post=7094"}],"wp:featuredmedia":[{"embeddable":true,"href":"https:\/\/kajakaskaoprema.si\/en\/wp-json\/wp\/v2\/media\/7055"}],"wp:attachment":[{"href":"https:\/\/kajakaskaoprema.si\/en\/wp-json\/wp\/v2\/media?parent=7094"}],"wp:term":[{"taxonomy":"product_brand","embeddable":true,"href":"https:\/\/kajakaskaoprema.si\/en\/wp-json\/wp\/v2\/product_brand?post=7094"},{"taxonomy":"product_cat","embeddable":true,"href":"https:\/\/kajakaskaoprema.si\/en\/wp-json\/wp\/v2\/product_cat?post=7094"},{"taxonomy":"product_tag","embeddable":true,"href":"https:\/\/kajakaskaoprema.si\/en\/wp-json\/wp\/v2\/product_tag?post=7094"}],"curies":[{"name":"wp","href":"https:\/\/api.w.org\/{rel}","templated":true}]}}