{"id":7083,"date":"2022-11-17T19:41:39","date_gmt":"2022-11-17T18:41:39","guid":{"rendered":"https:\/\/kajakaskaoprema.si\/?post_type=product&#038;p=7083"},"modified":"2023-05-15T15:15:14","modified_gmt":"2023-05-15T13:15:14","slug":"zion-creek","status":"publish","type":"product","link":"https:\/\/kajakaskaoprema.si\/en\/trgovina\/kajaki\/zion-creek\/","title":{"rendered":"Zion Creek"},"content":{"rendered":"<p><strong>Zion Creek is a very striking, innovative kayak unlike any other.<\/strong><\/p>\n<p>From the first blades you feel the speed and agility, you almost don't feel like you're sitting in a Creek. You feel that you have a great command of the kayak and that you can always be the protagonist in any situation. The feeling is special and unique, and only if you try it can you understand what I have just described.<\/p>\n<p>Sprednja &#8220;kobilica&#8221; se \u010duti, saj je treba le nagniti Zion, da za\u010dne zavijati, tudi pri nizkih hitrostih pa je odziv takoj\u0161en.<\/p>\n<p>Skakanje \u010dez luknje je res otro\u010dje lahko, stabilnost kajaka pa je vedno zelo visoka.<\/p>\n<p>The new tail shape allows for a different use, especially in situations where the tail needs to be dipped to make buffs or to cope with particularly technical passages.<\/p>\n<p>The Zion creek is longer and has more volume than the T-REX, but it still feels like a leaner and more responsive kayak, which can be achieved by the volume distribution and the design of the deck with a lean and streamlined shape.<\/p>","protected":false},"excerpt":{"rendered":"<p>Zion Creek je zelo presenetljiv, inovativen kajak, ki se razlikuje od vseh drugih. \u017de s prvimi lopaticami za\u010dutite hitrost in veliko okretnost, skorajda nimate ob\u010dutka, da sedite v modelu Creek. Ob\u010dutek je, da odli\u010dno obvladate kajak in se lahko kot protagonist vedno znajdete v vsaki situaciji. Ob\u010dutek je poseben in edinstven, le \u010de ga preizkusite, [&hellip;]<\/p>\n","protected":false},"featured_media":7036,"comment_status":"open","ping_status":"closed","template":"","meta":{"_et_pb_use_builder":"","_et_pb_old_content":"","_et_gb_content_width":""},"product_brand":[],"product_cat":[322],"product_tag":[327,324,326],"class_list":{"0":"post-7083","1":"product","2":"type-product","3":"status-publish","4":"has-post-thumbnail","6":"product_cat-kajaki","7":"product_tag-creek","8":"product_tag-kajak","9":"product_tag-zion","10":"pa_barva-rdeca","12":"first","13":"instock","14":"shipping-taxable","15":"purchasable","16":"product-type-variable","17":"has-default-attributes"},"yoast_head":"<!-- This site is optimized with the Yoast SEO plugin v27.0 - https:\/\/yoast.com\/product\/yoast-seo-wordpress\/ -->\n<title>Zion Creek | Kajaka\u0161ka Oprema<\/title>\n<meta name=\"description\" content=\"Zion Creek je zelo presenetljiv, inovativen kajak, ki se razlikuje od vseh drugih. \u017de s prvimi lopaticami za\u010dutite hitrost in veliko okretnost, skorajda\" \/>\n<meta name=\"robots\" content=\"index, follow, max-snippet:-1, max-image-preview:large, max-video-preview:-1\" \/>\n<link rel=\"canonical\" href=\"https:\/\/kajakaskaoprema.si\/en\/trgovina\/kajaki\/zion-creek\/\" \/>\n<meta property=\"og:locale\" content=\"en_GB\" \/>\n<meta property=\"og:type\" content=\"article\" \/>\n<meta property=\"og:title\" content=\"Zion Creek | Kajaka\u0161ka Oprema\" \/>\n<meta property=\"og:description\" content=\"Zion Creek je zelo presenetljiv, inovativen kajak, ki se razlikuje od vseh drugih. \u017de s prvimi lopaticami za\u010dutite hitrost in veliko okretnost, skorajda\" \/>\n<meta property=\"og:url\" content=\"https:\/\/kajakaskaoprema.si\/en\/trgovina\/kajaki\/zion-creek\/\" \/>\n<meta property=\"og:site_name\" content=\"Kajaka\u0161ka Oprema\" \/>\n<meta property=\"article:publisher\" content=\"https:\/\/www.facebook.com\/profile.php?id=100089048120006\" \/>\n<meta property=\"article:modified_time\" content=\"2023-05-15T13:15:14+00:00\" \/>\n<meta property=\"og:image\" content=\"https:\/\/kajakaskaoprema.si\/wp-content\/uploads\/2022\/11\/Zion-Creek.webp\" \/>\n\t<meta property=\"og:image:width\" content=\"1000\" \/>\n\t<meta property=\"og:image:height\" content=\"1000\" \/>\n\t<meta property=\"og:image:type\" content=\"image\/webp\" \/>\n<meta name=\"twitter:card\" content=\"summary_large_image\" \/>\n<meta name=\"twitter:title\" content=\"Zion Creek | Kajaka\u0161ka Oprema\" \/>\n<meta name=\"twitter:description\" content=\"Zion Creek je zelo presenetljiv, inovativen kajak, ki se razlikuje od vseh drugih. \u017de s prvimi lopaticami za\u010dutite hitrost in veliko okretnost, skorajda\" \/>\n<meta name=\"twitter:image\" content=\"https:\/\/kajakaskaoprema.si\/wp-content\/uploads\/2022\/11\/Zion-Creek.webp\" \/>\n<meta name=\"twitter:label1\" content=\"Estimated reading time\" \/>\n\t<meta name=\"twitter:data1\" content=\"1 minute\" \/>\n<!-- \/ Yoast SEO plugin. -->","yoast_head_json":{"title":"Zion Creek | Kajaka\u0161ka Oprema","description":"Zion Creek je zelo presenetljiv, inovativen kajak, ki se razlikuje od vseh drugih. \u017de s prvimi lopaticami za\u010dutite hitrost in veliko okretnost, skorajda","robots":{"index":"index","follow":"follow","max-snippet":"max-snippet:-1","max-image-preview":"max-image-preview:large","max-video-preview":"max-video-preview:-1"},"canonical":"https:\/\/kajakaskaoprema.si\/en\/trgovina\/kajaki\/zion-creek\/","og_locale":"en_GB","og_type":"article","og_title":"Zion Creek | Kajaka\u0161ka Oprema","og_description":"Zion Creek je zelo presenetljiv, inovativen kajak, ki se razlikuje od vseh drugih. \u017de s prvimi lopaticami za\u010dutite hitrost in veliko okretnost, skorajda","og_url":"https:\/\/kajakaskaoprema.si\/en\/trgovina\/kajaki\/zion-creek\/","og_site_name":"Kajaka\u0161ka Oprema","article_publisher":"https:\/\/www.facebook.com\/profile.php?id=100089048120006","article_modified_time":"2023-05-15T13:15:14+00:00","og_image":[{"width":1000,"height":1000,"url":"https:\/\/kajakaskaoprema.si\/wp-content\/uploads\/2022\/11\/Zion-Creek.webp","type":"image\/webp"}],"twitter_card":"summary_large_image","twitter_title":"Zion Creek | Kajaka\u0161ka Oprema","twitter_description":"Zion Creek je zelo presenetljiv, inovativen kajak, ki se razlikuje od vseh drugih. \u017de s prvimi lopaticami za\u010dutite hitrost in veliko okretnost, skorajda","twitter_image":"https:\/\/kajakaskaoprema.si\/wp-content\/uploads\/2022\/11\/Zion-Creek.webp","twitter_misc":{"Estimated reading time":"1 minute"},"schema":{"@context":"https:\/\/schema.org","@graph":[{"@type":["WebPage","ItemPage"],"@id":"https:\/\/kajakaskaoprema.si\/trgovina\/kajaki\/zion-creek\/","url":"https:\/\/kajakaskaoprema.si\/trgovina\/kajaki\/zion-creek\/","name":"Zion Creek | Kajaka\u0161ka Oprema","isPartOf":{"@id":"https:\/\/kajakaskaoprema.si\/#website"},"primaryImageOfPage":{"@id":"https:\/\/kajakaskaoprema.si\/trgovina\/kajaki\/zion-creek\/#primaryimage"},"image":{"@id":"https:\/\/kajakaskaoprema.si\/trgovina\/kajaki\/zion-creek\/#primaryimage"},"thumbnailUrl":"https:\/\/kajakaskaoprema.si\/wp-content\/uploads\/2022\/11\/Zion-Creek.webp","datePublished":"2022-11-17T18:41:39+00:00","dateModified":"2023-05-15T13:15:14+00:00","description":"Zion Creek je zelo presenetljiv, inovativen kajak, ki se razlikuje od vseh drugih. \u017de s prvimi lopaticami za\u010dutite hitrost in veliko okretnost, skorajda","breadcrumb":{"@id":"https:\/\/kajakaskaoprema.si\/trgovina\/kajaki\/zion-creek\/#breadcrumb"},"inLanguage":"en-GB","potentialAction":[{"@type":"ReadAction","target":["https:\/\/kajakaskaoprema.si\/trgovina\/kajaki\/zion-creek\/"]}]},{"@type":"ImageObject","inLanguage":"en-GB","@id":"https:\/\/kajakaskaoprema.si\/trgovina\/kajaki\/zion-creek\/#primaryimage","url":"https:\/\/kajakaskaoprema.si\/wp-content\/uploads\/2022\/11\/Zion-Creek.webp","contentUrl":"https:\/\/kajakaskaoprema.si\/wp-content\/uploads\/2022\/11\/Zion-Creek.webp","width":1000,"height":1000,"caption":"Zion Creek"},{"@type":"BreadcrumbList","@id":"https:\/\/kajakaskaoprema.si\/trgovina\/kajaki\/zion-creek\/#breadcrumb","itemListElement":[{"@type":"ListItem","position":1,"name":"Domov","item":"https:\/\/kajakaskaoprema.si\/"},{"@type":"ListItem","position":2,"name":"Trgovina","item":"https:\/\/kajakaskaoprema.si\/trgovina\/"},{"@type":"ListItem","position":3,"name":"Kajaki","item":"https:\/\/kajakaskaoprema.si\/kolekcije\/kajaki\/"},{"@type":"ListItem","position":4,"name":"Zion Creek"}]},{"@type":"WebSite","@id":"https:\/\/kajakaskaoprema.si\/#website","url":"https:\/\/kajakaskaoprema.si\/","name":"Kajaka\u0161ka Oprema","description":"Spletna trgovina s kajaka\u0161ko opremo svetovno priznanih znamk. Idealno za vse ljubitelje adrenalina in vodnih \u0161portov.","publisher":{"@id":"https:\/\/kajakaskaoprema.si\/#organization"},"potentialAction":[{"@type":"SearchAction","target":{"@type":"EntryPoint","urlTemplate":"https:\/\/kajakaskaoprema.si\/?s={search_term_string}"},"query-input":{"@type":"PropertyValueSpecification","valueRequired":true,"valueName":"search_term_string"}}],"inLanguage":"en-GB"},{"@type":"Organization","@id":"https:\/\/kajakaskaoprema.si\/#organization","name":"Kajaka\u0161ka Oprema","url":"https:\/\/kajakaskaoprema.si\/","logo":{"@type":"ImageObject","inLanguage":"en-GB","@id":"https:\/\/kajakaskaoprema.si\/#\/schema\/logo\/image\/","url":"https:\/\/kajakaskaoprema.si\/wp-content\/uploads\/2022\/12\/Logo_Kajakaska-Oprema.png","contentUrl":"https:\/\/kajakaskaoprema.si\/wp-content\/uploads\/2022\/12\/Logo_Kajakaska-Oprema.png","width":250,"height":69,"caption":"Kajaka\u0161ka Oprema"},"image":{"@id":"https:\/\/kajakaskaoprema.si\/#\/schema\/logo\/image\/"},"sameAs":["https:\/\/www.facebook.com\/profile.php?id=100089048120006","https:\/\/www.instagram.com\/kajakaska_oprema\/?fbclid=IwAR2wP1CpCpqaC63UyJF_RvVrzwwz_bz6YVmg02z_LdA4tZuWdCWYKBih7zQ"]}]}},"_links":{"self":[{"href":"https:\/\/kajakaskaoprema.si\/en\/wp-json\/wp\/v2\/product\/7083","targetHints":{"allow":["GET"]}}],"collection":[{"href":"https:\/\/kajakaskaoprema.si\/en\/wp-json\/wp\/v2\/product"}],"about":[{"href":"https:\/\/kajakaskaoprema.si\/en\/wp-json\/wp\/v2\/types\/product"}],"replies":[{"embeddable":true,"href":"https:\/\/kajakaskaoprema.si\/en\/wp-json\/wp\/v2\/comments?post=7083"}],"wp:featuredmedia":[{"embeddable":true,"href":"https:\/\/kajakaskaoprema.si\/en\/wp-json\/wp\/v2\/media\/7036"}],"wp:attachment":[{"href":"https:\/\/kajakaskaoprema.si\/en\/wp-json\/wp\/v2\/media?parent=7083"}],"wp:term":[{"taxonomy":"product_brand","embeddable":true,"href":"https:\/\/kajakaskaoprema.si\/en\/wp-json\/wp\/v2\/product_brand?post=7083"},{"taxonomy":"product_cat","embeddable":true,"href":"https:\/\/kajakaskaoprema.si\/en\/wp-json\/wp\/v2\/product_cat?post=7083"},{"taxonomy":"product_tag","embeddable":true,"href":"https:\/\/kajakaskaoprema.si\/en\/wp-json\/wp\/v2\/product_tag?post=7083"}],"curies":[{"name":"wp","href":"https:\/\/api.w.org\/{rel}","templated":true}]}}