{"id":7079,"date":"2022-11-17T19:36:40","date_gmt":"2022-11-17T18:36:40","guid":{"rendered":"https:\/\/kajakaskaoprema.si\/?post_type=product&#038;p=7079"},"modified":"2023-03-28T17:08:38","modified_gmt":"2023-03-28T15:08:38","slug":"rexy","status":"publish","type":"product","link":"https:\/\/kajakaskaoprema.si\/en\/trgovina\/kajaki\/rexy\/","title":{"rendered":"Rexy"},"content":{"rendered":"<p>Building on the design development of the T-Rex L and T-Rex S, Riverplay has been created with excellent performance and guaranteed fun. Fast and manoeuvrable, the Rexy satisfies canoeists who live on the river with play and passion, suitable for medium-sized rivers.<\/p>","protected":false},"excerpt":{"rendered":"<p>Building on the design development of the T-Rex L and T-Rex S, Riverplay has been created with excellent performance and guaranteed fun. Fast and manoeuvrable, the Rexy satisfies canoeists who live on the river with play and passion, suitable for medium-sized rivers.<\/p>","protected":false},"featured_media":7058,"comment_status":"open","ping_status":"closed","template":"","meta":{"_et_pb_use_builder":"","_et_pb_old_content":"","_et_gb_content_width":""},"product_brand":[],"product_cat":[322],"product_tag":[324,325],"class_list":{"0":"post-7079","1":"product","2":"type-product","3":"status-publish","4":"has-post-thumbnail","6":"product_cat-kajaki","7":"product_tag-kajak","8":"product_tag-rexy","9":"pa_barva-rdeca","10":"pa_barva-modra","11":"pa_barva-zelena","13":"first","14":"instock","15":"sale","16":"shipping-taxable","17":"purchasable","18":"product-type-variable","19":"has-default-attributes"},"yoast_head":"<!-- This site is optimized with the Yoast SEO plugin v27.0 - https:\/\/yoast.com\/product\/yoast-seo-wordpress\/ -->\n<title>Rexy | Kajaka\u0161ka Oprema<\/title>\n<meta name=\"description\" content=\"Na podlagi oblikovnega razvoja modelov T-Rex L in T-Rex S je nastal Riverplay z odli\u010dno zmogljivostjo in zagotovljeno zabavo. Rexy, hiter in okreten,\" \/>\n<meta name=\"robots\" content=\"index, follow, max-snippet:-1, max-image-preview:large, max-video-preview:-1\" \/>\n<link rel=\"canonical\" href=\"https:\/\/kajakaskaoprema.si\/en\/trgovina\/kajaki\/rexy\/\" \/>\n<meta property=\"og:locale\" content=\"en_GB\" \/>\n<meta property=\"og:type\" content=\"article\" \/>\n<meta property=\"og:title\" content=\"Rexy | Kajaka\u0161ka Oprema\" \/>\n<meta property=\"og:description\" content=\"Na podlagi oblikovnega razvoja modelov T-Rex L in T-Rex S je nastal Riverplay z odli\u010dno zmogljivostjo in zagotovljeno zabavo. Rexy, hiter in okreten,\" \/>\n<meta property=\"og:url\" content=\"https:\/\/kajakaskaoprema.si\/en\/trgovina\/kajaki\/rexy\/\" \/>\n<meta property=\"og:site_name\" content=\"Kajaka\u0161ka Oprema\" \/>\n<meta property=\"article:publisher\" content=\"https:\/\/www.facebook.com\/profile.php?id=100089048120006\" \/>\n<meta property=\"article:modified_time\" content=\"2023-03-28T15:08:38+00:00\" \/>\n<meta property=\"og:image\" content=\"https:\/\/kajakaskaoprema.si\/wp-content\/uploads\/2022\/11\/Rexy.webp\" \/>\n\t<meta property=\"og:image:width\" content=\"1000\" \/>\n\t<meta property=\"og:image:height\" content=\"1000\" \/>\n\t<meta property=\"og:image:type\" content=\"image\/webp\" \/>\n<meta name=\"twitter:card\" content=\"summary_large_image\" \/>\n<meta name=\"twitter:title\" content=\"Rexy | Kajaka\u0161ka Oprema\" \/>\n<meta name=\"twitter:description\" content=\"Na podlagi oblikovnega razvoja modelov T-Rex L in T-Rex S je nastal Riverplay z odli\u010dno zmogljivostjo in zagotovljeno zabavo. Rexy, hiter in okreten,\" \/>\n<meta name=\"twitter:image\" content=\"https:\/\/kajakaskaoprema.si\/wp-content\/uploads\/2022\/11\/Rexy.webp\" \/>\n<meta name=\"twitter:label1\" content=\"Estimated reading time\" \/>\n\t<meta name=\"twitter:data1\" content=\"1 minute\" \/>\n<!-- \/ Yoast SEO plugin. -->","yoast_head_json":{"title":"Rexy | Kajaka\u0161ka Oprema","description":"Na podlagi oblikovnega razvoja modelov T-Rex L in T-Rex S je nastal Riverplay z odli\u010dno zmogljivostjo in zagotovljeno zabavo. Rexy, hiter in okreten,","robots":{"index":"index","follow":"follow","max-snippet":"max-snippet:-1","max-image-preview":"max-image-preview:large","max-video-preview":"max-video-preview:-1"},"canonical":"https:\/\/kajakaskaoprema.si\/en\/trgovina\/kajaki\/rexy\/","og_locale":"en_GB","og_type":"article","og_title":"Rexy | Kajaka\u0161ka Oprema","og_description":"Na podlagi oblikovnega razvoja modelov T-Rex L in T-Rex S je nastal Riverplay z odli\u010dno zmogljivostjo in zagotovljeno zabavo. Rexy, hiter in okreten,","og_url":"https:\/\/kajakaskaoprema.si\/en\/trgovina\/kajaki\/rexy\/","og_site_name":"Kajaka\u0161ka Oprema","article_publisher":"https:\/\/www.facebook.com\/profile.php?id=100089048120006","article_modified_time":"2023-03-28T15:08:38+00:00","og_image":[{"width":1000,"height":1000,"url":"https:\/\/kajakaskaoprema.si\/wp-content\/uploads\/2022\/11\/Rexy.webp","type":"image\/webp"}],"twitter_card":"summary_large_image","twitter_title":"Rexy | Kajaka\u0161ka Oprema","twitter_description":"Na podlagi oblikovnega razvoja modelov T-Rex L in T-Rex S je nastal Riverplay z odli\u010dno zmogljivostjo in zagotovljeno zabavo. Rexy, hiter in okreten,","twitter_image":"https:\/\/kajakaskaoprema.si\/wp-content\/uploads\/2022\/11\/Rexy.webp","twitter_misc":{"Estimated reading time":"1 minute"},"schema":{"@context":"https:\/\/schema.org","@graph":[{"@type":["WebPage","ItemPage"],"@id":"https:\/\/kajakaskaoprema.si\/trgovina\/kajaki\/rexy\/","url":"https:\/\/kajakaskaoprema.si\/trgovina\/kajaki\/rexy\/","name":"Rexy | Kajaka\u0161ka Oprema","isPartOf":{"@id":"https:\/\/kajakaskaoprema.si\/#website"},"primaryImageOfPage":{"@id":"https:\/\/kajakaskaoprema.si\/trgovina\/kajaki\/rexy\/#primaryimage"},"image":{"@id":"https:\/\/kajakaskaoprema.si\/trgovina\/kajaki\/rexy\/#primaryimage"},"thumbnailUrl":"https:\/\/kajakaskaoprema.si\/wp-content\/uploads\/2022\/11\/Rexy.webp","datePublished":"2022-11-17T18:36:40+00:00","dateModified":"2023-03-28T15:08:38+00:00","description":"Na podlagi oblikovnega razvoja modelov T-Rex L in T-Rex S je nastal Riverplay z odli\u010dno zmogljivostjo in zagotovljeno zabavo. Rexy, hiter in okreten,","breadcrumb":{"@id":"https:\/\/kajakaskaoprema.si\/trgovina\/kajaki\/rexy\/#breadcrumb"},"inLanguage":"en-GB","potentialAction":[{"@type":"ReadAction","target":["https:\/\/kajakaskaoprema.si\/trgovina\/kajaki\/rexy\/"]}]},{"@type":"ImageObject","inLanguage":"en-GB","@id":"https:\/\/kajakaskaoprema.si\/trgovina\/kajaki\/rexy\/#primaryimage","url":"https:\/\/kajakaskaoprema.si\/wp-content\/uploads\/2022\/11\/Rexy.webp","contentUrl":"https:\/\/kajakaskaoprema.si\/wp-content\/uploads\/2022\/11\/Rexy.webp","width":1000,"height":1000,"caption":"Rexy"},{"@type":"BreadcrumbList","@id":"https:\/\/kajakaskaoprema.si\/trgovina\/kajaki\/rexy\/#breadcrumb","itemListElement":[{"@type":"ListItem","position":1,"name":"Domov","item":"https:\/\/kajakaskaoprema.si\/"},{"@type":"ListItem","position":2,"name":"Trgovina","item":"https:\/\/kajakaskaoprema.si\/trgovina\/"},{"@type":"ListItem","position":3,"name":"Kajaki","item":"https:\/\/kajakaskaoprema.si\/kolekcije\/kajaki\/"},{"@type":"ListItem","position":4,"name":"Rexy"}]},{"@type":"WebSite","@id":"https:\/\/kajakaskaoprema.si\/#website","url":"https:\/\/kajakaskaoprema.si\/","name":"Kajaka\u0161ka Oprema","description":"Spletna trgovina s kajaka\u0161ko opremo svetovno priznanih znamk. Idealno za vse ljubitelje adrenalina in vodnih \u0161portov.","publisher":{"@id":"https:\/\/kajakaskaoprema.si\/#organization"},"potentialAction":[{"@type":"SearchAction","target":{"@type":"EntryPoint","urlTemplate":"https:\/\/kajakaskaoprema.si\/?s={search_term_string}"},"query-input":{"@type":"PropertyValueSpecification","valueRequired":true,"valueName":"search_term_string"}}],"inLanguage":"en-GB"},{"@type":"Organization","@id":"https:\/\/kajakaskaoprema.si\/#organization","name":"Kajaka\u0161ka Oprema","url":"https:\/\/kajakaskaoprema.si\/","logo":{"@type":"ImageObject","inLanguage":"en-GB","@id":"https:\/\/kajakaskaoprema.si\/#\/schema\/logo\/image\/","url":"https:\/\/kajakaskaoprema.si\/wp-content\/uploads\/2022\/12\/Logo_Kajakaska-Oprema.png","contentUrl":"https:\/\/kajakaskaoprema.si\/wp-content\/uploads\/2022\/12\/Logo_Kajakaska-Oprema.png","width":250,"height":69,"caption":"Kajaka\u0161ka Oprema"},"image":{"@id":"https:\/\/kajakaskaoprema.si\/#\/schema\/logo\/image\/"},"sameAs":["https:\/\/www.facebook.com\/profile.php?id=100089048120006","https:\/\/www.instagram.com\/kajakaska_oprema\/?fbclid=IwAR2wP1CpCpqaC63UyJF_RvVrzwwz_bz6YVmg02z_LdA4tZuWdCWYKBih7zQ"]}]}},"_links":{"self":[{"href":"https:\/\/kajakaskaoprema.si\/en\/wp-json\/wp\/v2\/product\/7079","targetHints":{"allow":["GET"]}}],"collection":[{"href":"https:\/\/kajakaskaoprema.si\/en\/wp-json\/wp\/v2\/product"}],"about":[{"href":"https:\/\/kajakaskaoprema.si\/en\/wp-json\/wp\/v2\/types\/product"}],"replies":[{"embeddable":true,"href":"https:\/\/kajakaskaoprema.si\/en\/wp-json\/wp\/v2\/comments?post=7079"}],"wp:featuredmedia":[{"embeddable":true,"href":"https:\/\/kajakaskaoprema.si\/en\/wp-json\/wp\/v2\/media\/7058"}],"wp:attachment":[{"href":"https:\/\/kajakaskaoprema.si\/en\/wp-json\/wp\/v2\/media?parent=7079"}],"wp:term":[{"taxonomy":"product_brand","embeddable":true,"href":"https:\/\/kajakaskaoprema.si\/en\/wp-json\/wp\/v2\/product_brand?post=7079"},{"taxonomy":"product_cat","embeddable":true,"href":"https:\/\/kajakaskaoprema.si\/en\/wp-json\/wp\/v2\/product_cat?post=7079"},{"taxonomy":"product_tag","embeddable":true,"href":"https:\/\/kajakaskaoprema.si\/en\/wp-json\/wp\/v2\/product_tag?post=7079"}],"curies":[{"name":"wp","href":"https:\/\/api.w.org\/{rel}","templated":true}]}}