{"id":7075,"date":"2022-11-17T19:25:32","date_gmt":"2022-11-17T18:25:32","guid":{"rendered":"https:\/\/kajakaskaoprema.si\/?post_type=product&#038;p=7075"},"modified":"2023-04-17T23:32:56","modified_gmt":"2023-04-17T21:32:56","slug":"t-rex-s","status":"publish","type":"product","link":"https:\/\/kajakaskaoprema.si\/en\/trgovina\/kajaki\/t-rex-s\/","title":{"rendered":"T-Rex S"},"content":{"rendered":"<p><strong>Model S dopolnjuje serijo modelov T-rex in je primeren za kajaka\u0161ev od 50 do 75 kg.<\/strong><\/p>\n<p>The T-Rex S was born as a team project: after testing, comparing ideas and prototypes, it became Exo's first major success in the freestyle kayak sector.<\/p>\n<p>The continuous rocker together with the flatter tail allow easy rebound without reducing boat speed. The rounded sides make the boat stable and easy to manoeuvre even at speed; turning has never been easier. The upper part of the hull is optimised for predictable surfacing.<\/p>\n<p>Its unique rounded shape makes it the ideal kayak for keen kayakers and beginners looking for a stable and responsive boat. Despite the large size of the T-Rex S, the thoughtful volume distribution gives the impression that you're paddling a smaller boat, but you'll feel the benefits of volume as soon as you need it!<\/p>\n<p>Our goal was to build a boat that is durable and uncompromising, and ideal for steep streams, high volumes and high-course racing. Try it for yourself and see for yourself that we're right!<\/p>\n<p>Like the other models, it is equipped with easy-to-adjust but solid and stable equipment, making it the best boat for experts and beginners alike.<\/p>\n<p>Tako kot drugi modeli &#8220;X&#8221; &#8211; Xt, Xg, Xm, XP3 in XW1 &#8211; je bil tudi T-Rex S v celoti zasnovan v postopku ra\u010dunalni\u0161ko podprtega na\u010drtovanja, ki vklju\u010duje neverjetno \u0161tevilo programskih simulacij obna\u0161anja modela v dinamiki in razli\u010dnih vodnih okoljih.<\/p>","protected":false},"excerpt":{"rendered":"<p>Model S dopolnjuje serijo modelov T-rex in je primeren za kajaka\u0161ev od 50 do 75 kg. T-Rex S se je rodil v okviru timskega projekta: po testiranju, primerjanju idej in prototipov se je uveljavil kot prvi velik uspeh znamke Exo na podro\u010dju kajakov za prosti slog. Neprekinjen rocker skupaj s polo\u017enej\u0161im repom omogo\u010data enostaven odboj [&hellip;]<\/p>\n","protected":false},"featured_media":7041,"comment_status":"open","ping_status":"closed","template":"","meta":{"_et_pb_use_builder":"","_et_pb_old_content":"","_et_gb_content_width":""},"product_brand":[],"product_cat":[322],"product_tag":[324,323],"class_list":{"0":"post-7075","1":"product","2":"type-product","3":"status-publish","4":"has-post-thumbnail","6":"product_cat-kajaki","7":"product_tag-kajak","8":"product_tag-t-rex","9":"pa_barva-rdeca","10":"pa_barva-modra","12":"first","13":"instock","14":"sale","15":"shipping-taxable","16":"purchasable","17":"product-type-variable","18":"has-default-attributes"},"yoast_head":"<!-- This site is optimized with the Yoast SEO plugin v27.0 - https:\/\/yoast.com\/product\/yoast-seo-wordpress\/ -->\n<title>T-Rex S | Kajaka\u0161ka Oprema<\/title>\n<meta name=\"description\" content=\"Model S dopolnjuje serijo modelov T-rex in je primeren za kajaka\u0161ev od 50 do 75 kg. T-Rex S se je rodil v okviru timskega projekta: po testiranju,\" \/>\n<meta name=\"robots\" content=\"index, follow, max-snippet:-1, max-image-preview:large, max-video-preview:-1\" \/>\n<link rel=\"canonical\" href=\"https:\/\/kajakaskaoprema.si\/en\/trgovina\/kajaki\/t-rex-s\/\" \/>\n<meta property=\"og:locale\" content=\"en_GB\" \/>\n<meta property=\"og:type\" content=\"article\" \/>\n<meta property=\"og:title\" content=\"T-Rex S | Kajaka\u0161ka Oprema\" \/>\n<meta property=\"og:description\" content=\"Model S dopolnjuje serijo modelov T-rex in je primeren za kajaka\u0161ev od 50 do 75 kg. T-Rex S se je rodil v okviru timskega projekta: po testiranju,\" \/>\n<meta property=\"og:url\" content=\"https:\/\/kajakaskaoprema.si\/en\/trgovina\/kajaki\/t-rex-s\/\" \/>\n<meta property=\"og:site_name\" content=\"Kajaka\u0161ka Oprema\" \/>\n<meta property=\"article:publisher\" content=\"https:\/\/www.facebook.com\/profile.php?id=100089048120006\" \/>\n<meta property=\"article:modified_time\" content=\"2023-04-17T21:32:56+00:00\" \/>\n<meta property=\"og:image\" content=\"https:\/\/kajakaskaoprema.si\/wp-content\/uploads\/2022\/11\/T-Rex-S.webp\" \/>\n\t<meta property=\"og:image:width\" content=\"1000\" \/>\n\t<meta property=\"og:image:height\" content=\"1000\" \/>\n\t<meta property=\"og:image:type\" content=\"image\/webp\" \/>\n<meta name=\"twitter:card\" content=\"summary_large_image\" \/>\n<meta name=\"twitter:title\" content=\"T-Rex S | Kajaka\u0161ka Oprema\" \/>\n<meta name=\"twitter:description\" content=\"Model S dopolnjuje serijo modelov T-rex in je primeren za kajaka\u0161ev od 50 do 75 kg. T-Rex S se je rodil v okviru timskega projekta: po testiranju,\" \/>\n<meta name=\"twitter:image\" content=\"https:\/\/kajakaskaoprema.si\/wp-content\/uploads\/2022\/11\/T-Rex-S.webp\" \/>\n<meta name=\"twitter:label1\" content=\"Estimated reading time\" \/>\n\t<meta name=\"twitter:data1\" content=\"2 minutes\" \/>\n<!-- \/ Yoast SEO plugin. -->","yoast_head_json":{"title":"T-Rex S | Kajaka\u0161ka Oprema","description":"Model S dopolnjuje serijo modelov T-rex in je primeren za kajaka\u0161ev od 50 do 75 kg. T-Rex S se je rodil v okviru timskega projekta: po testiranju,","robots":{"index":"index","follow":"follow","max-snippet":"max-snippet:-1","max-image-preview":"max-image-preview:large","max-video-preview":"max-video-preview:-1"},"canonical":"https:\/\/kajakaskaoprema.si\/en\/trgovina\/kajaki\/t-rex-s\/","og_locale":"en_GB","og_type":"article","og_title":"T-Rex S | Kajaka\u0161ka Oprema","og_description":"Model S dopolnjuje serijo modelov T-rex in je primeren za kajaka\u0161ev od 50 do 75 kg. T-Rex S se je rodil v okviru timskega projekta: po testiranju,","og_url":"https:\/\/kajakaskaoprema.si\/en\/trgovina\/kajaki\/t-rex-s\/","og_site_name":"Kajaka\u0161ka Oprema","article_publisher":"https:\/\/www.facebook.com\/profile.php?id=100089048120006","article_modified_time":"2023-04-17T21:32:56+00:00","og_image":[{"width":1000,"height":1000,"url":"https:\/\/kajakaskaoprema.si\/wp-content\/uploads\/2022\/11\/T-Rex-S.webp","type":"image\/webp"}],"twitter_card":"summary_large_image","twitter_title":"T-Rex S | Kajaka\u0161ka Oprema","twitter_description":"Model S dopolnjuje serijo modelov T-rex in je primeren za kajaka\u0161ev od 50 do 75 kg. T-Rex S se je rodil v okviru timskega projekta: po testiranju,","twitter_image":"https:\/\/kajakaskaoprema.si\/wp-content\/uploads\/2022\/11\/T-Rex-S.webp","twitter_misc":{"Estimated reading time":"2 minutes"},"schema":{"@context":"https:\/\/schema.org","@graph":[{"@type":["WebPage","ItemPage"],"@id":"https:\/\/kajakaskaoprema.si\/trgovina\/kajaki\/t-rex-s\/","url":"https:\/\/kajakaskaoprema.si\/trgovina\/kajaki\/t-rex-s\/","name":"T-Rex S | Kajaka\u0161ka Oprema","isPartOf":{"@id":"https:\/\/kajakaskaoprema.si\/#website"},"primaryImageOfPage":{"@id":"https:\/\/kajakaskaoprema.si\/trgovina\/kajaki\/t-rex-s\/#primaryimage"},"image":{"@id":"https:\/\/kajakaskaoprema.si\/trgovina\/kajaki\/t-rex-s\/#primaryimage"},"thumbnailUrl":"https:\/\/kajakaskaoprema.si\/wp-content\/uploads\/2022\/11\/T-Rex-S.webp","datePublished":"2022-11-17T18:25:32+00:00","dateModified":"2023-04-17T21:32:56+00:00","description":"Model S dopolnjuje serijo modelov T-rex in je primeren za kajaka\u0161ev od 50 do 75 kg. T-Rex S se je rodil v okviru timskega projekta: po testiranju,","breadcrumb":{"@id":"https:\/\/kajakaskaoprema.si\/trgovina\/kajaki\/t-rex-s\/#breadcrumb"},"inLanguage":"en-GB","potentialAction":[{"@type":"ReadAction","target":["https:\/\/kajakaskaoprema.si\/trgovina\/kajaki\/t-rex-s\/"]}]},{"@type":"ImageObject","inLanguage":"en-GB","@id":"https:\/\/kajakaskaoprema.si\/trgovina\/kajaki\/t-rex-s\/#primaryimage","url":"https:\/\/kajakaskaoprema.si\/wp-content\/uploads\/2022\/11\/T-Rex-S.webp","contentUrl":"https:\/\/kajakaskaoprema.si\/wp-content\/uploads\/2022\/11\/T-Rex-S.webp","width":1000,"height":1000,"caption":"T-Rex S"},{"@type":"BreadcrumbList","@id":"https:\/\/kajakaskaoprema.si\/trgovina\/kajaki\/t-rex-s\/#breadcrumb","itemListElement":[{"@type":"ListItem","position":1,"name":"Domov","item":"https:\/\/kajakaskaoprema.si\/"},{"@type":"ListItem","position":2,"name":"Trgovina","item":"https:\/\/kajakaskaoprema.si\/trgovina\/"},{"@type":"ListItem","position":3,"name":"Kajaki","item":"https:\/\/kajakaskaoprema.si\/kolekcije\/kajaki\/"},{"@type":"ListItem","position":4,"name":"T-Rex S"}]},{"@type":"WebSite","@id":"https:\/\/kajakaskaoprema.si\/#website","url":"https:\/\/kajakaskaoprema.si\/","name":"Kajaka\u0161ka Oprema","description":"Spletna trgovina s kajaka\u0161ko opremo svetovno priznanih znamk. Idealno za vse ljubitelje adrenalina in vodnih \u0161portov.","publisher":{"@id":"https:\/\/kajakaskaoprema.si\/#organization"},"potentialAction":[{"@type":"SearchAction","target":{"@type":"EntryPoint","urlTemplate":"https:\/\/kajakaskaoprema.si\/?s={search_term_string}"},"query-input":{"@type":"PropertyValueSpecification","valueRequired":true,"valueName":"search_term_string"}}],"inLanguage":"en-GB"},{"@type":"Organization","@id":"https:\/\/kajakaskaoprema.si\/#organization","name":"Kajaka\u0161ka Oprema","url":"https:\/\/kajakaskaoprema.si\/","logo":{"@type":"ImageObject","inLanguage":"en-GB","@id":"https:\/\/kajakaskaoprema.si\/#\/schema\/logo\/image\/","url":"https:\/\/kajakaskaoprema.si\/wp-content\/uploads\/2022\/12\/Logo_Kajakaska-Oprema.png","contentUrl":"https:\/\/kajakaskaoprema.si\/wp-content\/uploads\/2022\/12\/Logo_Kajakaska-Oprema.png","width":250,"height":69,"caption":"Kajaka\u0161ka Oprema"},"image":{"@id":"https:\/\/kajakaskaoprema.si\/#\/schema\/logo\/image\/"},"sameAs":["https:\/\/www.facebook.com\/profile.php?id=100089048120006","https:\/\/www.instagram.com\/kajakaska_oprema\/?fbclid=IwAR2wP1CpCpqaC63UyJF_RvVrzwwz_bz6YVmg02z_LdA4tZuWdCWYKBih7zQ"]}]}},"_links":{"self":[{"href":"https:\/\/kajakaskaoprema.si\/en\/wp-json\/wp\/v2\/product\/7075","targetHints":{"allow":["GET"]}}],"collection":[{"href":"https:\/\/kajakaskaoprema.si\/en\/wp-json\/wp\/v2\/product"}],"about":[{"href":"https:\/\/kajakaskaoprema.si\/en\/wp-json\/wp\/v2\/types\/product"}],"replies":[{"embeddable":true,"href":"https:\/\/kajakaskaoprema.si\/en\/wp-json\/wp\/v2\/comments?post=7075"}],"wp:featuredmedia":[{"embeddable":true,"href":"https:\/\/kajakaskaoprema.si\/en\/wp-json\/wp\/v2\/media\/7041"}],"wp:attachment":[{"href":"https:\/\/kajakaskaoprema.si\/en\/wp-json\/wp\/v2\/media?parent=7075"}],"wp:term":[{"taxonomy":"product_brand","embeddable":true,"href":"https:\/\/kajakaskaoprema.si\/en\/wp-json\/wp\/v2\/product_brand?post=7075"},{"taxonomy":"product_cat","embeddable":true,"href":"https:\/\/kajakaskaoprema.si\/en\/wp-json\/wp\/v2\/product_cat?post=7075"},{"taxonomy":"product_tag","embeddable":true,"href":"https:\/\/kajakaskaoprema.si\/en\/wp-json\/wp\/v2\/product_tag?post=7075"}],"curies":[{"name":"wp","href":"https:\/\/api.w.org\/{rel}","templated":true}]}}