{"id":6991,"date":"2022-11-16T18:41:20","date_gmt":"2022-11-16T17:41:20","guid":{"rendered":"https:\/\/kajakaskaoprema.si\/?post_type=product&#038;p=6991"},"modified":"2025-11-15T11:11:46","modified_gmt":"2025-11-15T10:11:46","slug":"anorak-hiko-pilot","status":"publish","type":"product","link":"https:\/\/kajakaskaoprema.si\/en\/trgovina\/anoraki\/anorak-hiko-pilot\/","title":{"rendered":"Cag HIKO Pilot"},"content":{"rendered":"<h1 data-start=\"144\" data-end=\"211\">Anorak HIKO PILOT \u2013 udoben, enostaven za uporabo in izjemno vzdr\u017eljiv<\/h1>\n<p data-start=\"213\" data-end=\"548\">PILOT anorak je zasnovan za udobje, preprosto uporabo in dolgotrajno vzdr\u017eljivost pri vsakodnevnih vodnih aktivnostih. Zaradi premi\u0161ljene konstrukcije in uporabniku prijaznih detajlov je odli\u010dna izbira tako za komercialno uporabo (izposoje, rafting) kot za zasebne uporabnike, ki \u017eelijo zanesljivo za\u0161\u010dito pred pr\u0161enjem vode in vetrom.<\/p>\n<h2 data-start=\"550\" data-end=\"585\">Klju\u010dne lastnosti PILOT anoraka<\/h2>\n<ul data-start=\"587\" data-end=\"1463\">\n<li data-start=\"587\" data-end=\"689\">\n<p data-start=\"589\" data-end=\"689\"><strong data-start=\"589\" data-end=\"640\">Udoben kroj in \u0161iroko odprt neoprenski ovratnik<\/strong> omogo\u010data hitro obla\u010denje in svobodno gibanje.<\/p>\n<\/li>\n<li data-start=\"690\" data-end=\"809\">\n<p data-start=\"692\" data-end=\"809\"><strong data-start=\"692\" data-end=\"739\">Neoprenski ovratnik z nastavitvijo na je\u017eka<\/strong> prepre\u010duje prost vdor vode in omogo\u010da hitro prilagoditev tesnjenja.<\/p>\n<\/li>\n<li data-start=\"810\" data-end=\"941\">\n<p data-start=\"812\" data-end=\"941\"><strong data-start=\"812\" data-end=\"858\">Podalj\u0161ane neoprenske man\u0161ete na zapestjih<\/strong> zagotavljajo dobro tesnjenje, hkrati pa ostanejo udobne tudi pri dalj\u0161i uporabi.<\/p>\n<\/li>\n<li data-start=\"942\" data-end=\"1052\">\n<p data-start=\"944\" data-end=\"1052\"><strong data-start=\"944\" data-end=\"971\">Pas z nedrse\u010do prevleko<\/strong> prepre\u010duje dvigovanje anoraka med veslanjem in zagotavlja stabilno prileganje.<\/p>\n<\/li>\n<li data-start=\"1053\" data-end=\"1148\">\n<p data-start=\"1055\" data-end=\"1148\"><strong data-start=\"1055\" data-end=\"1092\">Na voljo v 7 velikostih (XS\u2013XXXL)<\/strong>, zato se lahko natan\u010dno prilagodi razli\u010dnim postavam.<\/p>\n<\/li>\n<li data-start=\"1149\" data-end=\"1293\">\n<p data-start=\"1151\" data-end=\"1293\"><strong data-start=\"1151\" data-end=\"1191\">Barvno ozna\u010dene velikosti na rokavih<\/strong> omogo\u010dajo hitro prepoznavanje velikosti in enostavnej\u0161o organizacijo v izposojevalnicah in centrih.<\/p>\n<\/li>\n<li data-start=\"1294\" data-end=\"1463\">\n<p data-start=\"1296\" data-end=\"1463\"><strong data-start=\"1296\" data-end=\"1331\">Zasnovan za komercialno uporabo<\/strong>, kot sta rafting in izposoja opreme, a ga bodo zaradi enostavne uporabe in udobja z veseljem uporabljali tudi rekreativni kajaka\u0161i.<\/p>\n<\/li>\n<\/ul>","protected":false},"excerpt":{"rendered":"<p>Anorak HIKO PILOT \u2013 udoben, enostaven za uporabo in izjemno vzdr\u017eljiv PILOT anorak je zasnovan za udobje, preprosto uporabo in dolgotrajno vzdr\u017eljivost pri vsakodnevnih vodnih aktivnostih. Zaradi premi\u0161ljene konstrukcije in uporabniku prijaznih detajlov je odli\u010dna izbira tako za komercialno uporabo (izposoje, rafting) kot za zasebne uporabnike, ki \u017eelijo zanesljivo za\u0161\u010dito pred pr\u0161enjem vode in vetrom. [&hellip;]<\/p>\n","protected":false},"featured_media":6791,"comment_status":"open","ping_status":"closed","template":"","meta":{"_et_pb_use_builder":"","_et_pb_old_content":"","_et_gb_content_width":""},"product_brand":[],"product_cat":[197,202],"product_tag":[308,320],"class_list":{"0":"post-6991","1":"product","2":"type-product","3":"status-publish","4":"has-post-thumbnail","6":"product_cat-anoraki","7":"product_cat-razprodaja","8":"product_tag-anorak","9":"product_tag-pilot","10":"pa_barva-rdeca","11":"pa_barva-turkizna","12":"pa_barva-cian","13":"pa_velikost-xs","14":"pa_velikost-s","15":"pa_velikost-m","16":"pa_velikost-l","17":"pa_velikost-xl","18":"pa_velikost-xxl","19":"pa_velikost-xxxl","21":"first","22":"instock","23":"shipping-taxable","24":"purchasable","25":"product-type-variable","26":"has-default-attributes"},"yoast_head":"<!-- This site is optimized with the Yoast SEO plugin v27.0 - https:\/\/yoast.com\/product\/yoast-seo-wordpress\/ -->\n<title>Anorak HIKO Pilot | Kajaka\u0161ka Oprema<\/title>\n<meta name=\"description\" content=\"Anorak HIKO Pilot nudi udobje, hitro obla\u010denje in za\u0161\u010dito pred pr\u0161enjem. Odli\u010den za vsakodnevno veslanje, touring in rekreativne kajaka\u0161e.\" \/>\n<meta name=\"robots\" content=\"index, follow, max-snippet:-1, max-image-preview:large, max-video-preview:-1\" \/>\n<link rel=\"canonical\" href=\"https:\/\/kajakaskaoprema.si\/en\/trgovina\/anoraki\/anorak-hiko-pilot\/\" \/>\n<meta property=\"og:locale\" content=\"en_GB\" \/>\n<meta property=\"og:type\" content=\"article\" \/>\n<meta property=\"og:title\" content=\"Anorak HIKO Pilot | Kajaka\u0161ka Oprema\" \/>\n<meta property=\"og:description\" content=\"Anorak HIKO PILOT \u2013 udoben, enostaven za uporabo in izjemno vzdr\u017eljiv PILOT anorak je zasnovan za udobje, preprosto uporabo in dolgotrajno vzdr\u017eljivost\" \/>\n<meta property=\"og:url\" content=\"https:\/\/kajakaskaoprema.si\/en\/trgovina\/anoraki\/anorak-hiko-pilot\/\" \/>\n<meta property=\"og:site_name\" content=\"Kajaka\u0161ka Oprema\" \/>\n<meta property=\"article:publisher\" content=\"https:\/\/www.facebook.com\/profile.php?id=100089048120006\" \/>\n<meta property=\"article:modified_time\" content=\"2025-11-15T10:11:46+00:00\" \/>\n<meta property=\"og:image\" content=\"https:\/\/kajakaskaoprema.si\/wp-content\/uploads\/2022\/11\/Pilot.webp\" \/>\n\t<meta property=\"og:image:width\" content=\"1000\" \/>\n\t<meta property=\"og:image:height\" content=\"1000\" \/>\n\t<meta property=\"og:image:type\" content=\"image\/webp\" \/>\n<meta name=\"twitter:card\" content=\"summary_large_image\" \/>\n<meta name=\"twitter:title\" content=\"Anorak HIKO Pilot | Kajaka\u0161ka Oprema\" \/>\n<meta name=\"twitter:description\" content=\"Anorak HIKO PILOT \u2013 udoben, enostaven za uporabo in izjemno vzdr\u017eljiv PILOT anorak je zasnovan za udobje, preprosto uporabo in dolgotrajno vzdr\u017eljivost\" \/>\n<meta name=\"twitter:image\" content=\"https:\/\/kajakaskaoprema.si\/wp-content\/uploads\/2022\/11\/Pilot.webp\" \/>\n<meta name=\"twitter:label1\" content=\"Estimated reading time\" \/>\n\t<meta name=\"twitter:data1\" content=\"1 minute\" \/>\n<!-- \/ Yoast SEO plugin. -->","yoast_head_json":{"title":"Anorak HIKO Pilot | Kajaka\u0161ka Oprema","description":"Anorak HIKO Pilot nudi udobje, hitro obla\u010denje in za\u0161\u010dito pred pr\u0161enjem. Odli\u010den za vsakodnevno veslanje, touring in rekreativne kajaka\u0161e.","robots":{"index":"index","follow":"follow","max-snippet":"max-snippet:-1","max-image-preview":"max-image-preview:large","max-video-preview":"max-video-preview:-1"},"canonical":"https:\/\/kajakaskaoprema.si\/en\/trgovina\/anoraki\/anorak-hiko-pilot\/","og_locale":"en_GB","og_type":"article","og_title":"Anorak HIKO Pilot | Kajaka\u0161ka Oprema","og_description":"Anorak HIKO PILOT \u2013 udoben, enostaven za uporabo in izjemno vzdr\u017eljiv PILOT anorak je zasnovan za udobje, preprosto uporabo in dolgotrajno vzdr\u017eljivost","og_url":"https:\/\/kajakaskaoprema.si\/en\/trgovina\/anoraki\/anorak-hiko-pilot\/","og_site_name":"Kajaka\u0161ka Oprema","article_publisher":"https:\/\/www.facebook.com\/profile.php?id=100089048120006","article_modified_time":"2025-11-15T10:11:46+00:00","og_image":[{"width":1000,"height":1000,"url":"https:\/\/kajakaskaoprema.si\/wp-content\/uploads\/2022\/11\/Pilot.webp","type":"image\/webp"}],"twitter_card":"summary_large_image","twitter_title":"Anorak HIKO Pilot | Kajaka\u0161ka Oprema","twitter_description":"Anorak HIKO PILOT \u2013 udoben, enostaven za uporabo in izjemno vzdr\u017eljiv PILOT anorak je zasnovan za udobje, preprosto uporabo in dolgotrajno vzdr\u017eljivost","twitter_image":"https:\/\/kajakaskaoprema.si\/wp-content\/uploads\/2022\/11\/Pilot.webp","twitter_misc":{"Estimated reading time":"1 minute"},"schema":{"@context":"https:\/\/schema.org","@graph":[{"@type":["WebPage","ItemPage"],"@id":"https:\/\/kajakaskaoprema.si\/trgovina\/anoraki\/anorak-hiko-pilot\/","url":"https:\/\/kajakaskaoprema.si\/trgovina\/anoraki\/anorak-hiko-pilot\/","name":"Anorak HIKO Pilot | Kajaka\u0161ka Oprema","isPartOf":{"@id":"https:\/\/kajakaskaoprema.si\/#website"},"primaryImageOfPage":{"@id":"https:\/\/kajakaskaoprema.si\/trgovina\/anoraki\/anorak-hiko-pilot\/#primaryimage"},"image":{"@id":"https:\/\/kajakaskaoprema.si\/trgovina\/anoraki\/anorak-hiko-pilot\/#primaryimage"},"thumbnailUrl":"https:\/\/kajakaskaoprema.si\/wp-content\/uploads\/2022\/11\/Pilot.webp","datePublished":"2022-11-16T17:41:20+00:00","dateModified":"2025-11-15T10:11:46+00:00","description":"Anorak HIKO Pilot nudi udobje, hitro obla\u010denje in za\u0161\u010dito pred pr\u0161enjem. Odli\u010den za vsakodnevno veslanje, touring in rekreativne kajaka\u0161e.","breadcrumb":{"@id":"https:\/\/kajakaskaoprema.si\/trgovina\/anoraki\/anorak-hiko-pilot\/#breadcrumb"},"inLanguage":"en-GB","potentialAction":[{"@type":"ReadAction","target":["https:\/\/kajakaskaoprema.si\/trgovina\/anoraki\/anorak-hiko-pilot\/"]}]},{"@type":"ImageObject","inLanguage":"en-GB","@id":"https:\/\/kajakaskaoprema.si\/trgovina\/anoraki\/anorak-hiko-pilot\/#primaryimage","url":"https:\/\/kajakaskaoprema.si\/wp-content\/uploads\/2022\/11\/Pilot.webp","contentUrl":"https:\/\/kajakaskaoprema.si\/wp-content\/uploads\/2022\/11\/Pilot.webp","width":1000,"height":1000,"caption":"Pilot"},{"@type":"BreadcrumbList","@id":"https:\/\/kajakaskaoprema.si\/trgovina\/anoraki\/anorak-hiko-pilot\/#breadcrumb","itemListElement":[{"@type":"ListItem","position":1,"name":"Domov","item":"https:\/\/kajakaskaoprema.si\/"},{"@type":"ListItem","position":2,"name":"Trgovina","item":"https:\/\/kajakaskaoprema.si\/trgovina\/"},{"@type":"ListItem","position":3,"name":"Anoraki","item":"https:\/\/kajakaskaoprema.si\/kolekcije\/anoraki\/"},{"@type":"ListItem","position":4,"name":"Anorak HIKO Pilot"}]},{"@type":"WebSite","@id":"https:\/\/kajakaskaoprema.si\/#website","url":"https:\/\/kajakaskaoprema.si\/","name":"Kajaka\u0161ka Oprema","description":"Spletna trgovina s kajaka\u0161ko opremo svetovno priznanih znamk. Idealno za vse ljubitelje adrenalina in vodnih \u0161portov.","publisher":{"@id":"https:\/\/kajakaskaoprema.si\/#organization"},"potentialAction":[{"@type":"SearchAction","target":{"@type":"EntryPoint","urlTemplate":"https:\/\/kajakaskaoprema.si\/?s={search_term_string}"},"query-input":{"@type":"PropertyValueSpecification","valueRequired":true,"valueName":"search_term_string"}}],"inLanguage":"en-GB"},{"@type":"Organization","@id":"https:\/\/kajakaskaoprema.si\/#organization","name":"Kajaka\u0161ka Oprema","url":"https:\/\/kajakaskaoprema.si\/","logo":{"@type":"ImageObject","inLanguage":"en-GB","@id":"https:\/\/kajakaskaoprema.si\/#\/schema\/logo\/image\/","url":"https:\/\/kajakaskaoprema.si\/wp-content\/uploads\/2022\/12\/Logo_Kajakaska-Oprema.png","contentUrl":"https:\/\/kajakaskaoprema.si\/wp-content\/uploads\/2022\/12\/Logo_Kajakaska-Oprema.png","width":250,"height":69,"caption":"Kajaka\u0161ka Oprema"},"image":{"@id":"https:\/\/kajakaskaoprema.si\/#\/schema\/logo\/image\/"},"sameAs":["https:\/\/www.facebook.com\/profile.php?id=100089048120006","https:\/\/www.instagram.com\/kajakaska_oprema\/?fbclid=IwAR2wP1CpCpqaC63UyJF_RvVrzwwz_bz6YVmg02z_LdA4tZuWdCWYKBih7zQ"]}]}},"_links":{"self":[{"href":"https:\/\/kajakaskaoprema.si\/en\/wp-json\/wp\/v2\/product\/6991","targetHints":{"allow":["GET"]}}],"collection":[{"href":"https:\/\/kajakaskaoprema.si\/en\/wp-json\/wp\/v2\/product"}],"about":[{"href":"https:\/\/kajakaskaoprema.si\/en\/wp-json\/wp\/v2\/types\/product"}],"replies":[{"embeddable":true,"href":"https:\/\/kajakaskaoprema.si\/en\/wp-json\/wp\/v2\/comments?post=6991"}],"wp:featuredmedia":[{"embeddable":true,"href":"https:\/\/kajakaskaoprema.si\/en\/wp-json\/wp\/v2\/media\/6791"}],"wp:attachment":[{"href":"https:\/\/kajakaskaoprema.si\/en\/wp-json\/wp\/v2\/media?parent=6991"}],"wp:term":[{"taxonomy":"product_brand","embeddable":true,"href":"https:\/\/kajakaskaoprema.si\/en\/wp-json\/wp\/v2\/product_brand?post=6991"},{"taxonomy":"product_cat","embeddable":true,"href":"https:\/\/kajakaskaoprema.si\/en\/wp-json\/wp\/v2\/product_cat?post=6991"},{"taxonomy":"product_tag","embeddable":true,"href":"https:\/\/kajakaskaoprema.si\/en\/wp-json\/wp\/v2\/product_tag?post=6991"}],"curies":[{"name":"wp","href":"https:\/\/api.w.org\/{rel}","templated":true}]}}