{"id":6980,"date":"2022-11-16T18:26:14","date_gmt":"2022-11-16T17:26:14","guid":{"rendered":"https:\/\/kajakaskaoprema.si\/?post_type=product&#038;p=6980"},"modified":"2025-11-15T11:38:19","modified_gmt":"2025-11-15T10:38:19","slug":"anorak-hiko-nimue-air-4-x","status":"publish","type":"product","link":"https:\/\/kajakaskaoprema.si\/en\/trgovina\/anoraki\/anorak-hiko-nimue-air-4-x\/","title":{"rendered":"Cag HIKO Nimue Air 4 X"},"content":{"rendered":"<h1 data-start=\"498\" data-end=\"542\"><strong data-start=\"500\" data-end=\"542\">Anorak HIKO Nimue Air 4 X \u2013 \u017eensk suh anorak za diivjo vodo<\/strong><\/h1>\n<p data-start=\"544\" data-end=\"899\">Nimue je suh anorak, zasnovan za \u017eenske, ki veslajo na najte\u017ejih odsekih divje vode. Jakna spremeni divje valove v lahkoten in nadzorovan \u201cples\u201d z vodo. Poleg tega ohranja vse klju\u010dne lastnosti modela Paladin, saj je prav tako tehni\u010dno zmogljiva. Kroj pa je prilagojen \u017eenskemu telesu, zato zagotavlja ve\u010djo svobodo gibanja in bolj aerodinami\u010dno silhueto.<\/p>\n<h2 data-start=\"901\" data-end=\"942\"><strong data-start=\"904\" data-end=\"942\">Klju\u010dne lastnosti suhega anoraka HIKO Nimue Air 4 X<\/strong><\/h2>\n<ul data-start=\"944\" data-end=\"1853\">\n<li data-start=\"944\" data-end=\"1094\">\n<p data-start=\"946\" data-end=\"1094\"><strong data-start=\"946\" data-end=\"986\">Lateks tesnila na vratu in zapestjih<\/strong> so za\u0161\u010ditena s podalj\u0161animi neoprenskimi man\u0161etami. Tako nudijo odli\u010dno tesnjenje in zmanj\u0161ajo vdor vode.<\/p>\n<\/li>\n<li data-start=\"1095\" data-end=\"1168\">\n<p data-start=\"1097\" data-end=\"1168\"><strong data-start=\"1097\" data-end=\"1126\">Visok neoprenski ovratnik<\/strong> dodatno \u0161\u010diti pred pr\u0161enjem ter vetrom.<\/p>\n<\/li>\n<li data-start=\"1169\" data-end=\"1270\">\n<p data-start=\"1171\" data-end=\"1270\"><strong data-start=\"1171\" data-end=\"1200\">Ergonomska \u017eenska zasnova<\/strong> zagotavlja udobje, ve\u010djo natan\u010dnost gibanja in stabilno prileganje.<\/p>\n<\/li>\n<li data-start=\"1271\" data-end=\"1403\">\n<p data-start=\"1273\" data-end=\"1403\"><strong data-start=\"1273\" data-end=\"1318\">Dvojni tunelski pas z Microskin neoprenom<\/strong> ima lepljivo povr\u0161ino, zato ohranja mo\u010dan stik med tunelom krovnice in suho jakno.<\/p>\n<\/li>\n<li data-start=\"1404\" data-end=\"1569\">\n<p data-start=\"1406\" data-end=\"1569\"><strong data-start=\"1406\" data-end=\"1430\">Sistem \u201cDouble Pull\u201d<\/strong> omogo\u010da hitro prilagajanje pasu. Z enostavnim potegom se hkrati zategneta sprednji in zadnji del, pas pa se nato varno pritrdi z je\u017ekom.<\/p>\n<\/li>\n<li data-start=\"1570\" data-end=\"1695\">\n<p data-start=\"1572\" data-end=\"1695\"><strong data-start=\"1572\" data-end=\"1589\">Material Air4<\/strong> je izjemno trpe\u017een in zra\u010den. Zaradi tega je jakna primerna za zahtevne razmere in dolgotrajno uporabo.<\/p>\n<\/li>\n<li data-start=\"1696\" data-end=\"1853\">\n<p data-start=\"1698\" data-end=\"1853\"><strong data-start=\"1698\" data-end=\"1721\">Oja\u010ditve iz Cordure<\/strong> na klju\u010dnih mestih pove\u010dajo odpornost na drgnjenje in po\u0161kodbe. Jakna tako zdr\u017ei tudi intenzivne treninge in grobe stike s skalami.<\/p>\n<\/li>\n<\/ul>\n<h2 data-start=\"1855\" data-end=\"1886\"><strong data-start=\"1858\" data-end=\"1886\">Komu je anorak Nimue namenjen?<\/strong><\/h2>\n<p data-start=\"1888\" data-end=\"2116\">Nimue je odli\u010dna izbira za <strong data-start=\"1915\" data-end=\"1938\">napredne kajaka\u0161ice<\/strong>, ki veslajo na divjih vodah in \u017eelijo maksimalno za\u0161\u010dito. Zaradi natan\u010dnega \u017eenskega kroja je primerna za vse, ki potrebujejo udobno, stabilno in tehni\u010dno dovr\u0161eno suho jakno.<\/p>\n<p data-start=\"2118\" data-end=\"2340\">Poleg tega je idealna za <strong data-start=\"2143\" data-end=\"2202\">tehni\u010dno veslanje, zahtevne reke in intenzivne treninge<\/strong>, saj ponuja visoko odpornost in zanesljivo tesnjenje. Zaradi oja\u010ditev in robustne konstrukcije je primerna tudi za <strong data-start=\"2318\" data-end=\"2337\">re\u0161evalne ekipe<\/strong>.<\/p>\n<p data-start=\"2342\" data-end=\"2507\">Na koncu pa je odli\u010dna izbira za vse \u017eenske, ki si \u017eelijo kakovostno suho jakno, ki zdru\u017euje <strong data-start=\"2435\" data-end=\"2506\">vrhunsko za\u0161\u010dito, dolgo \u017eivljenjsko dobo in popolno svobodo gibanja<\/strong>.<\/p>","protected":false},"excerpt":{"rendered":"<p>Anorak HIKO Nimue Air 4 X \u2013 \u017eensk suh anorak za diivjo vodo Nimue je suh anorak, zasnovan za \u017eenske, ki veslajo na najte\u017ejih odsekih divje vode. Jakna spremeni divje valove v lahkoten in nadzorovan \u201cples\u201d z vodo. Poleg tega ohranja vse klju\u010dne lastnosti modela Paladin, saj je prav tako tehni\u010dno zmogljiva. Kroj pa je [&hellip;]<\/p>\n","protected":false},"featured_media":6822,"comment_status":"open","ping_status":"closed","template":"","meta":{"_et_pb_use_builder":"","_et_pb_old_content":"","_et_gb_content_width":""},"product_brand":[],"product_cat":[197],"product_tag":[305,308,318],"class_list":{"0":"post-6980","1":"product","2":"type-product","3":"status-publish","4":"has-post-thumbnail","6":"product_cat-anoraki","7":"product_tag-air-4x","8":"product_tag-anorak","9":"product_tag-nimue","10":"pa_barva-rdeca","11":"pa_barva-modra","12":"pa_uporaba-divja-voda","13":"pa_uporaba-morski-kajak","14":"pa_uporaba-mrzlo-vreme","15":"pa_uporaba-prosti-slog","16":"pa_uporaba-rafting","17":"pa_uporaba-resevanje","18":"pa_velikost-w-s","19":"pa_velikost-w-m","20":"pa_velikost-w-l","21":"pa_velikost-w-xl","22":"pa_velikost-w-xxl","24":"first","25":"instock","26":"shipping-taxable","27":"purchasable","28":"product-type-variable","29":"has-default-attributes"},"yoast_head":"<!-- This site is optimized with the Yoast SEO plugin v27.0 - https:\/\/yoast.com\/product\/yoast-seo-wordpress\/ -->\n<title>Anorak HIKO Nimue Air 4 X | Kajaka\u0161ka Oprema<\/title>\n<meta name=\"description\" content=\"Anorak HIKO Nimue Air 4 X je vrhunska \u017eenska suh anorak za divjo ali mirno vodo, ki zdru\u017euje popolno za\u0161\u010dito, udobje in prileganje, oblikovano po \u017eenskem telesu.\" \/>\n<meta name=\"robots\" content=\"index, follow, max-snippet:-1, max-image-preview:large, max-video-preview:-1\" \/>\n<link rel=\"canonical\" href=\"https:\/\/kajakaskaoprema.si\/en\/trgovina\/anoraki\/anorak-hiko-nimue-air-4-x\/\" \/>\n<meta property=\"og:locale\" content=\"en_GB\" \/>\n<meta property=\"og:type\" content=\"article\" \/>\n<meta property=\"og:title\" content=\"Anorak HIKO Nimue Air 4 X | Kajaka\u0161ka Oprema\" \/>\n<meta property=\"og:description\" content=\"Anorak HIKO Nimue Air 4 X \u2013 \u017eensk suh anorak za diivjo vodo Nimue je suh anorak, zasnovan za \u017eenske, ki veslajo na najte\u017ejih odsekih divje vode. Jakna\" \/>\n<meta property=\"og:url\" content=\"https:\/\/kajakaskaoprema.si\/en\/trgovina\/anoraki\/anorak-hiko-nimue-air-4-x\/\" \/>\n<meta property=\"og:site_name\" content=\"Kajaka\u0161ka Oprema\" \/>\n<meta property=\"article:publisher\" content=\"https:\/\/www.facebook.com\/profile.php?id=100089048120006\" \/>\n<meta property=\"article:modified_time\" content=\"2025-11-15T10:38:19+00:00\" \/>\n<meta property=\"og:image\" content=\"https:\/\/kajakaskaoprema.si\/wp-content\/uploads\/2022\/11\/Nimue-Air-4-X.jpg\" \/>\n\t<meta property=\"og:image:width\" content=\"1000\" \/>\n\t<meta property=\"og:image:height\" content=\"1000\" \/>\n\t<meta property=\"og:image:type\" content=\"image\/jpeg\" \/>\n<meta name=\"twitter:card\" content=\"summary_large_image\" \/>\n<meta name=\"twitter:title\" content=\"Anorak HIKO Nimue Air 4 X | Kajaka\u0161ka Oprema\" \/>\n<meta name=\"twitter:description\" content=\"Anorak HIKO Nimue Air 4 X \u2013 \u017eensk suh anorak za diivjo vodo Nimue je suh anorak, zasnovan za \u017eenske, ki veslajo na najte\u017ejih odsekih divje vode. Jakna\" \/>\n<meta name=\"twitter:image\" content=\"https:\/\/kajakaskaoprema.si\/wp-content\/uploads\/2022\/11\/Nimue-Air-4-X.jpg\" \/>\n<meta name=\"twitter:label1\" content=\"Estimated reading time\" \/>\n\t<meta name=\"twitter:data1\" content=\"2 minutes\" \/>\n<!-- \/ Yoast SEO plugin. -->","yoast_head_json":{"title":"Anorak HIKO Nimue Air 4 X | Kajaka\u0161ka Oprema","description":"Anorak HIKO Nimue Air 4 X je vrhunska \u017eenska suh anorak za divjo ali mirno vodo, ki zdru\u017euje popolno za\u0161\u010dito, udobje in prileganje, oblikovano po \u017eenskem telesu.","robots":{"index":"index","follow":"follow","max-snippet":"max-snippet:-1","max-image-preview":"max-image-preview:large","max-video-preview":"max-video-preview:-1"},"canonical":"https:\/\/kajakaskaoprema.si\/en\/trgovina\/anoraki\/anorak-hiko-nimue-air-4-x\/","og_locale":"en_GB","og_type":"article","og_title":"Anorak HIKO Nimue Air 4 X | Kajaka\u0161ka Oprema","og_description":"Anorak HIKO Nimue Air 4 X \u2013 \u017eensk suh anorak za diivjo vodo Nimue je suh anorak, zasnovan za \u017eenske, ki veslajo na najte\u017ejih odsekih divje vode. Jakna","og_url":"https:\/\/kajakaskaoprema.si\/en\/trgovina\/anoraki\/anorak-hiko-nimue-air-4-x\/","og_site_name":"Kajaka\u0161ka Oprema","article_publisher":"https:\/\/www.facebook.com\/profile.php?id=100089048120006","article_modified_time":"2025-11-15T10:38:19+00:00","og_image":[{"width":1000,"height":1000,"url":"https:\/\/kajakaskaoprema.si\/wp-content\/uploads\/2022\/11\/Nimue-Air-4-X.jpg","type":"image\/jpeg"}],"twitter_card":"summary_large_image","twitter_title":"Anorak HIKO Nimue Air 4 X | Kajaka\u0161ka Oprema","twitter_description":"Anorak HIKO Nimue Air 4 X \u2013 \u017eensk suh anorak za diivjo vodo Nimue je suh anorak, zasnovan za \u017eenske, ki veslajo na najte\u017ejih odsekih divje vode. Jakna","twitter_image":"https:\/\/kajakaskaoprema.si\/wp-content\/uploads\/2022\/11\/Nimue-Air-4-X.jpg","twitter_misc":{"Estimated reading time":"2 minutes"},"schema":{"@context":"https:\/\/schema.org","@graph":[{"@type":["WebPage","ItemPage"],"@id":"https:\/\/kajakaskaoprema.si\/trgovina\/anoraki\/anorak-hiko-nimue-air-4-x\/","url":"https:\/\/kajakaskaoprema.si\/trgovina\/anoraki\/anorak-hiko-nimue-air-4-x\/","name":"Anorak HIKO Nimue Air 4 X | Kajaka\u0161ka Oprema","isPartOf":{"@id":"https:\/\/kajakaskaoprema.si\/#website"},"primaryImageOfPage":{"@id":"https:\/\/kajakaskaoprema.si\/trgovina\/anoraki\/anorak-hiko-nimue-air-4-x\/#primaryimage"},"image":{"@id":"https:\/\/kajakaskaoprema.si\/trgovina\/anoraki\/anorak-hiko-nimue-air-4-x\/#primaryimage"},"thumbnailUrl":"https:\/\/kajakaskaoprema.si\/wp-content\/uploads\/2022\/11\/Nimue-Air-4-X.jpg","datePublished":"2022-11-16T17:26:14+00:00","dateModified":"2025-11-15T10:38:19+00:00","description":"Anorak HIKO Nimue Air 4 X je vrhunska \u017eenska suh anorak za divjo ali mirno vodo, ki zdru\u017euje popolno za\u0161\u010dito, udobje in prileganje, oblikovano po \u017eenskem telesu.","breadcrumb":{"@id":"https:\/\/kajakaskaoprema.si\/trgovina\/anoraki\/anorak-hiko-nimue-air-4-x\/#breadcrumb"},"inLanguage":"en-GB","potentialAction":[{"@type":"ReadAction","target":["https:\/\/kajakaskaoprema.si\/trgovina\/anoraki\/anorak-hiko-nimue-air-4-x\/"]}]},{"@type":"ImageObject","inLanguage":"en-GB","@id":"https:\/\/kajakaskaoprema.si\/trgovina\/anoraki\/anorak-hiko-nimue-air-4-x\/#primaryimage","url":"https:\/\/kajakaskaoprema.si\/wp-content\/uploads\/2022\/11\/Nimue-Air-4-X.jpg","contentUrl":"https:\/\/kajakaskaoprema.si\/wp-content\/uploads\/2022\/11\/Nimue-Air-4-X.jpg","width":1000,"height":1000,"caption":"Nimue Air 4 X"},{"@type":"BreadcrumbList","@id":"https:\/\/kajakaskaoprema.si\/trgovina\/anoraki\/anorak-hiko-nimue-air-4-x\/#breadcrumb","itemListElement":[{"@type":"ListItem","position":1,"name":"Domov","item":"https:\/\/kajakaskaoprema.si\/"},{"@type":"ListItem","position":2,"name":"Trgovina","item":"https:\/\/kajakaskaoprema.si\/trgovina\/"},{"@type":"ListItem","position":3,"name":"Anoraki","item":"https:\/\/kajakaskaoprema.si\/kolekcije\/anoraki\/"},{"@type":"ListItem","position":4,"name":"Anorak HIKO Nimue Air 4 X"}]},{"@type":"WebSite","@id":"https:\/\/kajakaskaoprema.si\/#website","url":"https:\/\/kajakaskaoprema.si\/","name":"Kajaka\u0161ka Oprema","description":"Spletna trgovina s kajaka\u0161ko opremo svetovno priznanih znamk. Idealno za vse ljubitelje adrenalina in vodnih \u0161portov.","publisher":{"@id":"https:\/\/kajakaskaoprema.si\/#organization"},"potentialAction":[{"@type":"SearchAction","target":{"@type":"EntryPoint","urlTemplate":"https:\/\/kajakaskaoprema.si\/?s={search_term_string}"},"query-input":{"@type":"PropertyValueSpecification","valueRequired":true,"valueName":"search_term_string"}}],"inLanguage":"en-GB"},{"@type":"Organization","@id":"https:\/\/kajakaskaoprema.si\/#organization","name":"Kajaka\u0161ka Oprema","url":"https:\/\/kajakaskaoprema.si\/","logo":{"@type":"ImageObject","inLanguage":"en-GB","@id":"https:\/\/kajakaskaoprema.si\/#\/schema\/logo\/image\/","url":"https:\/\/kajakaskaoprema.si\/wp-content\/uploads\/2022\/12\/Logo_Kajakaska-Oprema.png","contentUrl":"https:\/\/kajakaskaoprema.si\/wp-content\/uploads\/2022\/12\/Logo_Kajakaska-Oprema.png","width":250,"height":69,"caption":"Kajaka\u0161ka Oprema"},"image":{"@id":"https:\/\/kajakaskaoprema.si\/#\/schema\/logo\/image\/"},"sameAs":["https:\/\/www.facebook.com\/profile.php?id=100089048120006","https:\/\/www.instagram.com\/kajakaska_oprema\/?fbclid=IwAR2wP1CpCpqaC63UyJF_RvVrzwwz_bz6YVmg02z_LdA4tZuWdCWYKBih7zQ"]}]}},"_links":{"self":[{"href":"https:\/\/kajakaskaoprema.si\/en\/wp-json\/wp\/v2\/product\/6980","targetHints":{"allow":["GET"]}}],"collection":[{"href":"https:\/\/kajakaskaoprema.si\/en\/wp-json\/wp\/v2\/product"}],"about":[{"href":"https:\/\/kajakaskaoprema.si\/en\/wp-json\/wp\/v2\/types\/product"}],"replies":[{"embeddable":true,"href":"https:\/\/kajakaskaoprema.si\/en\/wp-json\/wp\/v2\/comments?post=6980"}],"wp:featuredmedia":[{"embeddable":true,"href":"https:\/\/kajakaskaoprema.si\/en\/wp-json\/wp\/v2\/media\/6822"}],"wp:attachment":[{"href":"https:\/\/kajakaskaoprema.si\/en\/wp-json\/wp\/v2\/media?parent=6980"}],"wp:term":[{"taxonomy":"product_brand","embeddable":true,"href":"https:\/\/kajakaskaoprema.si\/en\/wp-json\/wp\/v2\/product_brand?post=6980"},{"taxonomy":"product_cat","embeddable":true,"href":"https:\/\/kajakaskaoprema.si\/en\/wp-json\/wp\/v2\/product_cat?post=6980"},{"taxonomy":"product_tag","embeddable":true,"href":"https:\/\/kajakaskaoprema.si\/en\/wp-json\/wp\/v2\/product_tag?post=6980"}],"curies":[{"name":"wp","href":"https:\/\/api.w.org\/{rel}","templated":true}]}}