{"id":6740,"date":"2022-11-16T16:16:56","date_gmt":"2022-11-16T15:16:56","guid":{"rendered":"https:\/\/kajakaskaoprema.si\/?post_type=product&#038;p=6740"},"modified":"2025-11-18T08:49:51","modified_gmt":"2025-11-18T07:49:51","slug":"neoprenske-dolge-hlace-hiko","status":"publish","type":"product","link":"https:\/\/kajakaskaoprema.si\/en\/trgovina\/hlace\/neoprenske-dolge-hlace-hiko\/","title":{"rendered":"Neoprenske dolge hla\u010de HIKO Neo 2.5"},"content":{"rendered":"<h1 data-start=\"657\" data-end=\"698\"><strong data-start=\"659\" data-end=\"698\">Neoprenske dolge hla\u010de HIKO Neo 2.5<\/strong><\/h1>\n<p data-start=\"700\" data-end=\"966\">Neoprenske dolge hla\u010de <strong data-start=\"723\" data-end=\"739\">HIKO Neo 2.5<\/strong> so odli\u010dna izbira, kadar potrebujete u\u010dinkovito za\u0161\u010dito pred mrazom, hkrati pa \u017eelite ohraniti popolno gibljivost. Izdelane so iz 2,5 mm e.prene neoprena, ki zagotavlja ravno prav\u0161njo izolacijo, ne da bi omejeval va\u0161e gibanje.<\/p>\n<p data-start=\"968\" data-end=\"989\"><strong data-start=\"968\" data-end=\"989\">Glavne lastnosti:<\/strong><\/p>\n<ul data-start=\"990\" data-end=\"1579\">\n<li data-start=\"990\" data-end=\"1147\">\n<p data-start=\"992\" data-end=\"1147\">Izdelane iz <strong data-start=\"1004\" data-end=\"1040\">2,5 mm e.prene DuoBase 2.5 Alpha<\/strong>, ki nudi visoko toplotno za\u0161\u010dito in ohranja izjemno fleksibilnost \u2013 udobno tudi pri dolgotrajni uporabi.<\/p>\n<\/li>\n<li data-start=\"1148\" data-end=\"1281\">\n<p data-start=\"1150\" data-end=\"1281\">Kroj je zasnovan za <strong data-start=\"1170\" data-end=\"1196\">anatomsko dr\u017eo vesla\u010da<\/strong>, z vi\u0161jim zadnjim delom za bolj\u0161o za\u0161\u010dito spodnjega dela hrbta v sede\u010dem polo\u017eaju.<\/p>\n<\/li>\n<li data-start=\"1282\" data-end=\"1375\">\n<p data-start=\"1284\" data-end=\"1375\">Oprijet kroj omogo\u010da <strong data-start=\"1305\" data-end=\"1331\">neoviran obseg gibanja<\/strong>, kar je pomembno pri vseh vodnih \u0161portih.<\/p>\n<\/li>\n<li data-start=\"1376\" data-end=\"1490\">\n<p data-start=\"1378\" data-end=\"1490\">Podro\u010dja z ve\u010djo obrabo so okrepljena z <strong data-start=\"1418\" data-end=\"1441\">StoneBase 2.5 Delta<\/strong> materialom, ki podalj\u0161a \u017eivljenjsko dobo hla\u010d.<\/p>\n<\/li>\n<li data-start=\"1491\" data-end=\"1579\">\n<p data-start=\"1493\" data-end=\"1579\">Kolena so dodatno podlo\u017eena za ve\u010d udobja \u2014 \u0161e posebej priro\u010dno pri kle\u010danju v kanuju.<\/p>\n<\/li>\n<\/ul>\n<p data-start=\"1581\" data-end=\"1785\"><strong data-start=\"1581\" data-end=\"1605\">Za koga so primerne?<\/strong><br data-start=\"1605\" data-end=\"1608\" \/>\u2714 kajaka\u0161e in kanuiste<br data-start=\"1630\" data-end=\"1633\" \/>\u2714 SUP vesla\u010de<br data-start=\"1646\" data-end=\"1649\" \/>\u2714 za\u010detnike in napredne vesla\u010de<br data-start=\"1680\" data-end=\"1683\" \/>\u2714 rekreativne uporabnike v hladnej\u0161em vremenu<br data-start=\"1728\" data-end=\"1731\" \/>\u2714 vodne \u0161porte, kjer potrebujete toploto in pro\u017enost<\/p>\n<p data-start=\"1787\" data-end=\"1878\"><strong data-start=\"1787\" data-end=\"1829\">Oglejte si celotno ponudbo hla\u010d TUKAJ:<\/strong><br data-start=\"1829\" data-end=\"1832\" \/>\ud83d\udc49 <a class=\"decorated-link\" href=\"https:\/\/kajakaskaoprema.si\/en\/kolekcije\/hlace\/\" target=\"_new\" rel=\"noopener\" data-start=\"1835\" data-end=\"1878\">https:\/\/kajakaskaoprema.si\/kolekcije\/hlace\/<\/a><\/p>","protected":false},"excerpt":{"rendered":"<p>Neoprenske dolge hla\u010de HIKO Neo 2.5 nudijo toploto in pro\u017enost. Iz 2,5 mm e.prene neoprena, udobne za veslanje, SUP in druge vodne \u0161porte.<\/p>","protected":false},"featured_media":6709,"comment_status":"open","ping_status":"closed","template":"","meta":{"_et_pb_use_builder":"","_et_pb_old_content":"","_et_gb_content_width":""},"product_brand":[],"product_cat":[194],"product_tag":[302,296,298],"class_list":{"0":"post-6740","1":"product","2":"type-product","3":"status-publish","4":"has-post-thumbnail","6":"product_cat-hlace","7":"product_tag-2-5","8":"product_tag-dolge-hlace","9":"product_tag-neo","10":"pa_velikost-xxs","11":"pa_velikost-xs","12":"pa_velikost-s","13":"pa_velikost-m","14":"pa_velikost-l","15":"pa_velikost-xl","16":"pa_velikost-xxl","17":"pa_velikost-xxxl","19":"first","20":"instock","21":"shipping-taxable","22":"purchasable","23":"product-type-variable"},"yoast_head":"<!-- This site is optimized with the Yoast SEO plugin v27.0 - https:\/\/yoast.com\/product\/yoast-seo-wordpress\/ -->\n<title>Neoprenske dolge hla\u010de HIKO Neo 2.5 | Kajaka\u0161ka Oprema<\/title>\n<meta name=\"description\" content=\"Neoprenske dolge hla\u010de HIKO Neo 2.5 nudijo toploto in pro\u017enost. Iz 2,5 mm e.prene neoprena, udobne za veslanje, SUP in druge vodne \u0161porte.\" \/>\n<meta name=\"robots\" content=\"index, follow, max-snippet:-1, max-image-preview:large, max-video-preview:-1\" \/>\n<link rel=\"canonical\" href=\"https:\/\/kajakaskaoprema.si\/en\/trgovina\/hlace\/neoprenske-dolge-hlace-hiko\/\" \/>\n<meta property=\"og:locale\" content=\"en_GB\" \/>\n<meta property=\"og:type\" content=\"article\" \/>\n<meta property=\"og:title\" content=\"Neoprenske dolge hla\u010de HIKO Neo 2.5 | Kajaka\u0161ka Oprema\" \/>\n<meta property=\"og:description\" content=\"Neoprenske dolge hla\u010de HIKO Neo 2.5 nudijo toploto in pro\u017enost. Iz 2,5 mm e.prene neoprena, udobne za veslanje, SUP in druge vodne \u0161porte.\" \/>\n<meta property=\"og:url\" content=\"https:\/\/kajakaskaoprema.si\/en\/trgovina\/hlace\/neoprenske-dolge-hlace-hiko\/\" \/>\n<meta property=\"og:site_name\" content=\"Kajaka\u0161ka Oprema\" \/>\n<meta property=\"article:publisher\" content=\"https:\/\/www.facebook.com\/profile.php?id=100089048120006\" \/>\n<meta property=\"article:modified_time\" content=\"2025-11-18T07:49:51+00:00\" \/>\n<meta property=\"og:image\" content=\"https:\/\/kajakaskaoprema.si\/wp-content\/uploads\/2022\/11\/Neo-2.5-Dolge-hlace.webp\" \/>\n\t<meta property=\"og:image:width\" content=\"1000\" \/>\n\t<meta property=\"og:image:height\" content=\"1000\" \/>\n\t<meta property=\"og:image:type\" content=\"image\/webp\" \/>\n<meta name=\"twitter:card\" content=\"summary_large_image\" \/>\n<meta name=\"twitter:title\" content=\"Neoprenske dolge hla\u010de HIKO Neo 2.5 | Kajaka\u0161ka Oprema\" \/>\n<meta name=\"twitter:description\" content=\"Neoprenske dolge hla\u010de HIKO Neo 2.5 nudijo toploto in pro\u017enost. Iz 2,5 mm e.prene neoprena, udobne za veslanje, SUP in druge vodne \u0161porte.\" \/>\n<meta name=\"twitter:image\" content=\"https:\/\/kajakaskaoprema.si\/wp-content\/uploads\/2022\/11\/Neo-2.5-Dolge-hlace.webp\" \/>\n<meta name=\"twitter:label1\" content=\"Estimated reading time\" \/>\n\t<meta name=\"twitter:data1\" content=\"1 minute\" \/>\n<!-- \/ Yoast SEO plugin. -->","yoast_head_json":{"title":"Neoprenske dolge hla\u010de HIKO Neo 2.5 | Kajaka\u0161ka Oprema","description":"Neoprenske dolge hla\u010de HIKO Neo 2.5 nudijo toploto in pro\u017enost. Iz 2,5 mm e.prene neoprena, udobne za veslanje, SUP in druge vodne \u0161porte.","robots":{"index":"index","follow":"follow","max-snippet":"max-snippet:-1","max-image-preview":"max-image-preview:large","max-video-preview":"max-video-preview:-1"},"canonical":"https:\/\/kajakaskaoprema.si\/en\/trgovina\/hlace\/neoprenske-dolge-hlace-hiko\/","og_locale":"en_GB","og_type":"article","og_title":"Neoprenske dolge hla\u010de HIKO Neo 2.5 | Kajaka\u0161ka Oprema","og_description":"Neoprenske dolge hla\u010de HIKO Neo 2.5 nudijo toploto in pro\u017enost. Iz 2,5 mm e.prene neoprena, udobne za veslanje, SUP in druge vodne \u0161porte.","og_url":"https:\/\/kajakaskaoprema.si\/en\/trgovina\/hlace\/neoprenske-dolge-hlace-hiko\/","og_site_name":"Kajaka\u0161ka Oprema","article_publisher":"https:\/\/www.facebook.com\/profile.php?id=100089048120006","article_modified_time":"2025-11-18T07:49:51+00:00","og_image":[{"width":1000,"height":1000,"url":"https:\/\/kajakaskaoprema.si\/wp-content\/uploads\/2022\/11\/Neo-2.5-Dolge-hlace.webp","type":"image\/webp"}],"twitter_card":"summary_large_image","twitter_title":"Neoprenske dolge hla\u010de HIKO Neo 2.5 | Kajaka\u0161ka Oprema","twitter_description":"Neoprenske dolge hla\u010de HIKO Neo 2.5 nudijo toploto in pro\u017enost. Iz 2,5 mm e.prene neoprena, udobne za veslanje, SUP in druge vodne \u0161porte.","twitter_image":"https:\/\/kajakaskaoprema.si\/wp-content\/uploads\/2022\/11\/Neo-2.5-Dolge-hlace.webp","twitter_misc":{"Estimated reading time":"1 minute"},"schema":{"@context":"https:\/\/schema.org","@graph":[{"@type":["WebPage","ItemPage"],"@id":"https:\/\/kajakaskaoprema.si\/trgovina\/hlace\/neoprenske-dolge-hlace-hiko\/","url":"https:\/\/kajakaskaoprema.si\/trgovina\/hlace\/neoprenske-dolge-hlace-hiko\/","name":"Neoprenske dolge hla\u010de HIKO Neo 2.5 | Kajaka\u0161ka Oprema","isPartOf":{"@id":"https:\/\/kajakaskaoprema.si\/#website"},"primaryImageOfPage":{"@id":"https:\/\/kajakaskaoprema.si\/trgovina\/hlace\/neoprenske-dolge-hlace-hiko\/#primaryimage"},"image":{"@id":"https:\/\/kajakaskaoprema.si\/trgovina\/hlace\/neoprenske-dolge-hlace-hiko\/#primaryimage"},"thumbnailUrl":"https:\/\/kajakaskaoprema.si\/wp-content\/uploads\/2022\/11\/Neo-2.5-Dolge-hlace.webp","datePublished":"2022-11-16T15:16:56+00:00","dateModified":"2025-11-18T07:49:51+00:00","description":"Neoprenske dolge hla\u010de HIKO Neo 2.5 nudijo toploto in pro\u017enost. Iz 2,5 mm e.prene neoprena, udobne za veslanje, SUP in druge vodne \u0161porte.","breadcrumb":{"@id":"https:\/\/kajakaskaoprema.si\/trgovina\/hlace\/neoprenske-dolge-hlace-hiko\/#breadcrumb"},"inLanguage":"en-GB","potentialAction":[{"@type":"ReadAction","target":["https:\/\/kajakaskaoprema.si\/trgovina\/hlace\/neoprenske-dolge-hlace-hiko\/"]}]},{"@type":"ImageObject","inLanguage":"en-GB","@id":"https:\/\/kajakaskaoprema.si\/trgovina\/hlace\/neoprenske-dolge-hlace-hiko\/#primaryimage","url":"https:\/\/kajakaskaoprema.si\/wp-content\/uploads\/2022\/11\/Neo-2.5-Dolge-hlace.webp","contentUrl":"https:\/\/kajakaskaoprema.si\/wp-content\/uploads\/2022\/11\/Neo-2.5-Dolge-hlace.webp","width":1000,"height":1000,"caption":"HIKO Neo 2.5 neoprene pants \u2013 side view for kayaking"},{"@type":"BreadcrumbList","@id":"https:\/\/kajakaskaoprema.si\/trgovina\/hlace\/neoprenske-dolge-hlace-hiko\/#breadcrumb","itemListElement":[{"@type":"ListItem","position":1,"name":"Domov","item":"https:\/\/kajakaskaoprema.si\/"},{"@type":"ListItem","position":2,"name":"Trgovina","item":"https:\/\/kajakaskaoprema.si\/trgovina\/"},{"@type":"ListItem","position":3,"name":"neoprenske hla\u010de","item":"https:\/\/kajakaskaoprema.si\/kolekcije\/hlace\/"},{"@type":"ListItem","position":4,"name":"Neoprenske dolge hla\u010de HIKO Neo 2.5"}]},{"@type":"WebSite","@id":"https:\/\/kajakaskaoprema.si\/#website","url":"https:\/\/kajakaskaoprema.si\/","name":"Kajaka\u0161ka Oprema","description":"Spletna trgovina s kajaka\u0161ko opremo svetovno priznanih znamk. Idealno za vse ljubitelje adrenalina in vodnih \u0161portov.","publisher":{"@id":"https:\/\/kajakaskaoprema.si\/#organization"},"potentialAction":[{"@type":"SearchAction","target":{"@type":"EntryPoint","urlTemplate":"https:\/\/kajakaskaoprema.si\/?s={search_term_string}"},"query-input":{"@type":"PropertyValueSpecification","valueRequired":true,"valueName":"search_term_string"}}],"inLanguage":"en-GB"},{"@type":"Organization","@id":"https:\/\/kajakaskaoprema.si\/#organization","name":"Kajaka\u0161ka Oprema","url":"https:\/\/kajakaskaoprema.si\/","logo":{"@type":"ImageObject","inLanguage":"en-GB","@id":"https:\/\/kajakaskaoprema.si\/#\/schema\/logo\/image\/","url":"https:\/\/kajakaskaoprema.si\/wp-content\/uploads\/2022\/12\/Logo_Kajakaska-Oprema.png","contentUrl":"https:\/\/kajakaskaoprema.si\/wp-content\/uploads\/2022\/12\/Logo_Kajakaska-Oprema.png","width":250,"height":69,"caption":"Kajaka\u0161ka Oprema"},"image":{"@id":"https:\/\/kajakaskaoprema.si\/#\/schema\/logo\/image\/"},"sameAs":["https:\/\/www.facebook.com\/profile.php?id=100089048120006","https:\/\/www.instagram.com\/kajakaska_oprema\/?fbclid=IwAR2wP1CpCpqaC63UyJF_RvVrzwwz_bz6YVmg02z_LdA4tZuWdCWYKBih7zQ"]}]}},"_links":{"self":[{"href":"https:\/\/kajakaskaoprema.si\/en\/wp-json\/wp\/v2\/product\/6740","targetHints":{"allow":["GET"]}}],"collection":[{"href":"https:\/\/kajakaskaoprema.si\/en\/wp-json\/wp\/v2\/product"}],"about":[{"href":"https:\/\/kajakaskaoprema.si\/en\/wp-json\/wp\/v2\/types\/product"}],"replies":[{"embeddable":true,"href":"https:\/\/kajakaskaoprema.si\/en\/wp-json\/wp\/v2\/comments?post=6740"}],"wp:featuredmedia":[{"embeddable":true,"href":"https:\/\/kajakaskaoprema.si\/en\/wp-json\/wp\/v2\/media\/6709"}],"wp:attachment":[{"href":"https:\/\/kajakaskaoprema.si\/en\/wp-json\/wp\/v2\/media?parent=6740"}],"wp:term":[{"taxonomy":"product_brand","embeddable":true,"href":"https:\/\/kajakaskaoprema.si\/en\/wp-json\/wp\/v2\/product_brand?post=6740"},{"taxonomy":"product_cat","embeddable":true,"href":"https:\/\/kajakaskaoprema.si\/en\/wp-json\/wp\/v2\/product_cat?post=6740"},{"taxonomy":"product_tag","embeddable":true,"href":"https:\/\/kajakaskaoprema.si\/en\/wp-json\/wp\/v2\/product_tag?post=6740"}],"curies":[{"name":"wp","href":"https:\/\/api.w.org\/{rel}","templated":true}]}}