{"id":6726,"date":"2022-11-16T16:00:34","date_gmt":"2022-11-16T15:00:34","guid":{"rendered":"https:\/\/kajakaskaoprema.si\/?post_type=product&#038;p=6726"},"modified":"2025-11-18T08:51:34","modified_gmt":"2025-11-18T07:51:34","slug":"symbio","status":"publish","type":"product","link":"https:\/\/kajakaskaoprema.si\/en\/trgovina\/hlace\/symbio\/","title":{"rendered":"Neoprenske kratke hla\u010de HIKO Symbio"},"content":{"rendered":"<h1 data-start=\"446\" data-end=\"487\"><strong data-start=\"448\" data-end=\"487\">Neoprenske kratke hla\u010de HIKO Symbio<\/strong><\/h1>\n<p data-start=\"489\" data-end=\"786\"><strong data-start=\"489\" data-end=\"504\">HIKO Symbio<\/strong> so tanke neopren kratke hla\u010de, zasnovane za vse ljubitelje vodnih \u0161portov, ki \u017eelijo ve\u010d svobode gibanja in udobja. Dol\u017eina hla\u010d je premi\u0161ljeno oblikovana tako, da se kon\u010da tik pod sede\u017eem kajaka, kar zagotavlja za\u0161\u010dito tam, kjer jo res potrebujete, brez odve\u010dne te\u017ee in materiala.<\/p>\n<h2 data-start=\"788\" data-end=\"809\"><strong data-start=\"788\" data-end=\"809\">Glavne lastnosti:<\/strong><\/h2>\n<ul data-start=\"810\" data-end=\"1501\">\n<li data-start=\"810\" data-end=\"908\">\n<p data-start=\"812\" data-end=\"908\">Izjemno tanke in lahke <strong data-start=\"835\" data-end=\"858\">neopren short hla\u010de<\/strong>, idealne za toplej\u0161e dni in intenzivno gibanje.<\/p>\n<\/li>\n<li data-start=\"909\" data-end=\"1029\">\n<p data-start=\"911\" data-end=\"1029\">Anatomski kroj, prilagojen vesla\u010du \u2013 <strong data-start=\"948\" data-end=\"968\">vi\u0161ji zadnji del<\/strong> za bolj\u0161o za\u0161\u010dito spodnjega dela hrbta v sede\u010dem polo\u017eaju.<\/p>\n<\/li>\n<li data-start=\"1030\" data-end=\"1149\">\n<p data-start=\"1032\" data-end=\"1149\">Kombinacija dveh razli\u010dnih neoprenov zagotavlja popolno ravnovesje med <strong data-start=\"1103\" data-end=\"1146\">udobjem, vzdr\u017eljivostjo in stabilnostjo<\/strong>.<\/p>\n<\/li>\n<li data-start=\"1150\" data-end=\"1234\">\n<p data-start=\"1152\" data-end=\"1234\">Zadnji panel iz <strong data-start=\"1168\" data-end=\"1189\">DuoBase 1.5 Alpha<\/strong> je bolj odporen proti stiskanju in obrabi.<\/p>\n<\/li>\n<li data-start=\"1235\" data-end=\"1372\">\n<p data-start=\"1237\" data-end=\"1372\">Sprednji in stranski paneli iz <strong data-start=\"1268\" data-end=\"1289\">DuoSilk 1.0 Alpha<\/strong> so mehkej\u0161i, bolj raztegljivi in ponujajo odli\u010dno prileganje brez \u201cbalon\u010dkanja\u201d.<\/p>\n<\/li>\n<li data-start=\"1373\" data-end=\"1501\">\n<p data-start=\"1375\" data-end=\"1501\">Zadnja stran je prevle\u010dena s <strong data-start=\"1404\" data-end=\"1444\">tankim slojem proti-zdrsnega premaza<\/strong>, ki prepre\u010duje drsenje v kajaku, na raftu ali SUP deski.<\/p>\n<\/li>\n<\/ul>\n<h2 data-start=\"1503\" data-end=\"1716\"><strong data-start=\"1503\" data-end=\"1527\">Za koga so primerne?<\/strong><\/h2>\n<p data-start=\"1503\" data-end=\"1716\"><br data-start=\"1527\" data-end=\"1530\" \/>\u2714 kajaka\u0161e in kanuiste<br data-start=\"1552\" data-end=\"1555\" \/>\u2714 SUP vesla\u010de<br data-start=\"1568\" data-end=\"1571\" \/>\u2714 rafting udele\u017eence<br data-start=\"1591\" data-end=\"1594\" \/>\u2714 \u0161portnike in rekreativce, ki \u017eelijo lahke neopren hla\u010de<br data-start=\"1651\" data-end=\"1654\" \/>\u2714 vse aktivnosti v in ob vodi<br data-start=\"1683\" data-end=\"1686\" \/>\u2714 idealne za poletne razmere<\/p>\n<p data-start=\"1718\" data-end=\"1814\"><strong data-start=\"1718\" data-end=\"1765\">Oglejte si na\u0161o celotno ponudbo hla\u010d TUKAJ:<\/strong><br data-start=\"1765\" data-end=\"1768\" \/>\ud83d\udc49 <a class=\"decorated-link\" href=\"https:\/\/kajakaskaoprema.si\/en\/kolekcije\/hlace\/\" target=\"_new\" rel=\"noopener\" data-start=\"1771\" data-end=\"1814\">https:\/\/kajakaskaoprema.si\/kolekcije\/hlace\/<\/a><\/p>","protected":false},"excerpt":{"rendered":"<p>Neoprenske kratke hla\u010de HIKO Symbio HIKO Symbio so tanke neopren kratke hla\u010de, zasnovane za vse ljubitelje vodnih \u0161portov, ki \u017eelijo ve\u010d svobode gibanja in udobja. Dol\u017eina hla\u010d je premi\u0161ljeno oblikovana tako, da se kon\u010da tik pod sede\u017eem kajaka, kar zagotavlja za\u0161\u010dito tam, kjer jo res potrebujete, brez odve\u010dne te\u017ee in materiala. Glavne lastnosti: Izjemno tanke [&hellip;]<\/p>\n","protected":false},"featured_media":6707,"comment_status":"open","ping_status":"closed","template":"","meta":{"_et_pb_use_builder":"","_et_pb_old_content":"","_et_gb_content_width":""},"product_brand":[],"product_cat":[194],"product_tag":[297,295],"class_list":{"0":"post-6726","1":"product","2":"type-product","3":"status-publish","4":"has-post-thumbnail","6":"product_cat-hlace","7":"product_tag-kratke-hlace","8":"product_tag-symbio","9":"pa_barva-crna","10":"pa_velikost-s","11":"pa_velikost-m","12":"pa_velikost-l","13":"pa_velikost-xl","14":"pa_velikost-xxl","16":"first","17":"instock","18":"shipping-taxable","19":"purchasable","20":"product-type-variable","21":"has-default-attributes"},"yoast_head":"<!-- This site is optimized with the Yoast SEO plugin v27.0 - https:\/\/yoast.com\/product\/yoast-seo-wordpress\/ -->\n<title>Neoprenske kratke hla\u010de HIKO Symbio | Kajaka\u0161ka Oprema<\/title>\n<meta name=\"description\" content=\"Neoprenske kratke hla\u010de HIKO Symbio \u2013 lahke, udobne in prilagojene veslanju. Tanka neopren short hla\u010da, zasnovana za kajak, SUP in druge vodne \u0161porte.\" \/>\n<meta name=\"robots\" content=\"index, follow, max-snippet:-1, max-image-preview:large, max-video-preview:-1\" \/>\n<link rel=\"canonical\" href=\"https:\/\/kajakaskaoprema.si\/en\/trgovina\/hlace\/symbio\/\" \/>\n<meta property=\"og:locale\" content=\"en_GB\" \/>\n<meta property=\"og:type\" content=\"article\" \/>\n<meta property=\"og:title\" content=\"Neoprenske kratke hla\u010de HIKO Symbio | Kajaka\u0161ka Oprema\" \/>\n<meta property=\"og:description\" content=\"Neoprenske kratke hla\u010de HIKO Symbio HIKO Symbio so tanke neopren kratke hla\u010de, zasnovane za vse ljubitelje vodnih \u0161portov, ki \u017eelijo ve\u010d svobode gibanja\" \/>\n<meta property=\"og:url\" content=\"https:\/\/kajakaskaoprema.si\/en\/trgovina\/hlace\/symbio\/\" \/>\n<meta property=\"og:site_name\" content=\"Kajaka\u0161ka Oprema\" \/>\n<meta property=\"article:publisher\" content=\"https:\/\/www.facebook.com\/profile.php?id=100089048120006\" \/>\n<meta property=\"article:modified_time\" content=\"2025-11-18T07:51:34+00:00\" \/>\n<meta property=\"og:image\" content=\"https:\/\/kajakaskaoprema.si\/wp-content\/uploads\/2022\/11\/Symbio.webp\" \/>\n\t<meta property=\"og:image:width\" content=\"1000\" \/>\n\t<meta property=\"og:image:height\" content=\"1000\" \/>\n\t<meta property=\"og:image:type\" content=\"image\/webp\" \/>\n<meta name=\"twitter:card\" content=\"summary_large_image\" \/>\n<meta name=\"twitter:title\" content=\"Neoprenske kratke hla\u010de HIKO Symbio | Kajaka\u0161ka Oprema\" \/>\n<meta name=\"twitter:description\" content=\"Neoprenske kratke hla\u010de HIKO Symbio HIKO Symbio so tanke neopren kratke hla\u010de, zasnovane za vse ljubitelje vodnih \u0161portov, ki \u017eelijo ve\u010d svobode gibanja\" \/>\n<meta name=\"twitter:image\" content=\"https:\/\/kajakaskaoprema.si\/wp-content\/uploads\/2022\/11\/Symbio.webp\" \/>\n<meta name=\"twitter:label1\" content=\"Estimated reading time\" \/>\n\t<meta name=\"twitter:data1\" content=\"2 minutes\" \/>\n<!-- \/ Yoast SEO plugin. -->","yoast_head_json":{"title":"Neoprenske kratke hla\u010de HIKO Symbio | Kajaka\u0161ka Oprema","description":"Neoprenske kratke hla\u010de HIKO Symbio \u2013 lahke, udobne in prilagojene veslanju. Tanka neopren short hla\u010da, zasnovana za kajak, SUP in druge vodne \u0161porte.","robots":{"index":"index","follow":"follow","max-snippet":"max-snippet:-1","max-image-preview":"max-image-preview:large","max-video-preview":"max-video-preview:-1"},"canonical":"https:\/\/kajakaskaoprema.si\/en\/trgovina\/hlace\/symbio\/","og_locale":"en_GB","og_type":"article","og_title":"Neoprenske kratke hla\u010de HIKO Symbio | Kajaka\u0161ka Oprema","og_description":"Neoprenske kratke hla\u010de HIKO Symbio HIKO Symbio so tanke neopren kratke hla\u010de, zasnovane za vse ljubitelje vodnih \u0161portov, ki \u017eelijo ve\u010d svobode gibanja","og_url":"https:\/\/kajakaskaoprema.si\/en\/trgovina\/hlace\/symbio\/","og_site_name":"Kajaka\u0161ka Oprema","article_publisher":"https:\/\/www.facebook.com\/profile.php?id=100089048120006","article_modified_time":"2025-11-18T07:51:34+00:00","og_image":[{"width":1000,"height":1000,"url":"https:\/\/kajakaskaoprema.si\/wp-content\/uploads\/2022\/11\/Symbio.webp","type":"image\/webp"}],"twitter_card":"summary_large_image","twitter_title":"Neoprenske kratke hla\u010de HIKO Symbio | Kajaka\u0161ka Oprema","twitter_description":"Neoprenske kratke hla\u010de HIKO Symbio HIKO Symbio so tanke neopren kratke hla\u010de, zasnovane za vse ljubitelje vodnih \u0161portov, ki \u017eelijo ve\u010d svobode gibanja","twitter_image":"https:\/\/kajakaskaoprema.si\/wp-content\/uploads\/2022\/11\/Symbio.webp","twitter_misc":{"Estimated reading time":"2 minutes"},"schema":{"@context":"https:\/\/schema.org","@graph":[{"@type":["WebPage","ItemPage"],"@id":"https:\/\/kajakaskaoprema.si\/trgovina\/hlace\/symbio\/","url":"https:\/\/kajakaskaoprema.si\/trgovina\/hlace\/symbio\/","name":"Neoprenske kratke hla\u010de HIKO Symbio | Kajaka\u0161ka Oprema","isPartOf":{"@id":"https:\/\/kajakaskaoprema.si\/#website"},"primaryImageOfPage":{"@id":"https:\/\/kajakaskaoprema.si\/trgovina\/hlace\/symbio\/#primaryimage"},"image":{"@id":"https:\/\/kajakaskaoprema.si\/trgovina\/hlace\/symbio\/#primaryimage"},"thumbnailUrl":"https:\/\/kajakaskaoprema.si\/wp-content\/uploads\/2022\/11\/Symbio.webp","datePublished":"2022-11-16T15:00:34+00:00","dateModified":"2025-11-18T07:51:34+00:00","description":"Neoprenske kratke hla\u010de HIKO Symbio \u2013 lahke, udobne in prilagojene veslanju. Tanka neopren short hla\u010da, zasnovana za kajak, SUP in druge vodne \u0161porte.","breadcrumb":{"@id":"https:\/\/kajakaskaoprema.si\/trgovina\/hlace\/symbio\/#breadcrumb"},"inLanguage":"en-GB","potentialAction":[{"@type":"ReadAction","target":["https:\/\/kajakaskaoprema.si\/trgovina\/hlace\/symbio\/"]}]},{"@type":"ImageObject","inLanguage":"en-GB","@id":"https:\/\/kajakaskaoprema.si\/trgovina\/hlace\/symbio\/#primaryimage","url":"https:\/\/kajakaskaoprema.si\/wp-content\/uploads\/2022\/11\/Symbio.webp","contentUrl":"https:\/\/kajakaskaoprema.si\/wp-content\/uploads\/2022\/11\/Symbio.webp","width":1000,"height":1000,"caption":"HIKO Symbio short neoprene pants \u2013 back view DuoBase panel"},{"@type":"BreadcrumbList","@id":"https:\/\/kajakaskaoprema.si\/trgovina\/hlace\/symbio\/#breadcrumb","itemListElement":[{"@type":"ListItem","position":1,"name":"Domov","item":"https:\/\/kajakaskaoprema.si\/"},{"@type":"ListItem","position":2,"name":"Trgovina","item":"https:\/\/kajakaskaoprema.si\/trgovina\/"},{"@type":"ListItem","position":3,"name":"neoprenske hla\u010de","item":"https:\/\/kajakaskaoprema.si\/kolekcije\/hlace\/"},{"@type":"ListItem","position":4,"name":"Neoprenske kratke hla\u010de HIKO Symbio"}]},{"@type":"WebSite","@id":"https:\/\/kajakaskaoprema.si\/#website","url":"https:\/\/kajakaskaoprema.si\/","name":"Kajaka\u0161ka Oprema","description":"Spletna trgovina s kajaka\u0161ko opremo svetovno priznanih znamk. Idealno za vse ljubitelje adrenalina in vodnih \u0161portov.","publisher":{"@id":"https:\/\/kajakaskaoprema.si\/#organization"},"potentialAction":[{"@type":"SearchAction","target":{"@type":"EntryPoint","urlTemplate":"https:\/\/kajakaskaoprema.si\/?s={search_term_string}"},"query-input":{"@type":"PropertyValueSpecification","valueRequired":true,"valueName":"search_term_string"}}],"inLanguage":"en-GB"},{"@type":"Organization","@id":"https:\/\/kajakaskaoprema.si\/#organization","name":"Kajaka\u0161ka Oprema","url":"https:\/\/kajakaskaoprema.si\/","logo":{"@type":"ImageObject","inLanguage":"en-GB","@id":"https:\/\/kajakaskaoprema.si\/#\/schema\/logo\/image\/","url":"https:\/\/kajakaskaoprema.si\/wp-content\/uploads\/2022\/12\/Logo_Kajakaska-Oprema.png","contentUrl":"https:\/\/kajakaskaoprema.si\/wp-content\/uploads\/2022\/12\/Logo_Kajakaska-Oprema.png","width":250,"height":69,"caption":"Kajaka\u0161ka Oprema"},"image":{"@id":"https:\/\/kajakaskaoprema.si\/#\/schema\/logo\/image\/"},"sameAs":["https:\/\/www.facebook.com\/profile.php?id=100089048120006","https:\/\/www.instagram.com\/kajakaska_oprema\/?fbclid=IwAR2wP1CpCpqaC63UyJF_RvVrzwwz_bz6YVmg02z_LdA4tZuWdCWYKBih7zQ"]}]}},"_links":{"self":[{"href":"https:\/\/kajakaskaoprema.si\/en\/wp-json\/wp\/v2\/product\/6726","targetHints":{"allow":["GET"]}}],"collection":[{"href":"https:\/\/kajakaskaoprema.si\/en\/wp-json\/wp\/v2\/product"}],"about":[{"href":"https:\/\/kajakaskaoprema.si\/en\/wp-json\/wp\/v2\/types\/product"}],"replies":[{"embeddable":true,"href":"https:\/\/kajakaskaoprema.si\/en\/wp-json\/wp\/v2\/comments?post=6726"}],"wp:featuredmedia":[{"embeddable":true,"href":"https:\/\/kajakaskaoprema.si\/en\/wp-json\/wp\/v2\/media\/6707"}],"wp:attachment":[{"href":"https:\/\/kajakaskaoprema.si\/en\/wp-json\/wp\/v2\/media?parent=6726"}],"wp:term":[{"taxonomy":"product_brand","embeddable":true,"href":"https:\/\/kajakaskaoprema.si\/en\/wp-json\/wp\/v2\/product_brand?post=6726"},{"taxonomy":"product_cat","embeddable":true,"href":"https:\/\/kajakaskaoprema.si\/en\/wp-json\/wp\/v2\/product_cat?post=6726"},{"taxonomy":"product_tag","embeddable":true,"href":"https:\/\/kajakaskaoprema.si\/en\/wp-json\/wp\/v2\/product_tag?post=6726"}],"curies":[{"name":"wp","href":"https:\/\/api.w.org\/{rel}","templated":true}]}}