{"id":6719,"date":"2022-11-16T15:43:26","date_gmt":"2022-11-16T14:43:26","guid":{"rendered":"https:\/\/kajakaskaoprema.si\/?post_type=product&#038;p=6719"},"modified":"2025-11-18T08:52:25","modified_gmt":"2025-11-18T07:52:25","slug":"symbio-dolge-hlace","status":"publish","type":"product","link":"https:\/\/kajakaskaoprema.si\/en\/trgovina\/hlace\/symbio-dolge-hlace\/","title":{"rendered":"Neoprenske dolge hla\u010de HIKO Symbio"},"content":{"rendered":"<h1 data-start=\"451\" data-end=\"491\"><strong data-start=\"453\" data-end=\"491\">Neoprenske dolge hla\u010de HIKO Symbio<\/strong><\/h1>\n<p data-start=\"493\" data-end=\"773\"><strong data-start=\"493\" data-end=\"508\">HIKO Symbio<\/strong> so tanke, izjemno udobne e.prene dolge hla\u010de, oblikovane za vse ljubitelje vodnih \u0161portov, ki potrebujejo ve\u010d toplote in za\u0161\u010dite nog med veslanjem ali gibanjem v vodi. Celotna dol\u017eina hla\u010d u\u010dinkovito \u0161\u010diti noge in kolena, hkrati pa ohranja izjemno svobodo gibanja.<\/p>\n<h2 data-start=\"775\" data-end=\"796\"><strong data-start=\"775\" data-end=\"796\">Glavne lastnosti:<\/strong><\/h2>\n<ul data-start=\"797\" data-end=\"1571\">\n<li data-start=\"797\" data-end=\"923\">\n<p data-start=\"799\" data-end=\"923\"><strong data-start=\"799\" data-end=\"828\">Tanke e.prene dolge hla\u010de<\/strong>, primerne za vsakega ljubitelja vodnih aktivnosti \u2013 idealne za toplej\u0161e ali prehodne pogoje.<\/p>\n<\/li>\n<li data-start=\"924\" data-end=\"1043\">\n<p data-start=\"926\" data-end=\"1043\">Anatomski kroj, prilagojen vesla\u010du: <strong data-start=\"962\" data-end=\"982\">vi\u0161ji zadnji del<\/strong> za bolj\u0161o za\u0161\u010dito spodnjega dela hrbta v sede\u010dem polo\u017eaju.<\/p>\n<\/li>\n<li data-start=\"1044\" data-end=\"1163\">\n<p data-start=\"1046\" data-end=\"1163\">Kombinacija <strong data-start=\"1058\" data-end=\"1095\">treh razli\u010dnih e.prene materialov<\/strong> nudi idealno ravnovesje med udobjem, trpe\u017enostjo in stabilnostjo.<\/p>\n<\/li>\n<li data-start=\"1164\" data-end=\"1243\">\n<p data-start=\"1166\" data-end=\"1243\">Zadnji panel iz <strong data-start=\"1182\" data-end=\"1203\">DuoBase 1.5 Delta<\/strong> \u2013 odpornej\u0161i na kompresijo in obrabo.<\/p>\n<\/li>\n<li data-start=\"1244\" data-end=\"1343\">\n<p data-start=\"1246\" data-end=\"1343\">Sprednji panel iz <strong data-start=\"1264\" data-end=\"1285\">DuoBase 1.5 Alpha<\/strong> \u2013 standardni e.prene sendvi\u010d za optimalno vzdr\u017eljivost.<\/p>\n<\/li>\n<li data-start=\"1344\" data-end=\"1459\">\n<p data-start=\"1346\" data-end=\"1459\">Stranski paneli iz <strong data-start=\"1365\" data-end=\"1403\">izjemno mehkega SilkSpan 0.5 Sigma<\/strong> zagotavljajo popolno prileganje in maksimalno udobje.<\/p>\n<\/li>\n<li data-start=\"1460\" data-end=\"1571\">\n<p data-start=\"1462\" data-end=\"1571\">Zadnji del ima <strong data-start=\"1477\" data-end=\"1514\">tanek sloj proti-zdrsnega premaza<\/strong>, ki prepre\u010duje drsenje v kajaku, na raftu ali SUP deski.<\/p>\n<\/li>\n<\/ul>\n<h2 data-start=\"1573\" data-end=\"1778\"><strong data-start=\"1573\" data-end=\"1597\">Za koga so primerne?<\/strong><\/h2>\n<p data-start=\"1573\" data-end=\"1778\"><br data-start=\"1597\" data-end=\"1600\" \/>\u2714 kajaka\u0161e (slalom, spust, rekreativno veslanje)<br data-start=\"1648\" data-end=\"1651\" \/>\u2714 kanuiste<br data-start=\"1661\" data-end=\"1664\" \/>\u2714 SUP vesla\u010de<br data-start=\"1677\" data-end=\"1680\" \/>\u2714 rafting<br data-start=\"1689\" data-end=\"1692\" \/>\u2714 vse vodne \u0161porte, kjer potrebujete za\u0161\u010dito nog<br data-start=\"1740\" data-end=\"1743\" \/>\u2714 za toplej\u0161e in prehodne razmere<\/p>\n<p data-start=\"1780\" data-end=\"1871\"><strong data-start=\"1780\" data-end=\"1822\">Oglejte si celotno ponudbo hla\u010d TUKAJ:<\/strong><br data-start=\"1822\" data-end=\"1825\" \/>\ud83d\udc49 <a class=\"decorated-link\" href=\"https:\/\/kajakaskaoprema.si\/en\/kolekcije\/hlace\/\" target=\"_new\" rel=\"noopener\" data-start=\"1828\" data-end=\"1871\">https:\/\/kajakaskaoprema.si\/kolekcije\/hlace\/<\/a><\/p>","protected":false},"excerpt":{"rendered":"<p>Neoprenske dolge hla\u010de HIKO Symbio HIKO Symbio so tanke, izjemno udobne e.prene dolge hla\u010de, oblikovane za vse ljubitelje vodnih \u0161portov, ki potrebujejo ve\u010d toplote in za\u0161\u010dite nog med veslanjem ali gibanjem v vodi. Celotna dol\u017eina hla\u010d u\u010dinkovito \u0161\u010diti noge in kolena, hkrati pa ohranja izjemno svobodo gibanja. Glavne lastnosti: Tanke e.prene dolge hla\u010de, primerne za [&hellip;]<\/p>\n","protected":false},"featured_media":6703,"comment_status":"open","ping_status":"closed","template":"","meta":{"_et_pb_use_builder":"","_et_pb_old_content":"","_et_gb_content_width":""},"product_brand":[],"product_cat":[194],"product_tag":[296,295],"class_list":{"0":"post-6719","1":"product","2":"type-product","3":"status-publish","4":"has-post-thumbnail","6":"product_cat-hlace","7":"product_tag-dolge-hlace","8":"product_tag-symbio","9":"pa_barva-crna","10":"pa_velikost-xs","11":"pa_velikost-s","12":"pa_velikost-m","13":"pa_velikost-l","14":"pa_velikost-xl","15":"pa_velikost-xxl","17":"first","18":"instock","19":"shipping-taxable","20":"purchasable","21":"product-type-variable","22":"has-default-attributes"},"yoast_head":"<!-- This site is optimized with the Yoast SEO plugin v27.0 - https:\/\/yoast.com\/product\/yoast-seo-wordpress\/ -->\n<title>Neoprenske dolge hla\u010de HIKO Symbio | Kajaka\u0161ka Oprema<\/title>\n<meta name=\"description\" content=\"Neoprenske dolge hla\u010de HIKO Symbio \u2013 tanke, udobne in prilagojene veslanju. Celotna dol\u017eina za ve\u010d za\u0161\u010dite nog in kolen pri kajaku, SUP-u in vodnih \u0161portih.\" \/>\n<meta name=\"robots\" content=\"index, follow, max-snippet:-1, max-image-preview:large, max-video-preview:-1\" \/>\n<link rel=\"canonical\" href=\"https:\/\/kajakaskaoprema.si\/en\/trgovina\/hlace\/symbio-dolge-hlace\/\" \/>\n<meta property=\"og:locale\" content=\"en_GB\" \/>\n<meta property=\"og:type\" content=\"article\" \/>\n<meta property=\"og:title\" content=\"Neoprenske dolge hla\u010de HIKO Symbio | Kajaka\u0161ka Oprema\" \/>\n<meta property=\"og:description\" content=\"Neoprenske dolge hla\u010de HIKO Symbio HIKO Symbio so tanke, izjemno udobne e.prene dolge hla\u010de, oblikovane za vse ljubitelje vodnih \u0161portov, ki potrebujejo\" \/>\n<meta property=\"og:url\" content=\"https:\/\/kajakaskaoprema.si\/en\/trgovina\/hlace\/symbio-dolge-hlace\/\" \/>\n<meta property=\"og:site_name\" content=\"Kajaka\u0161ka Oprema\" \/>\n<meta property=\"article:publisher\" content=\"https:\/\/www.facebook.com\/profile.php?id=100089048120006\" \/>\n<meta property=\"article:modified_time\" content=\"2025-11-18T07:52:25+00:00\" \/>\n<meta property=\"og:image\" content=\"https:\/\/kajakaskaoprema.si\/wp-content\/uploads\/2022\/11\/Symbio-Dolge-hlace.webp\" \/>\n\t<meta property=\"og:image:width\" content=\"1000\" \/>\n\t<meta property=\"og:image:height\" content=\"1000\" \/>\n\t<meta property=\"og:image:type\" content=\"image\/webp\" \/>\n<meta name=\"twitter:card\" content=\"summary_large_image\" \/>\n<meta name=\"twitter:title\" content=\"Neoprenske dolge hla\u010de HIKO Symbio | Kajaka\u0161ka Oprema\" \/>\n<meta name=\"twitter:description\" content=\"Neoprenske dolge hla\u010de HIKO Symbio HIKO Symbio so tanke, izjemno udobne e.prene dolge hla\u010de, oblikovane za vse ljubitelje vodnih \u0161portov, ki potrebujejo\" \/>\n<meta name=\"twitter:image\" content=\"https:\/\/kajakaskaoprema.si\/wp-content\/uploads\/2022\/11\/Symbio-Dolge-hlace.webp\" \/>\n<meta name=\"twitter:label1\" content=\"Estimated reading time\" \/>\n\t<meta name=\"twitter:data1\" content=\"2 minutes\" \/>\n<!-- \/ Yoast SEO plugin. -->","yoast_head_json":{"title":"Neoprenske dolge hla\u010de HIKO Symbio | Kajaka\u0161ka Oprema","description":"Neoprenske dolge hla\u010de HIKO Symbio \u2013 tanke, udobne in prilagojene veslanju. Celotna dol\u017eina za ve\u010d za\u0161\u010dite nog in kolen pri kajaku, SUP-u in vodnih \u0161portih.","robots":{"index":"index","follow":"follow","max-snippet":"max-snippet:-1","max-image-preview":"max-image-preview:large","max-video-preview":"max-video-preview:-1"},"canonical":"https:\/\/kajakaskaoprema.si\/en\/trgovina\/hlace\/symbio-dolge-hlace\/","og_locale":"en_GB","og_type":"article","og_title":"Neoprenske dolge hla\u010de HIKO Symbio | Kajaka\u0161ka Oprema","og_description":"Neoprenske dolge hla\u010de HIKO Symbio HIKO Symbio so tanke, izjemno udobne e.prene dolge hla\u010de, oblikovane za vse ljubitelje vodnih \u0161portov, ki potrebujejo","og_url":"https:\/\/kajakaskaoprema.si\/en\/trgovina\/hlace\/symbio-dolge-hlace\/","og_site_name":"Kajaka\u0161ka Oprema","article_publisher":"https:\/\/www.facebook.com\/profile.php?id=100089048120006","article_modified_time":"2025-11-18T07:52:25+00:00","og_image":[{"width":1000,"height":1000,"url":"https:\/\/kajakaskaoprema.si\/wp-content\/uploads\/2022\/11\/Symbio-Dolge-hlace.webp","type":"image\/webp"}],"twitter_card":"summary_large_image","twitter_title":"Neoprenske dolge hla\u010de HIKO Symbio | Kajaka\u0161ka Oprema","twitter_description":"Neoprenske dolge hla\u010de HIKO Symbio HIKO Symbio so tanke, izjemno udobne e.prene dolge hla\u010de, oblikovane za vse ljubitelje vodnih \u0161portov, ki potrebujejo","twitter_image":"https:\/\/kajakaskaoprema.si\/wp-content\/uploads\/2022\/11\/Symbio-Dolge-hlace.webp","twitter_misc":{"Estimated reading time":"2 minutes"},"schema":{"@context":"https:\/\/schema.org","@graph":[{"@type":["WebPage","ItemPage"],"@id":"https:\/\/kajakaskaoprema.si\/trgovina\/hlace\/symbio-dolge-hlace\/","url":"https:\/\/kajakaskaoprema.si\/trgovina\/hlace\/symbio-dolge-hlace\/","name":"Neoprenske dolge hla\u010de HIKO Symbio | Kajaka\u0161ka Oprema","isPartOf":{"@id":"https:\/\/kajakaskaoprema.si\/#website"},"primaryImageOfPage":{"@id":"https:\/\/kajakaskaoprema.si\/trgovina\/hlace\/symbio-dolge-hlace\/#primaryimage"},"image":{"@id":"https:\/\/kajakaskaoprema.si\/trgovina\/hlace\/symbio-dolge-hlace\/#primaryimage"},"thumbnailUrl":"https:\/\/kajakaskaoprema.si\/wp-content\/uploads\/2022\/11\/Symbio-Dolge-hlace.webp","datePublished":"2022-11-16T14:43:26+00:00","dateModified":"2025-11-18T07:52:25+00:00","description":"Neoprenske dolge hla\u010de HIKO Symbio \u2013 tanke, udobne in prilagojene veslanju. Celotna dol\u017eina za ve\u010d za\u0161\u010dite nog in kolen pri kajaku, SUP-u in vodnih \u0161portih.","breadcrumb":{"@id":"https:\/\/kajakaskaoprema.si\/trgovina\/hlace\/symbio-dolge-hlace\/#breadcrumb"},"inLanguage":"en-GB","potentialAction":[{"@type":"ReadAction","target":["https:\/\/kajakaskaoprema.si\/trgovina\/hlace\/symbio-dolge-hlace\/"]}]},{"@type":"ImageObject","inLanguage":"en-GB","@id":"https:\/\/kajakaskaoprema.si\/trgovina\/hlace\/symbio-dolge-hlace\/#primaryimage","url":"https:\/\/kajakaskaoprema.si\/wp-content\/uploads\/2022\/11\/Symbio-Dolge-hlace.webp","contentUrl":"https:\/\/kajakaskaoprema.si\/wp-content\/uploads\/2022\/11\/Symbio-Dolge-hlace.webp","width":1000,"height":1000,"caption":"HIKO Symbio long neoprene pants \u2013 full length view for kayaking and water sports"},{"@type":"BreadcrumbList","@id":"https:\/\/kajakaskaoprema.si\/trgovina\/hlace\/symbio-dolge-hlace\/#breadcrumb","itemListElement":[{"@type":"ListItem","position":1,"name":"Domov","item":"https:\/\/kajakaskaoprema.si\/"},{"@type":"ListItem","position":2,"name":"Trgovina","item":"https:\/\/kajakaskaoprema.si\/trgovina\/"},{"@type":"ListItem","position":3,"name":"neoprenske hla\u010de","item":"https:\/\/kajakaskaoprema.si\/kolekcije\/hlace\/"},{"@type":"ListItem","position":4,"name":"Neoprenske dolge hla\u010de HIKO Symbio"}]},{"@type":"WebSite","@id":"https:\/\/kajakaskaoprema.si\/#website","url":"https:\/\/kajakaskaoprema.si\/","name":"Kajaka\u0161ka Oprema","description":"Spletna trgovina s kajaka\u0161ko opremo svetovno priznanih znamk. Idealno za vse ljubitelje adrenalina in vodnih \u0161portov.","publisher":{"@id":"https:\/\/kajakaskaoprema.si\/#organization"},"potentialAction":[{"@type":"SearchAction","target":{"@type":"EntryPoint","urlTemplate":"https:\/\/kajakaskaoprema.si\/?s={search_term_string}"},"query-input":{"@type":"PropertyValueSpecification","valueRequired":true,"valueName":"search_term_string"}}],"inLanguage":"en-GB"},{"@type":"Organization","@id":"https:\/\/kajakaskaoprema.si\/#organization","name":"Kajaka\u0161ka Oprema","url":"https:\/\/kajakaskaoprema.si\/","logo":{"@type":"ImageObject","inLanguage":"en-GB","@id":"https:\/\/kajakaskaoprema.si\/#\/schema\/logo\/image\/","url":"https:\/\/kajakaskaoprema.si\/wp-content\/uploads\/2022\/12\/Logo_Kajakaska-Oprema.png","contentUrl":"https:\/\/kajakaskaoprema.si\/wp-content\/uploads\/2022\/12\/Logo_Kajakaska-Oprema.png","width":250,"height":69,"caption":"Kajaka\u0161ka Oprema"},"image":{"@id":"https:\/\/kajakaskaoprema.si\/#\/schema\/logo\/image\/"},"sameAs":["https:\/\/www.facebook.com\/profile.php?id=100089048120006","https:\/\/www.instagram.com\/kajakaska_oprema\/?fbclid=IwAR2wP1CpCpqaC63UyJF_RvVrzwwz_bz6YVmg02z_LdA4tZuWdCWYKBih7zQ"]}]}},"_links":{"self":[{"href":"https:\/\/kajakaskaoprema.si\/en\/wp-json\/wp\/v2\/product\/6719","targetHints":{"allow":["GET"]}}],"collection":[{"href":"https:\/\/kajakaskaoprema.si\/en\/wp-json\/wp\/v2\/product"}],"about":[{"href":"https:\/\/kajakaskaoprema.si\/en\/wp-json\/wp\/v2\/types\/product"}],"replies":[{"embeddable":true,"href":"https:\/\/kajakaskaoprema.si\/en\/wp-json\/wp\/v2\/comments?post=6719"}],"wp:featuredmedia":[{"embeddable":true,"href":"https:\/\/kajakaskaoprema.si\/en\/wp-json\/wp\/v2\/media\/6703"}],"wp:attachment":[{"href":"https:\/\/kajakaskaoprema.si\/en\/wp-json\/wp\/v2\/media?parent=6719"}],"wp:term":[{"taxonomy":"product_brand","embeddable":true,"href":"https:\/\/kajakaskaoprema.si\/en\/wp-json\/wp\/v2\/product_brand?post=6719"},{"taxonomy":"product_cat","embeddable":true,"href":"https:\/\/kajakaskaoprema.si\/en\/wp-json\/wp\/v2\/product_cat?post=6719"},{"taxonomy":"product_tag","embeddable":true,"href":"https:\/\/kajakaskaoprema.si\/en\/wp-json\/wp\/v2\/product_tag?post=6719"}],"curies":[{"name":"wp","href":"https:\/\/api.w.org\/{rel}","templated":true}]}}