{"id":6664,"date":"2022-11-16T15:05:11","date_gmt":"2022-11-16T14:05:11","guid":{"rendered":"https:\/\/kajakaskaoprema.si\/?post_type=product&#038;p=6664"},"modified":"2025-11-18T10:08:02","modified_gmt":"2025-11-18T09:08:02","slug":"krovnica-prodigy-94","status":"publish","type":"product","link":"https:\/\/kajakaskaoprema.si\/en\/trgovina\/krovnice-za-kajak\/krovnica-prodigy-94\/","title":{"rendered":"Krovnica HIKO Prodigy 94"},"content":{"rendered":"<h1 data-start=\"226\" data-end=\"256\"><strong data-start=\"228\" data-end=\"256\">Krovnica HIKO Prodigy 94<\/strong><\/h1>\n<p data-start=\"258\" data-end=\"679\">Krovnica HIKO Prodigy 94 je izjemno prijazna za uporabo in zasnovana posebej za za\u010detnike ter srednje izku\u0161ene kajaka\u0161e. Izdelana je iz NTX2 e.prene \u2013 trajnostnega neoprena, ki zagotavlja odli\u010dno vodotesnost, majhno te\u017eo in ve\u010djo okoljsko prijaznost. Zaradi svoje pro\u017enosti in elasti\u010dnosti se naravno giblje s kajaka\u0161em ter omogo\u010da enostavno rokovanje v razli\u010dnih pogojih, od divje vode do rekreativnega touring veslanja.<\/p>\n<p data-start=\"681\" data-end=\"891\">Obrobni bungee trak poskrbi za stabilno tesnjenje in prepre\u010duje vdor vode tudi v zahtevnej\u0161ih razmerah. Zaradi enostavne uporabe je Prodigy 80 odli\u010dna izbira tako za posameznike kot za klube in izposojevalnice.<\/p>\n<h2 data-start=\"893\" data-end=\"935\"><strong data-start=\"896\" data-end=\"935\">Lastnosti HIKO Prodigy 94 krovnice:<\/strong><\/h2>\n<ul data-start=\"937\" data-end=\"1409\">\n<li data-start=\"937\" data-end=\"1017\">\n<p data-start=\"939\" data-end=\"1017\">Izdelana iz NTX2 e.prene \u2013 trajnostnej\u0161ega neoprena z odli\u010dno vodotesnostjo.<\/p>\n<\/li>\n<li data-start=\"1018\" data-end=\"1110\">\n<p data-start=\"1020\" data-end=\"1110\">Prijazna za uporabo, zelo pro\u017ena in primerna za za\u010detnike ter srednje izku\u0161ene kajaka\u0161e.<\/p>\n<\/li>\n<li data-start=\"1111\" data-end=\"1191\">\n<p data-start=\"1113\" data-end=\"1191\">Material se naravno premika s telesom in omogo\u010da svobodo gibanja brez upora.<\/p>\n<\/li>\n<li data-start=\"1192\" data-end=\"1256\">\n<p data-start=\"1194\" data-end=\"1256\">Obrobni bungee trak za stabilen oprijem in zadr\u017eevanje vode.<\/p>\n<\/li>\n<li data-start=\"1257\" data-end=\"1329\">\n<p data-start=\"1259\" data-end=\"1329\">Velik in lahko dostopen zavihek za hitro in varno snemanje krovnice.<\/p>\n<\/li>\n<li data-start=\"1330\" data-end=\"1409\">\n<p data-start=\"1332\" data-end=\"1409\">Odli\u010dna izbira za uporabnike in izposojevalnice zaradi enostavnega rokovanja.<\/p>\n<\/li>\n<\/ul>\n<h2 data-start=\"1411\" data-end=\"1435\"><strong data-start=\"1414\" data-end=\"1435\">Komu je primerna?<\/strong><\/h2>\n<p data-start=\"1437\" data-end=\"1476\">Krovnica HIKO Prodigy 94 je odli\u010dna za:<\/p>\n<ul data-start=\"1478\" data-end=\"1733\">\n<li data-start=\"1478\" data-end=\"1520\">\n<p data-start=\"1480\" data-end=\"1520\">za\u010detnike in srednje izku\u0161ene kajaka\u0161e<\/p>\n<\/li>\n<li data-start=\"1521\" data-end=\"1581\">\n<p data-start=\"1523\" data-end=\"1581\">whitewater kayaking na la\u017ejih in srednje zahtevnih vodah<\/p>\n<\/li>\n<li data-start=\"1582\" data-end=\"1609\">\n<p data-start=\"1584\" data-end=\"1609\">touring in sea kayaking<\/p>\n<\/li>\n<li data-start=\"1610\" data-end=\"1654\">\n<p data-start=\"1612\" data-end=\"1654\">kajaka\u0161ke \u0161ole, klube in izposojevalnice<\/p>\n<\/li>\n<li data-start=\"1655\" data-end=\"1733\">\n<p data-start=\"1657\" data-end=\"1733\">vsakogar, ki \u017eeli lahko, pro\u017eno in preprosto krovnico za vsakodnevno uporabo<\/p>\n<\/li>\n<\/ul>\n<h2 data-start=\"1735\" data-end=\"1759\"><strong data-start=\"1738\" data-end=\"1759\">Notranja povezava<\/strong><\/h2>\n<p data-start=\"1761\" data-end=\"1875\">Preverite \u0161e celotno ponudbo krovnic za kajak TUKAJ:<br data-start=\"1813\" data-end=\"1816\" \/><strong data-start=\"1816\" data-end=\"1875\"><a class=\"decorated-link\" href=\"https:\/\/kajakaskaoprema.si\/en\/kolekcije\/krovnice-za-kajak\/\" target=\"_new\" rel=\"noopener\" data-start=\"1818\" data-end=\"1873\">https:\/\/kajakaskaoprema.si\/kolekcije\/krovnice-za-kajak\/<\/a><\/strong><\/p>","protected":false},"excerpt":{"rendered":"<p>Krovnica HIKO Prodigy je primerna za kajaka\u0161e za\u010detnike in tiste z naprednim znanjem. Izdelana je iz e.prena &#8211; trajnostni neopren.<\/p>","protected":false},"featured_media":6590,"comment_status":"open","ping_status":"closed","template":"","meta":{"_et_pb_use_builder":"","_et_pb_old_content":"","_et_gb_content_width":""},"product_brand":[],"product_cat":[200],"product_tag":[291,285,290],"class_list":{"0":"post-6664","1":"product","2":"type-product","3":"status-publish","4":"has-post-thumbnail","6":"product_cat-krovnice-za-kajak","7":"product_tag-291","8":"product_tag-krovnica","9":"product_tag-prodigy","10":"pa_velikost-xs","11":"pa_velikost-s","12":"pa_velikost-m","13":"pa_velikost-l","14":"pa_velikost-xl","16":"first","17":"instock","18":"shipping-taxable","19":"purchasable","20":"product-type-variable"},"yoast_head":"<!-- This site is optimized with the Yoast SEO plugin v27.0 - https:\/\/yoast.com\/product\/yoast-seo-wordpress\/ -->\n<title>Krovnica HIKO Prodigy 94 | Kajaka\u0161ka Oprema<\/title>\n<meta name=\"description\" content=\"Krovnica HIKO Prodigy je primerna za kajaka\u0161e za\u010detnike in tiste z naprednim znanjem. Izdelana je iz e.prena - trajnostni neopren.\" \/>\n<meta name=\"robots\" content=\"index, follow, max-snippet:-1, max-image-preview:large, max-video-preview:-1\" \/>\n<link rel=\"canonical\" href=\"https:\/\/kajakaskaoprema.si\/en\/trgovina\/krovnice-za-kajak\/krovnica-prodigy-94\/\" \/>\n<meta property=\"og:locale\" content=\"en_GB\" \/>\n<meta property=\"og:type\" content=\"article\" \/>\n<meta property=\"og:title\" content=\"Krovnica HIKO Prodigy 94 | Kajaka\u0161ka Oprema\" \/>\n<meta property=\"og:description\" content=\"Krovnica HIKO Prodigy je primerna za kajaka\u0161e za\u010detnike in tiste z naprednim znanjem. Izdelana je iz e.prena - trajnostni neopren.\" \/>\n<meta property=\"og:url\" content=\"https:\/\/kajakaskaoprema.si\/en\/trgovina\/krovnice-za-kajak\/krovnica-prodigy-94\/\" \/>\n<meta property=\"og:site_name\" content=\"Kajaka\u0161ka Oprema\" \/>\n<meta property=\"article:publisher\" content=\"https:\/\/www.facebook.com\/profile.php?id=100089048120006\" \/>\n<meta property=\"article:modified_time\" content=\"2025-11-18T09:08:02+00:00\" \/>\n<meta property=\"og:image\" content=\"https:\/\/kajakaskaoprema.si\/wp-content\/uploads\/2022\/11\/Prodigy-94.webp\" \/>\n\t<meta property=\"og:image:width\" content=\"1000\" \/>\n\t<meta property=\"og:image:height\" content=\"1000\" \/>\n\t<meta property=\"og:image:type\" content=\"image\/webp\" \/>\n<meta name=\"twitter:card\" content=\"summary_large_image\" \/>\n<meta name=\"twitter:title\" content=\"Krovnica HIKO Prodigy 94 | Kajaka\u0161ka Oprema\" \/>\n<meta name=\"twitter:description\" content=\"Krovnica HIKO Prodigy je primerna za kajaka\u0161e za\u010detnike in tiste z naprednim znanjem. Izdelana je iz e.prena - trajnostni neopren.\" \/>\n<meta name=\"twitter:image\" content=\"https:\/\/kajakaskaoprema.si\/wp-content\/uploads\/2022\/11\/Prodigy-94.webp\" \/>\n<meta name=\"twitter:label1\" content=\"Estimated reading time\" \/>\n\t<meta name=\"twitter:data1\" content=\"2 minutes\" \/>\n<!-- \/ Yoast SEO plugin. -->","yoast_head_json":{"title":"Krovnica HIKO Prodigy 94 | Kajaka\u0161ka Oprema","description":"Krovnica HIKO Prodigy je primerna za kajaka\u0161e za\u010detnike in tiste z naprednim znanjem. Izdelana je iz e.prena - trajnostni neopren.","robots":{"index":"index","follow":"follow","max-snippet":"max-snippet:-1","max-image-preview":"max-image-preview:large","max-video-preview":"max-video-preview:-1"},"canonical":"https:\/\/kajakaskaoprema.si\/en\/trgovina\/krovnice-za-kajak\/krovnica-prodigy-94\/","og_locale":"en_GB","og_type":"article","og_title":"Krovnica HIKO Prodigy 94 | Kajaka\u0161ka Oprema","og_description":"Krovnica HIKO Prodigy je primerna za kajaka\u0161e za\u010detnike in tiste z naprednim znanjem. Izdelana je iz e.prena - trajnostni neopren.","og_url":"https:\/\/kajakaskaoprema.si\/en\/trgovina\/krovnice-za-kajak\/krovnica-prodigy-94\/","og_site_name":"Kajaka\u0161ka Oprema","article_publisher":"https:\/\/www.facebook.com\/profile.php?id=100089048120006","article_modified_time":"2025-11-18T09:08:02+00:00","og_image":[{"width":1000,"height":1000,"url":"https:\/\/kajakaskaoprema.si\/wp-content\/uploads\/2022\/11\/Prodigy-94.webp","type":"image\/webp"}],"twitter_card":"summary_large_image","twitter_title":"Krovnica HIKO Prodigy 94 | Kajaka\u0161ka Oprema","twitter_description":"Krovnica HIKO Prodigy je primerna za kajaka\u0161e za\u010detnike in tiste z naprednim znanjem. Izdelana je iz e.prena - trajnostni neopren.","twitter_image":"https:\/\/kajakaskaoprema.si\/wp-content\/uploads\/2022\/11\/Prodigy-94.webp","twitter_misc":{"Estimated reading time":"2 minutes"},"schema":{"@context":"https:\/\/schema.org","@graph":[{"@type":["WebPage","ItemPage"],"@id":"https:\/\/kajakaskaoprema.si\/trgovina\/krovnice-za-kajak\/krovnica-prodigy-94\/","url":"https:\/\/kajakaskaoprema.si\/trgovina\/krovnice-za-kajak\/krovnica-prodigy-94\/","name":"Krovnica HIKO Prodigy 94 | Kajaka\u0161ka Oprema","isPartOf":{"@id":"https:\/\/kajakaskaoprema.si\/#website"},"primaryImageOfPage":{"@id":"https:\/\/kajakaskaoprema.si\/trgovina\/krovnice-za-kajak\/krovnica-prodigy-94\/#primaryimage"},"image":{"@id":"https:\/\/kajakaskaoprema.si\/trgovina\/krovnice-za-kajak\/krovnica-prodigy-94\/#primaryimage"},"thumbnailUrl":"https:\/\/kajakaskaoprema.si\/wp-content\/uploads\/2022\/11\/Prodigy-94.webp","datePublished":"2022-11-16T14:05:11+00:00","dateModified":"2025-11-18T09:08:02+00:00","description":"Krovnica HIKO Prodigy je primerna za kajaka\u0161e za\u010detnike in tiste z naprednim znanjem. Izdelana je iz e.prena - trajnostni neopren.","breadcrumb":{"@id":"https:\/\/kajakaskaoprema.si\/trgovina\/krovnice-za-kajak\/krovnica-prodigy-94\/#breadcrumb"},"inLanguage":"en-GB","potentialAction":[{"@type":"ReadAction","target":["https:\/\/kajakaskaoprema.si\/trgovina\/krovnice-za-kajak\/krovnica-prodigy-94\/"]}]},{"@type":"ImageObject","inLanguage":"en-GB","@id":"https:\/\/kajakaskaoprema.si\/trgovina\/krovnice-za-kajak\/krovnica-prodigy-94\/#primaryimage","url":"https:\/\/kajakaskaoprema.si\/wp-content\/uploads\/2022\/11\/Prodigy-94.webp","contentUrl":"https:\/\/kajakaskaoprema.si\/wp-content\/uploads\/2022\/11\/Prodigy-94.webp","width":1000,"height":1000,"caption":"Spraydeck HIko Prodigy 94 for whitewater kayaking"},{"@type":"BreadcrumbList","@id":"https:\/\/kajakaskaoprema.si\/trgovina\/krovnice-za-kajak\/krovnica-prodigy-94\/#breadcrumb","itemListElement":[{"@type":"ListItem","position":1,"name":"Domov","item":"https:\/\/kajakaskaoprema.si\/"},{"@type":"ListItem","position":2,"name":"Trgovina","item":"https:\/\/kajakaskaoprema.si\/trgovina\/"},{"@type":"ListItem","position":3,"name":"Krovnice za kajak","item":"https:\/\/kajakaskaoprema.si\/kolekcije\/krovnice-za-kajak\/"},{"@type":"ListItem","position":4,"name":"Krovnica HIKO Prodigy 94"}]},{"@type":"WebSite","@id":"https:\/\/kajakaskaoprema.si\/#website","url":"https:\/\/kajakaskaoprema.si\/","name":"Kajaka\u0161ka Oprema","description":"Spletna trgovina s kajaka\u0161ko opremo svetovno priznanih znamk. Idealno za vse ljubitelje adrenalina in vodnih \u0161portov.","publisher":{"@id":"https:\/\/kajakaskaoprema.si\/#organization"},"potentialAction":[{"@type":"SearchAction","target":{"@type":"EntryPoint","urlTemplate":"https:\/\/kajakaskaoprema.si\/?s={search_term_string}"},"query-input":{"@type":"PropertyValueSpecification","valueRequired":true,"valueName":"search_term_string"}}],"inLanguage":"en-GB"},{"@type":"Organization","@id":"https:\/\/kajakaskaoprema.si\/#organization","name":"Kajaka\u0161ka Oprema","url":"https:\/\/kajakaskaoprema.si\/","logo":{"@type":"ImageObject","inLanguage":"en-GB","@id":"https:\/\/kajakaskaoprema.si\/#\/schema\/logo\/image\/","url":"https:\/\/kajakaskaoprema.si\/wp-content\/uploads\/2022\/12\/Logo_Kajakaska-Oprema.png","contentUrl":"https:\/\/kajakaskaoprema.si\/wp-content\/uploads\/2022\/12\/Logo_Kajakaska-Oprema.png","width":250,"height":69,"caption":"Kajaka\u0161ka Oprema"},"image":{"@id":"https:\/\/kajakaskaoprema.si\/#\/schema\/logo\/image\/"},"sameAs":["https:\/\/www.facebook.com\/profile.php?id=100089048120006","https:\/\/www.instagram.com\/kajakaska_oprema\/?fbclid=IwAR2wP1CpCpqaC63UyJF_RvVrzwwz_bz6YVmg02z_LdA4tZuWdCWYKBih7zQ"]}]}},"_links":{"self":[{"href":"https:\/\/kajakaskaoprema.si\/en\/wp-json\/wp\/v2\/product\/6664","targetHints":{"allow":["GET"]}}],"collection":[{"href":"https:\/\/kajakaskaoprema.si\/en\/wp-json\/wp\/v2\/product"}],"about":[{"href":"https:\/\/kajakaskaoprema.si\/en\/wp-json\/wp\/v2\/types\/product"}],"replies":[{"embeddable":true,"href":"https:\/\/kajakaskaoprema.si\/en\/wp-json\/wp\/v2\/comments?post=6664"}],"wp:featuredmedia":[{"embeddable":true,"href":"https:\/\/kajakaskaoprema.si\/en\/wp-json\/wp\/v2\/media\/6590"}],"wp:attachment":[{"href":"https:\/\/kajakaskaoprema.si\/en\/wp-json\/wp\/v2\/media?parent=6664"}],"wp:term":[{"taxonomy":"product_brand","embeddable":true,"href":"https:\/\/kajakaskaoprema.si\/en\/wp-json\/wp\/v2\/product_brand?post=6664"},{"taxonomy":"product_cat","embeddable":true,"href":"https:\/\/kajakaskaoprema.si\/en\/wp-json\/wp\/v2\/product_cat?post=6664"},{"taxonomy":"product_tag","embeddable":true,"href":"https:\/\/kajakaskaoprema.si\/en\/wp-json\/wp\/v2\/product_tag?post=6664"}],"curies":[{"name":"wp","href":"https:\/\/api.w.org\/{rel}","templated":true}]}}