{"id":6639,"date":"2022-11-16T14:19:49","date_gmt":"2022-11-16T13:19:49","guid":{"rendered":"https:\/\/kajakaskaoprema.si\/?post_type=product&#038;p=6639"},"modified":"2025-11-18T10:25:20","modified_gmt":"2025-11-18T09:25:20","slug":"krovnica-repeat-k1","status":"publish","type":"product","link":"https:\/\/kajakaskaoprema.si\/en\/trgovina\/krovnice-za-kajak\/krovnica-repeat-k1\/","title":{"rendered":"Krovnica HIKO Repeat K1"},"content":{"rendered":"<h1 data-start=\"200\" data-end=\"229\"><strong data-start=\"202\" data-end=\"229\">Krovnica HIKO Repeat K1<\/strong><\/h1>\n<p data-start=\"231\" data-end=\"533\">Krovnica HIKO Repeat K1 je nova razli\u010dica nekdaj izjemno priljubljene K FLEX krovnice in predstavlja odli\u010dno izbiro za za\u010detnike ter napredne kajaka\u0161e v slalomu. V primerjavi s K FLEX modelom ima pove\u010dan povr\u0161inski del krovnice, kar mladim \u0161portnikom mo\u010dno olaj\u0161a name\u0161\u010danje in snemanje z roba kokpita.<\/p>\n<p data-start=\"535\" data-end=\"815\">Zgornji del je izdelan iz gostej\u0161ega Durafoam neoprena, ki zagotavlja ve\u010djo odpornost, celotno telo pa je narejeno iz e.prene \u2013 okolju prijaznej\u0161ega neoprena na osnovi apnenca. Krovnica zato zdru\u017euje trajnost, udobje in visoko funkcionalnost pri vsakodnevnih slalomskih treningih.<\/p>\n<h2 data-start=\"817\" data-end=\"858\"><strong data-start=\"820\" data-end=\"858\">Lastnosti HIKO Repeat K1 krovnice:<\/strong><\/h2>\n<ul data-start=\"860\" data-end=\"1166\">\n<li data-start=\"860\" data-end=\"925\">\n<p data-start=\"862\" data-end=\"925\">4 mm e.prene Durafoam na zgornjem delu za ve\u010djo vzdr\u017eljivost.<\/p>\n<\/li>\n<li data-start=\"926\" data-end=\"976\">\n<p data-start=\"928\" data-end=\"976\">3 mm e.prene okoli pasu za udobje in pro\u017enost.<\/p>\n<\/li>\n<li data-start=\"977\" data-end=\"1034\">\n<p data-start=\"979\" data-end=\"1034\">8 mm obodni bungee trak za stabilen in varen oprijem.<\/p>\n<\/li>\n<li data-start=\"1035\" data-end=\"1086\">\n<p data-start=\"1037\" data-end=\"1086\">Sprednji trak za hitro in enostavno sprostitev.<\/p>\n<\/li>\n<li data-start=\"1087\" data-end=\"1166\">\n<p data-start=\"1089\" data-end=\"1166\">Pove\u010dana povr\u0161ina krovnice za la\u017eje name\u0161\u010danje, posebej za mlaj\u0161e slalomiste.<\/p>\n<\/li>\n<\/ul>\n<h2 data-start=\"1168\" data-end=\"1192\"><strong data-start=\"1171\" data-end=\"1192\">Komu je primerna?<\/strong><\/h2>\n<p data-start=\"1194\" data-end=\"1232\">Krovnica HIKO Repeat K1 je odli\u010dna za:<\/p>\n<ul data-start=\"1234\" data-end=\"1507\">\n<li data-start=\"1234\" data-end=\"1273\">\n<p data-start=\"1236\" data-end=\"1273\">za\u010detnike in mlaj\u0161e slalom kajaka\u0161e<\/p>\n<\/li>\n<li data-start=\"1274\" data-end=\"1328\">\n<p data-start=\"1276\" data-end=\"1328\">napredne slalomiste, ki \u017eelijo zanesljivo krovnico<\/p>\n<\/li>\n<li data-start=\"1329\" data-end=\"1372\">\n<p data-start=\"1331\" data-end=\"1372\">treninge K1 slaloma v razli\u010dnih pogojih<\/p>\n<\/li>\n<li data-start=\"1373\" data-end=\"1435\">\n<p data-start=\"1375\" data-end=\"1435\">\u0161portnike, ki \u017eelijo la\u017eje name\u0161\u010danje in snemanje krovnice<\/p>\n<\/li>\n<li data-start=\"1436\" data-end=\"1507\">\n<p data-start=\"1438\" data-end=\"1507\">tiste, ki i\u0161\u010dejo vzdr\u017eljivo in okolju prijaznej\u0161o e.prene alternativo<\/p>\n<\/li>\n<\/ul>\n<h2 data-start=\"1509\" data-end=\"1533\"><strong data-start=\"1512\" data-end=\"1533\">Notranja povezava<\/strong><\/h2>\n<p data-start=\"1535\" data-end=\"1643\">Preverite tudi ostale krovnice za kajak TUKAJ:<br data-start=\"1581\" data-end=\"1584\" \/><strong data-start=\"1584\" data-end=\"1643\"><a class=\"decorated-link\" href=\"https:\/\/kajakaskaoprema.si\/en\/kolekcije\/krovnice-za-kajak\/\" target=\"_new\" rel=\"noopener\" data-start=\"1586\" data-end=\"1641\">https:\/\/kajakaskaoprema.si\/kolekcije\/krovnice-za-kajak\/<\/a><\/strong><\/p>","protected":false},"excerpt":{"rendered":"<p>Krovnica HIKO Repeat K1 z ve\u010djo povr\u0161ino za la\u017eje name\u0161\u010danje, izdelana iz trpe\u017enega e.prene Durafoam. Odli\u010dna izbira za za\u010detnike in napredne slalom kajaka\u0161e.<\/p>","protected":false},"featured_media":6587,"comment_status":"open","ping_status":"closed","template":"","meta":{"_et_pb_use_builder":"","_et_pb_old_content":"","_et_gb_content_width":""},"product_brand":[],"product_cat":[200],"product_tag":[263,285,268],"class_list":{"0":"post-6639","1":"product","2":"type-product","3":"status-publish","4":"has-post-thumbnail","6":"product_cat-krovnice-za-kajak","7":"product_tag-k1","8":"product_tag-krovnica","9":"product_tag-repeat","10":"pa_uporaba-mrzlo-vreme","11":"pa_uporaba-slalom","12":"pa_velikost-xs","13":"pa_velikost-s","14":"pa_velikost-m","15":"pa_velikost-l","16":"pa_velikost-xl","18":"first","19":"instock","20":"shipping-taxable","21":"purchasable","22":"product-type-variable"},"yoast_head":"<!-- This site is optimized with the Yoast SEO plugin v27.0 - https:\/\/yoast.com\/product\/yoast-seo-wordpress\/ -->\n<title>Krovnica HIKO Repeat K1 | Kajaka\u0161ka Oprema<\/title>\n<meta name=\"description\" content=\"Krovnica HIKO Repeat K1 z ve\u010djo povr\u0161ino za la\u017eje name\u0161\u010danje, izdelana iz trpe\u017enega e.prene Durafoam. Odli\u010dna izbira za za\u010detnike in napredne slalom kajaka\u0161e.\" \/>\n<meta name=\"robots\" content=\"index, follow, max-snippet:-1, max-image-preview:large, max-video-preview:-1\" \/>\n<link rel=\"canonical\" href=\"https:\/\/kajakaskaoprema.si\/en\/trgovina\/krovnice-za-kajak\/krovnica-repeat-k1\/\" \/>\n<meta property=\"og:locale\" content=\"en_GB\" \/>\n<meta property=\"og:type\" content=\"article\" \/>\n<meta property=\"og:title\" content=\"Krovnica HIKO Repeat K1 | Kajaka\u0161ka Oprema\" \/>\n<meta property=\"og:description\" content=\"Krovnica HIKO Repeat K1 z ve\u010djo povr\u0161ino za la\u017eje name\u0161\u010danje, izdelana iz trpe\u017enega e.prene Durafoam. Odli\u010dna izbira za za\u010detnike in napredne slalom kajaka\u0161e.\" \/>\n<meta property=\"og:url\" content=\"https:\/\/kajakaskaoprema.si\/en\/trgovina\/krovnice-za-kajak\/krovnica-repeat-k1\/\" \/>\n<meta property=\"og:site_name\" content=\"Kajaka\u0161ka Oprema\" \/>\n<meta property=\"article:publisher\" content=\"https:\/\/www.facebook.com\/profile.php?id=100089048120006\" \/>\n<meta property=\"article:modified_time\" content=\"2025-11-18T09:25:20+00:00\" \/>\n<meta property=\"og:image\" content=\"https:\/\/kajakaskaoprema.si\/wp-content\/uploads\/2022\/11\/Repeat-K1.webp\" \/>\n\t<meta property=\"og:image:width\" content=\"1000\" \/>\n\t<meta property=\"og:image:height\" content=\"1000\" \/>\n\t<meta property=\"og:image:type\" content=\"image\/webp\" \/>\n<meta name=\"twitter:card\" content=\"summary_large_image\" \/>\n<meta name=\"twitter:title\" content=\"Krovnica HIKO Repeat K1 | Kajaka\u0161ka Oprema\" \/>\n<meta name=\"twitter:description\" content=\"Krovnica HIKO Repeat K1 z ve\u010djo povr\u0161ino za la\u017eje name\u0161\u010danje, izdelana iz trpe\u017enega e.prene Durafoam. Odli\u010dna izbira za za\u010detnike in napredne slalom kajaka\u0161e.\" \/>\n<meta name=\"twitter:image\" content=\"https:\/\/kajakaskaoprema.si\/wp-content\/uploads\/2022\/11\/Repeat-K1.webp\" \/>\n<meta name=\"twitter:label1\" content=\"Estimated reading time\" \/>\n\t<meta name=\"twitter:data1\" content=\"2 minutes\" \/>\n<!-- \/ Yoast SEO plugin. -->","yoast_head_json":{"title":"Krovnica HIKO Repeat K1 | Kajaka\u0161ka Oprema","description":"Krovnica HIKO Repeat K1 z ve\u010djo povr\u0161ino za la\u017eje name\u0161\u010danje, izdelana iz trpe\u017enega e.prene Durafoam. Odli\u010dna izbira za za\u010detnike in napredne slalom kajaka\u0161e.","robots":{"index":"index","follow":"follow","max-snippet":"max-snippet:-1","max-image-preview":"max-image-preview:large","max-video-preview":"max-video-preview:-1"},"canonical":"https:\/\/kajakaskaoprema.si\/en\/trgovina\/krovnice-za-kajak\/krovnica-repeat-k1\/","og_locale":"en_GB","og_type":"article","og_title":"Krovnica HIKO Repeat K1 | Kajaka\u0161ka Oprema","og_description":"Krovnica HIKO Repeat K1 z ve\u010djo povr\u0161ino za la\u017eje name\u0161\u010danje, izdelana iz trpe\u017enega e.prene Durafoam. Odli\u010dna izbira za za\u010detnike in napredne slalom kajaka\u0161e.","og_url":"https:\/\/kajakaskaoprema.si\/en\/trgovina\/krovnice-za-kajak\/krovnica-repeat-k1\/","og_site_name":"Kajaka\u0161ka Oprema","article_publisher":"https:\/\/www.facebook.com\/profile.php?id=100089048120006","article_modified_time":"2025-11-18T09:25:20+00:00","og_image":[{"width":1000,"height":1000,"url":"https:\/\/kajakaskaoprema.si\/wp-content\/uploads\/2022\/11\/Repeat-K1.webp","type":"image\/webp"}],"twitter_card":"summary_large_image","twitter_title":"Krovnica HIKO Repeat K1 | Kajaka\u0161ka Oprema","twitter_description":"Krovnica HIKO Repeat K1 z ve\u010djo povr\u0161ino za la\u017eje name\u0161\u010danje, izdelana iz trpe\u017enega e.prene Durafoam. Odli\u010dna izbira za za\u010detnike in napredne slalom kajaka\u0161e.","twitter_image":"https:\/\/kajakaskaoprema.si\/wp-content\/uploads\/2022\/11\/Repeat-K1.webp","twitter_misc":{"Estimated reading time":"2 minutes"},"schema":{"@context":"https:\/\/schema.org","@graph":[{"@type":["WebPage","ItemPage"],"@id":"https:\/\/kajakaskaoprema.si\/trgovina\/krovnice-za-kajak\/krovnica-repeat-k1\/","url":"https:\/\/kajakaskaoprema.si\/trgovina\/krovnice-za-kajak\/krovnica-repeat-k1\/","name":"Krovnica HIKO Repeat K1 | Kajaka\u0161ka Oprema","isPartOf":{"@id":"https:\/\/kajakaskaoprema.si\/#website"},"primaryImageOfPage":{"@id":"https:\/\/kajakaskaoprema.si\/trgovina\/krovnice-za-kajak\/krovnica-repeat-k1\/#primaryimage"},"image":{"@id":"https:\/\/kajakaskaoprema.si\/trgovina\/krovnice-za-kajak\/krovnica-repeat-k1\/#primaryimage"},"thumbnailUrl":"https:\/\/kajakaskaoprema.si\/wp-content\/uploads\/2022\/11\/Repeat-K1.webp","datePublished":"2022-11-16T13:19:49+00:00","dateModified":"2025-11-18T09:25:20+00:00","description":"Krovnica HIKO Repeat K1 z ve\u010djo povr\u0161ino za la\u017eje name\u0161\u010danje, izdelana iz trpe\u017enega e.prene Durafoam. Odli\u010dna izbira za za\u010detnike in napredne slalom kajaka\u0161e.","breadcrumb":{"@id":"https:\/\/kajakaskaoprema.si\/trgovina\/krovnice-za-kajak\/krovnica-repeat-k1\/#breadcrumb"},"inLanguage":"en-GB","potentialAction":[{"@type":"ReadAction","target":["https:\/\/kajakaskaoprema.si\/trgovina\/krovnice-za-kajak\/krovnica-repeat-k1\/"]}]},{"@type":"ImageObject","inLanguage":"en-GB","@id":"https:\/\/kajakaskaoprema.si\/trgovina\/krovnice-za-kajak\/krovnica-repeat-k1\/#primaryimage","url":"https:\/\/kajakaskaoprema.si\/wp-content\/uploads\/2022\/11\/Repeat-K1.webp","contentUrl":"https:\/\/kajakaskaoprema.si\/wp-content\/uploads\/2022\/11\/Repeat-K1.webp","width":1000,"height":1000,"caption":"Spraydeck HIKO Repeat K1 for kayak slalom"},{"@type":"BreadcrumbList","@id":"https:\/\/kajakaskaoprema.si\/trgovina\/krovnice-za-kajak\/krovnica-repeat-k1\/#breadcrumb","itemListElement":[{"@type":"ListItem","position":1,"name":"Domov","item":"https:\/\/kajakaskaoprema.si\/"},{"@type":"ListItem","position":2,"name":"Trgovina","item":"https:\/\/kajakaskaoprema.si\/trgovina\/"},{"@type":"ListItem","position":3,"name":"Krovnice za kajak","item":"https:\/\/kajakaskaoprema.si\/kolekcije\/krovnice-za-kajak\/"},{"@type":"ListItem","position":4,"name":"Krovnica HIKO Repeat K1"}]},{"@type":"WebSite","@id":"https:\/\/kajakaskaoprema.si\/#website","url":"https:\/\/kajakaskaoprema.si\/","name":"Kajaka\u0161ka Oprema","description":"Spletna trgovina s kajaka\u0161ko opremo svetovno priznanih znamk. Idealno za vse ljubitelje adrenalina in vodnih \u0161portov.","publisher":{"@id":"https:\/\/kajakaskaoprema.si\/#organization"},"potentialAction":[{"@type":"SearchAction","target":{"@type":"EntryPoint","urlTemplate":"https:\/\/kajakaskaoprema.si\/?s={search_term_string}"},"query-input":{"@type":"PropertyValueSpecification","valueRequired":true,"valueName":"search_term_string"}}],"inLanguage":"en-GB"},{"@type":"Organization","@id":"https:\/\/kajakaskaoprema.si\/#organization","name":"Kajaka\u0161ka Oprema","url":"https:\/\/kajakaskaoprema.si\/","logo":{"@type":"ImageObject","inLanguage":"en-GB","@id":"https:\/\/kajakaskaoprema.si\/#\/schema\/logo\/image\/","url":"https:\/\/kajakaskaoprema.si\/wp-content\/uploads\/2022\/12\/Logo_Kajakaska-Oprema.png","contentUrl":"https:\/\/kajakaskaoprema.si\/wp-content\/uploads\/2022\/12\/Logo_Kajakaska-Oprema.png","width":250,"height":69,"caption":"Kajaka\u0161ka Oprema"},"image":{"@id":"https:\/\/kajakaskaoprema.si\/#\/schema\/logo\/image\/"},"sameAs":["https:\/\/www.facebook.com\/profile.php?id=100089048120006","https:\/\/www.instagram.com\/kajakaska_oprema\/?fbclid=IwAR2wP1CpCpqaC63UyJF_RvVrzwwz_bz6YVmg02z_LdA4tZuWdCWYKBih7zQ"]}]}},"_links":{"self":[{"href":"https:\/\/kajakaskaoprema.si\/en\/wp-json\/wp\/v2\/product\/6639","targetHints":{"allow":["GET"]}}],"collection":[{"href":"https:\/\/kajakaskaoprema.si\/en\/wp-json\/wp\/v2\/product"}],"about":[{"href":"https:\/\/kajakaskaoprema.si\/en\/wp-json\/wp\/v2\/types\/product"}],"replies":[{"embeddable":true,"href":"https:\/\/kajakaskaoprema.si\/en\/wp-json\/wp\/v2\/comments?post=6639"}],"wp:featuredmedia":[{"embeddable":true,"href":"https:\/\/kajakaskaoprema.si\/en\/wp-json\/wp\/v2\/media\/6587"}],"wp:attachment":[{"href":"https:\/\/kajakaskaoprema.si\/en\/wp-json\/wp\/v2\/media?parent=6639"}],"wp:term":[{"taxonomy":"product_brand","embeddable":true,"href":"https:\/\/kajakaskaoprema.si\/en\/wp-json\/wp\/v2\/product_brand?post=6639"},{"taxonomy":"product_cat","embeddable":true,"href":"https:\/\/kajakaskaoprema.si\/en\/wp-json\/wp\/v2\/product_cat?post=6639"},{"taxonomy":"product_tag","embeddable":true,"href":"https:\/\/kajakaskaoprema.si\/en\/wp-json\/wp\/v2\/product_tag?post=6639"}],"curies":[{"name":"wp","href":"https:\/\/api.w.org\/{rel}","templated":true}]}}