{"id":6512,"date":"2022-11-16T11:57:27","date_gmt":"2022-11-16T10:57:27","guid":{"rendered":"https:\/\/kajakaskaoprema.si\/?post_type=product&#038;p=6512"},"modified":"2026-02-13T09:40:37","modified_gmt":"2026-02-13T08:40:37","slug":"resilni-jopic-hiko-saluki-pfd","status":"publish","type":"product","link":"https:\/\/kajakaskaoprema.si\/en\/trgovina\/resilni-jopici\/resilni-jopic-hiko-saluki-pfd\/","title":{"rendered":"Re\u0161ilni jopi\u010d HIKO Saluki PFD"},"content":{"rendered":"<h1 data-start=\"199\" data-end=\"234\"><strong data-start=\"201\" data-end=\"234\">Re\u0161ilni jopi\u010d HIKO Saluki PFD<\/strong><\/h1>\n<p data-start=\"236\" data-end=\"613\"><strong data-start=\"236\" data-end=\"269\">Re\u0161ilni jopi\u010d HIKO Saluki PFD<\/strong> je tehni\u010dno dovr\u0161en, nizkoprofilen PFD, zasnovan posebej za potrebe tekmovalnega kayak crossa in slaloma. Zaradi optimalne kombinacije pokritosti telesa, izjemne mobilnosti in prileganja je postal ena najbolj\u0161ih izbir za tekmovalce, hkrati pa je primeren tudi za za\u010detnike v slalomu, ki potrebujejo lahek in odziven jopi\u010d, ki ne ovira gibanja.<\/p>\n<h2 data-start=\"620\" data-end=\"669\"><strong data-start=\"623\" data-end=\"669\">Lastnosti re\u0161ilnega jopi\u010da HIKO Saluki PFD<\/strong><\/h2>\n<ul data-start=\"671\" data-end=\"1296\">\n<li data-start=\"671\" data-end=\"764\">\n<p data-start=\"673\" data-end=\"764\">Nizek profil sprednjega dela za popolnoma neovirano veslanje in maksimalen obseg gibanja.<\/p>\n<\/li>\n<li data-start=\"765\" data-end=\"875\">\n<p data-start=\"767\" data-end=\"875\">Ramenski trakovi iz fleksibilnega <strong data-start=\"801\" data-end=\"812\">e.prene<\/strong> materiala s podlo\u017eenim notranjim oja\u010danim trakom za varnost.<\/p>\n<\/li>\n<li data-start=\"876\" data-end=\"975\">\n<p data-start=\"878\" data-end=\"975\">Oblikovana plovna pena, ki se tesno prilega telesu tekmovalca in zmanj\u0161uje ne\u017eeleno premikanje.<\/p>\n<\/li>\n<li data-start=\"976\" data-end=\"1082\">\n<p data-start=\"978\" data-end=\"1082\"><strong data-start=\"978\" data-end=\"1016\">Trije stranski nastavljivi trakovi<\/strong>, ki omogo\u010dajo popolno nastavitev obsega in stabilno prileganje.<\/p>\n<\/li>\n<li data-start=\"1083\" data-end=\"1142\">\n<p data-start=\"1085\" data-end=\"1142\">Odobreno s strani <strong data-start=\"1103\" data-end=\"1110\">ICF<\/strong> (Mednarodne kajaka\u0161ke zveze).<\/p>\n<\/li>\n<li data-start=\"1143\" data-end=\"1194\">\n<p data-start=\"1145\" data-end=\"1194\">Certifikati: <strong data-start=\"1158\" data-end=\"1173\">ISO 12402-5<\/strong> &amp; <strong data-start=\"1176\" data-end=\"1191\">ISO 12402-6<\/strong>.<\/p>\n<\/li>\n<li data-start=\"1195\" data-end=\"1296\">\n<p data-start=\"1197\" data-end=\"1296\">Minimalisti\u010den dizajn, ki ne ovira hitrosti, natan\u010dnosti niti agresivnih manevrov v kayak crossu.<\/p>\n<\/li>\n<\/ul>\n<h2 data-start=\"1303\" data-end=\"1327\"><strong data-start=\"1306\" data-end=\"1327\">Za koga je primeren?<\/strong><\/h2>\n<ul data-start=\"1329\" data-end=\"1610\">\n<li data-start=\"1329\" data-end=\"1363\">\n<p data-start=\"1331\" data-end=\"1363\">tekmovalcem v <strong data-start=\"1345\" data-end=\"1361\">kayak crossu<\/strong><\/p>\n<\/li>\n<li data-start=\"1364\" data-end=\"1407\">\n<p data-start=\"1366\" data-end=\"1407\">za\u010detnikom in naprednim <strong data-start=\"1390\" data-end=\"1405\">slalomistom<\/strong><\/p>\n<\/li>\n<li data-start=\"1408\" data-end=\"1464\">\n<p data-start=\"1410\" data-end=\"1464\">vesla\u010dem, ki \u017eelijo <strong data-start=\"1430\" data-end=\"1462\">nizek, lahek in neopazen PFD<\/strong><\/p>\n<\/li>\n<li data-start=\"1465\" data-end=\"1540\">\n<p data-start=\"1467\" data-end=\"1540\">kajaka\u0161em, ki potrebujejo maksimalno mobilnost v predelu ramen in trupa<\/p>\n<\/li>\n<li data-start=\"1541\" data-end=\"1610\">\n<p data-start=\"1543\" data-end=\"1610\">vesla\u010dem na divjih vodah, ki jim je pomembna hitrost in odzivnost<\/p>\n<\/li>\n<\/ul>\n<h2 data-start=\"1617\" data-end=\"1659\"><strong data-start=\"1620\" data-end=\"1659\">Kako skrbeti za svoj re\u0161ilni jopi\u010d?<\/strong><\/h2>\n<p data-start=\"1661\" data-end=\"1789\">Za dalj\u0161o \u017eivljenjsko dobo PFD-ja preberi na\u0161 vodi\u010d:<br data-start=\"1713\" data-end=\"1716\" \/>\ud83d\udc49 <a class=\"decorated-link\" href=\"https:\/\/kajakaskaoprema.si\/en\/kako-pravilno-skrbeti-za-resilni-jopic-pfd\/\" target=\"_new\" rel=\"noopener\" data-start=\"1719\" data-end=\"1789\">https:\/\/kajakaskaoprema.si\/kako-pravilno-skrbeti-za-resilni-jopic-pfd\/<\/a><\/p>\n<h2 data-start=\"1796\" data-end=\"1842\"><strong data-start=\"1799\" data-end=\"1842\">Preveri tudi ostale re\u0161ilne jopi\u010de HIKO<\/strong><\/h2>\n<p data-start=\"1844\" data-end=\"1899\">\ud83d\udc49 <a class=\"decorated-link\" href=\"https:\/\/kajakaskaoprema.si\/en\/kolekcije\/resilni-jopici\/\" target=\"_new\" rel=\"noopener\" data-start=\"1847\" data-end=\"1899\">https:\/\/kajakaskaoprema.si\/kolekcije\/resilni-jopici\/<\/a><\/p>","protected":false},"excerpt":{"rendered":"<p>HIKO Saluki PFD je vrhunski tekmovalni re\u0161ilni jopi\u010d za kayak cross in slalom, z izjemno mobilnostjo, nizkim profilom in odobritvijo ICF ter ISO 12402-5\/6.<\/p>","protected":false},"featured_media":6417,"comment_status":"open","ping_status":"closed","template":"","meta":{"_et_pb_use_builder":"","_et_pb_old_content":"","_et_gb_content_width":""},"product_brand":[],"product_cat":[198],"product_tag":[129,271,277],"class_list":{"0":"post-6512","1":"product","2":"type-product","3":"status-publish","4":"has-post-thumbnail","6":"product_cat-resilni-jopici","7":"product_tag-pfd","8":"product_tag-resilni-jopic","9":"product_tag-saluki","10":"pa_velikost-xs","11":"pa_velikost-s-m","12":"pa_velikost-l-xl","14":"first","15":"instock","16":"sale","17":"shipping-taxable","18":"purchasable","19":"product-type-variable"},"yoast_head":"<!-- This site is optimized with the Yoast SEO plugin v27.0 - https:\/\/yoast.com\/product\/yoast-seo-wordpress\/ -->\n<title>Re\u0161ilni jopi\u010d HIKO Saluki PFD | Kajaka\u0161ka Oprema<\/title>\n<meta name=\"description\" content=\"HIKO Saluki PFD je vrhunski tekmovalni re\u0161ilni jopi\u010d za kayak cross in slalom, z izjemno mobilnostjo, nizkim profilom in odobritvijo ICF ter ISO 12402-5\/6.\" \/>\n<meta name=\"robots\" content=\"index, follow, max-snippet:-1, max-image-preview:large, max-video-preview:-1\" \/>\n<link rel=\"canonical\" href=\"https:\/\/kajakaskaoprema.si\/en\/trgovina\/resilni-jopici\/resilni-jopic-hiko-saluki-pfd\/\" \/>\n<meta property=\"og:locale\" content=\"en_GB\" \/>\n<meta property=\"og:type\" content=\"article\" \/>\n<meta property=\"og:title\" content=\"Re\u0161ilni jopi\u010d HIKO Saluki PFD | Kajaka\u0161ka Oprema\" \/>\n<meta property=\"og:description\" content=\"HIKO Saluki PFD je vrhunski tekmovalni re\u0161ilni jopi\u010d za kayak cross in slalom, z izjemno mobilnostjo, nizkim profilom in odobritvijo ICF ter ISO 12402-5\/6.\" \/>\n<meta property=\"og:url\" content=\"https:\/\/kajakaskaoprema.si\/en\/trgovina\/resilni-jopici\/resilni-jopic-hiko-saluki-pfd\/\" \/>\n<meta property=\"og:site_name\" content=\"Kajaka\u0161ka Oprema\" \/>\n<meta property=\"article:publisher\" content=\"https:\/\/www.facebook.com\/profile.php?id=100089048120006\" \/>\n<meta property=\"article:modified_time\" content=\"2026-02-13T08:40:37+00:00\" \/>\n<meta property=\"og:image\" content=\"https:\/\/kajakaskaoprema.si\/wp-content\/uploads\/2022\/11\/Saluki-PFD.webp\" \/>\n\t<meta property=\"og:image:width\" content=\"1000\" \/>\n\t<meta property=\"og:image:height\" content=\"1000\" \/>\n\t<meta property=\"og:image:type\" content=\"image\/webp\" \/>\n<meta name=\"twitter:card\" content=\"summary_large_image\" \/>\n<meta name=\"twitter:title\" content=\"Re\u0161ilni jopi\u010d HIKO Saluki PFD | Kajaka\u0161ka Oprema\" \/>\n<meta name=\"twitter:description\" content=\"HIKO Saluki PFD je vrhunski tekmovalni re\u0161ilni jopi\u010d za kayak cross in slalom, z izjemno mobilnostjo, nizkim profilom in odobritvijo ICF ter ISO 12402-5\/6.\" \/>\n<meta name=\"twitter:image\" content=\"https:\/\/kajakaskaoprema.si\/wp-content\/uploads\/2022\/11\/Saluki-PFD.webp\" \/>\n<meta name=\"twitter:label1\" content=\"Estimated reading time\" \/>\n\t<meta name=\"twitter:data1\" content=\"2 minutes\" \/>\n<!-- \/ Yoast SEO plugin. -->","yoast_head_json":{"title":"Re\u0161ilni jopi\u010d HIKO Saluki PFD | Kajaka\u0161ka Oprema","description":"HIKO Saluki PFD je vrhunski tekmovalni re\u0161ilni jopi\u010d za kayak cross in slalom, z izjemno mobilnostjo, nizkim profilom in odobritvijo ICF ter ISO 12402-5\/6.","robots":{"index":"index","follow":"follow","max-snippet":"max-snippet:-1","max-image-preview":"max-image-preview:large","max-video-preview":"max-video-preview:-1"},"canonical":"https:\/\/kajakaskaoprema.si\/en\/trgovina\/resilni-jopici\/resilni-jopic-hiko-saluki-pfd\/","og_locale":"en_GB","og_type":"article","og_title":"Re\u0161ilni jopi\u010d HIKO Saluki PFD | Kajaka\u0161ka Oprema","og_description":"HIKO Saluki PFD je vrhunski tekmovalni re\u0161ilni jopi\u010d za kayak cross in slalom, z izjemno mobilnostjo, nizkim profilom in odobritvijo ICF ter ISO 12402-5\/6.","og_url":"https:\/\/kajakaskaoprema.si\/en\/trgovina\/resilni-jopici\/resilni-jopic-hiko-saluki-pfd\/","og_site_name":"Kajaka\u0161ka Oprema","article_publisher":"https:\/\/www.facebook.com\/profile.php?id=100089048120006","article_modified_time":"2026-02-13T08:40:37+00:00","og_image":[{"width":1000,"height":1000,"url":"https:\/\/kajakaskaoprema.si\/wp-content\/uploads\/2022\/11\/Saluki-PFD.webp","type":"image\/webp"}],"twitter_card":"summary_large_image","twitter_title":"Re\u0161ilni jopi\u010d HIKO Saluki PFD | Kajaka\u0161ka Oprema","twitter_description":"HIKO Saluki PFD je vrhunski tekmovalni re\u0161ilni jopi\u010d za kayak cross in slalom, z izjemno mobilnostjo, nizkim profilom in odobritvijo ICF ter ISO 12402-5\/6.","twitter_image":"https:\/\/kajakaskaoprema.si\/wp-content\/uploads\/2022\/11\/Saluki-PFD.webp","twitter_misc":{"Estimated reading time":"2 minutes"},"schema":{"@context":"https:\/\/schema.org","@graph":[{"@type":["WebPage","ItemPage"],"@id":"https:\/\/kajakaskaoprema.si\/trgovina\/resilni-jopici\/resilni-jopic-hiko-saluki-pfd\/","url":"https:\/\/kajakaskaoprema.si\/trgovina\/resilni-jopici\/resilni-jopic-hiko-saluki-pfd\/","name":"Re\u0161ilni jopi\u010d HIKO Saluki PFD | Kajaka\u0161ka Oprema","isPartOf":{"@id":"https:\/\/kajakaskaoprema.si\/#website"},"primaryImageOfPage":{"@id":"https:\/\/kajakaskaoprema.si\/trgovina\/resilni-jopici\/resilni-jopic-hiko-saluki-pfd\/#primaryimage"},"image":{"@id":"https:\/\/kajakaskaoprema.si\/trgovina\/resilni-jopici\/resilni-jopic-hiko-saluki-pfd\/#primaryimage"},"thumbnailUrl":"https:\/\/kajakaskaoprema.si\/wp-content\/uploads\/2022\/11\/Saluki-PFD.webp","datePublished":"2022-11-16T10:57:27+00:00","dateModified":"2026-02-13T08:40:37+00:00","description":"HIKO Saluki PFD je vrhunski tekmovalni re\u0161ilni jopi\u010d za kayak cross in slalom, z izjemno mobilnostjo, nizkim profilom in odobritvijo ICF ter ISO 12402-5\/6.","breadcrumb":{"@id":"https:\/\/kajakaskaoprema.si\/trgovina\/resilni-jopici\/resilni-jopic-hiko-saluki-pfd\/#breadcrumb"},"inLanguage":"en-GB","potentialAction":[{"@type":"ReadAction","target":["https:\/\/kajakaskaoprema.si\/trgovina\/resilni-jopici\/resilni-jopic-hiko-saluki-pfd\/"]}]},{"@type":"ImageObject","inLanguage":"en-GB","@id":"https:\/\/kajakaskaoprema.si\/trgovina\/resilni-jopici\/resilni-jopic-hiko-saluki-pfd\/#primaryimage","url":"https:\/\/kajakaskaoprema.si\/wp-content\/uploads\/2022\/11\/Saluki-PFD.webp","contentUrl":"https:\/\/kajakaskaoprema.si\/wp-content\/uploads\/2022\/11\/Saluki-PFD.webp","width":1000,"height":1000,"caption":"Front view of HIKO Saluki PFD in black color"},{"@type":"BreadcrumbList","@id":"https:\/\/kajakaskaoprema.si\/trgovina\/resilni-jopici\/resilni-jopic-hiko-saluki-pfd\/#breadcrumb","itemListElement":[{"@type":"ListItem","position":1,"name":"Domov","item":"https:\/\/kajakaskaoprema.si\/"},{"@type":"ListItem","position":2,"name":"Trgovina","item":"https:\/\/kajakaskaoprema.si\/trgovina\/"},{"@type":"ListItem","position":3,"name":"Re\u0161ilni jopi\u010di","item":"https:\/\/kajakaskaoprema.si\/kolekcije\/resilni-jopici\/"},{"@type":"ListItem","position":4,"name":"Re\u0161ilni jopi\u010d HIKO Saluki PFD"}]},{"@type":"WebSite","@id":"https:\/\/kajakaskaoprema.si\/#website","url":"https:\/\/kajakaskaoprema.si\/","name":"Kajaka\u0161ka Oprema","description":"Spletna trgovina s kajaka\u0161ko opremo svetovno priznanih znamk. Idealno za vse ljubitelje adrenalina in vodnih \u0161portov.","publisher":{"@id":"https:\/\/kajakaskaoprema.si\/#organization"},"potentialAction":[{"@type":"SearchAction","target":{"@type":"EntryPoint","urlTemplate":"https:\/\/kajakaskaoprema.si\/?s={search_term_string}"},"query-input":{"@type":"PropertyValueSpecification","valueRequired":true,"valueName":"search_term_string"}}],"inLanguage":"en-GB"},{"@type":"Organization","@id":"https:\/\/kajakaskaoprema.si\/#organization","name":"Kajaka\u0161ka Oprema","url":"https:\/\/kajakaskaoprema.si\/","logo":{"@type":"ImageObject","inLanguage":"en-GB","@id":"https:\/\/kajakaskaoprema.si\/#\/schema\/logo\/image\/","url":"https:\/\/kajakaskaoprema.si\/wp-content\/uploads\/2022\/12\/Logo_Kajakaska-Oprema.png","contentUrl":"https:\/\/kajakaskaoprema.si\/wp-content\/uploads\/2022\/12\/Logo_Kajakaska-Oprema.png","width":250,"height":69,"caption":"Kajaka\u0161ka Oprema"},"image":{"@id":"https:\/\/kajakaskaoprema.si\/#\/schema\/logo\/image\/"},"sameAs":["https:\/\/www.facebook.com\/profile.php?id=100089048120006","https:\/\/www.instagram.com\/kajakaska_oprema\/?fbclid=IwAR2wP1CpCpqaC63UyJF_RvVrzwwz_bz6YVmg02z_LdA4tZuWdCWYKBih7zQ"]}]}},"_links":{"self":[{"href":"https:\/\/kajakaskaoprema.si\/en\/wp-json\/wp\/v2\/product\/6512","targetHints":{"allow":["GET"]}}],"collection":[{"href":"https:\/\/kajakaskaoprema.si\/en\/wp-json\/wp\/v2\/product"}],"about":[{"href":"https:\/\/kajakaskaoprema.si\/en\/wp-json\/wp\/v2\/types\/product"}],"replies":[{"embeddable":true,"href":"https:\/\/kajakaskaoprema.si\/en\/wp-json\/wp\/v2\/comments?post=6512"}],"wp:featuredmedia":[{"embeddable":true,"href":"https:\/\/kajakaskaoprema.si\/en\/wp-json\/wp\/v2\/media\/6417"}],"wp:attachment":[{"href":"https:\/\/kajakaskaoprema.si\/en\/wp-json\/wp\/v2\/media?parent=6512"}],"wp:term":[{"taxonomy":"product_brand","embeddable":true,"href":"https:\/\/kajakaskaoprema.si\/en\/wp-json\/wp\/v2\/product_brand?post=6512"},{"taxonomy":"product_cat","embeddable":true,"href":"https:\/\/kajakaskaoprema.si\/en\/wp-json\/wp\/v2\/product_cat?post=6512"},{"taxonomy":"product_tag","embeddable":true,"href":"https:\/\/kajakaskaoprema.si\/en\/wp-json\/wp\/v2\/product_tag?post=6512"}],"curies":[{"name":"wp","href":"https:\/\/api.w.org\/{rel}","templated":true}]}}