{"id":6490,"date":"2022-11-16T11:43:34","date_gmt":"2022-11-16T10:43:34","guid":{"rendered":"https:\/\/kajakaskaoprema.si\/?post_type=product&#038;p=6490"},"modified":"2025-11-27T06:17:16","modified_gmt":"2025-11-27T05:17:16","slug":"resilni-jopic-hiko-swift-nr-pfd","status":"publish","type":"product","link":"https:\/\/kajakaskaoprema.si\/en\/trgovina\/resilni-jopici\/resilni-jopic-hiko-swift-nr-pfd\/","title":{"rendered":"Re\u0161ilni jopi\u010d HIKO Swift NR PFD"},"content":{"rendered":"<h2 data-start=\"157\" data-end=\"195\"><strong data-start=\"160\" data-end=\"195\">Re\u0161ilni jopi\u010d HIKO Swift NR PFD<\/strong><\/h2>\n<p data-start=\"197\" data-end=\"594\"><strong data-start=\"197\" data-end=\"232\">Re\u0161ilni jopi\u010d HIKO Swift NR PFD<\/strong> je lahek, preprost in zanesljiv nizkoprofilen PFD, zasnovan za vesla\u010de, ki se podajajo v prve tekmovalne izku\u0161nje, ter za klube in izposoje. Zaradi svoje prilagodljivosti, udobnih ramen in odli\u010dnega razmerja med ceno in zmogljivostjo je priljubljena izbira tako pri za\u010detnikih kot pri klubskih programih, ki potrebujejo kakovosten, trpe\u017een in univerzalen jopi\u010d.<\/p>\n<h2 data-start=\"601\" data-end=\"652\"><strong data-start=\"604\" data-end=\"652\">Lastnosti re\u0161ilnega jopi\u010da HIKO Swift NR PFD<\/strong><\/h2>\n<ul data-start=\"654\" data-end=\"1311\">\n<li data-start=\"654\" data-end=\"754\">\n<p data-start=\"656\" data-end=\"754\"><strong data-start=\"656\" data-end=\"707\">Lahka konstrukcija in preprosto zasnovan profil<\/strong>, kar zagotavlja udobje in nemoteno veslanje.<\/p>\n<\/li>\n<li data-start=\"755\" data-end=\"848\">\n<p data-start=\"757\" data-end=\"848\"><strong data-start=\"757\" data-end=\"801\">Udobne in nastavljive ramenske naramnice<\/strong>, ki se dobro prilagodijo razli\u010dnim postavam.<\/p>\n<\/li>\n<li data-start=\"849\" data-end=\"956\">\n<p data-start=\"851\" data-end=\"956\"><strong data-start=\"851\" data-end=\"887\">Dva nastavljiva stranska trakova<\/strong> ter <strong data-start=\"892\" data-end=\"917\">elasti\u010dni spodnji rob<\/strong>, ki poskrbijo za odli\u010dno prileganje.<\/p>\n<\/li>\n<li data-start=\"957\" data-end=\"1039\">\n<p data-start=\"959\" data-end=\"1039\">Primeren za \u0161irok spekter telesnih oblik \u2013 idealen za klube, \u0161ole in izposoje.<\/p>\n<\/li>\n<li data-start=\"1040\" data-end=\"1098\">\n<p data-start=\"1042\" data-end=\"1098\"><strong data-start=\"1042\" data-end=\"1066\">Odobren s strani ICF<\/strong> (Mednarodne kajaka\u0161ke zveze).<\/p>\n<\/li>\n<li data-start=\"1099\" data-end=\"1146\">\n<p data-start=\"1101\" data-end=\"1146\">Certifikati: <strong data-start=\"1114\" data-end=\"1143\">ISO 12402-5 &amp; ISO 12402-6<\/strong>.<\/p>\n<\/li>\n<li data-start=\"1147\" data-end=\"1311\">\n<p data-start=\"1149\" data-end=\"1311\">V tekmovalnem slalomu in spustu mora PFD zagotoviti najmanj <strong data-start=\"1209\" data-end=\"1227\">6,12 kg vzgona<\/strong> (odrasli) oziroma <strong data-start=\"1246\" data-end=\"1261\">4 kg vzgona<\/strong> (mladina). Jopi\u010d te vrednosti dosega ali presega.<\/p>\n<\/li>\n<\/ul>\n<h2 data-start=\"1318\" data-end=\"1345\"><strong data-start=\"1321\" data-end=\"1345\">Za koga je primeren?<\/strong><\/h2>\n<ul data-start=\"1347\" data-end=\"1640\">\n<li data-start=\"1347\" data-end=\"1387\">\n<p data-start=\"1349\" data-end=\"1387\">vesla\u010de, ki <strong data-start=\"1361\" data-end=\"1384\">za\u010denjajo tekmovati<\/strong>,<\/p>\n<\/li>\n<li data-start=\"1388\" data-end=\"1430\">\n<p data-start=\"1390\" data-end=\"1430\"><strong data-start=\"1390\" data-end=\"1427\">klube, dru\u0161tva in izposojevalnice<\/strong>,<\/p>\n<\/li>\n<li data-start=\"1431\" data-end=\"1493\">\n<p data-start=\"1433\" data-end=\"1493\">za\u010detnike, ki \u017eelijo <strong data-start=\"1454\" data-end=\"1490\">preprost, zanesljiv in lahek PFD<\/strong>,<\/p>\n<\/li>\n<li data-start=\"1494\" data-end=\"1560\">\n<p data-start=\"1496\" data-end=\"1560\">vesla\u010de z razli\u010dno obliko telesa \u2013 \u0161irok nabor nastavljivosti,<\/p>\n<\/li>\n<li data-start=\"1561\" data-end=\"1640\">\n<p data-start=\"1563\" data-end=\"1640\">uporabnike, ki potrebujejo <strong data-start=\"1590\" data-end=\"1617\">vzdr\u017eljiv re\u0161ilni jopi\u010d<\/strong> za pogostej\u0161o uporabo.<\/p>\n<\/li>\n<\/ul>\n<h2 data-start=\"1647\" data-end=\"1689\"><strong data-start=\"1650\" data-end=\"1689\">Kako skrbeti za svoj re\u0161ilni jopi\u010d?<\/strong><\/h2>\n<p data-start=\"1691\" data-end=\"1819\">Za dalj\u0161o \u017eivljenjsko dobo PFD\u2013ja preberi na\u0161 vodi\u010d:<br data-start=\"1743\" data-end=\"1746\" \/>\ud83d\udc49 <a class=\"decorated-link cursor-pointer\" target=\"_new\" rel=\"noopener\" data-start=\"1749\" data-end=\"1819\">https:\/\/kajakaskaoprema.si\/kako-pravilno-skrbeti-za-resilni-jopic-pfd\/<\/a><\/p>\n<h2 data-start=\"1826\" data-end=\"1872\"><strong data-start=\"1829\" data-end=\"1872\">Preveri tudi ostale re\u0161ilne jopi\u010de HIKO<\/strong><\/h2>\n<p data-start=\"1874\" data-end=\"1929\">\ud83d\udc49 <a class=\"decorated-link cursor-pointer\" target=\"_new\" rel=\"noopener\" data-start=\"1877\" data-end=\"1929\">https:\/\/kajakaskaoprema.si\/kolekcije\/resilni-jopici\/<\/a><\/p>","protected":false},"excerpt":{"rendered":"<p>Lahek in prilagodljiv re\u0161ilni jopi\u010d HIKO Swift NR PFD, idealen za za\u010detnike, klube in izposoje. Odli\u010dno prileganje, udobni ramenski trakovi in ICF\/ISO certifikati.<\/p>","protected":false},"featured_media":6403,"comment_status":"open","ping_status":"closed","template":"","meta":{"_et_pb_use_builder":"","_et_pb_old_content":"","_et_gb_content_width":""},"product_brand":[],"product_cat":[198],"product_tag":[276,129,271,275],"class_list":{"0":"post-6490","1":"product","2":"type-product","3":"status-publish","4":"has-post-thumbnail","6":"product_cat-resilni-jopici","7":"product_tag-nr","8":"product_tag-pfd","9":"product_tag-resilni-jopic","10":"product_tag-swift","11":"pa_barva-crna","12":"pa_barva-rdeca","13":"pa_barva-modra","14":"pa_barva-turkizna","15":"pa_velikost-xs","16":"pa_velikost-s-m","17":"pa_velikost-l-xl","18":"pa_velikost-xxl","20":"first","21":"instock","22":"shipping-taxable","23":"purchasable","24":"product-type-variable","25":"has-default-attributes"},"yoast_head":"<!-- This site is optimized with the Yoast SEO plugin v27.0 - https:\/\/yoast.com\/product\/yoast-seo-wordpress\/ -->\n<title>Re\u0161ilni jopi\u010d HIKO Swift NR PFD | Kajaka\u0161ka Oprema<\/title>\n<meta name=\"description\" content=\"Lahek in prilagodljiv re\u0161ilni jopi\u010d HIKO Swift NR PFD z odli\u010dnim prileganjem, udobnimi trakovi ter ICF\/ISO certifikati \u2013 idealen za za\u010detnike in klube.\" \/>\n<meta name=\"robots\" content=\"index, follow, max-snippet:-1, max-image-preview:large, max-video-preview:-1\" \/>\n<link rel=\"canonical\" href=\"https:\/\/kajakaskaoprema.si\/en\/trgovina\/resilni-jopici\/resilni-jopic-hiko-swift-nr-pfd\/\" \/>\n<meta property=\"og:locale\" content=\"en_GB\" \/>\n<meta property=\"og:type\" content=\"article\" \/>\n<meta property=\"og:title\" content=\"Re\u0161ilni jopi\u010d HIKO Swift NR PFD | Kajaka\u0161ka Oprema\" \/>\n<meta property=\"og:description\" content=\"Lahek in prilagodljiv re\u0161ilni jopi\u010d HIKO Swift NR PFD, idealen za za\u010detnike, klube in izposoje. Odli\u010dno prileganje, udobni ramenski trakovi in ICF\/ISO certifikati.\" \/>\n<meta property=\"og:url\" content=\"https:\/\/kajakaskaoprema.si\/en\/trgovina\/resilni-jopici\/resilni-jopic-hiko-swift-nr-pfd\/\" \/>\n<meta property=\"og:site_name\" content=\"Kajaka\u0161ka Oprema\" \/>\n<meta property=\"article:publisher\" content=\"https:\/\/www.facebook.com\/profile.php?id=100089048120006\" \/>\n<meta property=\"article:modified_time\" content=\"2025-11-27T05:17:16+00:00\" \/>\n<meta property=\"og:image\" content=\"https:\/\/kajakaskaoprema.si\/wp-content\/uploads\/2022\/11\/Swift-NR-PFD.webp\" \/>\n\t<meta property=\"og:image:width\" content=\"1000\" \/>\n\t<meta property=\"og:image:height\" content=\"1000\" \/>\n\t<meta property=\"og:image:type\" content=\"image\/webp\" \/>\n<meta name=\"twitter:card\" content=\"summary_large_image\" \/>\n<meta name=\"twitter:title\" content=\"Re\u0161ilni jopi\u010d HIKO Swift NR PFD | Kajaka\u0161ka Oprema\" \/>\n<meta name=\"twitter:description\" content=\"Lahek in prilagodljiv re\u0161ilni jopi\u010d HIKO Swift NR PFD, idealen za za\u010detnike, klube in izposoje. Odli\u010dno prileganje, udobni ramenski trakovi in ICF\/ISO certifikati.\" \/>\n<meta name=\"twitter:image\" content=\"https:\/\/kajakaskaoprema.si\/wp-content\/uploads\/2022\/11\/Swift-NR-PFD.webp\" \/>\n<meta name=\"twitter:label1\" content=\"Estimated reading time\" \/>\n\t<meta name=\"twitter:data1\" content=\"2 minutes\" \/>\n<!-- \/ Yoast SEO plugin. -->","yoast_head_json":{"title":"Re\u0161ilni jopi\u010d HIKO Swift NR PFD | Kajaka\u0161ka Oprema","description":"Lahek in prilagodljiv re\u0161ilni jopi\u010d HIKO Swift NR PFD z odli\u010dnim prileganjem, udobnimi trakovi ter ICF\/ISO certifikati \u2013 idealen za za\u010detnike in klube.","robots":{"index":"index","follow":"follow","max-snippet":"max-snippet:-1","max-image-preview":"max-image-preview:large","max-video-preview":"max-video-preview:-1"},"canonical":"https:\/\/kajakaskaoprema.si\/en\/trgovina\/resilni-jopici\/resilni-jopic-hiko-swift-nr-pfd\/","og_locale":"en_GB","og_type":"article","og_title":"Re\u0161ilni jopi\u010d HIKO Swift NR PFD | Kajaka\u0161ka Oprema","og_description":"Lahek in prilagodljiv re\u0161ilni jopi\u010d HIKO Swift NR PFD, idealen za za\u010detnike, klube in izposoje. Odli\u010dno prileganje, udobni ramenski trakovi in ICF\/ISO certifikati.","og_url":"https:\/\/kajakaskaoprema.si\/en\/trgovina\/resilni-jopici\/resilni-jopic-hiko-swift-nr-pfd\/","og_site_name":"Kajaka\u0161ka Oprema","article_publisher":"https:\/\/www.facebook.com\/profile.php?id=100089048120006","article_modified_time":"2025-11-27T05:17:16+00:00","og_image":[{"width":1000,"height":1000,"url":"https:\/\/kajakaskaoprema.si\/wp-content\/uploads\/2022\/11\/Swift-NR-PFD.webp","type":"image\/webp"}],"twitter_card":"summary_large_image","twitter_title":"Re\u0161ilni jopi\u010d HIKO Swift NR PFD | Kajaka\u0161ka Oprema","twitter_description":"Lahek in prilagodljiv re\u0161ilni jopi\u010d HIKO Swift NR PFD, idealen za za\u010detnike, klube in izposoje. Odli\u010dno prileganje, udobni ramenski trakovi in ICF\/ISO certifikati.","twitter_image":"https:\/\/kajakaskaoprema.si\/wp-content\/uploads\/2022\/11\/Swift-NR-PFD.webp","twitter_misc":{"Estimated reading time":"2 minutes"},"schema":{"@context":"https:\/\/schema.org","@graph":[{"@type":["WebPage","ItemPage"],"@id":"https:\/\/kajakaskaoprema.si\/trgovina\/resilni-jopici\/resilni-jopic-hiko-swift-nr-pfd\/","url":"https:\/\/kajakaskaoprema.si\/trgovina\/resilni-jopici\/resilni-jopic-hiko-swift-nr-pfd\/","name":"Re\u0161ilni jopi\u010d HIKO Swift NR PFD | Kajaka\u0161ka Oprema","isPartOf":{"@id":"https:\/\/kajakaskaoprema.si\/#website"},"primaryImageOfPage":{"@id":"https:\/\/kajakaskaoprema.si\/trgovina\/resilni-jopici\/resilni-jopic-hiko-swift-nr-pfd\/#primaryimage"},"image":{"@id":"https:\/\/kajakaskaoprema.si\/trgovina\/resilni-jopici\/resilni-jopic-hiko-swift-nr-pfd\/#primaryimage"},"thumbnailUrl":"https:\/\/kajakaskaoprema.si\/wp-content\/uploads\/2022\/11\/Swift-NR-PFD.webp","datePublished":"2022-11-16T10:43:34+00:00","dateModified":"2025-11-27T05:17:16+00:00","description":"Lahek in prilagodljiv re\u0161ilni jopi\u010d HIKO Swift NR PFD z odli\u010dnim prileganjem, udobnimi trakovi ter ICF\/ISO certifikati \u2013 idealen za za\u010detnike in klube.","breadcrumb":{"@id":"https:\/\/kajakaskaoprema.si\/trgovina\/resilni-jopici\/resilni-jopic-hiko-swift-nr-pfd\/#breadcrumb"},"inLanguage":"en-GB","potentialAction":[{"@type":"ReadAction","target":["https:\/\/kajakaskaoprema.si\/trgovina\/resilni-jopici\/resilni-jopic-hiko-swift-nr-pfd\/"]}]},{"@type":"ImageObject","inLanguage":"en-GB","@id":"https:\/\/kajakaskaoprema.si\/trgovina\/resilni-jopici\/resilni-jopic-hiko-swift-nr-pfd\/#primaryimage","url":"https:\/\/kajakaskaoprema.si\/wp-content\/uploads\/2022\/11\/Swift-NR-PFD.webp","contentUrl":"https:\/\/kajakaskaoprema.si\/wp-content\/uploads\/2022\/11\/Swift-NR-PFD.webp","width":1000,"height":1000,"caption":"HIKO Swift NR PFD, lightweight and adjustable life jacket suitable for beginners, clubs, and rental fleets."},{"@type":"BreadcrumbList","@id":"https:\/\/kajakaskaoprema.si\/trgovina\/resilni-jopici\/resilni-jopic-hiko-swift-nr-pfd\/#breadcrumb","itemListElement":[{"@type":"ListItem","position":1,"name":"Domov","item":"https:\/\/kajakaskaoprema.si\/"},{"@type":"ListItem","position":2,"name":"Trgovina","item":"https:\/\/kajakaskaoprema.si\/trgovina\/"},{"@type":"ListItem","position":3,"name":"Re\u0161ilni jopi\u010di","item":"https:\/\/kajakaskaoprema.si\/kolekcije\/resilni-jopici\/"},{"@type":"ListItem","position":4,"name":"Re\u0161ilni jopi\u010d HIKO Swift NR PFD"}]},{"@type":"WebSite","@id":"https:\/\/kajakaskaoprema.si\/#website","url":"https:\/\/kajakaskaoprema.si\/","name":"Kajaka\u0161ka Oprema","description":"Spletna trgovina s kajaka\u0161ko opremo svetovno priznanih znamk. Idealno za vse ljubitelje adrenalina in vodnih \u0161portov.","publisher":{"@id":"https:\/\/kajakaskaoprema.si\/#organization"},"potentialAction":[{"@type":"SearchAction","target":{"@type":"EntryPoint","urlTemplate":"https:\/\/kajakaskaoprema.si\/?s={search_term_string}"},"query-input":{"@type":"PropertyValueSpecification","valueRequired":true,"valueName":"search_term_string"}}],"inLanguage":"en-GB"},{"@type":"Organization","@id":"https:\/\/kajakaskaoprema.si\/#organization","name":"Kajaka\u0161ka Oprema","url":"https:\/\/kajakaskaoprema.si\/","logo":{"@type":"ImageObject","inLanguage":"en-GB","@id":"https:\/\/kajakaskaoprema.si\/#\/schema\/logo\/image\/","url":"https:\/\/kajakaskaoprema.si\/wp-content\/uploads\/2022\/12\/Logo_Kajakaska-Oprema.png","contentUrl":"https:\/\/kajakaskaoprema.si\/wp-content\/uploads\/2022\/12\/Logo_Kajakaska-Oprema.png","width":250,"height":69,"caption":"Kajaka\u0161ka Oprema"},"image":{"@id":"https:\/\/kajakaskaoprema.si\/#\/schema\/logo\/image\/"},"sameAs":["https:\/\/www.facebook.com\/profile.php?id=100089048120006","https:\/\/www.instagram.com\/kajakaska_oprema\/?fbclid=IwAR2wP1CpCpqaC63UyJF_RvVrzwwz_bz6YVmg02z_LdA4tZuWdCWYKBih7zQ"]}]}},"_links":{"self":[{"href":"https:\/\/kajakaskaoprema.si\/en\/wp-json\/wp\/v2\/product\/6490","targetHints":{"allow":["GET"]}}],"collection":[{"href":"https:\/\/kajakaskaoprema.si\/en\/wp-json\/wp\/v2\/product"}],"about":[{"href":"https:\/\/kajakaskaoprema.si\/en\/wp-json\/wp\/v2\/types\/product"}],"replies":[{"embeddable":true,"href":"https:\/\/kajakaskaoprema.si\/en\/wp-json\/wp\/v2\/comments?post=6490"}],"wp:featuredmedia":[{"embeddable":true,"href":"https:\/\/kajakaskaoprema.si\/en\/wp-json\/wp\/v2\/media\/6403"}],"wp:attachment":[{"href":"https:\/\/kajakaskaoprema.si\/en\/wp-json\/wp\/v2\/media?parent=6490"}],"wp:term":[{"taxonomy":"product_brand","embeddable":true,"href":"https:\/\/kajakaskaoprema.si\/en\/wp-json\/wp\/v2\/product_brand?post=6490"},{"taxonomy":"product_cat","embeddable":true,"href":"https:\/\/kajakaskaoprema.si\/en\/wp-json\/wp\/v2\/product_cat?post=6490"},{"taxonomy":"product_tag","embeddable":true,"href":"https:\/\/kajakaskaoprema.si\/en\/wp-json\/wp\/v2\/product_tag?post=6490"}],"curies":[{"name":"wp","href":"https:\/\/api.w.org\/{rel}","templated":true}]}}