{"id":6481,"date":"2022-11-16T11:09:08","date_gmt":"2022-11-16T10:09:08","guid":{"rendered":"https:\/\/kajakaskaoprema.si\/?post_type=product&#038;p=6481"},"modified":"2025-11-14T10:41:39","modified_gmt":"2025-11-14T09:41:39","slug":"resilni-jopic-hiko-x-treme-rent-pfd","status":"publish","type":"product","link":"https:\/\/kajakaskaoprema.si\/en\/trgovina\/resilni-jopici\/resilni-jopic-hiko-x-treme-rent-pfd\/","title":{"rendered":"Re\u0161ilni jopi\u010d HIKO X-treme Rent PFD"},"content":{"rendered":"<p><strong>Comfortable, highly buoyant lifejacket suitable for personal and commercial use.<\/strong><\/p>\n<ul>\n<li>ISO 12402-5 and ISO 12402-6<\/li>\n<\/ul>\n<p>It is designed for extreme waters. The main advantage is the ease of entry and the range of movement it allows. Despite its simplicity, the design is very functional. The two halves of the front panel are connected and adjustable by straps with buckles. The shoulder straps are easily adjustable. It has a number of reflective elements for added safety.<\/p>","protected":false},"excerpt":{"rendered":"<p>Udoben re\u0161ilni jopi\u010d HIKO X.treme Rent PFD z visoko plovnostjo, primeren za posameznike in druge namene. ISO 12402-5 in ISO 12402-6 Zasnovan je za ekstremne vode. Glavna prednost je enostavnost obla\u010denja in obseg gibanja, ki ga jopi\u010d omogo\u010da. Kljub svoji preprostosti je dizajn zelo funkcionalen. Dve polovici sprednje plo\u0161\u010de sta povezani in nastavljivi s trakovi [&hellip;]<\/p>\n","protected":false},"featured_media":6396,"comment_status":"open","ping_status":"closed","template":"","meta":{"_et_pb_use_builder":"on","_et_pb_old_content":"<strong>Udoben re\u0161ilni jopi\u010d HIKO X.treme Rent PFD z visoko plovnostjo, primeren za posameznike in druge namene.<\/strong>\r\n<ul>\r\n \t<li>ISO 12402-5 in ISO 12402-6<\/li>\r\n<\/ul>\r\nZasnovan je za ekstremne vode. Glavna prednost je enostavnost obla\u010denja in obseg gibanja, ki ga jopi\u010d omogo\u010da. Kljub svoji preprostosti je dizajn zelo funkcionalen. Dve polovici sprednje plo\u0161\u010de sta povezani in nastavljivi s trakovi z zaponkami. Naramnice so enostavno nastavljive. Ima \u0161tevilne odsevne elemente za dodatno varnost.","_et_gb_content_width":""},"product_brand":[],"product_cat":[198],"product_tag":[269,129,270,271],"class_list":{"0":"post-6481","1":"product","2":"type-product","3":"status-publish","4":"has-post-thumbnail","6":"product_cat-resilni-jopici","7":"product_tag-extreme","8":"product_tag-pfd","9":"product_tag-rent","10":"product_tag-resilni-jopic","11":"pa_barva-rdeca","12":"pa_velikost-xs","13":"pa_velikost-s-m","14":"pa_velikost-l-xl","15":"pa_velikost-xxl","17":"first","18":"instock","19":"shipping-taxable","20":"purchasable","21":"product-type-variable","22":"has-default-attributes"},"yoast_head":"<!-- This site is optimized with the Yoast SEO plugin v27.0 - https:\/\/yoast.com\/product\/yoast-seo-wordpress\/ -->\n<title>Re\u0161ilni jopi\u010d HIKO X-treme Rent PFD | Kajaka\u0161ka Oprema<\/title>\n<meta name=\"description\" content=\"Udoben re\u0161ilni jopi\u010d HIKO X.treme Rent PFD z visoko plovnostjo, primeren za posameznike in druge namene. ISO 12402-5 in ISO 12402-6 Zasnovan je za\" \/>\n<meta name=\"robots\" content=\"index, follow, max-snippet:-1, max-image-preview:large, max-video-preview:-1\" \/>\n<link rel=\"canonical\" href=\"https:\/\/kajakaskaoprema.si\/en\/trgovina\/resilni-jopici\/resilni-jopic-hiko-x-treme-rent-pfd\/\" \/>\n<meta property=\"og:locale\" content=\"en_GB\" \/>\n<meta property=\"og:type\" content=\"article\" \/>\n<meta property=\"og:title\" content=\"Re\u0161ilni jopi\u010d HIKO X-treme Rent PFD | Kajaka\u0161ka Oprema\" \/>\n<meta property=\"og:description\" content=\"Udoben re\u0161ilni jopi\u010d HIKO X.treme Rent PFD z visoko plovnostjo, primeren za posameznike in druge namene. ISO 12402-5 in ISO 12402-6 Zasnovan je za\" \/>\n<meta property=\"og:url\" content=\"https:\/\/kajakaskaoprema.si\/en\/trgovina\/resilni-jopici\/resilni-jopic-hiko-x-treme-rent-pfd\/\" \/>\n<meta property=\"og:site_name\" content=\"Kajaka\u0161ka Oprema\" \/>\n<meta property=\"article:publisher\" content=\"https:\/\/www.facebook.com\/profile.php?id=100089048120006\" \/>\n<meta property=\"article:modified_time\" content=\"2025-11-14T09:41:39+00:00\" \/>\n<meta property=\"og:image\" content=\"https:\/\/kajakaskaoprema.si\/wp-content\/uploads\/2022\/11\/X-treme-Rent-PFD.webp\" \/>\n\t<meta property=\"og:image:width\" content=\"1000\" \/>\n\t<meta property=\"og:image:height\" content=\"1000\" \/>\n\t<meta property=\"og:image:type\" content=\"image\/webp\" \/>\n<meta name=\"twitter:card\" content=\"summary_large_image\" \/>\n<meta name=\"twitter:title\" content=\"Re\u0161ilni jopi\u010d HIKO X-treme Rent PFD | Kajaka\u0161ka Oprema\" \/>\n<meta name=\"twitter:description\" content=\"Udoben re\u0161ilni jopi\u010d HIKO X.treme Rent PFD z visoko plovnostjo, primeren za posameznike in druge namene. ISO 12402-5 in ISO 12402-6 Zasnovan je za\" \/>\n<meta name=\"twitter:image\" content=\"https:\/\/kajakaskaoprema.si\/wp-content\/uploads\/2022\/11\/X-treme-Rent-PFD.webp\" \/>\n<meta name=\"twitter:label1\" content=\"Estimated reading time\" \/>\n\t<meta name=\"twitter:data1\" content=\"1 minute\" \/>\n<!-- \/ Yoast SEO plugin. -->","yoast_head_json":{"title":"Re\u0161ilni jopi\u010d HIKO X-treme Rent PFD | Kajaka\u0161ka Oprema","description":"Udoben re\u0161ilni jopi\u010d HIKO X.treme Rent PFD z visoko plovnostjo, primeren za posameznike in druge namene. ISO 12402-5 in ISO 12402-6 Zasnovan je za","robots":{"index":"index","follow":"follow","max-snippet":"max-snippet:-1","max-image-preview":"max-image-preview:large","max-video-preview":"max-video-preview:-1"},"canonical":"https:\/\/kajakaskaoprema.si\/en\/trgovina\/resilni-jopici\/resilni-jopic-hiko-x-treme-rent-pfd\/","og_locale":"en_GB","og_type":"article","og_title":"Re\u0161ilni jopi\u010d HIKO X-treme Rent PFD | Kajaka\u0161ka Oprema","og_description":"Udoben re\u0161ilni jopi\u010d HIKO X.treme Rent PFD z visoko plovnostjo, primeren za posameznike in druge namene. ISO 12402-5 in ISO 12402-6 Zasnovan je za","og_url":"https:\/\/kajakaskaoprema.si\/en\/trgovina\/resilni-jopici\/resilni-jopic-hiko-x-treme-rent-pfd\/","og_site_name":"Kajaka\u0161ka Oprema","article_publisher":"https:\/\/www.facebook.com\/profile.php?id=100089048120006","article_modified_time":"2025-11-14T09:41:39+00:00","og_image":[{"width":1000,"height":1000,"url":"https:\/\/kajakaskaoprema.si\/wp-content\/uploads\/2022\/11\/X-treme-Rent-PFD.webp","type":"image\/webp"}],"twitter_card":"summary_large_image","twitter_title":"Re\u0161ilni jopi\u010d HIKO X-treme Rent PFD | Kajaka\u0161ka Oprema","twitter_description":"Udoben re\u0161ilni jopi\u010d HIKO X.treme Rent PFD z visoko plovnostjo, primeren za posameznike in druge namene. ISO 12402-5 in ISO 12402-6 Zasnovan je za","twitter_image":"https:\/\/kajakaskaoprema.si\/wp-content\/uploads\/2022\/11\/X-treme-Rent-PFD.webp","twitter_misc":{"Estimated reading time":"1 minute"},"schema":{"@context":"https:\/\/schema.org","@graph":[{"@type":["WebPage","ItemPage"],"@id":"https:\/\/kajakaskaoprema.si\/trgovina\/resilni-jopici\/resilni-jopic-hiko-x-treme-rent-pfd\/","url":"https:\/\/kajakaskaoprema.si\/trgovina\/resilni-jopici\/resilni-jopic-hiko-x-treme-rent-pfd\/","name":"Re\u0161ilni jopi\u010d HIKO X-treme Rent PFD | Kajaka\u0161ka Oprema","isPartOf":{"@id":"https:\/\/kajakaskaoprema.si\/#website"},"primaryImageOfPage":{"@id":"https:\/\/kajakaskaoprema.si\/trgovina\/resilni-jopici\/resilni-jopic-hiko-x-treme-rent-pfd\/#primaryimage"},"image":{"@id":"https:\/\/kajakaskaoprema.si\/trgovina\/resilni-jopici\/resilni-jopic-hiko-x-treme-rent-pfd\/#primaryimage"},"thumbnailUrl":"https:\/\/kajakaskaoprema.si\/wp-content\/uploads\/2022\/11\/X-treme-Rent-PFD.webp","datePublished":"2022-11-16T10:09:08+00:00","dateModified":"2025-11-14T09:41:39+00:00","description":"Udoben re\u0161ilni jopi\u010d HIKO X.treme Rent PFD z visoko plovnostjo, primeren za posameznike in druge namene. ISO 12402-5 in ISO 12402-6 Zasnovan je za","breadcrumb":{"@id":"https:\/\/kajakaskaoprema.si\/trgovina\/resilni-jopici\/resilni-jopic-hiko-x-treme-rent-pfd\/#breadcrumb"},"inLanguage":"en-GB","potentialAction":[{"@type":"ReadAction","target":["https:\/\/kajakaskaoprema.si\/trgovina\/resilni-jopici\/resilni-jopic-hiko-x-treme-rent-pfd\/"]}]},{"@type":"ImageObject","inLanguage":"en-GB","@id":"https:\/\/kajakaskaoprema.si\/trgovina\/resilni-jopici\/resilni-jopic-hiko-x-treme-rent-pfd\/#primaryimage","url":"https:\/\/kajakaskaoprema.si\/wp-content\/uploads\/2022\/11\/X-treme-Rent-PFD.webp","contentUrl":"https:\/\/kajakaskaoprema.si\/wp-content\/uploads\/2022\/11\/X-treme-Rent-PFD.webp","width":1000,"height":1000,"caption":"X-treme Rent PFD"},{"@type":"BreadcrumbList","@id":"https:\/\/kajakaskaoprema.si\/trgovina\/resilni-jopici\/resilni-jopic-hiko-x-treme-rent-pfd\/#breadcrumb","itemListElement":[{"@type":"ListItem","position":1,"name":"Domov","item":"https:\/\/kajakaskaoprema.si\/"},{"@type":"ListItem","position":2,"name":"Trgovina","item":"https:\/\/kajakaskaoprema.si\/trgovina\/"},{"@type":"ListItem","position":3,"name":"Re\u0161ilni jopi\u010di","item":"https:\/\/kajakaskaoprema.si\/kolekcije\/resilni-jopici\/"},{"@type":"ListItem","position":4,"name":"Re\u0161ilni jopi\u010d HIKO X-treme Rent PFD"}]},{"@type":"WebSite","@id":"https:\/\/kajakaskaoprema.si\/#website","url":"https:\/\/kajakaskaoprema.si\/","name":"Kajaka\u0161ka Oprema","description":"Spletna trgovina s kajaka\u0161ko opremo svetovno priznanih znamk. Idealno za vse ljubitelje adrenalina in vodnih \u0161portov.","publisher":{"@id":"https:\/\/kajakaskaoprema.si\/#organization"},"potentialAction":[{"@type":"SearchAction","target":{"@type":"EntryPoint","urlTemplate":"https:\/\/kajakaskaoprema.si\/?s={search_term_string}"},"query-input":{"@type":"PropertyValueSpecification","valueRequired":true,"valueName":"search_term_string"}}],"inLanguage":"en-GB"},{"@type":"Organization","@id":"https:\/\/kajakaskaoprema.si\/#organization","name":"Kajaka\u0161ka Oprema","url":"https:\/\/kajakaskaoprema.si\/","logo":{"@type":"ImageObject","inLanguage":"en-GB","@id":"https:\/\/kajakaskaoprema.si\/#\/schema\/logo\/image\/","url":"https:\/\/kajakaskaoprema.si\/wp-content\/uploads\/2022\/12\/Logo_Kajakaska-Oprema.png","contentUrl":"https:\/\/kajakaskaoprema.si\/wp-content\/uploads\/2022\/12\/Logo_Kajakaska-Oprema.png","width":250,"height":69,"caption":"Kajaka\u0161ka Oprema"},"image":{"@id":"https:\/\/kajakaskaoprema.si\/#\/schema\/logo\/image\/"},"sameAs":["https:\/\/www.facebook.com\/profile.php?id=100089048120006","https:\/\/www.instagram.com\/kajakaska_oprema\/?fbclid=IwAR2wP1CpCpqaC63UyJF_RvVrzwwz_bz6YVmg02z_LdA4tZuWdCWYKBih7zQ"]}]}},"_links":{"self":[{"href":"https:\/\/kajakaskaoprema.si\/en\/wp-json\/wp\/v2\/product\/6481","targetHints":{"allow":["GET"]}}],"collection":[{"href":"https:\/\/kajakaskaoprema.si\/en\/wp-json\/wp\/v2\/product"}],"about":[{"href":"https:\/\/kajakaskaoprema.si\/en\/wp-json\/wp\/v2\/types\/product"}],"replies":[{"embeddable":true,"href":"https:\/\/kajakaskaoprema.si\/en\/wp-json\/wp\/v2\/comments?post=6481"}],"wp:featuredmedia":[{"embeddable":true,"href":"https:\/\/kajakaskaoprema.si\/en\/wp-json\/wp\/v2\/media\/6396"}],"wp:attachment":[{"href":"https:\/\/kajakaskaoprema.si\/en\/wp-json\/wp\/v2\/media?parent=6481"}],"wp:term":[{"taxonomy":"product_brand","embeddable":true,"href":"https:\/\/kajakaskaoprema.si\/en\/wp-json\/wp\/v2\/product_brand?post=6481"},{"taxonomy":"product_cat","embeddable":true,"href":"https:\/\/kajakaskaoprema.si\/en\/wp-json\/wp\/v2\/product_cat?post=6481"},{"taxonomy":"product_tag","embeddable":true,"href":"https:\/\/kajakaskaoprema.si\/en\/wp-json\/wp\/v2\/product_tag?post=6481"}],"curies":[{"name":"wp","href":"https:\/\/api.w.org\/{rel}","templated":true}]}}