{"id":6374,"date":"2022-11-16T10:31:34","date_gmt":"2022-11-16T09:31:34","guid":{"rendered":"https:\/\/kajakaskaoprema.si\/?post_type=product&#038;p=6374"},"modified":"2025-03-24T09:30:41","modified_gmt":"2025-03-24T08:30:41","slug":"k1-repeat-kratek-komplet","status":"publish","type":"product","link":"https:\/\/kajakaskaoprema.si\/en\/trgovina\/slalom-kompleti\/k1-repeat-kratek-komplet\/","title":{"rendered":"K1 Repeat - Short sleeve combo"},"content":{"rendered":"<p><strong>The combination of the Zephyr ultralight racing jacket and the K1 Repeat spraydeck is the ideal kit for racing or intense training.<\/strong><\/p>\n<p><em><strong>Zephyr short-sleeved cag.<\/strong><\/em><\/p>\n<ul>\n<li>Anorak je izdelan iz materiala Carboflex &#8211; Gre za dvainpol plastni material, pri \u010demer polovico tvori celulozni potisk na notranji strani anoraka, zaradi \u010desar material lepo drsi po telesu in hkrati \u0161\u010diti vodoodporno membrano.<\/li>\n<li>The neoprene cuffs are made of highly elastic e.prene - a neoprene that is kind to the environment and your skin.<\/li>\n<\/ul>\n<p><em><strong><br \/>\nThe K1 Repeat is the successor to the very popular K-Flex.<\/strong><\/em> The repeat is slightly enlarged so that even smaller paddlers have no problem fitting the jet to the opening of the kayak.<\/p>\n<ul>\n<li>Narejen je iz NTX2 Durafoam e.pren &#8211; zelo trpe\u017enega in hkrati pro\u017enega materiala, ki zagotavlja popoln oprijem okoli odprtine \u010dolna, hkrati pa kajaka\u0161u omogo\u010da prosto gibanje v \u010dolnu. Tehnologija Durafoam nato zagotavlja izjemno odpornost proti obrabi.<\/li>\n<li>The size of the spraydeck is adapted to slalom boats, so it is easy to fit, and it fits tightly and does not fall out of the collar.<\/li>\n<\/ul>","protected":false},"excerpt":{"rendered":"<p>Kombinacija ultralahkega anoraka Zephyr in krovnice K1 Repeat je idealen komplet primeren tako za tekmovanja kakor tudi intenzivne treninge. Anorak Zephyr s kratkimi rokavi. Anorak je izdelan iz materiala Carboflex &#8211; Gre za dvainpol plastni material, pri \u010demer polovico tvori celulozni potisk na notranji strani anoraka, zaradi \u010desar material lepo drsi po telesu in hkrati [&hellip;]<\/p>\n","protected":false},"featured_media":9671,"comment_status":"open","ping_status":"closed","template":"","meta":{"_et_pb_use_builder":"","_et_pb_old_content":"","_et_gb_content_width":""},"product_brand":[],"product_cat":[199],"product_tag":[263,260,265,268,259],"class_list":{"0":"post-6374","1":"product","2":"type-product","3":"status-publish","4":"has-post-thumbnail","6":"product_cat-slalom-kompleti","7":"product_tag-k1","8":"product_tag-komplet","9":"product_tag-kratki-rokavi","10":"product_tag-repeat","11":"product_tag-slalom","12":"pa_barva-crna","13":"pa_barva-bela","14":"pa_barva-turkizna","15":"pa_velikost-xs","16":"pa_velikost-s","17":"pa_velikost-m","18":"pa_velikost-l","19":"pa_velikost-xl","20":"pa_velikost-xxl","22":"first","23":"instock","24":"shipping-taxable","25":"purchasable","26":"product-type-variable","27":"has-default-attributes"},"yoast_head":"<!-- This site is optimized with the Yoast SEO plugin v27.0 - https:\/\/yoast.com\/product\/yoast-seo-wordpress\/ -->\n<title>K1 Repeat - Kratek komplet | Kajaka\u0161ka Oprema<\/title>\n<meta name=\"description\" content=\"Kombinacija ultralahkega anoraka Zephyr in krovnice K1 Repeat je idealen komplet primeren tako za tekmovanja kakor tudi intenzivne treninge. Anorak Zephyr\" \/>\n<meta name=\"robots\" content=\"index, follow, max-snippet:-1, max-image-preview:large, max-video-preview:-1\" \/>\n<link rel=\"canonical\" href=\"https:\/\/kajakaskaoprema.si\/en\/trgovina\/slalom-kompleti\/k1-repeat-kratek-komplet\/\" \/>\n<meta property=\"og:locale\" content=\"en_GB\" \/>\n<meta property=\"og:type\" content=\"article\" \/>\n<meta property=\"og:title\" content=\"K1 Repeat - Kratek komplet | Kajaka\u0161ka Oprema\" \/>\n<meta property=\"og:description\" content=\"Kombinacija ultralahkega anoraka Zephyr in krovnice K1 Repeat je idealen komplet primeren tako za tekmovanja kakor tudi intenzivne treninge. Anorak Zephyr\" \/>\n<meta property=\"og:url\" content=\"https:\/\/kajakaskaoprema.si\/en\/trgovina\/slalom-kompleti\/k1-repeat-kratek-komplet\/\" \/>\n<meta property=\"og:site_name\" content=\"Kajaka\u0161ka Oprema\" \/>\n<meta property=\"article:publisher\" content=\"https:\/\/www.facebook.com\/profile.php?id=100089048120006\" \/>\n<meta property=\"article:modified_time\" content=\"2025-03-24T08:30:41+00:00\" \/>\n<meta property=\"og:image\" content=\"https:\/\/kajakaskaoprema.si\/wp-content\/uploads\/2022\/11\/K1-Repeat-Kratek-komplet.webp\" \/>\n\t<meta property=\"og:image:width\" content=\"1000\" \/>\n\t<meta property=\"og:image:height\" content=\"1000\" \/>\n\t<meta property=\"og:image:type\" content=\"image\/webp\" \/>\n<meta name=\"twitter:card\" content=\"summary_large_image\" \/>\n<meta name=\"twitter:title\" content=\"K1 Repeat - Kratek komplet | Kajaka\u0161ka Oprema\" \/>\n<meta name=\"twitter:description\" content=\"Kombinacija ultralahkega anoraka Zephyr in krovnice K1 Repeat je idealen komplet primeren tako za tekmovanja kakor tudi intenzivne treninge. Anorak Zephyr\" \/>\n<meta name=\"twitter:image\" content=\"https:\/\/kajakaskaoprema.si\/wp-content\/uploads\/2022\/11\/K1-Repeat-Kratek-komplet.webp\" \/>\n<meta name=\"twitter:label1\" content=\"Estimated reading time\" \/>\n\t<meta name=\"twitter:data1\" content=\"1 minute\" \/>\n<!-- \/ Yoast SEO plugin. -->","yoast_head_json":{"title":"K1 Repeat - Kratek komplet | Kajaka\u0161ka Oprema","description":"Kombinacija ultralahkega anoraka Zephyr in krovnice K1 Repeat je idealen komplet primeren tako za tekmovanja kakor tudi intenzivne treninge. Anorak Zephyr","robots":{"index":"index","follow":"follow","max-snippet":"max-snippet:-1","max-image-preview":"max-image-preview:large","max-video-preview":"max-video-preview:-1"},"canonical":"https:\/\/kajakaskaoprema.si\/en\/trgovina\/slalom-kompleti\/k1-repeat-kratek-komplet\/","og_locale":"en_GB","og_type":"article","og_title":"K1 Repeat - Kratek komplet | Kajaka\u0161ka Oprema","og_description":"Kombinacija ultralahkega anoraka Zephyr in krovnice K1 Repeat je idealen komplet primeren tako za tekmovanja kakor tudi intenzivne treninge. Anorak Zephyr","og_url":"https:\/\/kajakaskaoprema.si\/en\/trgovina\/slalom-kompleti\/k1-repeat-kratek-komplet\/","og_site_name":"Kajaka\u0161ka Oprema","article_publisher":"https:\/\/www.facebook.com\/profile.php?id=100089048120006","article_modified_time":"2025-03-24T08:30:41+00:00","og_image":[{"width":1000,"height":1000,"url":"https:\/\/kajakaskaoprema.si\/wp-content\/uploads\/2022\/11\/K1-Repeat-Kratek-komplet.webp","type":"image\/webp"}],"twitter_card":"summary_large_image","twitter_title":"K1 Repeat - Kratek komplet | Kajaka\u0161ka Oprema","twitter_description":"Kombinacija ultralahkega anoraka Zephyr in krovnice K1 Repeat je idealen komplet primeren tako za tekmovanja kakor tudi intenzivne treninge. Anorak Zephyr","twitter_image":"https:\/\/kajakaskaoprema.si\/wp-content\/uploads\/2022\/11\/K1-Repeat-Kratek-komplet.webp","twitter_misc":{"Estimated reading time":"1 minute"},"schema":{"@context":"https:\/\/schema.org","@graph":[{"@type":["WebPage","ItemPage"],"@id":"https:\/\/kajakaskaoprema.si\/trgovina\/slalom-kompleti\/k1-repeat-kratek-komplet\/","url":"https:\/\/kajakaskaoprema.si\/trgovina\/slalom-kompleti\/k1-repeat-kratek-komplet\/","name":"K1 Repeat - Kratek komplet | Kajaka\u0161ka Oprema","isPartOf":{"@id":"https:\/\/kajakaskaoprema.si\/#website"},"primaryImageOfPage":{"@id":"https:\/\/kajakaskaoprema.si\/trgovina\/slalom-kompleti\/k1-repeat-kratek-komplet\/#primaryimage"},"image":{"@id":"https:\/\/kajakaskaoprema.si\/trgovina\/slalom-kompleti\/k1-repeat-kratek-komplet\/#primaryimage"},"thumbnailUrl":"https:\/\/kajakaskaoprema.si\/wp-content\/uploads\/2022\/11\/K1-Repeat_blck1.webp","datePublished":"2022-11-16T09:31:34+00:00","dateModified":"2025-03-24T08:30:41+00:00","description":"Kombinacija ultralahkega anoraka Zephyr in krovnice K1 Repeat je idealen komplet primeren tako za tekmovanja kakor tudi intenzivne treninge. Anorak Zephyr","breadcrumb":{"@id":"https:\/\/kajakaskaoprema.si\/trgovina\/slalom-kompleti\/k1-repeat-kratek-komplet\/#breadcrumb"},"inLanguage":"en-GB","potentialAction":[{"@type":"ReadAction","target":["https:\/\/kajakaskaoprema.si\/trgovina\/slalom-kompleti\/k1-repeat-kratek-komplet\/"]}]},{"@type":"ImageObject","inLanguage":"en-GB","@id":"https:\/\/kajakaskaoprema.si\/trgovina\/slalom-kompleti\/k1-repeat-kratek-komplet\/#primaryimage","url":"https:\/\/kajakaskaoprema.si\/wp-content\/uploads\/2022\/11\/K1-Repeat_blck1.webp","contentUrl":"https:\/\/kajakaskaoprema.si\/wp-content\/uploads\/2022\/11\/K1-Repeat_blck1.webp","width":1000,"height":1000},{"@type":"BreadcrumbList","@id":"https:\/\/kajakaskaoprema.si\/trgovina\/slalom-kompleti\/k1-repeat-kratek-komplet\/#breadcrumb","itemListElement":[{"@type":"ListItem","position":1,"name":"Domov","item":"https:\/\/kajakaskaoprema.si\/"},{"@type":"ListItem","position":2,"name":"Trgovina","item":"https:\/\/kajakaskaoprema.si\/trgovina\/"},{"@type":"ListItem","position":3,"name":"Slalom kompleti","item":"https:\/\/kajakaskaoprema.si\/kolekcije\/slalom-kompleti\/"},{"@type":"ListItem","position":4,"name":"K1 Repeat &#8211; Kratek komplet"}]},{"@type":"WebSite","@id":"https:\/\/kajakaskaoprema.si\/#website","url":"https:\/\/kajakaskaoprema.si\/","name":"Kajaka\u0161ka Oprema","description":"Spletna trgovina s kajaka\u0161ko opremo svetovno priznanih znamk. Idealno za vse ljubitelje adrenalina in vodnih \u0161portov.","publisher":{"@id":"https:\/\/kajakaskaoprema.si\/#organization"},"potentialAction":[{"@type":"SearchAction","target":{"@type":"EntryPoint","urlTemplate":"https:\/\/kajakaskaoprema.si\/?s={search_term_string}"},"query-input":{"@type":"PropertyValueSpecification","valueRequired":true,"valueName":"search_term_string"}}],"inLanguage":"en-GB"},{"@type":"Organization","@id":"https:\/\/kajakaskaoprema.si\/#organization","name":"Kajaka\u0161ka Oprema","url":"https:\/\/kajakaskaoprema.si\/","logo":{"@type":"ImageObject","inLanguage":"en-GB","@id":"https:\/\/kajakaskaoprema.si\/#\/schema\/logo\/image\/","url":"https:\/\/kajakaskaoprema.si\/wp-content\/uploads\/2022\/12\/Logo_Kajakaska-Oprema.png","contentUrl":"https:\/\/kajakaskaoprema.si\/wp-content\/uploads\/2022\/12\/Logo_Kajakaska-Oprema.png","width":250,"height":69,"caption":"Kajaka\u0161ka Oprema"},"image":{"@id":"https:\/\/kajakaskaoprema.si\/#\/schema\/logo\/image\/"},"sameAs":["https:\/\/www.facebook.com\/profile.php?id=100089048120006","https:\/\/www.instagram.com\/kajakaska_oprema\/?fbclid=IwAR2wP1CpCpqaC63UyJF_RvVrzwwz_bz6YVmg02z_LdA4tZuWdCWYKBih7zQ"]}]}},"_links":{"self":[{"href":"https:\/\/kajakaskaoprema.si\/en\/wp-json\/wp\/v2\/product\/6374","targetHints":{"allow":["GET"]}}],"collection":[{"href":"https:\/\/kajakaskaoprema.si\/en\/wp-json\/wp\/v2\/product"}],"about":[{"href":"https:\/\/kajakaskaoprema.si\/en\/wp-json\/wp\/v2\/types\/product"}],"replies":[{"embeddable":true,"href":"https:\/\/kajakaskaoprema.si\/en\/wp-json\/wp\/v2\/comments?post=6374"}],"wp:featuredmedia":[{"embeddable":true,"href":"https:\/\/kajakaskaoprema.si\/en\/wp-json\/wp\/v2\/media\/9671"}],"wp:attachment":[{"href":"https:\/\/kajakaskaoprema.si\/en\/wp-json\/wp\/v2\/media?parent=6374"}],"wp:term":[{"taxonomy":"product_brand","embeddable":true,"href":"https:\/\/kajakaskaoprema.si\/en\/wp-json\/wp\/v2\/product_brand?post=6374"},{"taxonomy":"product_cat","embeddable":true,"href":"https:\/\/kajakaskaoprema.si\/en\/wp-json\/wp\/v2\/product_cat?post=6374"},{"taxonomy":"product_tag","embeddable":true,"href":"https:\/\/kajakaskaoprema.si\/en\/wp-json\/wp\/v2\/product_tag?post=6374"}],"curies":[{"name":"wp","href":"https:\/\/api.w.org\/{rel}","templated":true}]}}