{"id":6349,"date":"2022-11-16T10:19:08","date_gmt":"2022-11-16T09:19:08","guid":{"rendered":"https:\/\/kajakaskaoprema.si\/?post_type=product&#038;p=6349"},"modified":"2023-05-22T14:23:30","modified_gmt":"2023-05-22T12:23:30","slug":"c1-zephyr-kratek-komplet","status":"publish","type":"product","link":"https:\/\/kajakaskaoprema.si\/en\/trgovina\/slalom-kompleti\/c1-zephyr-kratek-komplet\/","title":{"rendered":"C1 Zephyr - Short sleeve combo"},"content":{"rendered":"<p><strong>A short-sleeved combination designed especially for competitors.<\/strong><\/p>\n<p>&nbsp;<\/p>\n<ul>\n<li>By combining the Zephyr blade with the paddle and the C-Flex spray platform, weight has been reduced to a minimum.<\/li>\n<li>Zephyr is made of cellulose-based Carboflex.<\/li>\n<li>The inner layer has a special coating that allows the material to glide smoothly over bare skin.<\/li>\n<li>The neoprene cuffs and collar are made of thin and flexible Neospan for more comfort.<\/li>\n<\/ul>","protected":false},"excerpt":{"rendered":"<p>Kombinacija s kratkimi rokavi, namenjena predvsem tekmovalcem. &nbsp; Z zdru\u017eevanjem anoraka Zephyr in krovnice C-Flex je bila te\u017ea zmanj\u0161ana na minimum. Anorak Zephyr je izdelan iz karbofleksa na osnovi celuloze. Notranji sloj ima poseben premaz, ki omogo\u010da gladko drsenje materiala po ko\u017ei. Neoprenske man\u0161ete in ovratnik so izdelani iz tankega in pro\u017enega Neospana za ve\u010d [&hellip;]<\/p>\n","protected":false},"featured_media":5896,"comment_status":"open","ping_status":"closed","template":"","meta":{"_et_pb_use_builder":"","_et_pb_old_content":"","_et_gb_content_width":""},"product_brand":[],"product_cat":[199],"product_tag":[261,260,265,259,109],"class_list":{"0":"post-6349","1":"product","2":"type-product","3":"status-publish","4":"has-post-thumbnail","6":"product_cat-slalom-kompleti","7":"product_tag-c1","8":"product_tag-komplet","9":"product_tag-kratki-rokavi","10":"product_tag-slalom","11":"product_tag-zephyr","12":"pa_barva-crna","13":"pa_barva-bela","14":"pa_barva-rdeca","15":"pa_barva-modra","16":"pa_uporaba-slalom","17":"pa_velikost-xs","18":"pa_velikost-s","19":"pa_velikost-m","20":"pa_velikost-l","21":"pa_velikost-xl","22":"pa_velikost-xxl","24":"first","25":"instock","26":"shipping-taxable","27":"purchasable","28":"product-type-variable","29":"has-default-attributes"},"yoast_head":"<!-- This site is optimized with the Yoast SEO plugin v27.0 - https:\/\/yoast.com\/product\/yoast-seo-wordpress\/ -->\n<title>C1 Zephyr - Kratek komplet | Kajaka\u0161ka Oprema<\/title>\n<meta name=\"description\" content=\"Kombinacija s kratkimi rokavi, namenjena predvsem tekmovalcem. &nbsp; Z zdru\u017eevanjem anoraka Zephyr in krovnice C-Flex je bila te\u017ea zmanj\u0161ana na minimum.\" \/>\n<meta name=\"robots\" content=\"index, follow, max-snippet:-1, max-image-preview:large, max-video-preview:-1\" \/>\n<link rel=\"canonical\" href=\"https:\/\/kajakaskaoprema.si\/en\/trgovina\/slalom-kompleti\/c1-zephyr-kratek-komplet\/\" \/>\n<meta property=\"og:locale\" content=\"en_GB\" \/>\n<meta property=\"og:type\" content=\"article\" \/>\n<meta property=\"og:title\" content=\"C1 Zephyr - Kratek komplet | Kajaka\u0161ka Oprema\" \/>\n<meta property=\"og:description\" content=\"Kombinacija s kratkimi rokavi, namenjena predvsem tekmovalcem. &nbsp; Z zdru\u017eevanjem anoraka Zephyr in krovnice C-Flex je bila te\u017ea zmanj\u0161ana na minimum.\" \/>\n<meta property=\"og:url\" content=\"https:\/\/kajakaskaoprema.si\/en\/trgovina\/slalom-kompleti\/c1-zephyr-kratek-komplet\/\" \/>\n<meta property=\"og:site_name\" content=\"Kajaka\u0161ka Oprema\" \/>\n<meta property=\"article:publisher\" content=\"https:\/\/www.facebook.com\/profile.php?id=100089048120006\" \/>\n<meta property=\"article:modified_time\" content=\"2023-05-22T12:23:30+00:00\" \/>\n<meta property=\"og:image\" content=\"https:\/\/kajakaskaoprema.si\/wp-content\/uploads\/2022\/11\/C1-Zephyr-Kratek-komplet.webp\" \/>\n\t<meta property=\"og:image:width\" content=\"1000\" \/>\n\t<meta property=\"og:image:height\" content=\"1000\" \/>\n\t<meta property=\"og:image:type\" content=\"image\/webp\" \/>\n<meta name=\"twitter:card\" content=\"summary_large_image\" \/>\n<meta name=\"twitter:title\" content=\"C1 Zephyr - Kratek komplet | Kajaka\u0161ka Oprema\" \/>\n<meta name=\"twitter:description\" content=\"Kombinacija s kratkimi rokavi, namenjena predvsem tekmovalcem. &nbsp; Z zdru\u017eevanjem anoraka Zephyr in krovnice C-Flex je bila te\u017ea zmanj\u0161ana na minimum.\" \/>\n<meta name=\"twitter:image\" content=\"https:\/\/kajakaskaoprema.si\/wp-content\/uploads\/2022\/11\/C1-Zephyr-Kratek-komplet.webp\" \/>\n<meta name=\"twitter:label1\" content=\"Estimated reading time\" \/>\n\t<meta name=\"twitter:data1\" content=\"1 minute\" \/>\n<!-- \/ Yoast SEO plugin. -->","yoast_head_json":{"title":"C1 Zephyr - Kratek komplet | Kajaka\u0161ka Oprema","description":"Kombinacija s kratkimi rokavi, namenjena predvsem tekmovalcem. &nbsp; Z zdru\u017eevanjem anoraka Zephyr in krovnice C-Flex je bila te\u017ea zmanj\u0161ana na minimum.","robots":{"index":"index","follow":"follow","max-snippet":"max-snippet:-1","max-image-preview":"max-image-preview:large","max-video-preview":"max-video-preview:-1"},"canonical":"https:\/\/kajakaskaoprema.si\/en\/trgovina\/slalom-kompleti\/c1-zephyr-kratek-komplet\/","og_locale":"en_GB","og_type":"article","og_title":"C1 Zephyr - Kratek komplet | Kajaka\u0161ka Oprema","og_description":"Kombinacija s kratkimi rokavi, namenjena predvsem tekmovalcem. &nbsp; Z zdru\u017eevanjem anoraka Zephyr in krovnice C-Flex je bila te\u017ea zmanj\u0161ana na minimum.","og_url":"https:\/\/kajakaskaoprema.si\/en\/trgovina\/slalom-kompleti\/c1-zephyr-kratek-komplet\/","og_site_name":"Kajaka\u0161ka Oprema","article_publisher":"https:\/\/www.facebook.com\/profile.php?id=100089048120006","article_modified_time":"2023-05-22T12:23:30+00:00","og_image":[{"width":1000,"height":1000,"url":"https:\/\/kajakaskaoprema.si\/wp-content\/uploads\/2022\/11\/C1-Zephyr-Kratek-komplet.webp","type":"image\/webp"}],"twitter_card":"summary_large_image","twitter_title":"C1 Zephyr - Kratek komplet | Kajaka\u0161ka Oprema","twitter_description":"Kombinacija s kratkimi rokavi, namenjena predvsem tekmovalcem. &nbsp; Z zdru\u017eevanjem anoraka Zephyr in krovnice C-Flex je bila te\u017ea zmanj\u0161ana na minimum.","twitter_image":"https:\/\/kajakaskaoprema.si\/wp-content\/uploads\/2022\/11\/C1-Zephyr-Kratek-komplet.webp","twitter_misc":{"Estimated reading time":"1 minute"},"schema":{"@context":"https:\/\/schema.org","@graph":[{"@type":["WebPage","ItemPage"],"@id":"https:\/\/kajakaskaoprema.si\/trgovina\/slalom-kompleti\/c1-zephyr-kratek-komplet\/","url":"https:\/\/kajakaskaoprema.si\/trgovina\/slalom-kompleti\/c1-zephyr-kratek-komplet\/","name":"C1 Zephyr - Kratek komplet | Kajaka\u0161ka Oprema","isPartOf":{"@id":"https:\/\/kajakaskaoprema.si\/#website"},"primaryImageOfPage":{"@id":"https:\/\/kajakaskaoprema.si\/trgovina\/slalom-kompleti\/c1-zephyr-kratek-komplet\/#primaryimage"},"image":{"@id":"https:\/\/kajakaskaoprema.si\/trgovina\/slalom-kompleti\/c1-zephyr-kratek-komplet\/#primaryimage"},"thumbnailUrl":"https:\/\/kajakaskaoprema.si\/wp-content\/uploads\/2022\/11\/C1-Zephyr-Kratek-komplet.webp","datePublished":"2022-11-16T09:19:08+00:00","dateModified":"2023-05-22T12:23:30+00:00","description":"Kombinacija s kratkimi rokavi, namenjena predvsem tekmovalcem. &nbsp; Z zdru\u017eevanjem anoraka Zephyr in krovnice C-Flex je bila te\u017ea zmanj\u0161ana na minimum.","breadcrumb":{"@id":"https:\/\/kajakaskaoprema.si\/trgovina\/slalom-kompleti\/c1-zephyr-kratek-komplet\/#breadcrumb"},"inLanguage":"en-GB","potentialAction":[{"@type":"ReadAction","target":["https:\/\/kajakaskaoprema.si\/trgovina\/slalom-kompleti\/c1-zephyr-kratek-komplet\/"]}]},{"@type":"ImageObject","inLanguage":"en-GB","@id":"https:\/\/kajakaskaoprema.si\/trgovina\/slalom-kompleti\/c1-zephyr-kratek-komplet\/#primaryimage","url":"https:\/\/kajakaskaoprema.si\/wp-content\/uploads\/2022\/11\/C1-Zephyr-Kratek-komplet.webp","contentUrl":"https:\/\/kajakaskaoprema.si\/wp-content\/uploads\/2022\/11\/C1-Zephyr-Kratek-komplet.webp","width":1000,"height":1000,"caption":"C1 Zephyr - Kratek komplet"},{"@type":"BreadcrumbList","@id":"https:\/\/kajakaskaoprema.si\/trgovina\/slalom-kompleti\/c1-zephyr-kratek-komplet\/#breadcrumb","itemListElement":[{"@type":"ListItem","position":1,"name":"Domov","item":"https:\/\/kajakaskaoprema.si\/"},{"@type":"ListItem","position":2,"name":"Trgovina","item":"https:\/\/kajakaskaoprema.si\/trgovina\/"},{"@type":"ListItem","position":3,"name":"Slalom kompleti","item":"https:\/\/kajakaskaoprema.si\/kolekcije\/slalom-kompleti\/"},{"@type":"ListItem","position":4,"name":"C1 Zephyr &#8211; Kratek komplet"}]},{"@type":"WebSite","@id":"https:\/\/kajakaskaoprema.si\/#website","url":"https:\/\/kajakaskaoprema.si\/","name":"Kajaka\u0161ka Oprema","description":"Spletna trgovina s kajaka\u0161ko opremo svetovno priznanih znamk. Idealno za vse ljubitelje adrenalina in vodnih \u0161portov.","publisher":{"@id":"https:\/\/kajakaskaoprema.si\/#organization"},"potentialAction":[{"@type":"SearchAction","target":{"@type":"EntryPoint","urlTemplate":"https:\/\/kajakaskaoprema.si\/?s={search_term_string}"},"query-input":{"@type":"PropertyValueSpecification","valueRequired":true,"valueName":"search_term_string"}}],"inLanguage":"en-GB"},{"@type":"Organization","@id":"https:\/\/kajakaskaoprema.si\/#organization","name":"Kajaka\u0161ka Oprema","url":"https:\/\/kajakaskaoprema.si\/","logo":{"@type":"ImageObject","inLanguage":"en-GB","@id":"https:\/\/kajakaskaoprema.si\/#\/schema\/logo\/image\/","url":"https:\/\/kajakaskaoprema.si\/wp-content\/uploads\/2022\/12\/Logo_Kajakaska-Oprema.png","contentUrl":"https:\/\/kajakaskaoprema.si\/wp-content\/uploads\/2022\/12\/Logo_Kajakaska-Oprema.png","width":250,"height":69,"caption":"Kajaka\u0161ka Oprema"},"image":{"@id":"https:\/\/kajakaskaoprema.si\/#\/schema\/logo\/image\/"},"sameAs":["https:\/\/www.facebook.com\/profile.php?id=100089048120006","https:\/\/www.instagram.com\/kajakaska_oprema\/?fbclid=IwAR2wP1CpCpqaC63UyJF_RvVrzwwz_bz6YVmg02z_LdA4tZuWdCWYKBih7zQ"]}]}},"_links":{"self":[{"href":"https:\/\/kajakaskaoprema.si\/en\/wp-json\/wp\/v2\/product\/6349","targetHints":{"allow":["GET"]}}],"collection":[{"href":"https:\/\/kajakaskaoprema.si\/en\/wp-json\/wp\/v2\/product"}],"about":[{"href":"https:\/\/kajakaskaoprema.si\/en\/wp-json\/wp\/v2\/types\/product"}],"replies":[{"embeddable":true,"href":"https:\/\/kajakaskaoprema.si\/en\/wp-json\/wp\/v2\/comments?post=6349"}],"wp:featuredmedia":[{"embeddable":true,"href":"https:\/\/kajakaskaoprema.si\/en\/wp-json\/wp\/v2\/media\/5896"}],"wp:attachment":[{"href":"https:\/\/kajakaskaoprema.si\/en\/wp-json\/wp\/v2\/media?parent=6349"}],"wp:term":[{"taxonomy":"product_brand","embeddable":true,"href":"https:\/\/kajakaskaoprema.si\/en\/wp-json\/wp\/v2\/product_brand?post=6349"},{"taxonomy":"product_cat","embeddable":true,"href":"https:\/\/kajakaskaoprema.si\/en\/wp-json\/wp\/v2\/product_cat?post=6349"},{"taxonomy":"product_tag","embeddable":true,"href":"https:\/\/kajakaskaoprema.si\/en\/wp-json\/wp\/v2\/product_tag?post=6349"}],"curies":[{"name":"wp","href":"https:\/\/api.w.org\/{rel}","templated":true}]}}