{"id":6163,"date":"2022-11-16T00:30:50","date_gmt":"2022-11-15T23:30:50","guid":{"rendered":"https:\/\/kajakaskaoprema.si\/?post_type=product&#038;p=6163"},"modified":"2025-03-24T17:47:51","modified_gmt":"2025-03-24T16:47:51","slug":"k1-sirocco-zimski-komplet","status":"publish","type":"product","link":"https:\/\/kajakaskaoprema.si\/en\/trgovina\/slalom-kompleti\/k1-sirocco-zimski-komplet\/","title":{"rendered":"K1 Sirocco REPEAT &#8211; Zimski komplet"},"content":{"rendered":"<p><strong>Slalom kompletek K1 Sirocco &#8211; pripravljen in zasnovan za veslanje v hladnem vremenu.<\/strong><\/p>\n<p><em><strong>Sirocco cag<\/strong><\/em><\/p>\n<ul>\n<li>Ergonomic design specific to slalom racing keeps the upper snug without restricting your freedom of movement<\/li>\n<li>Wrist and neck cuffs made of very comfortable, thin and flexible Neospan<\/li>\n<li>Wrists have extra latex seals to keep out all water<\/li>\n<li>Made of Airfour Light fabric, which is light and breathable<\/li>\n<\/ul>","protected":false},"excerpt":{"rendered":"<p>Slalom kompletek K1 Sirocco &#8211; pripravljen in zasnovan za veslanje v hladnem vremenu. Sirocco anorak Ergonomska oblika, specifi\u010dna za slalomske tekme, ohranja zgornji del oprijet, ne da bi omejeval va\u0161o svobodo gibanja Man\u0161ete za zapestje in vrat so narejene iz zelo udobnega, tankega in pro\u017enega Neospana Zapestja imajo dodatno tesnila iz lateksa, Izdelan iz lahke [&hellip;]<\/p>\n","protected":false},"featured_media":5848,"comment_status":"open","ping_status":"closed","template":"","meta":{"_et_pb_use_builder":"","_et_pb_old_content":"","_et_gb_content_width":""},"product_brand":[],"product_cat":[199],"product_tag":[264,263,260,267,259],"class_list":{"0":"post-6163","1":"product","2":"type-product","3":"status-publish","4":"has-post-thumbnail","6":"product_cat-slalom-kompleti","7":"product_tag-dolgi-rokavi","8":"product_tag-k1","9":"product_tag-komplet","10":"product_tag-sirocco","11":"product_tag-slalom","12":"pa_barva-crna","13":"pa_velikost-xs","14":"pa_velikost-s","15":"pa_velikost-m","16":"pa_velikost-l","17":"pa_velikost-xl","18":"pa_velikost-xxl","20":"first","21":"instock","22":"shipping-taxable","23":"purchasable","24":"product-type-variable","25":"has-default-attributes"},"yoast_head":"<!-- This site is optimized with the Yoast SEO plugin v27.0 - https:\/\/yoast.com\/product\/yoast-seo-wordpress\/ -->\n<title>K1 Sirocco REPEAT - Zimski komplet | Kajaka\u0161ka Oprema<\/title>\n<meta name=\"description\" content=\"Slalom kompletek K1 Sirocco - pripravljen in zasnovan za veslanje v hladnem vremenu. Sirocco anorak Ergonomska oblika, specifi\u010dna za slalomske tekme,\" \/>\n<meta name=\"robots\" content=\"index, follow, max-snippet:-1, max-image-preview:large, max-video-preview:-1\" \/>\n<link rel=\"canonical\" href=\"https:\/\/kajakaskaoprema.si\/en\/trgovina\/slalom-kompleti\/k1-sirocco-zimski-komplet\/\" \/>\n<meta property=\"og:locale\" content=\"en_GB\" \/>\n<meta property=\"og:type\" content=\"article\" \/>\n<meta property=\"og:title\" content=\"K1 Sirocco REPEAT - Zimski komplet | Kajaka\u0161ka Oprema\" \/>\n<meta property=\"og:description\" content=\"Slalom kompletek K1 Sirocco - pripravljen in zasnovan za veslanje v hladnem vremenu. Sirocco anorak Ergonomska oblika, specifi\u010dna za slalomske tekme,\" \/>\n<meta property=\"og:url\" content=\"https:\/\/kajakaskaoprema.si\/en\/trgovina\/slalom-kompleti\/k1-sirocco-zimski-komplet\/\" \/>\n<meta property=\"og:site_name\" content=\"Kajaka\u0161ka Oprema\" \/>\n<meta property=\"article:publisher\" content=\"https:\/\/www.facebook.com\/profile.php?id=100089048120006\" \/>\n<meta property=\"article:modified_time\" content=\"2025-03-24T16:47:51+00:00\" \/>\n<meta property=\"og:image\" content=\"https:\/\/kajakaskaoprema.si\/wp-content\/uploads\/2022\/11\/K1-Sirocco-Zimski-komplet.webp\" \/>\n\t<meta property=\"og:image:width\" content=\"1000\" \/>\n\t<meta property=\"og:image:height\" content=\"1000\" \/>\n\t<meta property=\"og:image:type\" content=\"image\/webp\" \/>\n<meta name=\"twitter:card\" content=\"summary_large_image\" \/>\n<meta name=\"twitter:title\" content=\"K1 Sirocco REPEAT - Zimski komplet | Kajaka\u0161ka Oprema\" \/>\n<meta name=\"twitter:image\" content=\"https:\/\/kajakaskaoprema.si\/wp-content\/uploads\/2022\/11\/K1-Sirocco-Zimski-komplet.webp\" \/>\n<meta name=\"twitter:label1\" content=\"Estimated reading time\" \/>\n\t<meta name=\"twitter:data1\" content=\"1 minute\" \/>\n<!-- \/ Yoast SEO plugin. -->","yoast_head_json":{"title":"K1 Sirocco REPEAT - Zimski komplet | Kajaka\u0161ka Oprema","description":"Slalom kompletek K1 Sirocco - pripravljen in zasnovan za veslanje v hladnem vremenu. Sirocco anorak Ergonomska oblika, specifi\u010dna za slalomske tekme,","robots":{"index":"index","follow":"follow","max-snippet":"max-snippet:-1","max-image-preview":"max-image-preview:large","max-video-preview":"max-video-preview:-1"},"canonical":"https:\/\/kajakaskaoprema.si\/en\/trgovina\/slalom-kompleti\/k1-sirocco-zimski-komplet\/","og_locale":"en_GB","og_type":"article","og_title":"K1 Sirocco REPEAT - Zimski komplet | Kajaka\u0161ka Oprema","og_description":"Slalom kompletek K1 Sirocco - pripravljen in zasnovan za veslanje v hladnem vremenu. Sirocco anorak Ergonomska oblika, specifi\u010dna za slalomske tekme,","og_url":"https:\/\/kajakaskaoprema.si\/en\/trgovina\/slalom-kompleti\/k1-sirocco-zimski-komplet\/","og_site_name":"Kajaka\u0161ka Oprema","article_publisher":"https:\/\/www.facebook.com\/profile.php?id=100089048120006","article_modified_time":"2025-03-24T16:47:51+00:00","og_image":[{"width":1000,"height":1000,"url":"https:\/\/kajakaskaoprema.si\/wp-content\/uploads\/2022\/11\/K1-Sirocco-Zimski-komplet.webp","type":"image\/webp"}],"twitter_card":"summary_large_image","twitter_title":"K1 Sirocco REPEAT - Zimski komplet | Kajaka\u0161ka Oprema","twitter_image":"https:\/\/kajakaskaoprema.si\/wp-content\/uploads\/2022\/11\/K1-Sirocco-Zimski-komplet.webp","twitter_misc":{"Estimated reading time":"1 minute"},"schema":{"@context":"https:\/\/schema.org","@graph":[{"@type":["WebPage","ItemPage"],"@id":"https:\/\/kajakaskaoprema.si\/trgovina\/slalom-kompleti\/k1-sirocco-zimski-komplet\/","url":"https:\/\/kajakaskaoprema.si\/trgovina\/slalom-kompleti\/k1-sirocco-zimski-komplet\/","name":"K1 Sirocco REPEAT - Zimski komplet | Kajaka\u0161ka Oprema","isPartOf":{"@id":"https:\/\/kajakaskaoprema.si\/#website"},"primaryImageOfPage":{"@id":"https:\/\/kajakaskaoprema.si\/trgovina\/slalom-kompleti\/k1-sirocco-zimski-komplet\/#primaryimage"},"image":{"@id":"https:\/\/kajakaskaoprema.si\/trgovina\/slalom-kompleti\/k1-sirocco-zimski-komplet\/#primaryimage"},"thumbnailUrl":"https:\/\/kajakaskaoprema.si\/wp-content\/uploads\/2022\/11\/K1-Jackpot-Sirocco-Zimski-komplet-4.webp","datePublished":"2022-11-15T23:30:50+00:00","dateModified":"2025-03-24T16:47:51+00:00","description":"Slalom kompletek K1 Sirocco - pripravljen in zasnovan za veslanje v hladnem vremenu. Sirocco anorak Ergonomska oblika, specifi\u010dna za slalomske tekme,","breadcrumb":{"@id":"https:\/\/kajakaskaoprema.si\/trgovina\/slalom-kompleti\/k1-sirocco-zimski-komplet\/#breadcrumb"},"inLanguage":"en-GB","potentialAction":[{"@type":"ReadAction","target":["https:\/\/kajakaskaoprema.si\/trgovina\/slalom-kompleti\/k1-sirocco-zimski-komplet\/"]}]},{"@type":"ImageObject","inLanguage":"en-GB","@id":"https:\/\/kajakaskaoprema.si\/trgovina\/slalom-kompleti\/k1-sirocco-zimski-komplet\/#primaryimage","url":"https:\/\/kajakaskaoprema.si\/wp-content\/uploads\/2022\/11\/K1-Jackpot-Sirocco-Zimski-komplet-4.webp","contentUrl":"https:\/\/kajakaskaoprema.si\/wp-content\/uploads\/2022\/11\/K1-Jackpot-Sirocco-Zimski-komplet-4.webp","width":1000,"height":1000,"caption":"K1 Jackpot Sirocco - Zimski komplet"},{"@type":"BreadcrumbList","@id":"https:\/\/kajakaskaoprema.si\/trgovina\/slalom-kompleti\/k1-sirocco-zimski-komplet\/#breadcrumb","itemListElement":[{"@type":"ListItem","position":1,"name":"Domov","item":"https:\/\/kajakaskaoprema.si\/"},{"@type":"ListItem","position":2,"name":"Trgovina","item":"https:\/\/kajakaskaoprema.si\/trgovina\/"},{"@type":"ListItem","position":3,"name":"Slalom kompleti","item":"https:\/\/kajakaskaoprema.si\/kolekcije\/slalom-kompleti\/"},{"@type":"ListItem","position":4,"name":"K1 Sirocco REPEAT &#8211; Zimski komplet"}]},{"@type":"WebSite","@id":"https:\/\/kajakaskaoprema.si\/#website","url":"https:\/\/kajakaskaoprema.si\/","name":"Kajaka\u0161ka Oprema","description":"Spletna trgovina s kajaka\u0161ko opremo svetovno priznanih znamk. Idealno za vse ljubitelje adrenalina in vodnih \u0161portov.","publisher":{"@id":"https:\/\/kajakaskaoprema.si\/#organization"},"potentialAction":[{"@type":"SearchAction","target":{"@type":"EntryPoint","urlTemplate":"https:\/\/kajakaskaoprema.si\/?s={search_term_string}"},"query-input":{"@type":"PropertyValueSpecification","valueRequired":true,"valueName":"search_term_string"}}],"inLanguage":"en-GB"},{"@type":"Organization","@id":"https:\/\/kajakaskaoprema.si\/#organization","name":"Kajaka\u0161ka Oprema","url":"https:\/\/kajakaskaoprema.si\/","logo":{"@type":"ImageObject","inLanguage":"en-GB","@id":"https:\/\/kajakaskaoprema.si\/#\/schema\/logo\/image\/","url":"https:\/\/kajakaskaoprema.si\/wp-content\/uploads\/2022\/12\/Logo_Kajakaska-Oprema.png","contentUrl":"https:\/\/kajakaskaoprema.si\/wp-content\/uploads\/2022\/12\/Logo_Kajakaska-Oprema.png","width":250,"height":69,"caption":"Kajaka\u0161ka Oprema"},"image":{"@id":"https:\/\/kajakaskaoprema.si\/#\/schema\/logo\/image\/"},"sameAs":["https:\/\/www.facebook.com\/profile.php?id=100089048120006","https:\/\/www.instagram.com\/kajakaska_oprema\/?fbclid=IwAR2wP1CpCpqaC63UyJF_RvVrzwwz_bz6YVmg02z_LdA4tZuWdCWYKBih7zQ"]}]}},"_links":{"self":[{"href":"https:\/\/kajakaskaoprema.si\/en\/wp-json\/wp\/v2\/product\/6163","targetHints":{"allow":["GET"]}}],"collection":[{"href":"https:\/\/kajakaskaoprema.si\/en\/wp-json\/wp\/v2\/product"}],"about":[{"href":"https:\/\/kajakaskaoprema.si\/en\/wp-json\/wp\/v2\/types\/product"}],"replies":[{"embeddable":true,"href":"https:\/\/kajakaskaoprema.si\/en\/wp-json\/wp\/v2\/comments?post=6163"}],"wp:featuredmedia":[{"embeddable":true,"href":"https:\/\/kajakaskaoprema.si\/en\/wp-json\/wp\/v2\/media\/5848"}],"wp:attachment":[{"href":"https:\/\/kajakaskaoprema.si\/en\/wp-json\/wp\/v2\/media?parent=6163"}],"wp:term":[{"taxonomy":"product_brand","embeddable":true,"href":"https:\/\/kajakaskaoprema.si\/en\/wp-json\/wp\/v2\/product_brand?post=6163"},{"taxonomy":"product_cat","embeddable":true,"href":"https:\/\/kajakaskaoprema.si\/en\/wp-json\/wp\/v2\/product_cat?post=6163"},{"taxonomy":"product_tag","embeddable":true,"href":"https:\/\/kajakaskaoprema.si\/en\/wp-json\/wp\/v2\/product_tag?post=6163"}],"curies":[{"name":"wp","href":"https:\/\/api.w.org\/{rel}","templated":true}]}}