{"id":6096,"date":"2022-11-15T20:38:28","date_gmt":"2022-11-15T19:38:28","guid":{"rendered":"https:\/\/kajakaskaoprema.si\/?post_type=product&#038;p=6096"},"modified":"2025-03-24T18:39:13","modified_gmt":"2025-03-24T17:39:13","slug":"k1-black-mamba-dolg-jackpot-komplet","status":"publish","type":"product","link":"https:\/\/kajakaskaoprema.si\/en\/trgovina\/slalom-kompleti\/k1-black-mamba-dolg-jackpot-komplet\/","title":{"rendered":"K1 Black Mamba \u2013 Long sleeve Jackpot combo"},"content":{"rendered":"<p><strong>The Black Mamba is the evolutionary step of the Zephyr tops towards speed and mobility. Perfectly paired with the Jackpot spraydeck!<\/strong><\/p>\n<p>&nbsp;<\/p>\n<ul>\n<li>Deli anoraka pod pazduhami ter na hrbtni strani so izdelane iz Carboflex Quatro &#8211; to je 4-smerno raztegljiva razli\u010dica lahkega Carboflexa, ki se uporablja na majicah Zephyr.<\/li>\n<li>Vsi drugi deli anoraka so izdelani iz Carboflex &#8211; ultra lahek in zra\u010den material<\/li>\n<li>The inside of the Caboflex and Carboflex Quatro has a cellulose-based finish that reduces friction between the paddler and the garment, allowing the freest possible movement.<\/li>\n<li>This allows the whole combination to be more fitted without restricting movement.<\/li>\n<li>New neck seal with two side seams for better comfort and sealing.<\/li>\n<\/ul>\n<p>&nbsp;<\/p>\n<p><strong>The Jackpot spraydeck is here to complement the Jackpot vest for the ultimate high-performance winning combination<\/strong><\/p>\n<p>&nbsp;<\/p>\n<ul>\n<li>The Jackpot skirt has a built-in pocket to securely hold the Jackpot vest's outer foam cushion.<\/li>\n<li>The pocket is designed to fit snugly around the pillow, retaining any excess water but allowing it to lie compressed low without raising the profile of the deck.<\/li>\n<li>The upper part of the pocket is made of a very flexible PU-coated fabric that keeps the weight extremely low<\/li>\n<li>Made of NTX2 Flex neoprene for waterproofing and extreme lightness.<\/li>\n<li>The spraydeck is adapted to the opening dimensions of slalom kayaks as well as some canoes, allowing easy installation, keeping the boat dry and eliminating unnecessary material.<\/li>\n<\/ul>","protected":false},"excerpt":{"rendered":"<p>Kompletek Black Mamba je evolucijski korak anorakov Zephyr v smeri hitrosti in mobilnosti. Odli\u010dno se ujema v kombinaciji z Jackpot krovnico! &nbsp; Deli anoraka pod pazduhami ter na hrbtni strani so izdelane iz Carboflex Quatro &#8211; to je 4-smerno raztegljiva razli\u010dica lahkega Carboflexa, ki se uporablja na majicah Zephyr. Vsi drugi deli anoraka so izdelani [&hellip;]<\/p>\n","protected":false},"featured_media":5817,"comment_status":"open","ping_status":"closed","template":"","meta":{"_et_pb_use_builder":"","_et_pb_old_content":"","_et_gb_content_width":""},"product_brand":[],"product_cat":[199],"product_tag":[262,264,263,260,259],"class_list":{"0":"post-6096","1":"product","2":"type-product","3":"status-publish","4":"has-post-thumbnail","6":"product_cat-slalom-kompleti","7":"product_tag-black-mamba","8":"product_tag-dolgi-rokavi","9":"product_tag-k1","10":"product_tag-komplet","11":"product_tag-slalom","12":"pa_barva-crna","13":"pa_barva-bela","14":"pa_barva-turkizna","15":"pa_velikost-xs","16":"pa_velikost-s","17":"pa_velikost-m","18":"pa_velikost-l","19":"pa_velikost-xl","20":"pa_velikost-xxl","22":"first","23":"instock","24":"featured","25":"shipping-taxable","26":"purchasable","27":"product-type-variable"},"yoast_head":"<!-- This site is optimized with the Yoast SEO plugin v27.0 - https:\/\/yoast.com\/product\/yoast-seo-wordpress\/ -->\n<title>K1 Black Mamba - Dolg Jackpot komplet | Kajaka\u0161ka Oprema<\/title>\n<meta name=\"description\" content=\"Kompletek Black Mamba je evolucijski korak anorakov Zephyr v smeri hitrosti in mobilnosti. Odli\u010dno se ujema v kombinaciji z Jackpot krovnico! &nbsp; Deli\" \/>\n<meta name=\"robots\" content=\"index, follow, max-snippet:-1, max-image-preview:large, max-video-preview:-1\" \/>\n<link rel=\"canonical\" href=\"https:\/\/kajakaskaoprema.si\/en\/trgovina\/slalom-kompleti\/k1-black-mamba-dolg-jackpot-komplet\/\" \/>\n<meta property=\"og:locale\" content=\"en_GB\" \/>\n<meta property=\"og:type\" content=\"article\" \/>\n<meta property=\"og:title\" content=\"K1 Black Mamba - Dolg Jackpot komplet | Kajaka\u0161ka Oprema\" \/>\n<meta property=\"og:description\" content=\"Kompletek Black Mamba je evolucijski korak anorakov Zephyr v smeri hitrosti in mobilnosti. Odli\u010dno se ujema v kombinaciji z Jackpot krovnico! &nbsp; Deli\" \/>\n<meta property=\"og:url\" content=\"https:\/\/kajakaskaoprema.si\/en\/trgovina\/slalom-kompleti\/k1-black-mamba-dolg-jackpot-komplet\/\" \/>\n<meta property=\"og:site_name\" content=\"Kajaka\u0161ka Oprema\" \/>\n<meta property=\"article:publisher\" content=\"https:\/\/www.facebook.com\/profile.php?id=100089048120006\" \/>\n<meta property=\"article:modified_time\" content=\"2025-03-24T17:39:13+00:00\" \/>\n<meta property=\"og:image\" content=\"https:\/\/kajakaskaoprema.si\/wp-content\/uploads\/2022\/11\/K1-Black-Mamba-Dolg-Jackpot-komplet.webp\" \/>\n\t<meta property=\"og:image:width\" content=\"1000\" \/>\n\t<meta property=\"og:image:height\" content=\"1000\" \/>\n\t<meta property=\"og:image:type\" content=\"image\/webp\" \/>\n<meta name=\"twitter:card\" content=\"summary_large_image\" \/>\n<meta name=\"twitter:title\" content=\"K1 Black Mamba - Dolg Jackpot komplet | Kajaka\u0161ka Oprema\" \/>\n<meta name=\"twitter:description\" content=\"Kompletek Black Mamba je evolucijski korak anorakov Zephyr v smeri hitrosti in mobilnosti. Odli\u010dno se ujema v kombinaciji z Jackpot krovnico! &nbsp; Deli\" \/>\n<meta name=\"twitter:image\" content=\"https:\/\/kajakaskaoprema.si\/wp-content\/uploads\/2022\/11\/K1-Black-Mamba-Dolg-Jackpot-komplet.webp\" \/>\n<meta name=\"twitter:label1\" content=\"Estimated reading time\" \/>\n\t<meta name=\"twitter:data1\" content=\"2 minutes\" \/>\n<!-- \/ Yoast SEO plugin. -->","yoast_head_json":{"title":"K1 Black Mamba - Dolg Jackpot komplet | Kajaka\u0161ka Oprema","description":"Kompletek Black Mamba je evolucijski korak anorakov Zephyr v smeri hitrosti in mobilnosti. Odli\u010dno se ujema v kombinaciji z Jackpot krovnico! &nbsp; Deli","robots":{"index":"index","follow":"follow","max-snippet":"max-snippet:-1","max-image-preview":"max-image-preview:large","max-video-preview":"max-video-preview:-1"},"canonical":"https:\/\/kajakaskaoprema.si\/en\/trgovina\/slalom-kompleti\/k1-black-mamba-dolg-jackpot-komplet\/","og_locale":"en_GB","og_type":"article","og_title":"K1 Black Mamba - Dolg Jackpot komplet | Kajaka\u0161ka Oprema","og_description":"Kompletek Black Mamba je evolucijski korak anorakov Zephyr v smeri hitrosti in mobilnosti. Odli\u010dno se ujema v kombinaciji z Jackpot krovnico! &nbsp; Deli","og_url":"https:\/\/kajakaskaoprema.si\/en\/trgovina\/slalom-kompleti\/k1-black-mamba-dolg-jackpot-komplet\/","og_site_name":"Kajaka\u0161ka Oprema","article_publisher":"https:\/\/www.facebook.com\/profile.php?id=100089048120006","article_modified_time":"2025-03-24T17:39:13+00:00","og_image":[{"width":1000,"height":1000,"url":"https:\/\/kajakaskaoprema.si\/wp-content\/uploads\/2022\/11\/K1-Black-Mamba-Dolg-Jackpot-komplet.webp","type":"image\/webp"}],"twitter_card":"summary_large_image","twitter_title":"K1 Black Mamba - Dolg Jackpot komplet | Kajaka\u0161ka Oprema","twitter_description":"Kompletek Black Mamba je evolucijski korak anorakov Zephyr v smeri hitrosti in mobilnosti. Odli\u010dno se ujema v kombinaciji z Jackpot krovnico! &nbsp; Deli","twitter_image":"https:\/\/kajakaskaoprema.si\/wp-content\/uploads\/2022\/11\/K1-Black-Mamba-Dolg-Jackpot-komplet.webp","twitter_misc":{"Estimated reading time":"2 minutes"},"schema":{"@context":"https:\/\/schema.org","@graph":[{"@type":["WebPage","ItemPage"],"@id":"https:\/\/kajakaskaoprema.si\/trgovina\/slalom-kompleti\/k1-black-mamba-dolg-jackpot-komplet\/","url":"https:\/\/kajakaskaoprema.si\/trgovina\/slalom-kompleti\/k1-black-mamba-dolg-jackpot-komplet\/","name":"K1 Black Mamba - Dolg Jackpot komplet | Kajaka\u0161ka Oprema","isPartOf":{"@id":"https:\/\/kajakaskaoprema.si\/#website"},"primaryImageOfPage":{"@id":"https:\/\/kajakaskaoprema.si\/trgovina\/slalom-kompleti\/k1-black-mamba-dolg-jackpot-komplet\/#primaryimage"},"image":{"@id":"https:\/\/kajakaskaoprema.si\/trgovina\/slalom-kompleti\/k1-black-mamba-dolg-jackpot-komplet\/#primaryimage"},"thumbnailUrl":"https:\/\/kajakaskaoprema.si\/wp-content\/uploads\/2022\/11\/K1-Black-Mamba-Dolg-Jackpot-komplet.webp","datePublished":"2022-11-15T19:38:28+00:00","dateModified":"2025-03-24T17:39:13+00:00","description":"Kompletek Black Mamba je evolucijski korak anorakov Zephyr v smeri hitrosti in mobilnosti. Odli\u010dno se ujema v kombinaciji z Jackpot krovnico! &nbsp; Deli","breadcrumb":{"@id":"https:\/\/kajakaskaoprema.si\/trgovina\/slalom-kompleti\/k1-black-mamba-dolg-jackpot-komplet\/#breadcrumb"},"inLanguage":"en-GB","potentialAction":[{"@type":"ReadAction","target":["https:\/\/kajakaskaoprema.si\/trgovina\/slalom-kompleti\/k1-black-mamba-dolg-jackpot-komplet\/"]}]},{"@type":"ImageObject","inLanguage":"en-GB","@id":"https:\/\/kajakaskaoprema.si\/trgovina\/slalom-kompleti\/k1-black-mamba-dolg-jackpot-komplet\/#primaryimage","url":"https:\/\/kajakaskaoprema.si\/wp-content\/uploads\/2022\/11\/K1-Black-Mamba-Dolg-Jackpot-komplet.webp","contentUrl":"https:\/\/kajakaskaoprema.si\/wp-content\/uploads\/2022\/11\/K1-Black-Mamba-Dolg-Jackpot-komplet.webp","width":1000,"height":1000,"caption":"K1 Black Mamba - Dolg Jackpot komplet"},{"@type":"BreadcrumbList","@id":"https:\/\/kajakaskaoprema.si\/trgovina\/slalom-kompleti\/k1-black-mamba-dolg-jackpot-komplet\/#breadcrumb","itemListElement":[{"@type":"ListItem","position":1,"name":"Domov","item":"https:\/\/kajakaskaoprema.si\/"},{"@type":"ListItem","position":2,"name":"Trgovina","item":"https:\/\/kajakaskaoprema.si\/trgovina\/"},{"@type":"ListItem","position":3,"name":"Slalom kompleti","item":"https:\/\/kajakaskaoprema.si\/kolekcije\/slalom-kompleti\/"},{"@type":"ListItem","position":4,"name":"K1 Black Mamba &#8211; Dolg Jackpot komplet"}]},{"@type":"WebSite","@id":"https:\/\/kajakaskaoprema.si\/#website","url":"https:\/\/kajakaskaoprema.si\/","name":"Kajaka\u0161ka Oprema","description":"Spletna trgovina s kajaka\u0161ko opremo svetovno priznanih znamk. Idealno za vse ljubitelje adrenalina in vodnih \u0161portov.","publisher":{"@id":"https:\/\/kajakaskaoprema.si\/#organization"},"potentialAction":[{"@type":"SearchAction","target":{"@type":"EntryPoint","urlTemplate":"https:\/\/kajakaskaoprema.si\/?s={search_term_string}"},"query-input":{"@type":"PropertyValueSpecification","valueRequired":true,"valueName":"search_term_string"}}],"inLanguage":"en-GB"},{"@type":"Organization","@id":"https:\/\/kajakaskaoprema.si\/#organization","name":"Kajaka\u0161ka Oprema","url":"https:\/\/kajakaskaoprema.si\/","logo":{"@type":"ImageObject","inLanguage":"en-GB","@id":"https:\/\/kajakaskaoprema.si\/#\/schema\/logo\/image\/","url":"https:\/\/kajakaskaoprema.si\/wp-content\/uploads\/2022\/12\/Logo_Kajakaska-Oprema.png","contentUrl":"https:\/\/kajakaskaoprema.si\/wp-content\/uploads\/2022\/12\/Logo_Kajakaska-Oprema.png","width":250,"height":69,"caption":"Kajaka\u0161ka Oprema"},"image":{"@id":"https:\/\/kajakaskaoprema.si\/#\/schema\/logo\/image\/"},"sameAs":["https:\/\/www.facebook.com\/profile.php?id=100089048120006","https:\/\/www.instagram.com\/kajakaska_oprema\/?fbclid=IwAR2wP1CpCpqaC63UyJF_RvVrzwwz_bz6YVmg02z_LdA4tZuWdCWYKBih7zQ"]}]}},"_links":{"self":[{"href":"https:\/\/kajakaskaoprema.si\/en\/wp-json\/wp\/v2\/product\/6096","targetHints":{"allow":["GET"]}}],"collection":[{"href":"https:\/\/kajakaskaoprema.si\/en\/wp-json\/wp\/v2\/product"}],"about":[{"href":"https:\/\/kajakaskaoprema.si\/en\/wp-json\/wp\/v2\/types\/product"}],"replies":[{"embeddable":true,"href":"https:\/\/kajakaskaoprema.si\/en\/wp-json\/wp\/v2\/comments?post=6096"}],"wp:featuredmedia":[{"embeddable":true,"href":"https:\/\/kajakaskaoprema.si\/en\/wp-json\/wp\/v2\/media\/5817"}],"wp:attachment":[{"href":"https:\/\/kajakaskaoprema.si\/en\/wp-json\/wp\/v2\/media?parent=6096"}],"wp:term":[{"taxonomy":"product_brand","embeddable":true,"href":"https:\/\/kajakaskaoprema.si\/en\/wp-json\/wp\/v2\/product_brand?post=6096"},{"taxonomy":"product_cat","embeddable":true,"href":"https:\/\/kajakaskaoprema.si\/en\/wp-json\/wp\/v2\/product_cat?post=6096"},{"taxonomy":"product_tag","embeddable":true,"href":"https:\/\/kajakaskaoprema.si\/en\/wp-json\/wp\/v2\/product_tag?post=6096"}],"curies":[{"name":"wp","href":"https:\/\/api.w.org\/{rel}","templated":true}]}}