{"id":11653,"date":"2025-11-12T08:35:08","date_gmt":"2025-11-12T07:35:08","guid":{"rendered":"https:\/\/kajakaskaoprema.si\/?post_type=product&#038;p=11653"},"modified":"2025-11-18T08:53:37","modified_gmt":"2025-11-18T07:53:37","slug":"krovnica-hiko-sensei-87","status":"publish","type":"product","link":"https:\/\/kajakaskaoprema.si\/en\/trgovina\/krovnice-za-kajak\/krovnica-hiko-sensei-87\/","title":{"rendered":"Spraydeck HIKO SENSEI 87"},"content":{"rendered":"<h1>Spraydeck HIKO SENSEI 87<\/h1>\n<p>Krovnica HIKO Sensei 87 je za tiste, ki pogosto na novo definirajo linije na reki, ki jih ve\u010dina od nas sploh ne vidi. Pozabite na premikanje meja; \u017ee samo sledenje tem mejam postane zelo prera\u010dunljivo zaradi samega tveganja, ki so ga ekspremni kajaka\u0161i pripravljeni prevzeti. To\u010dno tako smo se lotili oblikovanja krovnice za kajak na divjih vodah &#8211; Sensei. S skrbnim opazovanjem in u\u010denjem smo izpilili vsako podrobnost te krovnice, da bi ustvarili popolno vez med vami in va\u0161im kajakom.<\/p>\n<h2>Features<\/h2>\n<ul>\n<li>Optimized rand design provides the perfect equilibrium of stretch and hold. Its hollow core reduces weight and provides enough flexibility to an otherwise very durable and UV resistant EPDM rubber profile.<\/li>\n<li>StoneBase 4.0 Delta e.prene on the periphery of the skirts serves as an abrasion-resistant barrier. Delta foam is stiffer to support the durability of the Stone nylon laminated on top.<\/li>\n<li>To enhance the durability of the edges of the skirt even further, we use a special coating called Tedate, named after the shields of the ancient Japanese warriors. The coating makes that part of the skirt virtually indestructible.<\/li>\n<li>The center of the skirt is made from DuraBase 4.0 Alpha. The Dura nylon is also abrasion-resistant, but it maintains more stretch thanks to its unique construction. Alpha foam has a higher stretch that further enhances the ability of the skirt to absorb a massive amount of impact on both explosion and implosion.<\/li>\n<li>Silicon coating is applied on the bottom of the skirt to support the rand in the critical straight flat sections of the cockpit.<\/li>\n<li>The bright yellow loop is reinforced with tubing for better grip, and the reinforced T-bar won\u2019t let your hand slip when you need to get out.<\/li>\n<li>The soft and stretchy neoprene waist tunnel allows you to breathe freely. It is finished with a conical strip with a smooth skin on the inside to keep the tunnel in place.<\/li>\n<\/ul>\n<p>&nbsp;<\/p>\n<h2>REVIEW<\/h2>\n<ul>\n<li><iframe loading=\"lazy\" title=\"Hiko | Sensei | Equipment | P2S2025\" width=\"1080\" height=\"608\" src=\"https:\/\/www.youtube.com\/embed\/ek9rm6pq2j0?feature=oembed\"  allow=\"accelerometer; autoplay; clipboard-write; encrypted-media; gyroscope; picture-in-picture; web-share\" referrerpolicy=\"strict-origin-when-cross-origin\" allowfullscreen><\/iframe><\/li>\n<\/ul>","protected":false},"excerpt":{"rendered":"<p>Krovnica HIKO SENSEI 87 Krovnica HIKO Sensei 87 je za tiste, ki pogosto na novo definirajo linije na reki, ki jih ve\u010dina od nas sploh ne vidi. Pozabite na premikanje meja; \u017ee samo sledenje tem mejam postane zelo prera\u010dunljivo zaradi samega tveganja, ki so ga ekspremni kajaka\u0161i pripravljeni prevzeti. To\u010dno tako smo se lotili oblikovanja [&hellip;]<\/p>\n","protected":false},"featured_media":11747,"comment_status":"open","ping_status":"closed","template":"","meta":{"_et_pb_use_builder":"","_et_pb_old_content":"","_et_gb_content_width":""},"product_brand":[],"product_cat":[200],"product_tag":[],"class_list":{"0":"post-11653","1":"product","2":"type-product","3":"status-publish","4":"has-post-thumbnail","6":"product_cat-krovnice-za-kajak","7":"pa_velikost-s","8":"pa_velikost-m","9":"pa_velikost-l","10":"pa_velikost-xl","12":"first","13":"instock","14":"featured","15":"shipping-taxable","16":"purchasable","17":"product-type-variable"},"yoast_head":"<!-- This site is optimized with the Yoast SEO plugin v27.0 - https:\/\/yoast.com\/product\/yoast-seo-wordpress\/ -->\n<title>Krovnica HIKO SENSEI 87 | Kajaka\u0161ka Oprema<\/title>\n<meta name=\"description\" content=\"Krovnica HIKO Sensei 87, za tiste, ki pogosto na novo definirajo linije na reki, ki jih ve\u010dina od nas sploh ne vidi.\" \/>\n<meta name=\"robots\" content=\"index, follow, max-snippet:-1, max-image-preview:large, max-video-preview:-1\" \/>\n<link rel=\"canonical\" href=\"https:\/\/kajakaskaoprema.si\/en\/trgovina\/krovnice-za-kajak\/krovnica-hiko-sensei-87\/\" \/>\n<meta property=\"og:locale\" content=\"en_GB\" \/>\n<meta property=\"og:type\" content=\"article\" \/>\n<meta property=\"og:title\" content=\"Krovnica HIKO SENSEI 87 | Kajaka\u0161ka Oprema\" \/>\n<meta property=\"og:description\" content=\"Krovnica HIKO Sensei 87, za tiste, ki pogosto na novo definirajo linije na reki, ki jih ve\u010dina od nas sploh ne vidi.\" \/>\n<meta property=\"og:url\" content=\"https:\/\/kajakaskaoprema.si\/en\/trgovina\/krovnice-za-kajak\/krovnica-hiko-sensei-87\/\" \/>\n<meta property=\"og:site_name\" content=\"Kajaka\u0161ka Oprema\" \/>\n<meta property=\"article:publisher\" content=\"https:\/\/www.facebook.com\/profile.php?id=100089048120006\" \/>\n<meta property=\"article:modified_time\" content=\"2025-11-18T07:53:37+00:00\" \/>\n<meta property=\"og:image\" content=\"https:\/\/kajakaskaoprema.si\/wp-content\/uploads\/2025\/11\/guardian-5-2.webp\" \/>\n\t<meta property=\"og:image:width\" content=\"2500\" \/>\n\t<meta property=\"og:image:height\" content=\"2500\" \/>\n\t<meta property=\"og:image:type\" content=\"image\/webp\" \/>\n<meta name=\"twitter:card\" content=\"summary_large_image\" \/>\n<meta name=\"twitter:label1\" content=\"Estimated reading time\" \/>\n\t<meta name=\"twitter:data1\" content=\"2 minutes\" \/>\n<!-- \/ Yoast SEO plugin. -->","yoast_head_json":{"title":"Krovnica HIKO SENSEI 87 | Kajaka\u0161ka Oprema","description":"Krovnica HIKO Sensei 87, za tiste, ki pogosto na novo definirajo linije na reki, ki jih ve\u010dina od nas sploh ne vidi.","robots":{"index":"index","follow":"follow","max-snippet":"max-snippet:-1","max-image-preview":"max-image-preview:large","max-video-preview":"max-video-preview:-1"},"canonical":"https:\/\/kajakaskaoprema.si\/en\/trgovina\/krovnice-za-kajak\/krovnica-hiko-sensei-87\/","og_locale":"en_GB","og_type":"article","og_title":"Krovnica HIKO SENSEI 87 | Kajaka\u0161ka Oprema","og_description":"Krovnica HIKO Sensei 87, za tiste, ki pogosto na novo definirajo linije na reki, ki jih ve\u010dina od nas sploh ne vidi.","og_url":"https:\/\/kajakaskaoprema.si\/en\/trgovina\/krovnice-za-kajak\/krovnica-hiko-sensei-87\/","og_site_name":"Kajaka\u0161ka Oprema","article_publisher":"https:\/\/www.facebook.com\/profile.php?id=100089048120006","article_modified_time":"2025-11-18T07:53:37+00:00","og_image":[{"width":2500,"height":2500,"url":"https:\/\/kajakaskaoprema.si\/wp-content\/uploads\/2025\/11\/guardian-5-2.webp","type":"image\/webp"}],"twitter_card":"summary_large_image","twitter_misc":{"Estimated reading time":"2 minutes"},"schema":{"@context":"https:\/\/schema.org","@graph":[{"@type":["WebPage","ItemPage"],"@id":"https:\/\/kajakaskaoprema.si\/trgovina\/krovnice-za-kajak\/krovnica-hiko-sensei-87\/","url":"https:\/\/kajakaskaoprema.si\/trgovina\/krovnice-za-kajak\/krovnica-hiko-sensei-87\/","name":"Krovnica HIKO SENSEI 87 | Kajaka\u0161ka Oprema","isPartOf":{"@id":"https:\/\/kajakaskaoprema.si\/#website"},"primaryImageOfPage":{"@id":"https:\/\/kajakaskaoprema.si\/trgovina\/krovnice-za-kajak\/krovnica-hiko-sensei-87\/#primaryimage"},"image":{"@id":"https:\/\/kajakaskaoprema.si\/trgovina\/krovnice-za-kajak\/krovnica-hiko-sensei-87\/#primaryimage"},"thumbnailUrl":"https:\/\/kajakaskaoprema.si\/wp-content\/uploads\/2025\/11\/guardian-5-2.webp","datePublished":"2025-11-12T07:35:08+00:00","dateModified":"2025-11-18T07:53:37+00:00","description":"Krovnica HIKO Sensei 87, za tiste, ki pogosto na novo definirajo linije na reki, ki jih ve\u010dina od nas sploh ne vidi.","breadcrumb":{"@id":"https:\/\/kajakaskaoprema.si\/trgovina\/krovnice-za-kajak\/krovnica-hiko-sensei-87\/#breadcrumb"},"inLanguage":"en-GB","potentialAction":[{"@type":"ReadAction","target":["https:\/\/kajakaskaoprema.si\/trgovina\/krovnice-za-kajak\/krovnica-hiko-sensei-87\/"]}]},{"@type":"ImageObject","inLanguage":"en-GB","@id":"https:\/\/kajakaskaoprema.si\/trgovina\/krovnice-za-kajak\/krovnica-hiko-sensei-87\/#primaryimage","url":"https:\/\/kajakaskaoprema.si\/wp-content\/uploads\/2025\/11\/guardian-5-2.webp","contentUrl":"https:\/\/kajakaskaoprema.si\/wp-content\/uploads\/2025\/11\/guardian-5-2.webp","width":1600,"height":1600,"caption":"HIKO SENSEI neoprene spraydeck for whitewater and creek kayaking"},{"@type":"BreadcrumbList","@id":"https:\/\/kajakaskaoprema.si\/trgovina\/krovnice-za-kajak\/krovnica-hiko-sensei-87\/#breadcrumb","itemListElement":[{"@type":"ListItem","position":1,"name":"Domov","item":"https:\/\/kajakaskaoprema.si\/"},{"@type":"ListItem","position":2,"name":"Trgovina","item":"https:\/\/kajakaskaoprema.si\/trgovina\/"},{"@type":"ListItem","position":3,"name":"Krovnice za kajak","item":"https:\/\/kajakaskaoprema.si\/kolekcije\/krovnice-za-kajak\/"},{"@type":"ListItem","position":4,"name":"Krovnica HIKO SENSEI 87"}]},{"@type":"WebSite","@id":"https:\/\/kajakaskaoprema.si\/#website","url":"https:\/\/kajakaskaoprema.si\/","name":"Kajaka\u0161ka Oprema","description":"Spletna trgovina s kajaka\u0161ko opremo svetovno priznanih znamk. Idealno za vse ljubitelje adrenalina in vodnih \u0161portov.","publisher":{"@id":"https:\/\/kajakaskaoprema.si\/#organization"},"potentialAction":[{"@type":"SearchAction","target":{"@type":"EntryPoint","urlTemplate":"https:\/\/kajakaskaoprema.si\/?s={search_term_string}"},"query-input":{"@type":"PropertyValueSpecification","valueRequired":true,"valueName":"search_term_string"}}],"inLanguage":"en-GB"},{"@type":"Organization","@id":"https:\/\/kajakaskaoprema.si\/#organization","name":"Kajaka\u0161ka Oprema","url":"https:\/\/kajakaskaoprema.si\/","logo":{"@type":"ImageObject","inLanguage":"en-GB","@id":"https:\/\/kajakaskaoprema.si\/#\/schema\/logo\/image\/","url":"https:\/\/kajakaskaoprema.si\/wp-content\/uploads\/2022\/12\/Logo_Kajakaska-Oprema.png","contentUrl":"https:\/\/kajakaskaoprema.si\/wp-content\/uploads\/2022\/12\/Logo_Kajakaska-Oprema.png","width":250,"height":69,"caption":"Kajaka\u0161ka Oprema"},"image":{"@id":"https:\/\/kajakaskaoprema.si\/#\/schema\/logo\/image\/"},"sameAs":["https:\/\/www.facebook.com\/profile.php?id=100089048120006","https:\/\/www.instagram.com\/kajakaska_oprema\/?fbclid=IwAR2wP1CpCpqaC63UyJF_RvVrzwwz_bz6YVmg02z_LdA4tZuWdCWYKBih7zQ"]}]}},"_links":{"self":[{"href":"https:\/\/kajakaskaoprema.si\/en\/wp-json\/wp\/v2\/product\/11653","targetHints":{"allow":["GET"]}}],"collection":[{"href":"https:\/\/kajakaskaoprema.si\/en\/wp-json\/wp\/v2\/product"}],"about":[{"href":"https:\/\/kajakaskaoprema.si\/en\/wp-json\/wp\/v2\/types\/product"}],"replies":[{"embeddable":true,"href":"https:\/\/kajakaskaoprema.si\/en\/wp-json\/wp\/v2\/comments?post=11653"}],"wp:featuredmedia":[{"embeddable":true,"href":"https:\/\/kajakaskaoprema.si\/en\/wp-json\/wp\/v2\/media\/11747"}],"wp:attachment":[{"href":"https:\/\/kajakaskaoprema.si\/en\/wp-json\/wp\/v2\/media?parent=11653"}],"wp:term":[{"taxonomy":"product_brand","embeddable":true,"href":"https:\/\/kajakaskaoprema.si\/en\/wp-json\/wp\/v2\/product_brand?post=11653"},{"taxonomy":"product_cat","embeddable":true,"href":"https:\/\/kajakaskaoprema.si\/en\/wp-json\/wp\/v2\/product_cat?post=11653"},{"taxonomy":"product_tag","embeddable":true,"href":"https:\/\/kajakaskaoprema.si\/en\/wp-json\/wp\/v2\/product_tag?post=11653"}],"curies":[{"name":"wp","href":"https:\/\/api.w.org\/{rel}","templated":true}]}}