{"id":11084,"date":"2025-03-24T19:41:23","date_gmt":"2025-03-24T18:41:23","guid":{"rendered":"https:\/\/kajakaskaoprema.si\/?post_type=product&#038;p=11084"},"modified":"2025-03-24T19:42:09","modified_gmt":"2025-03-24T18:42:09","slug":"rokavice-plugs-4-0","status":"publish","type":"product","link":"https:\/\/kajakaskaoprema.si\/en\/trgovina\/rokavice\/rokavice-plugs-4-0\/","title":{"rendered":"ROKAVICE PLUGS 4.0"},"content":{"rendered":"<p>ROKAVICE PLUGS 4.0<\/p>\n<p>PLUGS 4.0 neoprenske rokavice so idealne za veslanje v hladnem vremenu. Narejene so iz 4 mm e.prene materiala in so del na\u0161e linije Material Free, saj so izdelani iz recikliranih materialov Prodigy sprayskirt, da bi zmanj\u0161ali odpadke in okoljski vpliv. Ponujajo odli\u010dno izolacijo, hkrati pa omogo\u010dajo direkten stik s padenjem za optimalen nadzor. Neoprenasti pe\u010dat prepre\u010duje vstop vode in omogo\u010da enostaven vstop z eno roko. Sponke na gumbih dr\u017eijo par skupaj za enostavno shranjevanje brez te\u017eav. Ostanite topli in veslajte s pomenom z uporabo teh ekolo\u0161kih pogijev.<\/p>","protected":false},"excerpt":{"rendered":"<p>ROKAVICE PLUGS 4.0 PLUGS 4.0 neoprenske rokavice so idealne za veslanje v hladnem vremenu. Narejene so iz 4 mm e.prene materiala in so del na\u0161e linije Material Free, saj so izdelani iz recikliranih materialov Prodigy sprayskirt, da bi zmanj\u0161ali odpadke in okoljski vpliv. Ponujajo odli\u010dno izolacijo, hkrati pa omogo\u010dajo direkten stik s padenjem za optimalen [&hellip;]<\/p>\n","protected":false},"featured_media":11089,"comment_status":"open","ping_status":"closed","template":"","meta":{"_et_pb_use_builder":"","_et_pb_old_content":"","_et_gb_content_width":""},"product_brand":[],"product_cat":[15],"product_tag":[],"class_list":{"0":"post-11084","1":"product","2":"type-product","3":"status-publish","4":"has-post-thumbnail","6":"product_cat-rokavice","7":"pa_velikost-s-m","8":"pa_velikost-l-xl","10":"first","11":"instock","12":"shipping-taxable","13":"purchasable","14":"product-type-variable"},"yoast_head":"<!-- This site is optimized with the Yoast SEO plugin v27.0 - https:\/\/yoast.com\/product\/yoast-seo-wordpress\/ -->\n<title>ROKAVICE PLUGS 4.0 | Kajaka\u0161ka Oprema<\/title>\n<meta name=\"description\" content=\"ROKAVICE PLUGS 4.0 PLUGS 4.0 neoprenske rokavice so idealne za veslanje v hladnem vremenu. Narejene so iz 4 mm e.prene materiala in so del na\u0161e linije\" \/>\n<meta name=\"robots\" content=\"index, follow, max-snippet:-1, max-image-preview:large, max-video-preview:-1\" \/>\n<link rel=\"canonical\" href=\"https:\/\/kajakaskaoprema.si\/en\/trgovina\/rokavice\/rokavice-plugs-4-0\/\" \/>\n<meta property=\"og:locale\" content=\"en_GB\" \/>\n<meta property=\"og:type\" content=\"article\" \/>\n<meta property=\"og:title\" content=\"ROKAVICE PLUGS 4.0 | Kajaka\u0161ka Oprema\" \/>\n<meta property=\"og:description\" content=\"ROKAVICE PLUGS 4.0 PLUGS 4.0 neoprenske rokavice so idealne za veslanje v hladnem vremenu. Narejene so iz 4 mm e.prene materiala in so del na\u0161e linije\" \/>\n<meta property=\"og:url\" content=\"https:\/\/kajakaskaoprema.si\/en\/trgovina\/rokavice\/rokavice-plugs-4-0\/\" \/>\n<meta property=\"og:site_name\" content=\"Kajaka\u0161ka Oprema\" \/>\n<meta property=\"article:publisher\" content=\"https:\/\/www.facebook.com\/profile.php?id=100089048120006\" \/>\n<meta property=\"article:modified_time\" content=\"2025-03-24T18:42:09+00:00\" \/>\n<meta property=\"og:image\" content=\"https:\/\/kajakaskaoprema.si\/wp-content\/uploads\/2025\/03\/plugs-.webp\" \/>\n\t<meta property=\"og:image:width\" content=\"1000\" \/>\n\t<meta property=\"og:image:height\" content=\"1000\" \/>\n\t<meta property=\"og:image:type\" content=\"image\/webp\" \/>\n<meta name=\"twitter:card\" content=\"summary_large_image\" \/>\n<meta name=\"twitter:label1\" content=\"Estimated reading time\" \/>\n\t<meta name=\"twitter:data1\" content=\"1 minute\" \/>\n<!-- \/ Yoast SEO plugin. -->","yoast_head_json":{"title":"ROKAVICE PLUGS 4.0 | Kajaka\u0161ka Oprema","description":"ROKAVICE PLUGS 4.0 PLUGS 4.0 neoprenske rokavice so idealne za veslanje v hladnem vremenu. Narejene so iz 4 mm e.prene materiala in so del na\u0161e linije","robots":{"index":"index","follow":"follow","max-snippet":"max-snippet:-1","max-image-preview":"max-image-preview:large","max-video-preview":"max-video-preview:-1"},"canonical":"https:\/\/kajakaskaoprema.si\/en\/trgovina\/rokavice\/rokavice-plugs-4-0\/","og_locale":"en_GB","og_type":"article","og_title":"ROKAVICE PLUGS 4.0 | Kajaka\u0161ka Oprema","og_description":"ROKAVICE PLUGS 4.0 PLUGS 4.0 neoprenske rokavice so idealne za veslanje v hladnem vremenu. Narejene so iz 4 mm e.prene materiala in so del na\u0161e linije","og_url":"https:\/\/kajakaskaoprema.si\/en\/trgovina\/rokavice\/rokavice-plugs-4-0\/","og_site_name":"Kajaka\u0161ka Oprema","article_publisher":"https:\/\/www.facebook.com\/profile.php?id=100089048120006","article_modified_time":"2025-03-24T18:42:09+00:00","og_image":[{"width":1000,"height":1000,"url":"https:\/\/kajakaskaoprema.si\/wp-content\/uploads\/2025\/03\/plugs-.webp","type":"image\/webp"}],"twitter_card":"summary_large_image","twitter_misc":{"Estimated reading time":"1 minute"},"schema":{"@context":"https:\/\/schema.org","@graph":[{"@type":["WebPage","ItemPage"],"@id":"https:\/\/kajakaskaoprema.si\/trgovina\/rokavice\/rokavice-plugs-4-0\/","url":"https:\/\/kajakaskaoprema.si\/trgovina\/rokavice\/rokavice-plugs-4-0\/","name":"ROKAVICE PLUGS 4.0 | Kajaka\u0161ka Oprema","isPartOf":{"@id":"https:\/\/kajakaskaoprema.si\/#website"},"primaryImageOfPage":{"@id":"https:\/\/kajakaskaoprema.si\/trgovina\/rokavice\/rokavice-plugs-4-0\/#primaryimage"},"image":{"@id":"https:\/\/kajakaskaoprema.si\/trgovina\/rokavice\/rokavice-plugs-4-0\/#primaryimage"},"thumbnailUrl":"https:\/\/kajakaskaoprema.si\/wp-content\/uploads\/2025\/03\/plugs-.webp","datePublished":"2025-03-24T18:41:23+00:00","dateModified":"2025-03-24T18:42:09+00:00","description":"ROKAVICE PLUGS 4.0 PLUGS 4.0 neoprenske rokavice so idealne za veslanje v hladnem vremenu. Narejene so iz 4 mm e.prene materiala in so del na\u0161e linije","breadcrumb":{"@id":"https:\/\/kajakaskaoprema.si\/trgovina\/rokavice\/rokavice-plugs-4-0\/#breadcrumb"},"inLanguage":"en-GB","potentialAction":[{"@type":"ReadAction","target":["https:\/\/kajakaskaoprema.si\/trgovina\/rokavice\/rokavice-plugs-4-0\/"]}]},{"@type":"ImageObject","inLanguage":"en-GB","@id":"https:\/\/kajakaskaoprema.si\/trgovina\/rokavice\/rokavice-plugs-4-0\/#primaryimage","url":"https:\/\/kajakaskaoprema.si\/wp-content\/uploads\/2025\/03\/plugs-.webp","contentUrl":"https:\/\/kajakaskaoprema.si\/wp-content\/uploads\/2025\/03\/plugs-.webp","width":1000,"height":1000},{"@type":"BreadcrumbList","@id":"https:\/\/kajakaskaoprema.si\/trgovina\/rokavice\/rokavice-plugs-4-0\/#breadcrumb","itemListElement":[{"@type":"ListItem","position":1,"name":"Domov","item":"https:\/\/kajakaskaoprema.si\/"},{"@type":"ListItem","position":2,"name":"Trgovina","item":"https:\/\/kajakaskaoprema.si\/trgovina\/"},{"@type":"ListItem","position":3,"name":"Rokavice","item":"https:\/\/kajakaskaoprema.si\/kolekcije\/rokavice\/"},{"@type":"ListItem","position":4,"name":"ROKAVICE PLUGS 4.0"}]},{"@type":"WebSite","@id":"https:\/\/kajakaskaoprema.si\/#website","url":"https:\/\/kajakaskaoprema.si\/","name":"Kajaka\u0161ka Oprema","description":"Spletna trgovina s kajaka\u0161ko opremo svetovno priznanih znamk. Idealno za vse ljubitelje adrenalina in vodnih \u0161portov.","publisher":{"@id":"https:\/\/kajakaskaoprema.si\/#organization"},"potentialAction":[{"@type":"SearchAction","target":{"@type":"EntryPoint","urlTemplate":"https:\/\/kajakaskaoprema.si\/?s={search_term_string}"},"query-input":{"@type":"PropertyValueSpecification","valueRequired":true,"valueName":"search_term_string"}}],"inLanguage":"en-GB"},{"@type":"Organization","@id":"https:\/\/kajakaskaoprema.si\/#organization","name":"Kajaka\u0161ka Oprema","url":"https:\/\/kajakaskaoprema.si\/","logo":{"@type":"ImageObject","inLanguage":"en-GB","@id":"https:\/\/kajakaskaoprema.si\/#\/schema\/logo\/image\/","url":"https:\/\/kajakaskaoprema.si\/wp-content\/uploads\/2022\/12\/Logo_Kajakaska-Oprema.png","contentUrl":"https:\/\/kajakaskaoprema.si\/wp-content\/uploads\/2022\/12\/Logo_Kajakaska-Oprema.png","width":250,"height":69,"caption":"Kajaka\u0161ka Oprema"},"image":{"@id":"https:\/\/kajakaskaoprema.si\/#\/schema\/logo\/image\/"},"sameAs":["https:\/\/www.facebook.com\/profile.php?id=100089048120006","https:\/\/www.instagram.com\/kajakaska_oprema\/?fbclid=IwAR2wP1CpCpqaC63UyJF_RvVrzwwz_bz6YVmg02z_LdA4tZuWdCWYKBih7zQ"]}]}},"_links":{"self":[{"href":"https:\/\/kajakaskaoprema.si\/en\/wp-json\/wp\/v2\/product\/11084","targetHints":{"allow":["GET"]}}],"collection":[{"href":"https:\/\/kajakaskaoprema.si\/en\/wp-json\/wp\/v2\/product"}],"about":[{"href":"https:\/\/kajakaskaoprema.si\/en\/wp-json\/wp\/v2\/types\/product"}],"replies":[{"embeddable":true,"href":"https:\/\/kajakaskaoprema.si\/en\/wp-json\/wp\/v2\/comments?post=11084"}],"wp:featuredmedia":[{"embeddable":true,"href":"https:\/\/kajakaskaoprema.si\/en\/wp-json\/wp\/v2\/media\/11089"}],"wp:attachment":[{"href":"https:\/\/kajakaskaoprema.si\/en\/wp-json\/wp\/v2\/media?parent=11084"}],"wp:term":[{"taxonomy":"product_brand","embeddable":true,"href":"https:\/\/kajakaskaoprema.si\/en\/wp-json\/wp\/v2\/product_brand?post=11084"},{"taxonomy":"product_cat","embeddable":true,"href":"https:\/\/kajakaskaoprema.si\/en\/wp-json\/wp\/v2\/product_cat?post=11084"},{"taxonomy":"product_tag","embeddable":true,"href":"https:\/\/kajakaskaoprema.si\/en\/wp-json\/wp\/v2\/product_tag?post=11084"}],"curies":[{"name":"wp","href":"https:\/\/api.w.org\/{rel}","templated":true}]}}