{"id":11052,"date":"2025-03-24T19:02:10","date_gmt":"2025-03-24T18:02:10","guid":{"rendered":"https:\/\/kajakaskaoprema.si\/?post_type=product&#038;p=11052"},"modified":"2026-04-11T10:42:41","modified_gmt":"2026-04-11T08:42:41","slug":"resilni-jopic-hiko-player-pfd","status":"publish","type":"product","link":"https:\/\/kajakaskaoprema.si\/en\/trgovina\/resilni-jopici\/resilni-jopic-hiko-player-pfd\/","title":{"rendered":"RE\u0160ILNI JOPI\u010c HIKO PLAYER PFD"},"content":{"rendered":"<h1 data-start=\"325\" data-end=\"360\"><strong data-start=\"327\" data-end=\"360\">Re\u0161ilni jopi\u010d HIKO Player PFD<\/strong><\/h1>\n<p data-start=\"362\" data-end=\"780\">Re\u0161ilni jopi\u010d HIKO Player PFD je zasnovan tako, da se lahko v celoti posveti\u0161 vodi \u2014 ne jopi\u010du. Prvotno ustvarjen za za\u010detnike, je zaradi svoje izjemne lahkotnosti, udobja in naravne gibljivosti hitro postal priljubljen tudi med izku\u0161enimi kajaka\u0161i. Ergonomska 3D konstrukcija in PVC-free PE pena zagotavljata nizko te\u017eo, zanesljivo plovnost in hitro su\u0161enje, kar ga naredi idealnega za dolgotrajne aktivnosti na vodi.<\/p>\n<p data-start=\"782\" data-end=\"1119\">Stranski vstop z dvema voja\u0161ko trpe\u017enima zaponkama omogo\u010da hitro obla\u010denje, nizkoprofilna oblika pa ohranja stabilno ravnote\u017eje v kajaku. Zaradi barvno ozna\u010denih velikosti in vodoodbojnih trakov je PFD izjemno prakti\u010den, vzdr\u017eljiv in primeren tudi za manj\u0161e ali \u017eenske postave, ki potrebujejo dobro prileganje in udobno kajaka\u0161ko opremo.<\/p>\n<h2 data-start=\"1126\" data-end=\"1176\"><strong data-start=\"1129\" data-end=\"1176\">Lastnosti re\u0161ilnega jopi\u010da HIKO Player PFD:<\/strong><\/h2>\n<ul data-start=\"1178\" data-end=\"1659\">\n<li data-start=\"1178\" data-end=\"1242\">\n<p data-start=\"1180\" data-end=\"1242\">Izjemno lahek PFD, ki omogo\u010da naravno gibanje med veslanjem.<\/p>\n<\/li>\n<li data-start=\"1243\" data-end=\"1317\">\n<p data-start=\"1245\" data-end=\"1317\">Ergonomi\u010dna 3D konstrukcija iz PVC-free PE pene za udobje in plovnost.<\/p>\n<\/li>\n<li data-start=\"1318\" data-end=\"1370\">\n<p data-start=\"1320\" data-end=\"1370\">Hitro su\u0161e\u010d material, trpe\u017een in 100 % brez PVC.<\/p>\n<\/li>\n<li data-start=\"1371\" data-end=\"1449\">\n<p data-start=\"1373\" data-end=\"1449\">Stranski vstop z dvema voja\u0161ko trpe\u017enima zaponkama za enostavno obla\u010denje.<\/p>\n<\/li>\n<li data-start=\"1450\" data-end=\"1518\">\n<p data-start=\"1452\" data-end=\"1518\">Nizkoprofilna zasnova za stabilnost in svobodo gibanja v kajaku.<\/p>\n<\/li>\n<li data-start=\"1519\" data-end=\"1565\">\n<p data-start=\"1521\" data-end=\"1565\">Barvno ozna\u010dene velikosti za la\u017ejo izbiro.<\/p>\n<\/li>\n<li data-start=\"1566\" data-end=\"1659\">\n<p data-start=\"1568\" data-end=\"1659\">Vodoodbojni in mehki trakovi iz polipropilena za ve\u010dje udobje in dalj\u0161o \u017eivljenjsko dobo.<\/p>\n<\/li>\n<\/ul>\n<h2 data-start=\"1666\" data-end=\"1690\"><strong data-start=\"1669\" data-end=\"1690\">Komu je namenjen?<\/strong><\/h2>\n<p data-start=\"1692\" data-end=\"1743\">Re\u0161ilni jopi\u010d HIKO Player PFD je odli\u010dna izbira za:<\/p>\n<ul data-start=\"1745\" data-end=\"2050\">\n<li data-start=\"1745\" data-end=\"1779\">\n<p data-start=\"1747\" data-end=\"1779\">za\u010detnike in izku\u0161ene kajaka\u0161e<\/p>\n<\/li>\n<li data-start=\"1780\" data-end=\"1844\">\n<p data-start=\"1782\" data-end=\"1844\">kajak na divjih vodah, spust, slalom in rekreativno veslanje<\/p>\n<\/li>\n<li data-start=\"1845\" data-end=\"1878\">\n<p data-start=\"1847\" data-end=\"1878\">rafting in druge vodne \u0161porte<\/p>\n<\/li>\n<li data-start=\"1879\" data-end=\"1930\">\n<p data-start=\"1881\" data-end=\"1930\">SUP veslanje, re\u010dne ture in jezerske aktivnosti<\/p>\n<\/li>\n<li data-start=\"1931\" data-end=\"1992\">\n<p data-start=\"1933\" data-end=\"1992\">\u017eenske in manj\u0161e vesla\u010de, ki potrebujejo dobro prileganje<\/p>\n<\/li>\n<li data-start=\"1993\" data-end=\"2050\">\n<p data-start=\"1995\" data-end=\"2050\">klube, outdoor centre in za\u010detni\u0161ke programe veslanja<\/p>\n<\/li>\n<\/ul>\n<h2 data-start=\"2057\" data-end=\"2081\"><strong data-start=\"2060\" data-end=\"2081\">Notranja povezava<\/strong><\/h2>\n<p data-start=\"2083\" data-end=\"2214\">Oglejte si tudi na\u0161o celotno ponudbo re\u0161ilnih jopi\u010dev TUKAJ:<br data-start=\"2143\" data-end=\"2146\" \/><a class=\"decorated-link cursor-pointer\" target=\"_new\" rel=\"noopener\" data-start=\"2146\" data-end=\"2214\">https:\/\/kajakaskaoprema.si\/kategorija-izdelka\/oprema\/resilni-jopici\/<\/a><\/p>","protected":false},"excerpt":{"rendered":"<p>Lahek re\u0161ilni jopi\u010d HIKO Player PFD z 3D ergonomijo, PVC-free PE peno in stranskim vstopom. Udoben, hitro su\u0161e\u010d in popoln za kajak, veslanje in vodne \u0161porte.<\/p>","protected":false},"featured_media":11057,"comment_status":"open","ping_status":"closed","template":"","meta":{"_et_pb_use_builder":"","_et_pb_old_content":"","_et_gb_content_width":""},"product_brand":[],"product_cat":[198],"product_tag":[],"class_list":{"0":"post-11052","1":"product","2":"type-product","3":"status-publish","4":"has-post-thumbnail","6":"product_cat-resilni-jopici","7":"pa_barva-crna","8":"pa_barva-rdeca","9":"pa_barva-rumena","10":"pa_velikost-xs","11":"pa_velikost-s-m","12":"pa_velikost-l-xl","13":"pa_velikost-xxl","15":"first","16":"instock","17":"featured","18":"shipping-taxable","19":"purchasable","20":"product-type-variable"},"yoast_head":"<!-- This site is optimized with the Yoast SEO plugin v27.0 - https:\/\/yoast.com\/product\/yoast-seo-wordpress\/ -->\n<title>RE\u0160ILNI JOPI\u010c HIKO PLAYER PFD | Kajaka\u0161ka Oprema<\/title>\n<meta name=\"description\" content=\"Lahek re\u0161ilni jopi\u010d HIKO Player PFD z 3D ergonomijo, PVC-free PE peno in stranskim vstopom. Udoben, hitro su\u0161e\u010d in popoln za kajak in vodne \u0161porte.\" \/>\n<meta name=\"robots\" content=\"index, follow, max-snippet:-1, max-image-preview:large, max-video-preview:-1\" \/>\n<link rel=\"canonical\" href=\"https:\/\/kajakaskaoprema.si\/en\/trgovina\/resilni-jopici\/resilni-jopic-hiko-player-pfd\/\" \/>\n<meta property=\"og:locale\" content=\"en_GB\" \/>\n<meta property=\"og:type\" content=\"article\" \/>\n<meta property=\"og:title\" content=\"RE\u0160ILNI JOPI\u010c HIKO PLAYER PFD | Kajaka\u0161ka Oprema\" \/>\n<meta property=\"og:description\" content=\"Lahek re\u0161ilni jopi\u010d HIKO Player PFD z 3D ergonomijo, PVC-free PE peno in stranskim vstopom. Udoben, hitro su\u0161e\u010d in popoln za kajak in vodne \u0161porte.\" \/>\n<meta property=\"og:url\" content=\"https:\/\/kajakaskaoprema.si\/en\/trgovina\/resilni-jopici\/resilni-jopic-hiko-player-pfd\/\" \/>\n<meta property=\"og:site_name\" content=\"Kajaka\u0161ka Oprema\" \/>\n<meta property=\"article:publisher\" content=\"https:\/\/www.facebook.com\/profile.php?id=100089048120006\" \/>\n<meta property=\"article:modified_time\" content=\"2026-04-11T08:42:41+00:00\" \/>\n<meta property=\"og:image\" content=\"https:\/\/kajakaskaoprema.si\/wp-content\/uploads\/2025\/03\/player.webp\" \/>\n\t<meta property=\"og:image:width\" content=\"1000\" \/>\n\t<meta property=\"og:image:height\" content=\"1000\" \/>\n\t<meta property=\"og:image:type\" content=\"image\/webp\" \/>\n<meta name=\"twitter:card\" content=\"summary_large_image\" \/>\n<meta name=\"twitter:label1\" content=\"Estimated reading time\" \/>\n\t<meta name=\"twitter:data1\" content=\"2 minutes\" \/>\n<!-- \/ Yoast SEO plugin. -->","yoast_head_json":{"title":"RE\u0160ILNI JOPI\u010c HIKO PLAYER PFD | Kajaka\u0161ka Oprema","description":"Lahek re\u0161ilni jopi\u010d HIKO Player PFD z 3D ergonomijo, PVC-free PE peno in stranskim vstopom. Udoben, hitro su\u0161e\u010d in popoln za kajak in vodne \u0161porte.","robots":{"index":"index","follow":"follow","max-snippet":"max-snippet:-1","max-image-preview":"max-image-preview:large","max-video-preview":"max-video-preview:-1"},"canonical":"https:\/\/kajakaskaoprema.si\/en\/trgovina\/resilni-jopici\/resilni-jopic-hiko-player-pfd\/","og_locale":"en_GB","og_type":"article","og_title":"RE\u0160ILNI JOPI\u010c HIKO PLAYER PFD | Kajaka\u0161ka Oprema","og_description":"Lahek re\u0161ilni jopi\u010d HIKO Player PFD z 3D ergonomijo, PVC-free PE peno in stranskim vstopom. Udoben, hitro su\u0161e\u010d in popoln za kajak in vodne \u0161porte.","og_url":"https:\/\/kajakaskaoprema.si\/en\/trgovina\/resilni-jopici\/resilni-jopic-hiko-player-pfd\/","og_site_name":"Kajaka\u0161ka Oprema","article_publisher":"https:\/\/www.facebook.com\/profile.php?id=100089048120006","article_modified_time":"2026-04-11T08:42:41+00:00","og_image":[{"width":1000,"height":1000,"url":"https:\/\/kajakaskaoprema.si\/wp-content\/uploads\/2025\/03\/player.webp","type":"image\/webp"}],"twitter_card":"summary_large_image","twitter_misc":{"Estimated reading time":"2 minutes"},"schema":{"@context":"https:\/\/schema.org","@graph":[{"@type":["WebPage","ItemPage"],"@id":"https:\/\/kajakaskaoprema.si\/trgovina\/resilni-jopici\/resilni-jopic-hiko-player-pfd\/","url":"https:\/\/kajakaskaoprema.si\/trgovina\/resilni-jopici\/resilni-jopic-hiko-player-pfd\/","name":"RE\u0160ILNI JOPI\u010c HIKO PLAYER PFD | Kajaka\u0161ka Oprema","isPartOf":{"@id":"https:\/\/kajakaskaoprema.si\/#website"},"primaryImageOfPage":{"@id":"https:\/\/kajakaskaoprema.si\/trgovina\/resilni-jopici\/resilni-jopic-hiko-player-pfd\/#primaryimage"},"image":{"@id":"https:\/\/kajakaskaoprema.si\/trgovina\/resilni-jopici\/resilni-jopic-hiko-player-pfd\/#primaryimage"},"thumbnailUrl":"https:\/\/kajakaskaoprema.si\/wp-content\/uploads\/2025\/03\/player.webp","datePublished":"2025-03-24T18:02:10+00:00","dateModified":"2026-04-11T08:42:41+00:00","description":"Lahek re\u0161ilni jopi\u010d HIKO Player PFD z 3D ergonomijo, PVC-free PE peno in stranskim vstopom. Udoben, hitro su\u0161e\u010d in popoln za kajak in vodne \u0161porte.","breadcrumb":{"@id":"https:\/\/kajakaskaoprema.si\/trgovina\/resilni-jopici\/resilni-jopic-hiko-player-pfd\/#breadcrumb"},"inLanguage":"en-GB","potentialAction":[{"@type":"ReadAction","target":["https:\/\/kajakaskaoprema.si\/trgovina\/resilni-jopici\/resilni-jopic-hiko-player-pfd\/"]}]},{"@type":"ImageObject","inLanguage":"en-GB","@id":"https:\/\/kajakaskaoprema.si\/trgovina\/resilni-jopici\/resilni-jopic-hiko-player-pfd\/#primaryimage","url":"https:\/\/kajakaskaoprema.si\/wp-content\/uploads\/2025\/03\/player.webp","contentUrl":"https:\/\/kajakaskaoprema.si\/wp-content\/uploads\/2025\/03\/player.webp","width":1000,"height":1000,"caption":"HIKO Player PFD kayak life jacket \u2013 front view, lightweight PVC-free foam PFD for kayaking and water sports"},{"@type":"BreadcrumbList","@id":"https:\/\/kajakaskaoprema.si\/trgovina\/resilni-jopici\/resilni-jopic-hiko-player-pfd\/#breadcrumb","itemListElement":[{"@type":"ListItem","position":1,"name":"Domov","item":"https:\/\/kajakaskaoprema.si\/"},{"@type":"ListItem","position":2,"name":"Trgovina","item":"https:\/\/kajakaskaoprema.si\/trgovina\/"},{"@type":"ListItem","position":3,"name":"Re\u0161ilni jopi\u010di","item":"https:\/\/kajakaskaoprema.si\/kolekcije\/resilni-jopici\/"},{"@type":"ListItem","position":4,"name":"RE\u0160ILNI JOPI\u010c HIKO PLAYER PFD"}]},{"@type":"WebSite","@id":"https:\/\/kajakaskaoprema.si\/#website","url":"https:\/\/kajakaskaoprema.si\/","name":"Kajaka\u0161ka Oprema","description":"Spletna trgovina s kajaka\u0161ko opremo svetovno priznanih znamk. Idealno za vse ljubitelje adrenalina in vodnih \u0161portov.","publisher":{"@id":"https:\/\/kajakaskaoprema.si\/#organization"},"potentialAction":[{"@type":"SearchAction","target":{"@type":"EntryPoint","urlTemplate":"https:\/\/kajakaskaoprema.si\/?s={search_term_string}"},"query-input":{"@type":"PropertyValueSpecification","valueRequired":true,"valueName":"search_term_string"}}],"inLanguage":"en-GB"},{"@type":"Organization","@id":"https:\/\/kajakaskaoprema.si\/#organization","name":"Kajaka\u0161ka Oprema","url":"https:\/\/kajakaskaoprema.si\/","logo":{"@type":"ImageObject","inLanguage":"en-GB","@id":"https:\/\/kajakaskaoprema.si\/#\/schema\/logo\/image\/","url":"https:\/\/kajakaskaoprema.si\/wp-content\/uploads\/2022\/12\/Logo_Kajakaska-Oprema.png","contentUrl":"https:\/\/kajakaskaoprema.si\/wp-content\/uploads\/2022\/12\/Logo_Kajakaska-Oprema.png","width":250,"height":69,"caption":"Kajaka\u0161ka Oprema"},"image":{"@id":"https:\/\/kajakaskaoprema.si\/#\/schema\/logo\/image\/"},"sameAs":["https:\/\/www.facebook.com\/profile.php?id=100089048120006","https:\/\/www.instagram.com\/kajakaska_oprema\/?fbclid=IwAR2wP1CpCpqaC63UyJF_RvVrzwwz_bz6YVmg02z_LdA4tZuWdCWYKBih7zQ"]}]}},"_links":{"self":[{"href":"https:\/\/kajakaskaoprema.si\/en\/wp-json\/wp\/v2\/product\/11052","targetHints":{"allow":["GET"]}}],"collection":[{"href":"https:\/\/kajakaskaoprema.si\/en\/wp-json\/wp\/v2\/product"}],"about":[{"href":"https:\/\/kajakaskaoprema.si\/en\/wp-json\/wp\/v2\/types\/product"}],"replies":[{"embeddable":true,"href":"https:\/\/kajakaskaoprema.si\/en\/wp-json\/wp\/v2\/comments?post=11052"}],"wp:featuredmedia":[{"embeddable":true,"href":"https:\/\/kajakaskaoprema.si\/en\/wp-json\/wp\/v2\/media\/11057"}],"wp:attachment":[{"href":"https:\/\/kajakaskaoprema.si\/en\/wp-json\/wp\/v2\/media?parent=11052"}],"wp:term":[{"taxonomy":"product_brand","embeddable":true,"href":"https:\/\/kajakaskaoprema.si\/en\/wp-json\/wp\/v2\/product_brand?post=11052"},{"taxonomy":"product_cat","embeddable":true,"href":"https:\/\/kajakaskaoprema.si\/en\/wp-json\/wp\/v2\/product_cat?post=11052"},{"taxonomy":"product_tag","embeddable":true,"href":"https:\/\/kajakaskaoprema.si\/en\/wp-json\/wp\/v2\/product_tag?post=11052"}],"curies":[{"name":"wp","href":"https:\/\/api.w.org\/{rel}","templated":true}]}}