{"id":10911,"date":"2024-11-27T23:24:09","date_gmt":"2024-11-27T22:24:09","guid":{"rendered":"https:\/\/kajakaskaoprema.si\/?post_type=product&#038;p=10911"},"modified":"2025-11-18T08:43:54","modified_gmt":"2025-11-18T07:43:54","slug":"termo-hlace-teddy","status":"publish","type":"product","link":"https:\/\/kajakaskaoprema.si\/en\/trgovina\/hlace\/termo-hlace-teddy\/","title":{"rendered":"Thermo pants hiko Teddy"},"content":{"rendered":"<h1 data-start=\"441\" data-end=\"469\"><strong data-start=\"443\" data-end=\"469\">Termo hla\u010de HIKO Teddy<\/strong><\/h1>\n<p data-start=\"471\" data-end=\"729\"><strong data-start=\"471\" data-end=\"497\">Termo hla\u010de HIKO Teddy<\/strong> so izjemno topla, udobna in tehni\u010dno dovr\u0161ena podlaga (base layer) za hladnej\u0161e dni. Namenjene so vsem, ki potrebujejo zanesljivo toplotno izolacijo pri vodnih \u0161portih, zimskih aktivnostih ali vsakodnevni uporabi v hladnem vremenu.<\/p>\n<h2 data-start=\"731\" data-end=\"761\"><strong data-start=\"735\" data-end=\"761\">Lastnosti in prednosti<\/strong><\/h2>\n<ul data-start=\"762\" data-end=\"1307\">\n<li data-start=\"762\" data-end=\"872\">\n<p data-start=\"764\" data-end=\"872\"><strong data-start=\"764\" data-end=\"799\">Odli\u010dna prva plast za mrzle dni<\/strong> \u2013 idealne kot termo spodnje hla\u010de pod suhim ali neoprenskim kompletom.<\/p>\n<\/li>\n<li data-start=\"873\" data-end=\"959\">\n<p data-start=\"875\" data-end=\"959\"><strong data-start=\"875\" data-end=\"900\">Podalj\u0161an ledveni del<\/strong> nudi dodatno toploto in za\u0161\u010dito na ob\u010dutljivih predelih.<\/p>\n<\/li>\n<li data-start=\"960\" data-end=\"1073\">\n<p data-start=\"962\" data-end=\"1073\">Izdelane iz <strong data-start=\"974\" data-end=\"989\">Technopile\u00ae<\/strong> \u2013 tehni\u010dnega, vsestranskega flisa, ki zdru\u017euje udobje, toploto in funkcionalnost.<\/p>\n<\/li>\n<li data-start=\"1074\" data-end=\"1149\">\n<p data-start=\"1076\" data-end=\"1149\"><strong data-start=\"1076\" data-end=\"1097\">Odli\u010dna izolacija<\/strong>, hkrati pa lahke, <strong data-start=\"1116\" data-end=\"1126\">zra\u010dne<\/strong> and <strong data-start=\"1130\" data-end=\"1146\">hitro su\u0161e\u010de<\/strong>.<\/p>\n<\/li>\n<li data-start=\"1150\" data-end=\"1211\">\n<p data-start=\"1152\" data-end=\"1211\"><strong data-start=\"1152\" data-end=\"1189\">Elasti\u010dne, odporne proti me\u010dkanju<\/strong> in izjemno trpe\u017ene.<\/p>\n<\/li>\n<li data-start=\"1212\" data-end=\"1307\">\n<p data-start=\"1214\" data-end=\"1307\">Primerne za kajaka\u0161tvo, rafting, SUP, planinarjenje, smu\u010danje, tek in vsakodnevne hladne dni.<\/p>\n<\/li>\n<\/ul>\n<h2 data-start=\"1309\" data-end=\"1337\"><strong data-start=\"1313\" data-end=\"1337\">Za koga so primerne termo hla\u010de HIKO Teddy?<\/strong><\/h2>\n<ul data-start=\"1338\" data-end=\"1478\">\n<li data-start=\"1338\" data-end=\"1369\">\n<p data-start=\"1340\" data-end=\"1369\">Kajaka\u0161i in rafting vodniki<\/p>\n<\/li>\n<li data-start=\"1370\" data-end=\"1385\">\n<p data-start=\"1372\" data-end=\"1385\">SUP vesla\u010di<\/p>\n<\/li>\n<li data-start=\"1386\" data-end=\"1417\">\n<p data-start=\"1388\" data-end=\"1417\">Pohodniki, smu\u010darji, teka\u010di<\/p>\n<\/li>\n<li data-start=\"1418\" data-end=\"1478\">\n<p data-start=\"1420\" data-end=\"1478\">Vsi, ki potrebujejo kakovostno termo plast za hladno vreme<\/p>\n<\/li>\n<\/ul>\n<p data-start=\"1480\" data-end=\"1573\">\ud83d\udccc <em data-start=\"1483\" data-end=\"1524\">Preverite tudi na\u0161o ponudbo hla\u010d TUKAJ:<\/em><br data-start=\"1524\" data-end=\"1527\" \/>\ud83d\udc49 <a class=\"decorated-link\" href=\"https:\/\/kajakaskaoprema.si\/en\/kolekcije\/hlace\/\" target=\"_new\" rel=\"noopener\" data-start=\"1530\" data-end=\"1573\">https:\/\/kajakaskaoprema.si\/kolekcije\/hlace\/<\/a><\/p>","protected":false},"excerpt":{"rendered":"<p>Termo hla\u010de HIKO Teddy Termo hla\u010de HIKO Teddy so izjemno topla, udobna in tehni\u010dno dovr\u0161ena podlaga (base layer) za hladnej\u0161e dni. Namenjene so vsem, ki potrebujejo zanesljivo toplotno izolacijo pri vodnih \u0161portih, zimskih aktivnostih ali vsakodnevni uporabi v hladnem vremenu. Lastnosti in prednosti Odli\u010dna prva plast za mrzle dni \u2013 idealne kot termo spodnje hla\u010de [&hellip;]<\/p>\n","protected":false},"featured_media":10912,"comment_status":"open","ping_status":"closed","template":"","meta":{"_et_pb_use_builder":"","_et_pb_old_content":"","_et_gb_content_width":""},"product_brand":[],"product_cat":[561,194],"product_tag":[],"class_list":{"0":"post-10911","1":"product","2":"type-product","3":"status-publish","4":"has-post-thumbnail","6":"product_cat-termo-oblacila","7":"product_cat-hlace","8":"pa_velikost-xs","9":"pa_velikost-s","10":"pa_velikost-m","11":"pa_velikost-l","12":"pa_velikost-xl","13":"pa_velikost-xxl","15":"first","16":"instock","17":"shipping-taxable","18":"purchasable","19":"product-type-variable"},"yoast_head":"<!-- This site is optimized with the Yoast SEO plugin v27.0 - https:\/\/yoast.com\/product\/yoast-seo-wordpress\/ -->\n<title>Termo hla\u010de HIKO TEDDY | Kajaka\u0161ka Oprema<\/title>\n<meta name=\"description\" content=\"Termo hla\u010de HIKO Teddy \u2013 tople, udobne termo hla\u010de iz Technopile flisa z dalj\u0161im ledvenim delom. Odli\u010dne za hladno vreme in \u0161portne aktivnosti.\" \/>\n<meta name=\"robots\" content=\"index, follow, max-snippet:-1, max-image-preview:large, max-video-preview:-1\" \/>\n<link rel=\"canonical\" href=\"https:\/\/kajakaskaoprema.si\/en\/trgovina\/hlace\/termo-hlace-teddy\/\" \/>\n<meta property=\"og:locale\" content=\"en_GB\" \/>\n<meta property=\"og:type\" content=\"article\" \/>\n<meta property=\"og:title\" content=\"Termo hla\u010de HIKO TEDDY | Kajaka\u0161ka Oprema\" \/>\n<meta property=\"og:description\" content=\"Termo hla\u010de HIKO Teddy \u2013 tople, udobne termo hla\u010de iz Technopile flisa z dalj\u0161im ledvenim delom. Odli\u010dne za hladno vreme in \u0161portne aktivnosti.\" \/>\n<meta property=\"og:url\" content=\"https:\/\/kajakaskaoprema.si\/en\/trgovina\/hlace\/termo-hlace-teddy\/\" \/>\n<meta property=\"og:site_name\" content=\"Kajaka\u0161ka Oprema\" \/>\n<meta property=\"article:publisher\" content=\"https:\/\/www.facebook.com\/profile.php?id=100089048120006\" \/>\n<meta property=\"article:modified_time\" content=\"2025-11-18T07:43:54+00:00\" \/>\n<meta property=\"og:image\" content=\"https:\/\/kajakaskaoprema.si\/wp-content\/uploads\/2024\/11\/teddy-hlace.webp\" \/>\n\t<meta property=\"og:image:width\" content=\"1000\" \/>\n\t<meta property=\"og:image:height\" content=\"1000\" \/>\n\t<meta property=\"og:image:type\" content=\"image\/webp\" \/>\n<meta name=\"twitter:card\" content=\"summary_large_image\" \/>\n<meta name=\"twitter:label1\" content=\"Estimated reading time\" \/>\n\t<meta name=\"twitter:data1\" content=\"1 minute\" \/>\n<!-- \/ Yoast SEO plugin. -->","yoast_head_json":{"title":"Termo hla\u010de HIKO TEDDY | Kajaka\u0161ka Oprema","description":"Termo hla\u010de HIKO Teddy \u2013 tople, udobne termo hla\u010de iz Technopile flisa z dalj\u0161im ledvenim delom. Odli\u010dne za hladno vreme in \u0161portne aktivnosti.","robots":{"index":"index","follow":"follow","max-snippet":"max-snippet:-1","max-image-preview":"max-image-preview:large","max-video-preview":"max-video-preview:-1"},"canonical":"https:\/\/kajakaskaoprema.si\/en\/trgovina\/hlace\/termo-hlace-teddy\/","og_locale":"en_GB","og_type":"article","og_title":"Termo hla\u010de HIKO TEDDY | Kajaka\u0161ka Oprema","og_description":"Termo hla\u010de HIKO Teddy \u2013 tople, udobne termo hla\u010de iz Technopile flisa z dalj\u0161im ledvenim delom. Odli\u010dne za hladno vreme in \u0161portne aktivnosti.","og_url":"https:\/\/kajakaskaoprema.si\/en\/trgovina\/hlace\/termo-hlace-teddy\/","og_site_name":"Kajaka\u0161ka Oprema","article_publisher":"https:\/\/www.facebook.com\/profile.php?id=100089048120006","article_modified_time":"2025-11-18T07:43:54+00:00","og_image":[{"width":1000,"height":1000,"url":"https:\/\/kajakaskaoprema.si\/wp-content\/uploads\/2024\/11\/teddy-hlace.webp","type":"image\/webp"}],"twitter_card":"summary_large_image","twitter_misc":{"Estimated reading time":"1 minute"},"schema":{"@context":"https:\/\/schema.org","@graph":[{"@type":["WebPage","ItemPage"],"@id":"https:\/\/kajakaskaoprema.si\/trgovina\/hlace\/termo-hlace-teddy\/","url":"https:\/\/kajakaskaoprema.si\/trgovina\/hlace\/termo-hlace-teddy\/","name":"Termo hla\u010de HIKO TEDDY | Kajaka\u0161ka Oprema","isPartOf":{"@id":"https:\/\/kajakaskaoprema.si\/#website"},"primaryImageOfPage":{"@id":"https:\/\/kajakaskaoprema.si\/trgovina\/hlace\/termo-hlace-teddy\/#primaryimage"},"image":{"@id":"https:\/\/kajakaskaoprema.si\/trgovina\/hlace\/termo-hlace-teddy\/#primaryimage"},"thumbnailUrl":"https:\/\/kajakaskaoprema.si\/wp-content\/uploads\/2024\/11\/teddy-hlace.webp","datePublished":"2024-11-27T22:24:09+00:00","dateModified":"2025-11-18T07:43:54+00:00","description":"Termo hla\u010de HIKO Teddy \u2013 tople, udobne termo hla\u010de iz Technopile flisa z dalj\u0161im ledvenim delom. Odli\u010dne za hladno vreme in \u0161portne aktivnosti.","breadcrumb":{"@id":"https:\/\/kajakaskaoprema.si\/trgovina\/hlace\/termo-hlace-teddy\/#breadcrumb"},"inLanguage":"en-GB","potentialAction":[{"@type":"ReadAction","target":["https:\/\/kajakaskaoprema.si\/trgovina\/hlace\/termo-hlace-teddy\/"]}]},{"@type":"ImageObject","inLanguage":"en-GB","@id":"https:\/\/kajakaskaoprema.si\/trgovina\/hlace\/termo-hlace-teddy\/#primaryimage","url":"https:\/\/kajakaskaoprema.si\/wp-content\/uploads\/2024\/11\/teddy-hlace.webp","contentUrl":"https:\/\/kajakaskaoprema.si\/wp-content\/uploads\/2024\/11\/teddy-hlace.webp","width":1000,"height":1000,"caption":"HIKO Teddy Technopile fleece pants \u2013 thermal insulation layer"},{"@type":"BreadcrumbList","@id":"https:\/\/kajakaskaoprema.si\/trgovina\/hlace\/termo-hlace-teddy\/#breadcrumb","itemListElement":[{"@type":"ListItem","position":1,"name":"Domov","item":"https:\/\/kajakaskaoprema.si\/"},{"@type":"ListItem","position":2,"name":"Trgovina","item":"https:\/\/kajakaskaoprema.si\/trgovina\/"},{"@type":"ListItem","position":3,"name":"Termo obla\u010dila","item":"https:\/\/kajakaskaoprema.si\/kolekcije\/termo-oblacila\/"},{"@type":"ListItem","position":4,"name":"Termo hla\u010de HIKO TEDDY"}]},{"@type":"WebSite","@id":"https:\/\/kajakaskaoprema.si\/#website","url":"https:\/\/kajakaskaoprema.si\/","name":"Kajaka\u0161ka Oprema","description":"Spletna trgovina s kajaka\u0161ko opremo svetovno priznanih znamk. Idealno za vse ljubitelje adrenalina in vodnih \u0161portov.","publisher":{"@id":"https:\/\/kajakaskaoprema.si\/#organization"},"potentialAction":[{"@type":"SearchAction","target":{"@type":"EntryPoint","urlTemplate":"https:\/\/kajakaskaoprema.si\/?s={search_term_string}"},"query-input":{"@type":"PropertyValueSpecification","valueRequired":true,"valueName":"search_term_string"}}],"inLanguage":"en-GB"},{"@type":"Organization","@id":"https:\/\/kajakaskaoprema.si\/#organization","name":"Kajaka\u0161ka Oprema","url":"https:\/\/kajakaskaoprema.si\/","logo":{"@type":"ImageObject","inLanguage":"en-GB","@id":"https:\/\/kajakaskaoprema.si\/#\/schema\/logo\/image\/","url":"https:\/\/kajakaskaoprema.si\/wp-content\/uploads\/2022\/12\/Logo_Kajakaska-Oprema.png","contentUrl":"https:\/\/kajakaskaoprema.si\/wp-content\/uploads\/2022\/12\/Logo_Kajakaska-Oprema.png","width":250,"height":69,"caption":"Kajaka\u0161ka Oprema"},"image":{"@id":"https:\/\/kajakaskaoprema.si\/#\/schema\/logo\/image\/"},"sameAs":["https:\/\/www.facebook.com\/profile.php?id=100089048120006","https:\/\/www.instagram.com\/kajakaska_oprema\/?fbclid=IwAR2wP1CpCpqaC63UyJF_RvVrzwwz_bz6YVmg02z_LdA4tZuWdCWYKBih7zQ"]}]}},"_links":{"self":[{"href":"https:\/\/kajakaskaoprema.si\/en\/wp-json\/wp\/v2\/product\/10911","targetHints":{"allow":["GET"]}}],"collection":[{"href":"https:\/\/kajakaskaoprema.si\/en\/wp-json\/wp\/v2\/product"}],"about":[{"href":"https:\/\/kajakaskaoprema.si\/en\/wp-json\/wp\/v2\/types\/product"}],"replies":[{"embeddable":true,"href":"https:\/\/kajakaskaoprema.si\/en\/wp-json\/wp\/v2\/comments?post=10911"}],"wp:featuredmedia":[{"embeddable":true,"href":"https:\/\/kajakaskaoprema.si\/en\/wp-json\/wp\/v2\/media\/10912"}],"wp:attachment":[{"href":"https:\/\/kajakaskaoprema.si\/en\/wp-json\/wp\/v2\/media?parent=10911"}],"wp:term":[{"taxonomy":"product_brand","embeddable":true,"href":"https:\/\/kajakaskaoprema.si\/en\/wp-json\/wp\/v2\/product_brand?post=10911"},{"taxonomy":"product_cat","embeddable":true,"href":"https:\/\/kajakaskaoprema.si\/en\/wp-json\/wp\/v2\/product_cat?post=10911"},{"taxonomy":"product_tag","embeddable":true,"href":"https:\/\/kajakaskaoprema.si\/en\/wp-json\/wp\/v2\/product_tag?post=10911"}],"curies":[{"name":"wp","href":"https:\/\/api.w.org\/{rel}","templated":true}]}}