{"id":10860,"date":"2024-11-06T18:15:33","date_gmt":"2024-11-06T17:15:33","guid":{"rendered":"https:\/\/kajakaskaoprema.si\/?post_type=product&#038;p=10860"},"modified":"2025-11-17T10:32:07","modified_gmt":"2025-11-17T09:32:07","slug":"hiko-gurtna-5-m","status":"publish","type":"product","link":"https:\/\/kajakaskaoprema.si\/en\/trgovina\/razprodaja\/hiko-gurtna-5-m\/","title":{"rendered":"HIKO Strap 5 m"},"content":{"rendered":"<h1 data-start=\"485\" data-end=\"506\"><strong data-start=\"487\" data-end=\"506\">HIKO Strap 5 m<\/strong><\/h1>\n<p data-start=\"508\" data-end=\"813\"><strong data-start=\"508\" data-end=\"527\">HIKO Strap 5 m<\/strong> je izjemno trpe\u017een in zanesljiv trak za varno privezovanje kajaka, SUP-a, \u010dolna ali katerekoli druge opreme na streho avtomobila. Zaradi kakovostne izdelave je idealna izbira tako za rekreativne uporabnike kot za vodnike, \u0161ole veslanja in ostale, ki potrebujejo varen transport opreme.<\/p>\n<h2 data-start=\"815\" data-end=\"845\"><strong data-start=\"819\" data-end=\"845\">Lastnosti in prednosti<\/strong><\/h2>\n<ul data-start=\"846\" data-end=\"1243\">\n<li data-start=\"846\" data-end=\"914\">\n<p data-start=\"848\" data-end=\"914\">5-metrski trak primeren za privezovanje ve\u010dine plovil in opreme.<\/p>\n<\/li>\n<li data-start=\"915\" data-end=\"985\">\n<p data-start=\"917\" data-end=\"985\">Mo\u010dna <strong data-start=\"923\" data-end=\"947\">kovinska cam zaponka<\/strong> omogo\u010da varno in trdno zategovanje.<\/p>\n<\/li>\n<li data-start=\"986\" data-end=\"1074\">\n<p data-start=\"988\" data-end=\"1074\"><strong data-start=\"988\" data-end=\"1008\">Za\u0161\u010ditna podloga<\/strong> pod zaponko prepre\u010duje praske in po\u0161kodbe na vozilu ali opremi.<\/p>\n<\/li>\n<li data-start=\"1075\" data-end=\"1173\">\n<p data-start=\"1077\" data-end=\"1173\"><strong data-start=\"1077\" data-end=\"1105\">Elasti\u010dna zanka (bungee)<\/strong> poskrbi, da je trak vedno lepo zvit in enostaven za shranjevanje.<\/p>\n<\/li>\n<li data-start=\"1174\" data-end=\"1243\">\n<p data-start=\"1176\" data-end=\"1243\">Primeren za transport kajaka, SUP-a, kanuja, smu\u010di in druge opreme.<\/p>\n<\/li>\n<\/ul>\n<h2 data-start=\"1245\" data-end=\"1273\"><strong data-start=\"1249\" data-end=\"1273\">Za koga je primerna?<\/strong><\/h2>\n<ul data-start=\"1274\" data-end=\"1398\">\n<li data-start=\"1274\" data-end=\"1286\">\n<p data-start=\"1276\" data-end=\"1286\">Kajaka\u0161i<\/p>\n<\/li>\n<li data-start=\"1287\" data-end=\"1305\">\n<p data-start=\"1289\" data-end=\"1305\">SUP uporabniki<\/p>\n<\/li>\n<li data-start=\"1306\" data-end=\"1318\">\n<p data-start=\"1308\" data-end=\"1318\">Raftarji<\/p>\n<\/li>\n<li data-start=\"1319\" data-end=\"1341\">\n<p data-start=\"1321\" data-end=\"1341\">Outdoor navdu\u0161enci<\/p>\n<\/li>\n<li data-start=\"1342\" data-end=\"1398\">\n<p data-start=\"1344\" data-end=\"1398\">Vsi, ki potrebujejo zanesljiv trak za transport opreme<\/p>\n<\/li>\n<\/ul>\n<p data-start=\"1400\" data-end=\"1510\">\ud83d\udccc <em data-start=\"1403\" data-end=\"1452\">Preverite celotno ponudbo dodatne opreme TUKAJ:<\/em><br data-start=\"1452\" data-end=\"1455\" \/>\ud83d\udc49 <a class=\"decorated-link\" href=\"https:\/\/kajakaskaoprema.si\/en\/kolekcije\/dodatna-oprema\/\" target=\"_new\" rel=\"noopener\" data-start=\"1458\" data-end=\"1510\">https:\/\/kajakaskaoprema.si\/kolekcije\/dodatna-oprema\/<\/a><\/p>","protected":false},"excerpt":{"rendered":"<p>HIKO Gurtna 5 m HIKO Gurtna 5 m je izjemno trpe\u017een in zanesljiv trak za varno privezovanje kajaka, SUP-a, \u010dolna ali katerekoli druge opreme na streho avtomobila. Zaradi kakovostne izdelave je idealna izbira tako za rekreativne uporabnike kot za vodnike, \u0161ole veslanja in ostale, ki potrebujejo varen transport opreme. Lastnosti in prednosti 5-metrski trak primeren [&hellip;]<\/p>\n","protected":false},"featured_media":10863,"comment_status":"open","ping_status":"closed","template":"","meta":{"_et_pb_use_builder":"","_et_pb_old_content":"","_et_gb_content_width":""},"product_brand":[],"product_cat":[559,202],"product_tag":[],"class_list":{"0":"post-10860","1":"product","2":"type-product","3":"status-publish","4":"has-post-thumbnail","6":"product_cat-dodatna-oprema","7":"product_cat-razprodaja","9":"first","10":"instock","11":"shipping-taxable","12":"purchasable","13":"product-type-simple"},"yoast_head":"<!-- This site is optimized with the Yoast SEO plugin v27.0 - https:\/\/yoast.com\/product\/yoast-seo-wordpress\/ -->\n<title>HIKO Gurtna 5 m | Kajaka\u0161ka Oprema<\/title>\n<meta name=\"description\" content=\"HIKO Gurtna 5 m \u2013 mo\u010dan 5-meterski trak za privezovanje kajaka, SUP-a ali druge opreme na streho avtomobila. Zanesljivo, varno in enostavno za uporabo.\" \/>\n<meta name=\"robots\" content=\"index, follow, max-snippet:-1, max-image-preview:large, max-video-preview:-1\" \/>\n<link rel=\"canonical\" href=\"https:\/\/kajakaskaoprema.si\/en\/trgovina\/razprodaja\/hiko-gurtna-5-m\/\" \/>\n<meta property=\"og:locale\" content=\"en_GB\" \/>\n<meta property=\"og:type\" content=\"article\" \/>\n<meta property=\"og:title\" content=\"HIKO Gurtna 5 m | Kajaka\u0161ka Oprema\" \/>\n<meta property=\"og:description\" content=\"HIKO Gurtna 5 m \u2013 mo\u010dan 5-meterski trak za privezovanje kajaka, SUP-a ali druge opreme na streho avtomobila. Zanesljivo, varno in enostavno za uporabo.\" \/>\n<meta property=\"og:url\" content=\"https:\/\/kajakaskaoprema.si\/en\/trgovina\/razprodaja\/hiko-gurtna-5-m\/\" \/>\n<meta property=\"og:site_name\" content=\"Kajaka\u0161ka Oprema\" \/>\n<meta property=\"article:publisher\" content=\"https:\/\/www.facebook.com\/profile.php?id=100089048120006\" \/>\n<meta property=\"article:modified_time\" content=\"2025-11-17T09:32:07+00:00\" \/>\n<meta property=\"og:image\" content=\"https:\/\/kajakaskaoprema.si\/wp-content\/uploads\/2024\/11\/gurtna-5-m.webp\" \/>\n\t<meta property=\"og:image:width\" content=\"1000\" \/>\n\t<meta property=\"og:image:height\" content=\"1000\" \/>\n\t<meta property=\"og:image:type\" content=\"image\/webp\" \/>\n<meta name=\"twitter:card\" content=\"summary_large_image\" \/>\n<meta name=\"twitter:label1\" content=\"Estimated reading time\" \/>\n\t<meta name=\"twitter:data1\" content=\"1 minute\" \/>\n<!-- \/ Yoast SEO plugin. -->","yoast_head_json":{"title":"HIKO Gurtna 5 m | Kajaka\u0161ka Oprema","description":"HIKO Gurtna 5 m \u2013 mo\u010dan 5-meterski trak za privezovanje kajaka, SUP-a ali druge opreme na streho avtomobila. Zanesljivo, varno in enostavno za uporabo.","robots":{"index":"index","follow":"follow","max-snippet":"max-snippet:-1","max-image-preview":"max-image-preview:large","max-video-preview":"max-video-preview:-1"},"canonical":"https:\/\/kajakaskaoprema.si\/en\/trgovina\/razprodaja\/hiko-gurtna-5-m\/","og_locale":"en_GB","og_type":"article","og_title":"HIKO Gurtna 5 m | Kajaka\u0161ka Oprema","og_description":"HIKO Gurtna 5 m \u2013 mo\u010dan 5-meterski trak za privezovanje kajaka, SUP-a ali druge opreme na streho avtomobila. Zanesljivo, varno in enostavno za uporabo.","og_url":"https:\/\/kajakaskaoprema.si\/en\/trgovina\/razprodaja\/hiko-gurtna-5-m\/","og_site_name":"Kajaka\u0161ka Oprema","article_publisher":"https:\/\/www.facebook.com\/profile.php?id=100089048120006","article_modified_time":"2025-11-17T09:32:07+00:00","og_image":[{"width":1000,"height":1000,"url":"https:\/\/kajakaskaoprema.si\/wp-content\/uploads\/2024\/11\/gurtna-5-m.webp","type":"image\/webp"}],"twitter_card":"summary_large_image","twitter_misc":{"Estimated reading time":"1 minute"},"schema":{"@context":"https:\/\/schema.org","@graph":[{"@type":["WebPage","ItemPage"],"@id":"https:\/\/kajakaskaoprema.si\/trgovina\/razprodaja\/hiko-gurtna-5-m\/","url":"https:\/\/kajakaskaoprema.si\/trgovina\/razprodaja\/hiko-gurtna-5-m\/","name":"HIKO Gurtna 5 m | Kajaka\u0161ka Oprema","isPartOf":{"@id":"https:\/\/kajakaskaoprema.si\/#website"},"primaryImageOfPage":{"@id":"https:\/\/kajakaskaoprema.si\/trgovina\/razprodaja\/hiko-gurtna-5-m\/#primaryimage"},"image":{"@id":"https:\/\/kajakaskaoprema.si\/trgovina\/razprodaja\/hiko-gurtna-5-m\/#primaryimage"},"thumbnailUrl":"https:\/\/kajakaskaoprema.si\/wp-content\/uploads\/2024\/11\/gurtna-5-m.webp","datePublished":"2024-11-06T17:15:33+00:00","dateModified":"2025-11-17T09:32:07+00:00","description":"HIKO Gurtna 5 m \u2013 mo\u010dan 5-meterski trak za privezovanje kajaka, SUP-a ali druge opreme na streho avtomobila. Zanesljivo, varno in enostavno za uporabo.","breadcrumb":{"@id":"https:\/\/kajakaskaoprema.si\/trgovina\/razprodaja\/hiko-gurtna-5-m\/#breadcrumb"},"inLanguage":"en-GB","potentialAction":[{"@type":"ReadAction","target":["https:\/\/kajakaskaoprema.si\/trgovina\/razprodaja\/hiko-gurtna-5-m\/"]}]},{"@type":"ImageObject","inLanguage":"en-GB","@id":"https:\/\/kajakaskaoprema.si\/trgovina\/razprodaja\/hiko-gurtna-5-m\/#primaryimage","url":"https:\/\/kajakaskaoprema.si\/wp-content\/uploads\/2024\/11\/gurtna-5-m.webp","contentUrl":"https:\/\/kajakaskaoprema.si\/wp-content\/uploads\/2024\/11\/gurtna-5-m.webp","width":1000,"height":1000,"caption":"HIKO cam strap 5m \u2013 kayak and SUP tie-down strap"},{"@type":"BreadcrumbList","@id":"https:\/\/kajakaskaoprema.si\/trgovina\/razprodaja\/hiko-gurtna-5-m\/#breadcrumb","itemListElement":[{"@type":"ListItem","position":1,"name":"Domov","item":"https:\/\/kajakaskaoprema.si\/"},{"@type":"ListItem","position":2,"name":"Trgovina","item":"https:\/\/kajakaskaoprema.si\/trgovina\/"},{"@type":"ListItem","position":3,"name":"Dodatna oprema","item":"https:\/\/kajakaskaoprema.si\/kolekcije\/dodatna-oprema\/"},{"@type":"ListItem","position":4,"name":"HIKO Gurtna 5 m"}]},{"@type":"WebSite","@id":"https:\/\/kajakaskaoprema.si\/#website","url":"https:\/\/kajakaskaoprema.si\/","name":"Kajaka\u0161ka Oprema","description":"Spletna trgovina s kajaka\u0161ko opremo svetovno priznanih znamk. Idealno za vse ljubitelje adrenalina in vodnih \u0161portov.","publisher":{"@id":"https:\/\/kajakaskaoprema.si\/#organization"},"potentialAction":[{"@type":"SearchAction","target":{"@type":"EntryPoint","urlTemplate":"https:\/\/kajakaskaoprema.si\/?s={search_term_string}"},"query-input":{"@type":"PropertyValueSpecification","valueRequired":true,"valueName":"search_term_string"}}],"inLanguage":"en-GB"},{"@type":"Organization","@id":"https:\/\/kajakaskaoprema.si\/#organization","name":"Kajaka\u0161ka Oprema","url":"https:\/\/kajakaskaoprema.si\/","logo":{"@type":"ImageObject","inLanguage":"en-GB","@id":"https:\/\/kajakaskaoprema.si\/#\/schema\/logo\/image\/","url":"https:\/\/kajakaskaoprema.si\/wp-content\/uploads\/2022\/12\/Logo_Kajakaska-Oprema.png","contentUrl":"https:\/\/kajakaskaoprema.si\/wp-content\/uploads\/2022\/12\/Logo_Kajakaska-Oprema.png","width":250,"height":69,"caption":"Kajaka\u0161ka Oprema"},"image":{"@id":"https:\/\/kajakaskaoprema.si\/#\/schema\/logo\/image\/"},"sameAs":["https:\/\/www.facebook.com\/profile.php?id=100089048120006","https:\/\/www.instagram.com\/kajakaska_oprema\/?fbclid=IwAR2wP1CpCpqaC63UyJF_RvVrzwwz_bz6YVmg02z_LdA4tZuWdCWYKBih7zQ"]}]}},"_links":{"self":[{"href":"https:\/\/kajakaskaoprema.si\/en\/wp-json\/wp\/v2\/product\/10860","targetHints":{"allow":["GET"]}}],"collection":[{"href":"https:\/\/kajakaskaoprema.si\/en\/wp-json\/wp\/v2\/product"}],"about":[{"href":"https:\/\/kajakaskaoprema.si\/en\/wp-json\/wp\/v2\/types\/product"}],"replies":[{"embeddable":true,"href":"https:\/\/kajakaskaoprema.si\/en\/wp-json\/wp\/v2\/comments?post=10860"}],"wp:featuredmedia":[{"embeddable":true,"href":"https:\/\/kajakaskaoprema.si\/en\/wp-json\/wp\/v2\/media\/10863"}],"wp:attachment":[{"href":"https:\/\/kajakaskaoprema.si\/en\/wp-json\/wp\/v2\/media?parent=10860"}],"wp:term":[{"taxonomy":"product_brand","embeddable":true,"href":"https:\/\/kajakaskaoprema.si\/en\/wp-json\/wp\/v2\/product_brand?post=10860"},{"taxonomy":"product_cat","embeddable":true,"href":"https:\/\/kajakaskaoprema.si\/en\/wp-json\/wp\/v2\/product_cat?post=10860"},{"taxonomy":"product_tag","embeddable":true,"href":"https:\/\/kajakaskaoprema.si\/en\/wp-json\/wp\/v2\/product_tag?post=10860"}],"curies":[{"name":"wp","href":"https:\/\/api.w.org\/{rel}","templated":true}]}}