{"id":10857,"date":"2024-11-05T22:02:00","date_gmt":"2024-11-05T21:02:00","guid":{"rendered":"https:\/\/kajakaskaoprema.si\/?post_type=product&#038;p=10857"},"modified":"2025-11-17T10:35:35","modified_gmt":"2025-11-17T09:35:35","slug":"hiko-gurtna-3-m","status":"publish","type":"product","link":"https:\/\/kajakaskaoprema.si\/en\/trgovina\/razprodaja\/hiko-gurtna-3-m\/","title":{"rendered":"HIKO Strap 3 m"},"content":{"rendered":"<h1 data-start=\"416\" data-end=\"437\"><strong data-start=\"418\" data-end=\"437\">HIKO Strap 3 m<\/strong><\/h1>\n<p data-start=\"439\" data-end=\"706\"><strong data-start=\"439\" data-end=\"458\">HIKO Strap 3 m<\/strong> je zanesljiv, vzdr\u017eljiv in enostaven trak za hitro in varno privezovanje kajaka, SUP-a ali druge opreme na streho vozila. Zaradi kompaktne dol\u017eine in vrhunske zaponke je idealna za uporabnike, ki \u017eelijo kakovostno re\u0161itev za vsakodnevni transport.<\/p>\n<h2 data-start=\"708\" data-end=\"738\"><strong data-start=\"712\" data-end=\"738\">Lastnosti in prednosti<\/strong><\/h2>\n<ul data-start=\"739\" data-end=\"1152\">\n<li data-start=\"739\" data-end=\"815\">\n<p data-start=\"741\" data-end=\"815\">3-metrski trak, primeren za manj\u0161e \u010dolne, SUP-e, kajake in drugo opremo.<\/p>\n<\/li>\n<li data-start=\"816\" data-end=\"897\">\n<p data-start=\"818\" data-end=\"897\"><strong data-start=\"818\" data-end=\"848\">Mo\u010dna kovinska cam zaponka<\/strong> omogo\u010da trdno in varno zategovanje brez zdrsa.<\/p>\n<\/li>\n<li data-start=\"898\" data-end=\"971\">\n<p data-start=\"900\" data-end=\"971\"><strong data-start=\"900\" data-end=\"931\">Za\u0161\u010ditna obloga pod zaponko<\/strong> \u0161\u010diti vozilo in opremo pred praskami.<\/p>\n<\/li>\n<li data-start=\"972\" data-end=\"1077\">\n<p data-start=\"974\" data-end=\"1077\"><strong data-start=\"974\" data-end=\"1011\">Vgrajena elasti\u010dna zanka (bungee)<\/strong> omogo\u010da enostavno shranjevanje in prepre\u010duje razpletanje traku.<\/p>\n<\/li>\n<li data-start=\"1078\" data-end=\"1152\">\n<p data-start=\"1080\" data-end=\"1152\">Odli\u010den za hitro pritrditev enega kajaka ali SUP-a na streho avtomobila.<\/p>\n<\/li>\n<\/ul>\n<h2 data-start=\"1154\" data-end=\"1182\"><strong data-start=\"1158\" data-end=\"1182\">Za koga je primerna?<\/strong><\/h2>\n<ul data-start=\"1183\" data-end=\"1311\">\n<li data-start=\"1183\" data-end=\"1195\">\n<p data-start=\"1185\" data-end=\"1195\">Kajaka\u0161i<\/p>\n<\/li>\n<li data-start=\"1196\" data-end=\"1214\">\n<p data-start=\"1198\" data-end=\"1214\">SUP uporabniki<\/p>\n<\/li>\n<li data-start=\"1215\" data-end=\"1227\">\n<p data-start=\"1217\" data-end=\"1227\">Raftarji<\/p>\n<\/li>\n<li data-start=\"1228\" data-end=\"1250\">\n<p data-start=\"1230\" data-end=\"1250\">Outdoor navdu\u0161enci<\/p>\n<\/li>\n<li data-start=\"1251\" data-end=\"1311\">\n<p data-start=\"1253\" data-end=\"1311\">Vsi, ki potrebujejo kraj\u0161i trak za hitro pritrditev opreme<\/p>\n<\/li>\n<\/ul>\n<p data-start=\"1313\" data-end=\"1423\">\ud83d\udccc <em data-start=\"1316\" data-end=\"1365\">Preverite celotno ponudbo dodatne opreme TUKAJ:<\/em><br data-start=\"1365\" data-end=\"1368\" \/>\ud83d\udc49 <a class=\"decorated-link\" href=\"https:\/\/kajakaskaoprema.si\/en\/kolekcije\/dodatna-oprema\/\" target=\"_new\" rel=\"noopener\" data-start=\"1371\" data-end=\"1423\">https:\/\/kajakaskaoprema.si\/kolekcije\/dodatna-oprema\/<\/a><\/p>","protected":false},"excerpt":{"rendered":"<p><strong data-start=\"212\" data-end=\"231\">HIKO Strap 3 m<\/strong> \u2013 trpe\u017een 3-meterski trak za privezovanje kajaka, SUP-a ali druge opreme na streho avtomobila. Zanesljiva in enostavna re\u0161itev za varen transport.<\/p>","protected":false},"featured_media":10859,"comment_status":"open","ping_status":"closed","template":"","meta":{"_et_pb_use_builder":"","_et_pb_old_content":"","_et_gb_content_width":""},"product_brand":[],"product_cat":[559,202],"product_tag":[],"class_list":{"0":"post-10857","1":"product","2":"type-product","3":"status-publish","4":"has-post-thumbnail","6":"product_cat-dodatna-oprema","7":"product_cat-razprodaja","9":"first","10":"instock","11":"shipping-taxable","12":"purchasable","13":"product-type-simple"},"yoast_head":"<!-- This site is optimized with the Yoast SEO plugin v27.0 - https:\/\/yoast.com\/product\/yoast-seo-wordpress\/ -->\n<title>HIKO Gurtna 3 m | Kajaka\u0161ka Oprema<\/title>\n<meta name=\"description\" content=\"HIKO Gurtna 3 m \u2013 trpe\u017een 3-meterski trak za privezovanje kajaka, SUP-a ali druge opreme na streho avtomobila. Zanesljiva in enostavna re\u0161itev za varen transport.\" \/>\n<meta name=\"robots\" content=\"index, follow, max-snippet:-1, max-image-preview:large, max-video-preview:-1\" \/>\n<link rel=\"canonical\" href=\"https:\/\/kajakaskaoprema.si\/en\/trgovina\/razprodaja\/hiko-gurtna-3-m\/\" \/>\n<meta property=\"og:locale\" content=\"en_GB\" \/>\n<meta property=\"og:type\" content=\"article\" \/>\n<meta property=\"og:title\" content=\"HIKO Gurtna 3 m | Kajaka\u0161ka Oprema\" \/>\n<meta property=\"og:description\" content=\"HIKO Gurtna 3 m \u2013 trpe\u017een 3-meterski trak za privezovanje kajaka, SUP-a ali druge opreme na streho avtomobila. Zanesljiva in enostavna re\u0161itev za varen transport.\" \/>\n<meta property=\"og:url\" content=\"https:\/\/kajakaskaoprema.si\/en\/trgovina\/razprodaja\/hiko-gurtna-3-m\/\" \/>\n<meta property=\"og:site_name\" content=\"Kajaka\u0161ka Oprema\" \/>\n<meta property=\"article:publisher\" content=\"https:\/\/www.facebook.com\/profile.php?id=100089048120006\" \/>\n<meta property=\"article:modified_time\" content=\"2025-11-17T09:35:35+00:00\" \/>\n<meta property=\"og:image\" content=\"https:\/\/kajakaskaoprema.si\/wp-content\/uploads\/2024\/11\/gurtna-3-m.webp\" \/>\n\t<meta property=\"og:image:width\" content=\"1000\" \/>\n\t<meta property=\"og:image:height\" content=\"1000\" \/>\n\t<meta property=\"og:image:type\" content=\"image\/webp\" \/>\n<meta name=\"twitter:card\" content=\"summary_large_image\" \/>\n<meta name=\"twitter:label1\" content=\"Estimated reading time\" \/>\n\t<meta name=\"twitter:data1\" content=\"1 minute\" \/>\n<!-- \/ Yoast SEO plugin. -->","yoast_head_json":{"title":"HIKO Gurtna 3 m | Kajaka\u0161ka Oprema","description":"HIKO Gurtna 3 m \u2013 trpe\u017een 3-meterski trak za privezovanje kajaka, SUP-a ali druge opreme na streho avtomobila. Zanesljiva in enostavna re\u0161itev za varen transport.","robots":{"index":"index","follow":"follow","max-snippet":"max-snippet:-1","max-image-preview":"max-image-preview:large","max-video-preview":"max-video-preview:-1"},"canonical":"https:\/\/kajakaskaoprema.si\/en\/trgovina\/razprodaja\/hiko-gurtna-3-m\/","og_locale":"en_GB","og_type":"article","og_title":"HIKO Gurtna 3 m | Kajaka\u0161ka Oprema","og_description":"HIKO Gurtna 3 m \u2013 trpe\u017een 3-meterski trak za privezovanje kajaka, SUP-a ali druge opreme na streho avtomobila. Zanesljiva in enostavna re\u0161itev za varen transport.","og_url":"https:\/\/kajakaskaoprema.si\/en\/trgovina\/razprodaja\/hiko-gurtna-3-m\/","og_site_name":"Kajaka\u0161ka Oprema","article_publisher":"https:\/\/www.facebook.com\/profile.php?id=100089048120006","article_modified_time":"2025-11-17T09:35:35+00:00","og_image":[{"width":1000,"height":1000,"url":"https:\/\/kajakaskaoprema.si\/wp-content\/uploads\/2024\/11\/gurtna-3-m.webp","type":"image\/webp"}],"twitter_card":"summary_large_image","twitter_misc":{"Estimated reading time":"1 minute"},"schema":{"@context":"https:\/\/schema.org","@graph":[{"@type":["WebPage","ItemPage"],"@id":"https:\/\/kajakaskaoprema.si\/trgovina\/razprodaja\/hiko-gurtna-3-m\/","url":"https:\/\/kajakaskaoprema.si\/trgovina\/razprodaja\/hiko-gurtna-3-m\/","name":"HIKO Gurtna 3 m | Kajaka\u0161ka Oprema","isPartOf":{"@id":"https:\/\/kajakaskaoprema.si\/#website"},"primaryImageOfPage":{"@id":"https:\/\/kajakaskaoprema.si\/trgovina\/razprodaja\/hiko-gurtna-3-m\/#primaryimage"},"image":{"@id":"https:\/\/kajakaskaoprema.si\/trgovina\/razprodaja\/hiko-gurtna-3-m\/#primaryimage"},"thumbnailUrl":"https:\/\/kajakaskaoprema.si\/wp-content\/uploads\/2024\/11\/gurtna-3-m.webp","datePublished":"2024-11-05T21:02:00+00:00","dateModified":"2025-11-17T09:35:35+00:00","description":"HIKO Gurtna 3 m \u2013 trpe\u017een 3-meterski trak za privezovanje kajaka, SUP-a ali druge opreme na streho avtomobila. Zanesljiva in enostavna re\u0161itev za varen transport.","breadcrumb":{"@id":"https:\/\/kajakaskaoprema.si\/trgovina\/razprodaja\/hiko-gurtna-3-m\/#breadcrumb"},"inLanguage":"en-GB","potentialAction":[{"@type":"ReadAction","target":["https:\/\/kajakaskaoprema.si\/trgovina\/razprodaja\/hiko-gurtna-3-m\/"]}]},{"@type":"ImageObject","inLanguage":"en-GB","@id":"https:\/\/kajakaskaoprema.si\/trgovina\/razprodaja\/hiko-gurtna-3-m\/#primaryimage","url":"https:\/\/kajakaskaoprema.si\/wp-content\/uploads\/2024\/11\/gurtna-3-m.webp","contentUrl":"https:\/\/kajakaskaoprema.si\/wp-content\/uploads\/2024\/11\/gurtna-3-m.webp","width":1000,"height":1000,"caption":"HIKO cam strap 3m \u2013 kayak and SUP tie-down strap"},{"@type":"BreadcrumbList","@id":"https:\/\/kajakaskaoprema.si\/trgovina\/razprodaja\/hiko-gurtna-3-m\/#breadcrumb","itemListElement":[{"@type":"ListItem","position":1,"name":"Domov","item":"https:\/\/kajakaskaoprema.si\/"},{"@type":"ListItem","position":2,"name":"Trgovina","item":"https:\/\/kajakaskaoprema.si\/trgovina\/"},{"@type":"ListItem","position":3,"name":"Dodatna oprema","item":"https:\/\/kajakaskaoprema.si\/kolekcije\/dodatna-oprema\/"},{"@type":"ListItem","position":4,"name":"HIKO Gurtna 3 m"}]},{"@type":"WebSite","@id":"https:\/\/kajakaskaoprema.si\/#website","url":"https:\/\/kajakaskaoprema.si\/","name":"Kajaka\u0161ka Oprema","description":"Spletna trgovina s kajaka\u0161ko opremo svetovno priznanih znamk. Idealno za vse ljubitelje adrenalina in vodnih \u0161portov.","publisher":{"@id":"https:\/\/kajakaskaoprema.si\/#organization"},"potentialAction":[{"@type":"SearchAction","target":{"@type":"EntryPoint","urlTemplate":"https:\/\/kajakaskaoprema.si\/?s={search_term_string}"},"query-input":{"@type":"PropertyValueSpecification","valueRequired":true,"valueName":"search_term_string"}}],"inLanguage":"en-GB"},{"@type":"Organization","@id":"https:\/\/kajakaskaoprema.si\/#organization","name":"Kajaka\u0161ka Oprema","url":"https:\/\/kajakaskaoprema.si\/","logo":{"@type":"ImageObject","inLanguage":"en-GB","@id":"https:\/\/kajakaskaoprema.si\/#\/schema\/logo\/image\/","url":"https:\/\/kajakaskaoprema.si\/wp-content\/uploads\/2022\/12\/Logo_Kajakaska-Oprema.png","contentUrl":"https:\/\/kajakaskaoprema.si\/wp-content\/uploads\/2022\/12\/Logo_Kajakaska-Oprema.png","width":250,"height":69,"caption":"Kajaka\u0161ka Oprema"},"image":{"@id":"https:\/\/kajakaskaoprema.si\/#\/schema\/logo\/image\/"},"sameAs":["https:\/\/www.facebook.com\/profile.php?id=100089048120006","https:\/\/www.instagram.com\/kajakaska_oprema\/?fbclid=IwAR2wP1CpCpqaC63UyJF_RvVrzwwz_bz6YVmg02z_LdA4tZuWdCWYKBih7zQ"]}]}},"_links":{"self":[{"href":"https:\/\/kajakaskaoprema.si\/en\/wp-json\/wp\/v2\/product\/10857","targetHints":{"allow":["GET"]}}],"collection":[{"href":"https:\/\/kajakaskaoprema.si\/en\/wp-json\/wp\/v2\/product"}],"about":[{"href":"https:\/\/kajakaskaoprema.si\/en\/wp-json\/wp\/v2\/types\/product"}],"replies":[{"embeddable":true,"href":"https:\/\/kajakaskaoprema.si\/en\/wp-json\/wp\/v2\/comments?post=10857"}],"wp:featuredmedia":[{"embeddable":true,"href":"https:\/\/kajakaskaoprema.si\/en\/wp-json\/wp\/v2\/media\/10859"}],"wp:attachment":[{"href":"https:\/\/kajakaskaoprema.si\/en\/wp-json\/wp\/v2\/media?parent=10857"}],"wp:term":[{"taxonomy":"product_brand","embeddable":true,"href":"https:\/\/kajakaskaoprema.si\/en\/wp-json\/wp\/v2\/product_brand?post=10857"},{"taxonomy":"product_cat","embeddable":true,"href":"https:\/\/kajakaskaoprema.si\/en\/wp-json\/wp\/v2\/product_cat?post=10857"},{"taxonomy":"product_tag","embeddable":true,"href":"https:\/\/kajakaskaoprema.si\/en\/wp-json\/wp\/v2\/product_tag?post=10857"}],"curies":[{"name":"wp","href":"https:\/\/api.w.org\/{rel}","templated":true}]}}