{"id":10845,"date":"2024-11-05T21:50:26","date_gmt":"2024-11-05T20:50:26","guid":{"rendered":"https:\/\/kajakaskaoprema.si\/?post_type=product&#038;p=10845"},"modified":"2025-11-20T07:05:25","modified_gmt":"2025-11-20T06:05:25","slug":"resilni-jopic-hiko-swift-600-pfd","status":"publish","type":"product","link":"https:\/\/kajakaskaoprema.si\/en\/trgovina\/resilni-jopici\/resilni-jopic-hiko-swift-600-pfd\/","title":{"rendered":"Re\u0161ilni jopi\u010d HIKO SWIFT 600 PFD"},"content":{"rendered":"<h1 data-start=\"326\" data-end=\"364\"><strong data-start=\"328\" data-end=\"364\">Re\u0161ilni jopi\u010d HIKO Swift 600 PFD<\/strong><\/h1>\n<p data-start=\"366\" data-end=\"765\">Re\u0161ilni jopi\u010d HIKO Swift 600 PFD je robustna, zanesljiva in dolgotrajna razli\u010dica priljubljenega modela Swift, zasnovana posebej za <strong data-start=\"498\" data-end=\"521\">komercialno uporabo<\/strong>, izposojevalnice, \u0161ole veslanja in outdoor centre. Izdelan je iz izjemno trpe\u017ene zunanje tkanine, ki prenese pogosto uporabo, udarce, drgnjenje in mokre pogoje, zato je idealen za <strong data-start=\"702\" data-end=\"711\">kayak<\/strong>, <strong data-start=\"713\" data-end=\"724\">rafting<\/strong>, <strong data-start=\"726\" data-end=\"738\">veslanje<\/strong> in druge <strong data-start=\"748\" data-end=\"764\">vodne \u0161porte<\/strong>.<\/p>\n<p data-start=\"767\" data-end=\"1110\">Naramnice so mehke in popolnoma nastavljive, dvojni bo\u010dni trakovi in spodnji elasti\u010dni del pa omogo\u010dajo, da se jopi\u010d prilagodi najrazli\u010dnej\u0161im postavam. Barvno ozna\u010dene velikosti pa olaj\u0161ajo organizacijo v komercialnih centrih, izposojevalnicah in klubih. Certifikata ISO 12402-5 in ISO 12402-6 zagotavljata visoko raven varnosti in plovnosti.<\/p>\n<h2 data-start=\"1117\" data-end=\"1170\"><strong data-start=\"1120\" data-end=\"1170\">Lastnosti re\u0161ilnega jopi\u010da HIKO Swift 600 PFD:<\/strong><\/h2>\n<ul data-start=\"1172\" data-end=\"1664\">\n<li data-start=\"1172\" data-end=\"1243\">\n<p data-start=\"1174\" data-end=\"1243\">Izjemno trpe\u017ena zunanja tkanina za komercialno in zahtevno uporabo.<\/p>\n<\/li>\n<li data-start=\"1244\" data-end=\"1287\">\n<p data-start=\"1246\" data-end=\"1287\">Udobne, mehke in nastavljive naramnice.<\/p>\n<\/li>\n<li data-start=\"1288\" data-end=\"1380\">\n<p data-start=\"1290\" data-end=\"1380\">Dva stranska trakova + spodnji elasti\u010dni del za najbolj\u0161e prileganje razli\u010dnim postavam.<\/p>\n<\/li>\n<li data-start=\"1381\" data-end=\"1452\">\n<p data-start=\"1383\" data-end=\"1452\">Barvno ozna\u010dene velikosti za hitro razdeljevanje v klubih in \u0161olah.<\/p>\n<\/li>\n<li data-start=\"1453\" data-end=\"1526\">\n<p data-start=\"1455\" data-end=\"1526\">Odli\u010dna izbir\u0430 za kajak, rafting, re\u010dne aktivnosti in vodne programe.<\/p>\n<\/li>\n<li data-start=\"1527\" data-end=\"1601\">\n<p data-start=\"1529\" data-end=\"1601\">Certifikata <strong data-start=\"1541\" data-end=\"1556\">ISO 12402-5<\/strong> and <strong data-start=\"1560\" data-end=\"1575\">ISO 12402-6<\/strong> za varnost in plovnost.<\/p>\n<\/li>\n<li data-start=\"1602\" data-end=\"1664\">\n<p data-start=\"1604\" data-end=\"1664\">Stabilna, nizkoprofilna zasnova, primerna tudi za za\u010detnike.<\/p>\n<\/li>\n<\/ul>\n<h2 data-start=\"1671\" data-end=\"1695\"><strong data-start=\"1674\" data-end=\"1695\">Za koga je primeren?<\/strong><\/h2>\n<p data-start=\"1697\" data-end=\"1751\">Re\u0161ilni jopi\u010d HIKO Swift 600 PFD je odli\u010dna izbira za:<\/p>\n<ul data-start=\"1753\" data-end=\"2045\">\n<li data-start=\"1753\" data-end=\"1791\">\n<p data-start=\"1755\" data-end=\"1791\">rafting centre in outdoor agencije<\/p>\n<\/li>\n<li data-start=\"1792\" data-end=\"1832\">\n<p data-start=\"1794\" data-end=\"1832\">kajak \u0161ole, klube in izposojevalnice<\/p>\n<\/li>\n<li data-start=\"1833\" data-end=\"1869\">\n<p data-start=\"1835\" data-end=\"1869\">za\u010detnike in rekreativne vesla\u010de<\/p>\n<\/li>\n<li data-start=\"1870\" data-end=\"1920\">\n<p data-start=\"1872\" data-end=\"1920\">vodne \u0161portne programe v hladni ali topli vodi<\/p>\n<\/li>\n<li data-start=\"1921\" data-end=\"1983\">\n<p data-start=\"1923\" data-end=\"1983\">komercialne uporabnike, ki potrebujejo robustno PFD opremo<\/p>\n<\/li>\n<li data-start=\"1984\" data-end=\"2045\">\n<p data-start=\"1986\" data-end=\"2045\">vse, ki \u017eelijo varnost, udobje in trpe\u017enost v enem jopi\u010du<\/p>\n<\/li>\n<\/ul>\n<h2 data-start=\"2052\" data-end=\"2076\"><strong data-start=\"2055\" data-end=\"2076\">Notranja povezava<\/strong><\/h2>\n<p data-start=\"2078\" data-end=\"2205\">Preverite \u0161e ostale re\u0161ilne jopi\u010de v na\u0161i ponudbi TUKAJ:<br data-start=\"2134\" data-end=\"2137\" \/><a class=\"decorated-link cursor-pointer\" target=\"_new\" rel=\"noopener\" data-start=\"2137\" data-end=\"2205\">https:\/\/kajakaskaoprema.si\/kategorija-izdelka\/oprema\/resilni-jopici\/<\/a><\/p>","protected":false},"excerpt":{"rendered":"<p>Re\u0161ilni jopi\u010d HIKO Swift 600 PFD je trpe\u017een, udoben in nastavljiv PFD za klube, rafting in kajak. Odli\u010den za komercialno uporabo, certificiran po ISO 12402.<\/p>","protected":false},"featured_media":10855,"comment_status":"open","ping_status":"closed","template":"","meta":{"_et_pb_use_builder":"","_et_pb_old_content":"","_et_gb_content_width":""},"product_brand":[],"product_cat":[198],"product_tag":[],"class_list":{"0":"post-10845","1":"product","2":"type-product","3":"status-publish","4":"has-post-thumbnail","6":"product_cat-resilni-jopici","7":"pa_velikost-xs","8":"pa_velikost-s-m","9":"pa_velikost-l-xl","10":"pa_velikost-xxl","12":"first","13":"instock","14":"shipping-taxable","15":"purchasable","16":"product-type-variable"},"yoast_head":"<!-- This site is optimized with the Yoast SEO plugin v27.0 - https:\/\/yoast.com\/product\/yoast-seo-wordpress\/ -->\n<title>Re\u0161ilni jopi\u010d HIKO SWIFT 600 PFD | Kajaka\u0161ka Oprema<\/title>\n<meta name=\"description\" content=\"Re\u0161ilni jopi\u010d HIKO Swift 600 PFD je trpe\u017een, udoben in nastavljiv PFD za klube, rafting in kajak. Odli\u010den za komercialno uporabo, certificiran po ISO 12402.\" \/>\n<meta name=\"robots\" content=\"index, follow, max-snippet:-1, max-image-preview:large, max-video-preview:-1\" \/>\n<link rel=\"canonical\" href=\"https:\/\/kajakaskaoprema.si\/en\/trgovina\/resilni-jopici\/resilni-jopic-hiko-swift-600-pfd\/\" \/>\n<meta property=\"og:locale\" content=\"en_GB\" \/>\n<meta property=\"og:type\" content=\"article\" \/>\n<meta property=\"og:title\" content=\"Re\u0161ilni jopi\u010d HIKO SWIFT 600 PFD | Kajaka\u0161ka Oprema\" \/>\n<meta property=\"og:description\" content=\"Re\u0161ilni jopi\u010d HIKO Swift 600 PFD je trpe\u017een, udoben in nastavljiv PFD za klube, rafting in kajak. Odli\u010den za komercialno uporabo, certificiran po ISO 12402.\" \/>\n<meta property=\"og:url\" content=\"https:\/\/kajakaskaoprema.si\/en\/trgovina\/resilni-jopici\/resilni-jopic-hiko-swift-600-pfd\/\" \/>\n<meta property=\"og:site_name\" content=\"Kajaka\u0161ka Oprema\" \/>\n<meta property=\"article:publisher\" content=\"https:\/\/www.facebook.com\/profile.php?id=100089048120006\" \/>\n<meta property=\"article:modified_time\" content=\"2025-11-20T06:05:25+00:00\" \/>\n<meta property=\"og:image\" content=\"https:\/\/kajakaskaoprema.si\/wp-content\/uploads\/2024\/11\/swift-nr-600-7.webp\" \/>\n\t<meta property=\"og:image:width\" content=\"1000\" \/>\n\t<meta property=\"og:image:height\" content=\"1000\" \/>\n\t<meta property=\"og:image:type\" content=\"image\/webp\" \/>\n<meta name=\"twitter:card\" content=\"summary_large_image\" \/>\n<meta name=\"twitter:label1\" content=\"Estimated reading time\" \/>\n\t<meta name=\"twitter:data1\" content=\"2 minutes\" \/>\n<!-- \/ Yoast SEO plugin. -->","yoast_head_json":{"title":"Re\u0161ilni jopi\u010d HIKO SWIFT 600 PFD | Kajaka\u0161ka Oprema","description":"Re\u0161ilni jopi\u010d HIKO Swift 600 PFD je trpe\u017een, udoben in nastavljiv PFD za klube, rafting in kajak. Odli\u010den za komercialno uporabo, certificiran po ISO 12402.","robots":{"index":"index","follow":"follow","max-snippet":"max-snippet:-1","max-image-preview":"max-image-preview:large","max-video-preview":"max-video-preview:-1"},"canonical":"https:\/\/kajakaskaoprema.si\/en\/trgovina\/resilni-jopici\/resilni-jopic-hiko-swift-600-pfd\/","og_locale":"en_GB","og_type":"article","og_title":"Re\u0161ilni jopi\u010d HIKO SWIFT 600 PFD | Kajaka\u0161ka Oprema","og_description":"Re\u0161ilni jopi\u010d HIKO Swift 600 PFD je trpe\u017een, udoben in nastavljiv PFD za klube, rafting in kajak. Odli\u010den za komercialno uporabo, certificiran po ISO 12402.","og_url":"https:\/\/kajakaskaoprema.si\/en\/trgovina\/resilni-jopici\/resilni-jopic-hiko-swift-600-pfd\/","og_site_name":"Kajaka\u0161ka Oprema","article_publisher":"https:\/\/www.facebook.com\/profile.php?id=100089048120006","article_modified_time":"2025-11-20T06:05:25+00:00","og_image":[{"width":1000,"height":1000,"url":"https:\/\/kajakaskaoprema.si\/wp-content\/uploads\/2024\/11\/swift-nr-600-7.webp","type":"image\/webp"}],"twitter_card":"summary_large_image","twitter_misc":{"Estimated reading time":"2 minutes"},"schema":{"@context":"https:\/\/schema.org","@graph":[{"@type":["WebPage","ItemPage"],"@id":"https:\/\/kajakaskaoprema.si\/trgovina\/resilni-jopici\/resilni-jopic-hiko-swift-600-pfd\/","url":"https:\/\/kajakaskaoprema.si\/trgovina\/resilni-jopici\/resilni-jopic-hiko-swift-600-pfd\/","name":"Re\u0161ilni jopi\u010d HIKO SWIFT 600 PFD | Kajaka\u0161ka Oprema","isPartOf":{"@id":"https:\/\/kajakaskaoprema.si\/#website"},"primaryImageOfPage":{"@id":"https:\/\/kajakaskaoprema.si\/trgovina\/resilni-jopici\/resilni-jopic-hiko-swift-600-pfd\/#primaryimage"},"image":{"@id":"https:\/\/kajakaskaoprema.si\/trgovina\/resilni-jopici\/resilni-jopic-hiko-swift-600-pfd\/#primaryimage"},"thumbnailUrl":"https:\/\/kajakaskaoprema.si\/wp-content\/uploads\/2024\/11\/swift-nr-600-7.webp","datePublished":"2024-11-05T20:50:26+00:00","dateModified":"2025-11-20T06:05:25+00:00","description":"Re\u0161ilni jopi\u010d HIKO Swift 600 PFD je trpe\u017een, udoben in nastavljiv PFD za klube, rafting in kajak. Odli\u010den za komercialno uporabo, certificiran po ISO 12402.","breadcrumb":{"@id":"https:\/\/kajakaskaoprema.si\/trgovina\/resilni-jopici\/resilni-jopic-hiko-swift-600-pfd\/#breadcrumb"},"inLanguage":"en-GB","potentialAction":[{"@type":"ReadAction","target":["https:\/\/kajakaskaoprema.si\/trgovina\/resilni-jopici\/resilni-jopic-hiko-swift-600-pfd\/"]}]},{"@type":"ImageObject","inLanguage":"en-GB","@id":"https:\/\/kajakaskaoprema.si\/trgovina\/resilni-jopici\/resilni-jopic-hiko-swift-600-pfd\/#primaryimage","url":"https:\/\/kajakaskaoprema.si\/wp-content\/uploads\/2024\/11\/swift-nr-600-7.webp","contentUrl":"https:\/\/kajakaskaoprema.si\/wp-content\/uploads\/2024\/11\/swift-nr-600-7.webp","width":1000,"height":1000,"caption":"HIKO Swift 600 PFD \u2013 front view of durable kayaking and rafting life jacket with side straps"},{"@type":"BreadcrumbList","@id":"https:\/\/kajakaskaoprema.si\/trgovina\/resilni-jopici\/resilni-jopic-hiko-swift-600-pfd\/#breadcrumb","itemListElement":[{"@type":"ListItem","position":1,"name":"Domov","item":"https:\/\/kajakaskaoprema.si\/"},{"@type":"ListItem","position":2,"name":"Trgovina","item":"https:\/\/kajakaskaoprema.si\/trgovina\/"},{"@type":"ListItem","position":3,"name":"Re\u0161ilni jopi\u010di","item":"https:\/\/kajakaskaoprema.si\/kolekcije\/resilni-jopici\/"},{"@type":"ListItem","position":4,"name":"Re\u0161ilni jopi\u010d HIKO SWIFT 600 PFD"}]},{"@type":"WebSite","@id":"https:\/\/kajakaskaoprema.si\/#website","url":"https:\/\/kajakaskaoprema.si\/","name":"Kajaka\u0161ka Oprema","description":"Spletna trgovina s kajaka\u0161ko opremo svetovno priznanih znamk. Idealno za vse ljubitelje adrenalina in vodnih \u0161portov.","publisher":{"@id":"https:\/\/kajakaskaoprema.si\/#organization"},"potentialAction":[{"@type":"SearchAction","target":{"@type":"EntryPoint","urlTemplate":"https:\/\/kajakaskaoprema.si\/?s={search_term_string}"},"query-input":{"@type":"PropertyValueSpecification","valueRequired":true,"valueName":"search_term_string"}}],"inLanguage":"en-GB"},{"@type":"Organization","@id":"https:\/\/kajakaskaoprema.si\/#organization","name":"Kajaka\u0161ka Oprema","url":"https:\/\/kajakaskaoprema.si\/","logo":{"@type":"ImageObject","inLanguage":"en-GB","@id":"https:\/\/kajakaskaoprema.si\/#\/schema\/logo\/image\/","url":"https:\/\/kajakaskaoprema.si\/wp-content\/uploads\/2022\/12\/Logo_Kajakaska-Oprema.png","contentUrl":"https:\/\/kajakaskaoprema.si\/wp-content\/uploads\/2022\/12\/Logo_Kajakaska-Oprema.png","width":250,"height":69,"caption":"Kajaka\u0161ka Oprema"},"image":{"@id":"https:\/\/kajakaskaoprema.si\/#\/schema\/logo\/image\/"},"sameAs":["https:\/\/www.facebook.com\/profile.php?id=100089048120006","https:\/\/www.instagram.com\/kajakaska_oprema\/?fbclid=IwAR2wP1CpCpqaC63UyJF_RvVrzwwz_bz6YVmg02z_LdA4tZuWdCWYKBih7zQ"]}]}},"_links":{"self":[{"href":"https:\/\/kajakaskaoprema.si\/en\/wp-json\/wp\/v2\/product\/10845","targetHints":{"allow":["GET"]}}],"collection":[{"href":"https:\/\/kajakaskaoprema.si\/en\/wp-json\/wp\/v2\/product"}],"about":[{"href":"https:\/\/kajakaskaoprema.si\/en\/wp-json\/wp\/v2\/types\/product"}],"replies":[{"embeddable":true,"href":"https:\/\/kajakaskaoprema.si\/en\/wp-json\/wp\/v2\/comments?post=10845"}],"wp:featuredmedia":[{"embeddable":true,"href":"https:\/\/kajakaskaoprema.si\/en\/wp-json\/wp\/v2\/media\/10855"}],"wp:attachment":[{"href":"https:\/\/kajakaskaoprema.si\/en\/wp-json\/wp\/v2\/media?parent=10845"}],"wp:term":[{"taxonomy":"product_brand","embeddable":true,"href":"https:\/\/kajakaskaoprema.si\/en\/wp-json\/wp\/v2\/product_brand?post=10845"},{"taxonomy":"product_cat","embeddable":true,"href":"https:\/\/kajakaskaoprema.si\/en\/wp-json\/wp\/v2\/product_cat?post=10845"},{"taxonomy":"product_tag","embeddable":true,"href":"https:\/\/kajakaskaoprema.si\/en\/wp-json\/wp\/v2\/product_tag?post=10845"}],"curies":[{"name":"wp","href":"https:\/\/api.w.org\/{rel}","templated":true}]}}