{"id":10822,"date":"2024-11-05T16:55:39","date_gmt":"2024-11-05T15:55:39","guid":{"rendered":"https:\/\/kajakaskaoprema.si\/?post_type=product&#038;p=10822"},"modified":"2024-11-05T17:02:19","modified_gmt":"2024-11-05T16:02:19","slug":"resevalna-vrv-hawk-20-m","status":"publish","type":"product","link":"https:\/\/kajakaskaoprema.si\/en\/trgovina\/varovalna-oprema\/resevalna-vrv-hawk-20-m\/","title":{"rendered":"Re\u0161evalna vrv HAWK 20 m"},"content":{"rendered":"<p>Re\u0161evalna vrv <strong>HAWK 20 m<\/strong> je ena od treh novih vrvi, ki so uspe\u0161no izpodbijale status quo, kar velja za najbolj\u0161o zasnovo vrvi , opremljena z mehko votlo polipropilensko vrvjo debeline 10 mm in dol\u017eine 20 metrov. Sama torba je opremljena z inovativnimi funkcijami, zasnovanimi za hitrej\u0161o namestitev, la\u017ejo shranjevanje, vzdr\u017eljivej\u0161o in zanesljivej\u0161o kot kdaj koli prej. Razvita z vodniki in strokovnjaki za re\u0161evanje, ta vrv za re\u0161evanje pomeni resen posel in hkrati je tudi lepa.<\/p>\n<p>&nbsp;<\/p>\n<ul>\n<li>Okrepljen vstop z inovativnim zlo\u017eljivim mehanizmom je zavarovan z voja\u0161ko zaponko. Je hiter, zanesljiv, trpe\u017een in kompakten.<\/li>\n<li>Stena vre\u010de je oja\u010dana s PE peno, ki vre\u010do dr\u017ei na povr\u0161ini, prihrani dragocen prostor v notranjosti in ohranja obliko vre\u010de za la\u017eje podajanje vrvi.<\/li>\n<li>Kombinacija visoko natezne zanke s kovinskim obro\u010dem na notranji strani vre\u010dke omogo\u010da enostaven dostop do vozla. Izpostavljena zanka za pritrditev karabina ostane dosledna, ne glede na to, kako vrv prive\u017eete na kovinski obro\u010d.<\/li>\n<li>Konec vrvi je vidno ozna\u010den in imate mo\u017enost, da ga pritrdite v eno od dveh zank, ki se nahajata blizu odprtine.<\/li>\n<li>Torba je zdru\u017eljiva s pasnim sistemom NEST<\/li>\n<li>20 m dol\u017eine \/ 10 mm v premeru Polipropilenska votla vrv.<\/li>\n<\/ul>","protected":false},"excerpt":{"rendered":"<p>Re\u0161evalna vrv HAWK 20 m je ena od treh novih vrvi, ki so uspe\u0161no izpodbijale status quo, kar velja za najbolj\u0161o zasnovo vrvi , opremljena z mehko votlo polipropilensko vrvjo debeline 10 mm in dol\u017eine 20 metrov. Sama torba je opremljena z inovativnimi funkcijami, zasnovanimi za hitrej\u0161o namestitev, la\u017ejo shranjevanje, vzdr\u017eljivej\u0161o in zanesljivej\u0161o kot kdaj [&hellip;]<\/p>\n","protected":false},"featured_media":10823,"comment_status":"open","ping_status":"closed","template":"","meta":{"_et_pb_use_builder":"","_et_pb_old_content":"","_et_gb_content_width":""},"product_brand":[],"product_cat":[539],"product_tag":[],"class_list":{"0":"post-10822","1":"product","2":"type-product","3":"status-publish","4":"has-post-thumbnail","6":"product_cat-varovalna-oprema","8":"first","9":"instock","10":"shipping-taxable","11":"purchasable","12":"product-type-simple"},"yoast_head":"<!-- This site is optimized with the Yoast SEO plugin v27.0 - https:\/\/yoast.com\/product\/yoast-seo-wordpress\/ -->\n<title>Re\u0161evalna vrv HAWK 20 m | Kajaka\u0161ka Oprema<\/title>\n<meta name=\"description\" content=\"Re\u0161evalna vrv HAWK 20 m je ena od treh novih vrvi, ki so uspe\u0161no izpodbijale status quo, kar velja za najbolj\u0161o zasnovo vrvi , opremljena z mehko votlo\" \/>\n<meta name=\"robots\" content=\"index, follow, max-snippet:-1, max-image-preview:large, max-video-preview:-1\" \/>\n<link rel=\"canonical\" href=\"https:\/\/kajakaskaoprema.si\/en\/trgovina\/varovalna-oprema\/resevalna-vrv-hawk-20-m\/\" \/>\n<meta property=\"og:locale\" content=\"en_GB\" \/>\n<meta property=\"og:type\" content=\"article\" \/>\n<meta property=\"og:title\" content=\"Re\u0161evalna vrv HAWK 20 m | Kajaka\u0161ka Oprema\" \/>\n<meta property=\"og:description\" content=\"Re\u0161evalna vrv HAWK 20 m je ena od treh novih vrvi, ki so uspe\u0161no izpodbijale status quo, kar velja za najbolj\u0161o zasnovo vrvi , opremljena z mehko votlo\" \/>\n<meta property=\"og:url\" content=\"https:\/\/kajakaskaoprema.si\/en\/trgovina\/varovalna-oprema\/resevalna-vrv-hawk-20-m\/\" \/>\n<meta property=\"og:site_name\" content=\"Kajaka\u0161ka Oprema\" \/>\n<meta property=\"article:publisher\" content=\"https:\/\/www.facebook.com\/profile.php?id=100089048120006\" \/>\n<meta property=\"article:modified_time\" content=\"2024-11-05T16:02:19+00:00\" \/>\n<meta property=\"og:image\" content=\"https:\/\/kajakaskaoprema.si\/wp-content\/uploads\/2024\/11\/hawk-20-m.webp\" \/>\n\t<meta property=\"og:image:width\" content=\"1000\" \/>\n\t<meta property=\"og:image:height\" content=\"1000\" \/>\n\t<meta property=\"og:image:type\" content=\"image\/webp\" \/>\n<meta name=\"twitter:card\" content=\"summary_large_image\" \/>\n<meta name=\"twitter:label1\" content=\"Estimated reading time\" \/>\n\t<meta name=\"twitter:data1\" content=\"2 minutes\" \/>\n<!-- \/ Yoast SEO plugin. -->","yoast_head_json":{"title":"Re\u0161evalna vrv HAWK 20 m | Kajaka\u0161ka Oprema","description":"Re\u0161evalna vrv HAWK 20 m je ena od treh novih vrvi, ki so uspe\u0161no izpodbijale status quo, kar velja za najbolj\u0161o zasnovo vrvi , opremljena z mehko votlo","robots":{"index":"index","follow":"follow","max-snippet":"max-snippet:-1","max-image-preview":"max-image-preview:large","max-video-preview":"max-video-preview:-1"},"canonical":"https:\/\/kajakaskaoprema.si\/en\/trgovina\/varovalna-oprema\/resevalna-vrv-hawk-20-m\/","og_locale":"en_GB","og_type":"article","og_title":"Re\u0161evalna vrv HAWK 20 m | Kajaka\u0161ka Oprema","og_description":"Re\u0161evalna vrv HAWK 20 m je ena od treh novih vrvi, ki so uspe\u0161no izpodbijale status quo, kar velja za najbolj\u0161o zasnovo vrvi , opremljena z mehko votlo","og_url":"https:\/\/kajakaskaoprema.si\/en\/trgovina\/varovalna-oprema\/resevalna-vrv-hawk-20-m\/","og_site_name":"Kajaka\u0161ka Oprema","article_publisher":"https:\/\/www.facebook.com\/profile.php?id=100089048120006","article_modified_time":"2024-11-05T16:02:19+00:00","og_image":[{"width":1000,"height":1000,"url":"https:\/\/kajakaskaoprema.si\/wp-content\/uploads\/2024\/11\/hawk-20-m.webp","type":"image\/webp"}],"twitter_card":"summary_large_image","twitter_misc":{"Estimated reading time":"2 minutes"},"schema":{"@context":"https:\/\/schema.org","@graph":[{"@type":["WebPage","ItemPage"],"@id":"https:\/\/kajakaskaoprema.si\/trgovina\/varovalna-oprema\/resevalna-vrv-hawk-20-m\/","url":"https:\/\/kajakaskaoprema.si\/trgovina\/varovalna-oprema\/resevalna-vrv-hawk-20-m\/","name":"Re\u0161evalna vrv HAWK 20 m | Kajaka\u0161ka Oprema","isPartOf":{"@id":"https:\/\/kajakaskaoprema.si\/#website"},"primaryImageOfPage":{"@id":"https:\/\/kajakaskaoprema.si\/trgovina\/varovalna-oprema\/resevalna-vrv-hawk-20-m\/#primaryimage"},"image":{"@id":"https:\/\/kajakaskaoprema.si\/trgovina\/varovalna-oprema\/resevalna-vrv-hawk-20-m\/#primaryimage"},"thumbnailUrl":"https:\/\/kajakaskaoprema.si\/wp-content\/uploads\/2024\/11\/hawk-20-m.webp","datePublished":"2024-11-05T15:55:39+00:00","dateModified":"2024-11-05T16:02:19+00:00","description":"Re\u0161evalna vrv HAWK 20 m je ena od treh novih vrvi, ki so uspe\u0161no izpodbijale status quo, kar velja za najbolj\u0161o zasnovo vrvi , opremljena z mehko votlo","breadcrumb":{"@id":"https:\/\/kajakaskaoprema.si\/trgovina\/varovalna-oprema\/resevalna-vrv-hawk-20-m\/#breadcrumb"},"inLanguage":"en-GB","potentialAction":[{"@type":"ReadAction","target":["https:\/\/kajakaskaoprema.si\/trgovina\/varovalna-oprema\/resevalna-vrv-hawk-20-m\/"]}]},{"@type":"ImageObject","inLanguage":"en-GB","@id":"https:\/\/kajakaskaoprema.si\/trgovina\/varovalna-oprema\/resevalna-vrv-hawk-20-m\/#primaryimage","url":"https:\/\/kajakaskaoprema.si\/wp-content\/uploads\/2024\/11\/hawk-20-m.webp","contentUrl":"https:\/\/kajakaskaoprema.si\/wp-content\/uploads\/2024\/11\/hawk-20-m.webp","width":1000,"height":1000},{"@type":"BreadcrumbList","@id":"https:\/\/kajakaskaoprema.si\/trgovina\/varovalna-oprema\/resevalna-vrv-hawk-20-m\/#breadcrumb","itemListElement":[{"@type":"ListItem","position":1,"name":"Domov","item":"https:\/\/kajakaskaoprema.si\/"},{"@type":"ListItem","position":2,"name":"Trgovina","item":"https:\/\/kajakaskaoprema.si\/trgovina\/"},{"@type":"ListItem","position":3,"name":"Varovalna oprema","item":"https:\/\/kajakaskaoprema.si\/kolekcije\/varovalna-oprema\/"},{"@type":"ListItem","position":4,"name":"Re\u0161evalna vrv HAWK 20 m"}]},{"@type":"WebSite","@id":"https:\/\/kajakaskaoprema.si\/#website","url":"https:\/\/kajakaskaoprema.si\/","name":"Kajaka\u0161ka Oprema","description":"Spletna trgovina s kajaka\u0161ko opremo svetovno priznanih znamk. Idealno za vse ljubitelje adrenalina in vodnih \u0161portov.","publisher":{"@id":"https:\/\/kajakaskaoprema.si\/#organization"},"potentialAction":[{"@type":"SearchAction","target":{"@type":"EntryPoint","urlTemplate":"https:\/\/kajakaskaoprema.si\/?s={search_term_string}"},"query-input":{"@type":"PropertyValueSpecification","valueRequired":true,"valueName":"search_term_string"}}],"inLanguage":"en-GB"},{"@type":"Organization","@id":"https:\/\/kajakaskaoprema.si\/#organization","name":"Kajaka\u0161ka Oprema","url":"https:\/\/kajakaskaoprema.si\/","logo":{"@type":"ImageObject","inLanguage":"en-GB","@id":"https:\/\/kajakaskaoprema.si\/#\/schema\/logo\/image\/","url":"https:\/\/kajakaskaoprema.si\/wp-content\/uploads\/2022\/12\/Logo_Kajakaska-Oprema.png","contentUrl":"https:\/\/kajakaskaoprema.si\/wp-content\/uploads\/2022\/12\/Logo_Kajakaska-Oprema.png","width":250,"height":69,"caption":"Kajaka\u0161ka Oprema"},"image":{"@id":"https:\/\/kajakaskaoprema.si\/#\/schema\/logo\/image\/"},"sameAs":["https:\/\/www.facebook.com\/profile.php?id=100089048120006","https:\/\/www.instagram.com\/kajakaska_oprema\/?fbclid=IwAR2wP1CpCpqaC63UyJF_RvVrzwwz_bz6YVmg02z_LdA4tZuWdCWYKBih7zQ"]}]}},"_links":{"self":[{"href":"https:\/\/kajakaskaoprema.si\/en\/wp-json\/wp\/v2\/product\/10822","targetHints":{"allow":["GET"]}}],"collection":[{"href":"https:\/\/kajakaskaoprema.si\/en\/wp-json\/wp\/v2\/product"}],"about":[{"href":"https:\/\/kajakaskaoprema.si\/en\/wp-json\/wp\/v2\/types\/product"}],"replies":[{"embeddable":true,"href":"https:\/\/kajakaskaoprema.si\/en\/wp-json\/wp\/v2\/comments?post=10822"}],"wp:featuredmedia":[{"embeddable":true,"href":"https:\/\/kajakaskaoprema.si\/en\/wp-json\/wp\/v2\/media\/10823"}],"wp:attachment":[{"href":"https:\/\/kajakaskaoprema.si\/en\/wp-json\/wp\/v2\/media?parent=10822"}],"wp:term":[{"taxonomy":"product_brand","embeddable":true,"href":"https:\/\/kajakaskaoprema.si\/en\/wp-json\/wp\/v2\/product_brand?post=10822"},{"taxonomy":"product_cat","embeddable":true,"href":"https:\/\/kajakaskaoprema.si\/en\/wp-json\/wp\/v2\/product_cat?post=10822"},{"taxonomy":"product_tag","embeddable":true,"href":"https:\/\/kajakaskaoprema.si\/en\/wp-json\/wp\/v2\/product_tag?post=10822"}],"curies":[{"name":"wp","href":"https:\/\/api.w.org\/{rel}","templated":true}]}}