{"id":10737,"date":"2024-09-08T14:50:00","date_gmt":"2024-09-08T12:50:00","guid":{"rendered":"https:\/\/kajakaskaoprema.si\/?post_type=product&#038;p=10737"},"modified":"2025-03-20T08:27:27","modified_gmt":"2025-03-20T07:27:27","slug":"present-v-2-t-shirt","status":"publish","type":"product","link":"https:\/\/kajakaskaoprema.si\/en\/trgovina\/lifestyle\/present-v-2-t-shirt\/","title":{"rendered":"PRESENT V.2 T &#8211; shirt"},"content":{"rendered":"<h3><strong>Kratka majica PRESENT V.2\u00a0<\/strong><\/h3>\n<p>Na\u0161e majice so izdelane iz certificiranega organskega bomba\u017ea, ki nudi mehkobo in trajnost. Ta tkanina, izdelana brez \u0161kodljivih kemikalij, je ne\u017ena do va\u0161e ko\u017ee in okolja, zaradi \u010desar je idealna izbira za tiste, ki jim je mar za eti\u010dno modo in si \u017eelijo kratke majice, ki so tako dobre kot izgledajo.<\/p>\n<p>&nbsp;<\/p>","protected":false},"excerpt":{"rendered":"<p>Kratka majica PRESENT V.2\u00a0 Na\u0161e majice so izdelane iz certificiranega organskega bomba\u017ea, ki nudi mehkobo in trajnost. Ta tkanina, izdelana brez \u0161kodljivih kemikalij, je ne\u017ena do va\u0161e ko\u017ee in okolja, zaradi \u010desar je idealna izbira za tiste, ki jim je mar za eti\u010dno modo in si \u017eelijo kratke majice, ki so tako dobre kot izgledajo. [&hellip;]<\/p>\n","protected":false},"featured_media":10742,"comment_status":"open","ping_status":"closed","template":"","meta":{"_et_pb_use_builder":"","_et_pb_old_content":"","_et_gb_content_width":""},"product_brand":[],"product_cat":[557],"product_tag":[],"class_list":{"0":"post-10737","1":"product","2":"type-product","3":"status-publish","4":"has-post-thumbnail","6":"product_cat-lifestyle","7":"pa_velikost-s","8":"pa_velikost-m","9":"pa_velikost-l","10":"pa_velikost-xl","12":"first","13":"instock","14":"shipping-taxable","15":"purchasable","16":"product-type-variable"},"yoast_head":"<!-- This site is optimized with the Yoast SEO plugin v27.0 - https:\/\/yoast.com\/product\/yoast-seo-wordpress\/ -->\n<title>PRESENT V.2 T - shirt | Kajaka\u0161ka Oprema<\/title>\n<meta name=\"description\" content=\"Kratka majica PRESENT V.2\u00a0 Na\u0161e majice so izdelane iz certificiranega organskega bomba\u017ea, ki nudi mehkobo in trajnost. Ta tkanina, izdelana brez\" \/>\n<meta name=\"robots\" content=\"index, follow, max-snippet:-1, max-image-preview:large, max-video-preview:-1\" \/>\n<link rel=\"canonical\" href=\"https:\/\/kajakaskaoprema.si\/en\/trgovina\/lifestyle\/present-v-2-t-shirt\/\" \/>\n<meta property=\"og:locale\" content=\"en_GB\" \/>\n<meta property=\"og:type\" content=\"article\" \/>\n<meta property=\"og:title\" content=\"PRESENT V.2 T - shirt | Kajaka\u0161ka Oprema\" \/>\n<meta property=\"og:description\" content=\"Kratka majica PRESENT V.2\u00a0 Na\u0161e majice so izdelane iz certificiranega organskega bomba\u017ea, ki nudi mehkobo in trajnost. Ta tkanina, izdelana brez\" \/>\n<meta property=\"og:url\" content=\"https:\/\/kajakaskaoprema.si\/en\/trgovina\/lifestyle\/present-v-2-t-shirt\/\" \/>\n<meta property=\"og:site_name\" content=\"Kajaka\u0161ka Oprema\" \/>\n<meta property=\"article:publisher\" content=\"https:\/\/www.facebook.com\/profile.php?id=100089048120006\" \/>\n<meta property=\"article:modified_time\" content=\"2025-03-20T07:27:27+00:00\" \/>\n<meta property=\"og:image\" content=\"https:\/\/kajakaskaoprema.si\/wp-content\/uploads\/2024\/09\/Untitled-design-6.webp\" \/>\n\t<meta property=\"og:image:width\" content=\"1000\" \/>\n\t<meta property=\"og:image:height\" content=\"1000\" \/>\n\t<meta property=\"og:image:type\" content=\"image\/webp\" \/>\n<meta name=\"twitter:card\" content=\"summary_large_image\" \/>\n<meta name=\"twitter:label1\" content=\"Estimated reading time\" \/>\n\t<meta name=\"twitter:data1\" content=\"1 minute\" \/>\n<!-- \/ Yoast SEO plugin. -->","yoast_head_json":{"title":"PRESENT V.2 T - shirt | Kajaka\u0161ka Oprema","description":"Kratka majica PRESENT V.2\u00a0 Na\u0161e majice so izdelane iz certificiranega organskega bomba\u017ea, ki nudi mehkobo in trajnost. Ta tkanina, izdelana brez","robots":{"index":"index","follow":"follow","max-snippet":"max-snippet:-1","max-image-preview":"max-image-preview:large","max-video-preview":"max-video-preview:-1"},"canonical":"https:\/\/kajakaskaoprema.si\/en\/trgovina\/lifestyle\/present-v-2-t-shirt\/","og_locale":"en_GB","og_type":"article","og_title":"PRESENT V.2 T - shirt | Kajaka\u0161ka Oprema","og_description":"Kratka majica PRESENT V.2\u00a0 Na\u0161e majice so izdelane iz certificiranega organskega bomba\u017ea, ki nudi mehkobo in trajnost. Ta tkanina, izdelana brez","og_url":"https:\/\/kajakaskaoprema.si\/en\/trgovina\/lifestyle\/present-v-2-t-shirt\/","og_site_name":"Kajaka\u0161ka Oprema","article_publisher":"https:\/\/www.facebook.com\/profile.php?id=100089048120006","article_modified_time":"2025-03-20T07:27:27+00:00","og_image":[{"width":1000,"height":1000,"url":"https:\/\/kajakaskaoprema.si\/wp-content\/uploads\/2024\/09\/Untitled-design-6.webp","type":"image\/webp"}],"twitter_card":"summary_large_image","twitter_misc":{"Estimated reading time":"1 minute"},"schema":{"@context":"https:\/\/schema.org","@graph":[{"@type":["WebPage","ItemPage"],"@id":"https:\/\/kajakaskaoprema.si\/trgovina\/lifestyle\/present-v-2-t-shirt\/","url":"https:\/\/kajakaskaoprema.si\/trgovina\/lifestyle\/present-v-2-t-shirt\/","name":"PRESENT V.2 T - shirt | Kajaka\u0161ka Oprema","isPartOf":{"@id":"https:\/\/kajakaskaoprema.si\/#website"},"primaryImageOfPage":{"@id":"https:\/\/kajakaskaoprema.si\/trgovina\/lifestyle\/present-v-2-t-shirt\/#primaryimage"},"image":{"@id":"https:\/\/kajakaskaoprema.si\/trgovina\/lifestyle\/present-v-2-t-shirt\/#primaryimage"},"thumbnailUrl":"https:\/\/kajakaskaoprema.si\/wp-content\/uploads\/2024\/09\/Untitled-design-6.webp","datePublished":"2024-09-08T12:50:00+00:00","dateModified":"2025-03-20T07:27:27+00:00","description":"Kratka majica PRESENT V.2\u00a0 Na\u0161e majice so izdelane iz certificiranega organskega bomba\u017ea, ki nudi mehkobo in trajnost. Ta tkanina, izdelana brez","breadcrumb":{"@id":"https:\/\/kajakaskaoprema.si\/trgovina\/lifestyle\/present-v-2-t-shirt\/#breadcrumb"},"inLanguage":"en-GB","potentialAction":[{"@type":"ReadAction","target":["https:\/\/kajakaskaoprema.si\/trgovina\/lifestyle\/present-v-2-t-shirt\/"]}]},{"@type":"ImageObject","inLanguage":"en-GB","@id":"https:\/\/kajakaskaoprema.si\/trgovina\/lifestyle\/present-v-2-t-shirt\/#primaryimage","url":"https:\/\/kajakaskaoprema.si\/wp-content\/uploads\/2024\/09\/Untitled-design-6.webp","contentUrl":"https:\/\/kajakaskaoprema.si\/wp-content\/uploads\/2024\/09\/Untitled-design-6.webp","width":1000,"height":1000},{"@type":"BreadcrumbList","@id":"https:\/\/kajakaskaoprema.si\/trgovina\/lifestyle\/present-v-2-t-shirt\/#breadcrumb","itemListElement":[{"@type":"ListItem","position":1,"name":"Domov","item":"https:\/\/kajakaskaoprema.si\/"},{"@type":"ListItem","position":2,"name":"Trgovina","item":"https:\/\/kajakaskaoprema.si\/trgovina\/"},{"@type":"ListItem","position":3,"name":"Lifestyle","item":"https:\/\/kajakaskaoprema.si\/kolekcije\/lifestyle\/"},{"@type":"ListItem","position":4,"name":"PRESENT V.2 T &#8211; shirt"}]},{"@type":"WebSite","@id":"https:\/\/kajakaskaoprema.si\/#website","url":"https:\/\/kajakaskaoprema.si\/","name":"Kajaka\u0161ka Oprema","description":"Spletna trgovina s kajaka\u0161ko opremo svetovno priznanih znamk. Idealno za vse ljubitelje adrenalina in vodnih \u0161portov.","publisher":{"@id":"https:\/\/kajakaskaoprema.si\/#organization"},"potentialAction":[{"@type":"SearchAction","target":{"@type":"EntryPoint","urlTemplate":"https:\/\/kajakaskaoprema.si\/?s={search_term_string}"},"query-input":{"@type":"PropertyValueSpecification","valueRequired":true,"valueName":"search_term_string"}}],"inLanguage":"en-GB"},{"@type":"Organization","@id":"https:\/\/kajakaskaoprema.si\/#organization","name":"Kajaka\u0161ka Oprema","url":"https:\/\/kajakaskaoprema.si\/","logo":{"@type":"ImageObject","inLanguage":"en-GB","@id":"https:\/\/kajakaskaoprema.si\/#\/schema\/logo\/image\/","url":"https:\/\/kajakaskaoprema.si\/wp-content\/uploads\/2022\/12\/Logo_Kajakaska-Oprema.png","contentUrl":"https:\/\/kajakaskaoprema.si\/wp-content\/uploads\/2022\/12\/Logo_Kajakaska-Oprema.png","width":250,"height":69,"caption":"Kajaka\u0161ka Oprema"},"image":{"@id":"https:\/\/kajakaskaoprema.si\/#\/schema\/logo\/image\/"},"sameAs":["https:\/\/www.facebook.com\/profile.php?id=100089048120006","https:\/\/www.instagram.com\/kajakaska_oprema\/?fbclid=IwAR2wP1CpCpqaC63UyJF_RvVrzwwz_bz6YVmg02z_LdA4tZuWdCWYKBih7zQ"]}]}},"_links":{"self":[{"href":"https:\/\/kajakaskaoprema.si\/en\/wp-json\/wp\/v2\/product\/10737","targetHints":{"allow":["GET"]}}],"collection":[{"href":"https:\/\/kajakaskaoprema.si\/en\/wp-json\/wp\/v2\/product"}],"about":[{"href":"https:\/\/kajakaskaoprema.si\/en\/wp-json\/wp\/v2\/types\/product"}],"replies":[{"embeddable":true,"href":"https:\/\/kajakaskaoprema.si\/en\/wp-json\/wp\/v2\/comments?post=10737"}],"wp:featuredmedia":[{"embeddable":true,"href":"https:\/\/kajakaskaoprema.si\/en\/wp-json\/wp\/v2\/media\/10742"}],"wp:attachment":[{"href":"https:\/\/kajakaskaoprema.si\/en\/wp-json\/wp\/v2\/media?parent=10737"}],"wp:term":[{"taxonomy":"product_brand","embeddable":true,"href":"https:\/\/kajakaskaoprema.si\/en\/wp-json\/wp\/v2\/product_brand?post=10737"},{"taxonomy":"product_cat","embeddable":true,"href":"https:\/\/kajakaskaoprema.si\/en\/wp-json\/wp\/v2\/product_cat?post=10737"},{"taxonomy":"product_tag","embeddable":true,"href":"https:\/\/kajakaskaoprema.si\/en\/wp-json\/wp\/v2\/product_tag?post=10737"}],"curies":[{"name":"wp","href":"https:\/\/api.w.org\/{rel}","templated":true}]}}