{"id":10719,"date":"2024-09-08T13:41:52","date_gmt":"2024-09-08T11:41:52","guid":{"rendered":"https:\/\/kajakaskaoprema.si\/?post_type=product&#038;p=10719"},"modified":"2025-03-20T08:30:11","modified_gmt":"2025-03-20T07:30:11","slug":"nuevo-v-2-hoodie","status":"publish","type":"product","link":"https:\/\/kajakaskaoprema.si\/en\/trgovina\/lifestyle\/nuevo-v-2-hoodie\/","title":{"rendered":"NUEVO V.2 Hoodie"},"content":{"rendered":"<h3><strong>NUEVO V.2 Hoodie\u00a0<\/strong><\/h3>\n<p>Pulover s kapuco v na\u0161i kolekciji je narejen iz \u00a0bomba\u017ea tiger, revolucionarne tkanine, ki zdru\u017euje certificiran organski bomba\u017e z inovativnimi kmetijskimi praksami, namenjenimi obnovi biotske raznovrstnosti. Bomba\u017e tiger podpira male kmete in spodbuja trajnostno proizvodnjo, zaradi \u010desar je ta pulover s kapuco tako udoben. Mehka, trpe\u017ena in popolna za hladnej\u0161e ve\u010dere po dolgem dnevu na vodi.<\/p>","protected":false},"excerpt":{"rendered":"<p>NUEVO V.2 Hoodie\u00a0 Pulover s kapuco v na\u0161i kolekciji je narejen iz \u00a0bomba\u017ea tiger, revolucionarne tkanine, ki zdru\u017euje certificiran organski bomba\u017e z inovativnimi kmetijskimi praksami, namenjenimi obnovi biotske raznovrstnosti. Bomba\u017e tiger podpira male kmete in spodbuja trajnostno proizvodnjo, zaradi \u010desar je ta pulover s kapuco tako udoben. Mehka, trpe\u017ena in popolna za hladnej\u0161e ve\u010dere po [&hellip;]<\/p>\n","protected":false},"featured_media":10718,"comment_status":"open","ping_status":"closed","template":"","meta":{"_et_pb_use_builder":"","_et_pb_old_content":"","_et_gb_content_width":""},"product_brand":[],"product_cat":[557],"product_tag":[],"class_list":{"0":"post-10719","1":"product","2":"type-product","3":"status-publish","4":"has-post-thumbnail","6":"product_cat-lifestyle","7":"pa_velikost-xs","8":"pa_velikost-s","9":"pa_velikost-m","10":"pa_velikost-l","11":"pa_velikost-xl","12":"pa_velikost-xxl","14":"first","15":"instock","16":"shipping-taxable","17":"purchasable","18":"product-type-variable"},"yoast_head":"<!-- This site is optimized with the Yoast SEO plugin v27.0 - https:\/\/yoast.com\/product\/yoast-seo-wordpress\/ -->\n<title>NUEVO V.2 Hoodie | Kajaka\u0161ka Oprema<\/title>\n<meta name=\"description\" content=\"NUEVO V.2 Hoodie\u00a0 Pulover s kapuco v na\u0161i kolekciji je narejen iz \u00a0bomba\u017ea tiger, revolucionarne tkanine, ki zdru\u017euje certificiran organski bomba\u017e z\" \/>\n<meta name=\"robots\" content=\"index, follow, max-snippet:-1, max-image-preview:large, max-video-preview:-1\" \/>\n<link rel=\"canonical\" href=\"https:\/\/kajakaskaoprema.si\/en\/trgovina\/lifestyle\/nuevo-v-2-hoodie\/\" \/>\n<meta property=\"og:locale\" content=\"en_GB\" \/>\n<meta property=\"og:type\" content=\"article\" \/>\n<meta property=\"og:title\" content=\"NUEVO V.2 Hoodie | Kajaka\u0161ka Oprema\" \/>\n<meta property=\"og:description\" content=\"NUEVO V.2 Hoodie\u00a0 Pulover s kapuco v na\u0161i kolekciji je narejen iz \u00a0bomba\u017ea tiger, revolucionarne tkanine, ki zdru\u017euje certificiran organski bomba\u017e z\" \/>\n<meta property=\"og:url\" content=\"https:\/\/kajakaskaoprema.si\/en\/trgovina\/lifestyle\/nuevo-v-2-hoodie\/\" \/>\n<meta property=\"og:site_name\" content=\"Kajaka\u0161ka Oprema\" \/>\n<meta property=\"article:publisher\" content=\"https:\/\/www.facebook.com\/profile.php?id=100089048120006\" \/>\n<meta property=\"article:modified_time\" content=\"2025-03-20T07:30:11+00:00\" \/>\n<meta property=\"og:image\" content=\"https:\/\/kajakaskaoprema.si\/wp-content\/uploads\/2024\/09\/Untitled-design.webp\" \/>\n\t<meta property=\"og:image:width\" content=\"1125\" \/>\n\t<meta property=\"og:image:height\" content=\"1125\" \/>\n\t<meta property=\"og:image:type\" content=\"image\/webp\" \/>\n<meta name=\"twitter:card\" content=\"summary_large_image\" \/>\n<meta name=\"twitter:label1\" content=\"Estimated reading time\" \/>\n\t<meta name=\"twitter:data1\" content=\"1 minute\" \/>\n<!-- \/ Yoast SEO plugin. -->","yoast_head_json":{"title":"NUEVO V.2 Hoodie | Kajaka\u0161ka Oprema","description":"NUEVO V.2 Hoodie\u00a0 Pulover s kapuco v na\u0161i kolekciji je narejen iz \u00a0bomba\u017ea tiger, revolucionarne tkanine, ki zdru\u017euje certificiran organski bomba\u017e z","robots":{"index":"index","follow":"follow","max-snippet":"max-snippet:-1","max-image-preview":"max-image-preview:large","max-video-preview":"max-video-preview:-1"},"canonical":"https:\/\/kajakaskaoprema.si\/en\/trgovina\/lifestyle\/nuevo-v-2-hoodie\/","og_locale":"en_GB","og_type":"article","og_title":"NUEVO V.2 Hoodie | Kajaka\u0161ka Oprema","og_description":"NUEVO V.2 Hoodie\u00a0 Pulover s kapuco v na\u0161i kolekciji je narejen iz \u00a0bomba\u017ea tiger, revolucionarne tkanine, ki zdru\u017euje certificiran organski bomba\u017e z","og_url":"https:\/\/kajakaskaoprema.si\/en\/trgovina\/lifestyle\/nuevo-v-2-hoodie\/","og_site_name":"Kajaka\u0161ka Oprema","article_publisher":"https:\/\/www.facebook.com\/profile.php?id=100089048120006","article_modified_time":"2025-03-20T07:30:11+00:00","og_image":[{"width":1125,"height":1125,"url":"https:\/\/kajakaskaoprema.si\/wp-content\/uploads\/2024\/09\/Untitled-design.webp","type":"image\/webp"}],"twitter_card":"summary_large_image","twitter_misc":{"Estimated reading time":"1 minute"},"schema":{"@context":"https:\/\/schema.org","@graph":[{"@type":["WebPage","ItemPage"],"@id":"https:\/\/kajakaskaoprema.si\/trgovina\/lifestyle\/nuevo-v-2-hoodie\/","url":"https:\/\/kajakaskaoprema.si\/trgovina\/lifestyle\/nuevo-v-2-hoodie\/","name":"NUEVO V.2 Hoodie | Kajaka\u0161ka Oprema","isPartOf":{"@id":"https:\/\/kajakaskaoprema.si\/#website"},"primaryImageOfPage":{"@id":"https:\/\/kajakaskaoprema.si\/trgovina\/lifestyle\/nuevo-v-2-hoodie\/#primaryimage"},"image":{"@id":"https:\/\/kajakaskaoprema.si\/trgovina\/lifestyle\/nuevo-v-2-hoodie\/#primaryimage"},"thumbnailUrl":"https:\/\/kajakaskaoprema.si\/wp-content\/uploads\/2024\/09\/Untitled-design.webp","datePublished":"2024-09-08T11:41:52+00:00","dateModified":"2025-03-20T07:30:11+00:00","description":"NUEVO V.2 Hoodie\u00a0 Pulover s kapuco v na\u0161i kolekciji je narejen iz \u00a0bomba\u017ea tiger, revolucionarne tkanine, ki zdru\u017euje certificiran organski bomba\u017e z","breadcrumb":{"@id":"https:\/\/kajakaskaoprema.si\/trgovina\/lifestyle\/nuevo-v-2-hoodie\/#breadcrumb"},"inLanguage":"en-GB","potentialAction":[{"@type":"ReadAction","target":["https:\/\/kajakaskaoprema.si\/trgovina\/lifestyle\/nuevo-v-2-hoodie\/"]}]},{"@type":"ImageObject","inLanguage":"en-GB","@id":"https:\/\/kajakaskaoprema.si\/trgovina\/lifestyle\/nuevo-v-2-hoodie\/#primaryimage","url":"https:\/\/kajakaskaoprema.si\/wp-content\/uploads\/2024\/09\/Untitled-design.webp","contentUrl":"https:\/\/kajakaskaoprema.si\/wp-content\/uploads\/2024\/09\/Untitled-design.webp","width":1125,"height":1125},{"@type":"BreadcrumbList","@id":"https:\/\/kajakaskaoprema.si\/trgovina\/lifestyle\/nuevo-v-2-hoodie\/#breadcrumb","itemListElement":[{"@type":"ListItem","position":1,"name":"Domov","item":"https:\/\/kajakaskaoprema.si\/"},{"@type":"ListItem","position":2,"name":"Trgovina","item":"https:\/\/kajakaskaoprema.si\/trgovina\/"},{"@type":"ListItem","position":3,"name":"Lifestyle","item":"https:\/\/kajakaskaoprema.si\/kolekcije\/lifestyle\/"},{"@type":"ListItem","position":4,"name":"NUEVO V.2 Hoodie"}]},{"@type":"WebSite","@id":"https:\/\/kajakaskaoprema.si\/#website","url":"https:\/\/kajakaskaoprema.si\/","name":"Kajaka\u0161ka Oprema","description":"Spletna trgovina s kajaka\u0161ko opremo svetovno priznanih znamk. Idealno za vse ljubitelje adrenalina in vodnih \u0161portov.","publisher":{"@id":"https:\/\/kajakaskaoprema.si\/#organization"},"potentialAction":[{"@type":"SearchAction","target":{"@type":"EntryPoint","urlTemplate":"https:\/\/kajakaskaoprema.si\/?s={search_term_string}"},"query-input":{"@type":"PropertyValueSpecification","valueRequired":true,"valueName":"search_term_string"}}],"inLanguage":"en-GB"},{"@type":"Organization","@id":"https:\/\/kajakaskaoprema.si\/#organization","name":"Kajaka\u0161ka Oprema","url":"https:\/\/kajakaskaoprema.si\/","logo":{"@type":"ImageObject","inLanguage":"en-GB","@id":"https:\/\/kajakaskaoprema.si\/#\/schema\/logo\/image\/","url":"https:\/\/kajakaskaoprema.si\/wp-content\/uploads\/2022\/12\/Logo_Kajakaska-Oprema.png","contentUrl":"https:\/\/kajakaskaoprema.si\/wp-content\/uploads\/2022\/12\/Logo_Kajakaska-Oprema.png","width":250,"height":69,"caption":"Kajaka\u0161ka Oprema"},"image":{"@id":"https:\/\/kajakaskaoprema.si\/#\/schema\/logo\/image\/"},"sameAs":["https:\/\/www.facebook.com\/profile.php?id=100089048120006","https:\/\/www.instagram.com\/kajakaska_oprema\/?fbclid=IwAR2wP1CpCpqaC63UyJF_RvVrzwwz_bz6YVmg02z_LdA4tZuWdCWYKBih7zQ"]}]}},"_links":{"self":[{"href":"https:\/\/kajakaskaoprema.si\/en\/wp-json\/wp\/v2\/product\/10719","targetHints":{"allow":["GET"]}}],"collection":[{"href":"https:\/\/kajakaskaoprema.si\/en\/wp-json\/wp\/v2\/product"}],"about":[{"href":"https:\/\/kajakaskaoprema.si\/en\/wp-json\/wp\/v2\/types\/product"}],"replies":[{"embeddable":true,"href":"https:\/\/kajakaskaoprema.si\/en\/wp-json\/wp\/v2\/comments?post=10719"}],"wp:featuredmedia":[{"embeddable":true,"href":"https:\/\/kajakaskaoprema.si\/en\/wp-json\/wp\/v2\/media\/10718"}],"wp:attachment":[{"href":"https:\/\/kajakaskaoprema.si\/en\/wp-json\/wp\/v2\/media?parent=10719"}],"wp:term":[{"taxonomy":"product_brand","embeddable":true,"href":"https:\/\/kajakaskaoprema.si\/en\/wp-json\/wp\/v2\/product_brand?post=10719"},{"taxonomy":"product_cat","embeddable":true,"href":"https:\/\/kajakaskaoprema.si\/en\/wp-json\/wp\/v2\/product_cat?post=10719"},{"taxonomy":"product_tag","embeddable":true,"href":"https:\/\/kajakaskaoprema.si\/en\/wp-json\/wp\/v2\/product_tag?post=10719"}],"curies":[{"name":"wp","href":"https:\/\/api.w.org\/{rel}","templated":true}]}}