{"id":10697,"date":"2024-09-02T18:10:32","date_gmt":"2024-09-02T16:10:32","guid":{"rendered":"https:\/\/kajakaskaoprema.si\/?post_type=product&#038;p=10697"},"modified":"2024-09-02T18:10:32","modified_gmt":"2024-09-02T16:10:32","slug":"anorak-ramble","status":"publish","type":"product","link":"https:\/\/kajakaskaoprema.si\/en\/trgovina\/razprodaja\/anorak-ramble\/","title":{"rendered":"ANORAK RAMBLE"},"content":{"rendered":"<p>Anorak Ramble je primeren za kajaka\u0161tvo, ribolov, pohodni\u0161tvo ali jadranje.<\/p>\n<p>Velikost: S<\/p>","protected":false},"excerpt":{"rendered":"<p>Anorak Ramble je primeren za kajaka\u0161tvo, ribolov, pohodni\u0161tvo ali jadranje. Velikost: S<\/p>","protected":false},"featured_media":10686,"comment_status":"open","ping_status":"closed","template":"","meta":{"_et_pb_use_builder":"","_et_pb_old_content":"","_et_gb_content_width":""},"product_brand":[],"product_cat":[202],"product_tag":[],"class_list":{"0":"post-10697","1":"product","2":"type-product","3":"status-publish","4":"has-post-thumbnail","6":"product_cat-razprodaja","8":"first","9":"instock","10":"sale","11":"shipping-taxable","12":"purchasable","13":"product-type-simple"},"yoast_head":"<!-- This site is optimized with the Yoast SEO plugin v27.0 - https:\/\/yoast.com\/product\/yoast-seo-wordpress\/ -->\n<title>ANORAK RAMBLE | Kajaka\u0161ka Oprema<\/title>\n<meta name=\"description\" content=\"Anorak Ramble je primeren za kajaka\u0161tvo, ribolov, pohodni\u0161tvo ali jadranje.  Velikost: S\" \/>\n<meta name=\"robots\" content=\"index, follow, max-snippet:-1, max-image-preview:large, max-video-preview:-1\" \/>\n<link rel=\"canonical\" href=\"https:\/\/kajakaskaoprema.si\/en\/trgovina\/razprodaja\/anorak-ramble\/\" \/>\n<meta property=\"og:locale\" content=\"en_GB\" \/>\n<meta property=\"og:type\" content=\"article\" \/>\n<meta property=\"og:title\" content=\"ANORAK RAMBLE | Kajaka\u0161ka Oprema\" \/>\n<meta property=\"og:description\" content=\"Anorak Ramble je primeren za kajaka\u0161tvo, ribolov, pohodni\u0161tvo ali jadranje.  Velikost: S\" \/>\n<meta property=\"og:url\" content=\"https:\/\/kajakaskaoprema.si\/en\/trgovina\/razprodaja\/anorak-ramble\/\" \/>\n<meta property=\"og:site_name\" content=\"Kajaka\u0161ka Oprema\" \/>\n<meta property=\"article:publisher\" content=\"https:\/\/www.facebook.com\/profile.php?id=100089048120006\" \/>\n<meta property=\"og:image\" content=\"https:\/\/kajakaskaoprema.si\/wp-content\/uploads\/2024\/09\/RAMBLE-.webp\" \/>\n\t<meta property=\"og:image:width\" content=\"1000\" \/>\n\t<meta property=\"og:image:height\" content=\"1000\" \/>\n\t<meta property=\"og:image:type\" content=\"image\/webp\" \/>\n<meta name=\"twitter:card\" content=\"summary_large_image\" \/>\n<meta name=\"twitter:label1\" content=\"Estimated reading time\" \/>\n\t<meta name=\"twitter:data1\" content=\"1 minute\" \/>\n<!-- \/ Yoast SEO plugin. -->","yoast_head_json":{"title":"ANORAK RAMBLE | Kajaka\u0161ka Oprema","description":"Anorak Ramble je primeren za kajaka\u0161tvo, ribolov, pohodni\u0161tvo ali jadranje.  Velikost: S","robots":{"index":"index","follow":"follow","max-snippet":"max-snippet:-1","max-image-preview":"max-image-preview:large","max-video-preview":"max-video-preview:-1"},"canonical":"https:\/\/kajakaskaoprema.si\/en\/trgovina\/razprodaja\/anorak-ramble\/","og_locale":"en_GB","og_type":"article","og_title":"ANORAK RAMBLE | Kajaka\u0161ka Oprema","og_description":"Anorak Ramble je primeren za kajaka\u0161tvo, ribolov, pohodni\u0161tvo ali jadranje.  Velikost: S","og_url":"https:\/\/kajakaskaoprema.si\/en\/trgovina\/razprodaja\/anorak-ramble\/","og_site_name":"Kajaka\u0161ka Oprema","article_publisher":"https:\/\/www.facebook.com\/profile.php?id=100089048120006","og_image":[{"width":1000,"height":1000,"url":"https:\/\/kajakaskaoprema.si\/wp-content\/uploads\/2024\/09\/RAMBLE-.webp","type":"image\/webp"}],"twitter_card":"summary_large_image","twitter_misc":{"Estimated reading time":"1 minute"},"schema":{"@context":"https:\/\/schema.org","@graph":[{"@type":["WebPage","ItemPage"],"@id":"https:\/\/kajakaskaoprema.si\/trgovina\/razprodaja\/anorak-ramble\/","url":"https:\/\/kajakaskaoprema.si\/trgovina\/razprodaja\/anorak-ramble\/","name":"ANORAK RAMBLE | Kajaka\u0161ka Oprema","isPartOf":{"@id":"https:\/\/kajakaskaoprema.si\/#website"},"primaryImageOfPage":{"@id":"https:\/\/kajakaskaoprema.si\/trgovina\/razprodaja\/anorak-ramble\/#primaryimage"},"image":{"@id":"https:\/\/kajakaskaoprema.si\/trgovina\/razprodaja\/anorak-ramble\/#primaryimage"},"thumbnailUrl":"https:\/\/kajakaskaoprema.si\/wp-content\/uploads\/2024\/09\/RAMBLE-.webp","datePublished":"2024-09-02T16:10:32+00:00","description":"Anorak Ramble je primeren za kajaka\u0161tvo, ribolov, pohodni\u0161tvo ali jadranje. Velikost: S","breadcrumb":{"@id":"https:\/\/kajakaskaoprema.si\/trgovina\/razprodaja\/anorak-ramble\/#breadcrumb"},"inLanguage":"en-GB","potentialAction":[{"@type":"ReadAction","target":["https:\/\/kajakaskaoprema.si\/trgovina\/razprodaja\/anorak-ramble\/"]}]},{"@type":"ImageObject","inLanguage":"en-GB","@id":"https:\/\/kajakaskaoprema.si\/trgovina\/razprodaja\/anorak-ramble\/#primaryimage","url":"https:\/\/kajakaskaoprema.si\/wp-content\/uploads\/2024\/09\/RAMBLE-.webp","contentUrl":"https:\/\/kajakaskaoprema.si\/wp-content\/uploads\/2024\/09\/RAMBLE-.webp","width":1000,"height":1000},{"@type":"BreadcrumbList","@id":"https:\/\/kajakaskaoprema.si\/trgovina\/razprodaja\/anorak-ramble\/#breadcrumb","itemListElement":[{"@type":"ListItem","position":1,"name":"Domov","item":"https:\/\/kajakaskaoprema.si\/"},{"@type":"ListItem","position":2,"name":"Trgovina","item":"https:\/\/kajakaskaoprema.si\/trgovina\/"},{"@type":"ListItem","position":3,"name":"Razprodaja","item":"https:\/\/kajakaskaoprema.si\/kolekcije\/razprodaja\/"},{"@type":"ListItem","position":4,"name":"ANORAK RAMBLE"}]},{"@type":"WebSite","@id":"https:\/\/kajakaskaoprema.si\/#website","url":"https:\/\/kajakaskaoprema.si\/","name":"Kajaka\u0161ka Oprema","description":"Spletna trgovina s kajaka\u0161ko opremo svetovno priznanih znamk. Idealno za vse ljubitelje adrenalina in vodnih \u0161portov.","publisher":{"@id":"https:\/\/kajakaskaoprema.si\/#organization"},"potentialAction":[{"@type":"SearchAction","target":{"@type":"EntryPoint","urlTemplate":"https:\/\/kajakaskaoprema.si\/?s={search_term_string}"},"query-input":{"@type":"PropertyValueSpecification","valueRequired":true,"valueName":"search_term_string"}}],"inLanguage":"en-GB"},{"@type":"Organization","@id":"https:\/\/kajakaskaoprema.si\/#organization","name":"Kajaka\u0161ka Oprema","url":"https:\/\/kajakaskaoprema.si\/","logo":{"@type":"ImageObject","inLanguage":"en-GB","@id":"https:\/\/kajakaskaoprema.si\/#\/schema\/logo\/image\/","url":"https:\/\/kajakaskaoprema.si\/wp-content\/uploads\/2022\/12\/Logo_Kajakaska-Oprema.png","contentUrl":"https:\/\/kajakaskaoprema.si\/wp-content\/uploads\/2022\/12\/Logo_Kajakaska-Oprema.png","width":250,"height":69,"caption":"Kajaka\u0161ka Oprema"},"image":{"@id":"https:\/\/kajakaskaoprema.si\/#\/schema\/logo\/image\/"},"sameAs":["https:\/\/www.facebook.com\/profile.php?id=100089048120006","https:\/\/www.instagram.com\/kajakaska_oprema\/?fbclid=IwAR2wP1CpCpqaC63UyJF_RvVrzwwz_bz6YVmg02z_LdA4tZuWdCWYKBih7zQ"]}]}},"_links":{"self":[{"href":"https:\/\/kajakaskaoprema.si\/en\/wp-json\/wp\/v2\/product\/10697","targetHints":{"allow":["GET"]}}],"collection":[{"href":"https:\/\/kajakaskaoprema.si\/en\/wp-json\/wp\/v2\/product"}],"about":[{"href":"https:\/\/kajakaskaoprema.si\/en\/wp-json\/wp\/v2\/types\/product"}],"replies":[{"embeddable":true,"href":"https:\/\/kajakaskaoprema.si\/en\/wp-json\/wp\/v2\/comments?post=10697"}],"wp:featuredmedia":[{"embeddable":true,"href":"https:\/\/kajakaskaoprema.si\/en\/wp-json\/wp\/v2\/media\/10686"}],"wp:attachment":[{"href":"https:\/\/kajakaskaoprema.si\/en\/wp-json\/wp\/v2\/media?parent=10697"}],"wp:term":[{"taxonomy":"product_brand","embeddable":true,"href":"https:\/\/kajakaskaoprema.si\/en\/wp-json\/wp\/v2\/product_brand?post=10697"},{"taxonomy":"product_cat","embeddable":true,"href":"https:\/\/kajakaskaoprema.si\/en\/wp-json\/wp\/v2\/product_cat?post=10697"},{"taxonomy":"product_tag","embeddable":true,"href":"https:\/\/kajakaskaoprema.si\/en\/wp-json\/wp\/v2\/product_tag?post=10697"}],"curies":[{"name":"wp","href":"https:\/\/api.w.org\/{rel}","templated":true}]}}