{"id":10336,"date":"2023-08-25T13:28:03","date_gmt":"2023-08-25T11:28:03","guid":{"rendered":"https:\/\/kajakaskaoprema.si\/?post_type=product&#038;p=10336"},"modified":"2024-08-12T20:53:57","modified_gmt":"2024-08-12T18:53:57","slug":"jobe-yarra-elite-10-6-inflatable-paddle-board","status":"publish","type":"product","link":"https:\/\/kajakaskaoprema.si\/en\/trgovina\/sup\/jobe-yarra-elite-10-6-inflatable-paddle-board\/","title":{"rendered":"JOBE YARRA ELITE 10.6 INFLATABLE PADDLE BOARD"},"content":{"rendered":"<p><strong>JOBE YARRA ELITE 10.6<\/strong><\/p>\n<p>Ste pripravljeni na naslednji korak v va\u0161i SUP avanturi? Predstavljamo vam paket napihljive SUP deske Jobe Yarra Elite 10.6. Z uvedbo serije desk Elite smo nivo desk dvignili \u0161e korak vi\u0161je. &#8220;Vedno obstaja prostor za izbolj\u0161ave&#8221; pri paketu Yarra Elite preprosto ne velja. Razli\u010dica Elite na\u0161e deske Yarra 10.6 je opremljena z inovacijami naslednje generacije, kot so nov sistem kavljev, sendwich railtape, karbonske letvice in \u0161e mnogo, mnogo ve\u010d! Dodali smo tudi najbolj vrhunske potrebne dodatke, da vam zagotovimo najbolj\u0161o mo\u017eno izku\u0161njo. Oglejte si paket napihljive vesla\u0161ke deske Jobe Yarra Elite 10.6 in se prepri\u010dajte, zakaj je ta deska cr\u00e8me de la cr\u00e8me.<\/p>\n<p><strong>Specifications:<\/strong><\/p>\n<ul>\n<li>Recommended rider weight: Up to 140kg | 308 lbs<\/li>\n<li>Board weight: 9,7 kg | 21,2 lbs<\/li>\n<li>Package weight: 14,7 kg | 32,2 lbs<\/li>\n<li>Dimenzije: Velikost: 10,6&#8243; x 32&#8243; x 6&#8243; | 320 x 81,3 x 15 cm<\/li>\n<li>Volume: 310l<\/li>\n<li>Package contains: Aero Elite Yarra SUP board 10.6, adjustable 100% carbon 3-piece paddle, 1 big Waterproof backpack, 1 small drybag, triple action pump, Padded Quick Release Waist Belt, 10ft \/ 3,04m coiled leash<\/li>\n<\/ul>","protected":false},"excerpt":{"rendered":"<p>JOBE YARRA ELITE 10.6 Ste pripravljeni na naslednji korak v va\u0161i SUP avanturi? Predstavljamo vam paket napihljive SUP deske Jobe Yarra Elite 10.6. Z uvedbo serije desk Elite smo nivo desk dvignili \u0161e korak vi\u0161je. &#8220;Vedno obstaja prostor za izbolj\u0161ave&#8221; pri paketu Yarra Elite preprosto ne velja. Razli\u010dica Elite na\u0161e deske Yarra 10.6 je opremljena [&hellip;]<\/p>\n","protected":false},"featured_media":10337,"comment_status":"open","ping_status":"closed","template":"","meta":{"_et_pb_use_builder":"","_et_pb_old_content":"","_et_gb_content_width":""},"product_brand":[],"product_cat":[552],"product_tag":[553],"class_list":{"0":"post-10336","1":"product","2":"type-product","3":"status-publish","4":"has-post-thumbnail","6":"product_cat-sup","7":"product_tag-sup","9":"first","10":"outofstock","11":"shipping-taxable","12":"purchasable","13":"product-type-simple"},"yoast_head":"<!-- This site is optimized with the Yoast SEO plugin v27.0 - https:\/\/yoast.com\/product\/yoast-seo-wordpress\/ -->\n<title>JOBE YARRA ELITE 10.6 INFLATABLE PADDLE BOARD | Kajaka\u0161ka Oprema<\/title>\n<meta name=\"description\" content=\"JOBE YARRA ELITE 10.6 Ste pripravljeni na naslednji korak v va\u0161i SUP avanturi? Predstavljamo vam paket napihljive SUP deske Jobe Yarra Elite 10.6. Z\" \/>\n<meta name=\"robots\" content=\"index, follow, max-snippet:-1, max-image-preview:large, max-video-preview:-1\" \/>\n<link rel=\"canonical\" href=\"https:\/\/kajakaskaoprema.si\/en\/trgovina\/sup\/jobe-yarra-elite-10-6-inflatable-paddle-board\/\" \/>\n<meta property=\"og:locale\" content=\"en_GB\" \/>\n<meta property=\"og:type\" content=\"article\" \/>\n<meta property=\"og:title\" content=\"JOBE YARRA ELITE 10.6 INFLATABLE PADDLE BOARD | Kajaka\u0161ka Oprema\" \/>\n<meta property=\"og:description\" content=\"JOBE YARRA ELITE 10.6 Ste pripravljeni na naslednji korak v va\u0161i SUP avanturi? Predstavljamo vam paket napihljive SUP deske Jobe Yarra Elite 10.6. Z\" \/>\n<meta property=\"og:url\" content=\"https:\/\/kajakaskaoprema.si\/en\/trgovina\/sup\/jobe-yarra-elite-10-6-inflatable-paddle-board\/\" \/>\n<meta property=\"og:site_name\" content=\"Kajaka\u0161ka Oprema\" \/>\n<meta property=\"article:publisher\" content=\"https:\/\/www.facebook.com\/profile.php?id=100089048120006\" \/>\n<meta property=\"article:modified_time\" content=\"2024-08-12T18:53:57+00:00\" \/>\n<meta property=\"og:image\" content=\"https:\/\/kajakaskaoprema.si\/wp-content\/uploads\/2023\/08\/Untitled-design-38.webp\" \/>\n\t<meta property=\"og:image:width\" content=\"1000\" \/>\n\t<meta property=\"og:image:height\" content=\"1000\" \/>\n\t<meta property=\"og:image:type\" content=\"image\/webp\" \/>\n<meta name=\"twitter:card\" content=\"summary_large_image\" \/>\n<meta name=\"twitter:label1\" content=\"Estimated reading time\" \/>\n\t<meta name=\"twitter:data1\" content=\"1 minute\" \/>\n<!-- \/ Yoast SEO plugin. -->","yoast_head_json":{"title":"JOBE YARRA ELITE 10.6 INFLATABLE PADDLE BOARD | Kajaka\u0161ka Oprema","description":"JOBE YARRA ELITE 10.6 Ste pripravljeni na naslednji korak v va\u0161i SUP avanturi? Predstavljamo vam paket napihljive SUP deske Jobe Yarra Elite 10.6. Z","robots":{"index":"index","follow":"follow","max-snippet":"max-snippet:-1","max-image-preview":"max-image-preview:large","max-video-preview":"max-video-preview:-1"},"canonical":"https:\/\/kajakaskaoprema.si\/en\/trgovina\/sup\/jobe-yarra-elite-10-6-inflatable-paddle-board\/","og_locale":"en_GB","og_type":"article","og_title":"JOBE YARRA ELITE 10.6 INFLATABLE PADDLE BOARD | Kajaka\u0161ka Oprema","og_description":"JOBE YARRA ELITE 10.6 Ste pripravljeni na naslednji korak v va\u0161i SUP avanturi? Predstavljamo vam paket napihljive SUP deske Jobe Yarra Elite 10.6. Z","og_url":"https:\/\/kajakaskaoprema.si\/en\/trgovina\/sup\/jobe-yarra-elite-10-6-inflatable-paddle-board\/","og_site_name":"Kajaka\u0161ka Oprema","article_publisher":"https:\/\/www.facebook.com\/profile.php?id=100089048120006","article_modified_time":"2024-08-12T18:53:57+00:00","og_image":[{"width":1000,"height":1000,"url":"https:\/\/kajakaskaoprema.si\/wp-content\/uploads\/2023\/08\/Untitled-design-38.webp","type":"image\/webp"}],"twitter_card":"summary_large_image","twitter_misc":{"Estimated reading time":"1 minute"},"schema":{"@context":"https:\/\/schema.org","@graph":[{"@type":["WebPage","ItemPage"],"@id":"https:\/\/kajakaskaoprema.si\/trgovina\/sup\/jobe-yarra-elite-10-6-inflatable-paddle-board\/","url":"https:\/\/kajakaskaoprema.si\/trgovina\/sup\/jobe-yarra-elite-10-6-inflatable-paddle-board\/","name":"JOBE YARRA ELITE 10.6 INFLATABLE PADDLE BOARD | Kajaka\u0161ka Oprema","isPartOf":{"@id":"https:\/\/kajakaskaoprema.si\/#website"},"primaryImageOfPage":{"@id":"https:\/\/kajakaskaoprema.si\/trgovina\/sup\/jobe-yarra-elite-10-6-inflatable-paddle-board\/#primaryimage"},"image":{"@id":"https:\/\/kajakaskaoprema.si\/trgovina\/sup\/jobe-yarra-elite-10-6-inflatable-paddle-board\/#primaryimage"},"thumbnailUrl":"https:\/\/kajakaskaoprema.si\/wp-content\/uploads\/2023\/08\/Untitled-design-38.webp","datePublished":"2023-08-25T11:28:03+00:00","dateModified":"2024-08-12T18:53:57+00:00","description":"JOBE YARRA ELITE 10.6 Ste pripravljeni na naslednji korak v va\u0161i SUP avanturi? Predstavljamo vam paket napihljive SUP deske Jobe Yarra Elite 10.6. Z","breadcrumb":{"@id":"https:\/\/kajakaskaoprema.si\/trgovina\/sup\/jobe-yarra-elite-10-6-inflatable-paddle-board\/#breadcrumb"},"inLanguage":"en-GB","potentialAction":[{"@type":"ReadAction","target":["https:\/\/kajakaskaoprema.si\/trgovina\/sup\/jobe-yarra-elite-10-6-inflatable-paddle-board\/"]}]},{"@type":"ImageObject","inLanguage":"en-GB","@id":"https:\/\/kajakaskaoprema.si\/trgovina\/sup\/jobe-yarra-elite-10-6-inflatable-paddle-board\/#primaryimage","url":"https:\/\/kajakaskaoprema.si\/wp-content\/uploads\/2023\/08\/Untitled-design-38.webp","contentUrl":"https:\/\/kajakaskaoprema.si\/wp-content\/uploads\/2023\/08\/Untitled-design-38.webp","width":1000,"height":1000},{"@type":"BreadcrumbList","@id":"https:\/\/kajakaskaoprema.si\/trgovina\/sup\/jobe-yarra-elite-10-6-inflatable-paddle-board\/#breadcrumb","itemListElement":[{"@type":"ListItem","position":1,"name":"Domov","item":"https:\/\/kajakaskaoprema.si\/"},{"@type":"ListItem","position":2,"name":"Trgovina","item":"https:\/\/kajakaskaoprema.si\/trgovina\/"},{"@type":"ListItem","position":3,"name":"SUP","item":"https:\/\/kajakaskaoprema.si\/kolekcije\/sup\/"},{"@type":"ListItem","position":4,"name":"JOBE YARRA ELITE 10.6 INFLATABLE PADDLE BOARD"}]},{"@type":"WebSite","@id":"https:\/\/kajakaskaoprema.si\/#website","url":"https:\/\/kajakaskaoprema.si\/","name":"Kajaka\u0161ka Oprema","description":"Spletna trgovina s kajaka\u0161ko opremo svetovno priznanih znamk. Idealno za vse ljubitelje adrenalina in vodnih \u0161portov.","publisher":{"@id":"https:\/\/kajakaskaoprema.si\/#organization"},"potentialAction":[{"@type":"SearchAction","target":{"@type":"EntryPoint","urlTemplate":"https:\/\/kajakaskaoprema.si\/?s={search_term_string}"},"query-input":{"@type":"PropertyValueSpecification","valueRequired":true,"valueName":"search_term_string"}}],"inLanguage":"en-GB"},{"@type":"Organization","@id":"https:\/\/kajakaskaoprema.si\/#organization","name":"Kajaka\u0161ka Oprema","url":"https:\/\/kajakaskaoprema.si\/","logo":{"@type":"ImageObject","inLanguage":"en-GB","@id":"https:\/\/kajakaskaoprema.si\/#\/schema\/logo\/image\/","url":"https:\/\/kajakaskaoprema.si\/wp-content\/uploads\/2022\/12\/Logo_Kajakaska-Oprema.png","contentUrl":"https:\/\/kajakaskaoprema.si\/wp-content\/uploads\/2022\/12\/Logo_Kajakaska-Oprema.png","width":250,"height":69,"caption":"Kajaka\u0161ka Oprema"},"image":{"@id":"https:\/\/kajakaskaoprema.si\/#\/schema\/logo\/image\/"},"sameAs":["https:\/\/www.facebook.com\/profile.php?id=100089048120006","https:\/\/www.instagram.com\/kajakaska_oprema\/?fbclid=IwAR2wP1CpCpqaC63UyJF_RvVrzwwz_bz6YVmg02z_LdA4tZuWdCWYKBih7zQ"]}]}},"_links":{"self":[{"href":"https:\/\/kajakaskaoprema.si\/en\/wp-json\/wp\/v2\/product\/10336","targetHints":{"allow":["GET"]}}],"collection":[{"href":"https:\/\/kajakaskaoprema.si\/en\/wp-json\/wp\/v2\/product"}],"about":[{"href":"https:\/\/kajakaskaoprema.si\/en\/wp-json\/wp\/v2\/types\/product"}],"replies":[{"embeddable":true,"href":"https:\/\/kajakaskaoprema.si\/en\/wp-json\/wp\/v2\/comments?post=10336"}],"wp:featuredmedia":[{"embeddable":true,"href":"https:\/\/kajakaskaoprema.si\/en\/wp-json\/wp\/v2\/media\/10337"}],"wp:attachment":[{"href":"https:\/\/kajakaskaoprema.si\/en\/wp-json\/wp\/v2\/media?parent=10336"}],"wp:term":[{"taxonomy":"product_brand","embeddable":true,"href":"https:\/\/kajakaskaoprema.si\/en\/wp-json\/wp\/v2\/product_brand?post=10336"},{"taxonomy":"product_cat","embeddable":true,"href":"https:\/\/kajakaskaoprema.si\/en\/wp-json\/wp\/v2\/product_cat?post=10336"},{"taxonomy":"product_tag","embeddable":true,"href":"https:\/\/kajakaskaoprema.si\/en\/wp-json\/wp\/v2\/product_tag?post=10336"}],"curies":[{"name":"wp","href":"https:\/\/api.w.org\/{rel}","templated":true}]}}