{"id":10335,"date":"2023-08-25T13:15:37","date_gmt":"2023-08-25T11:15:37","guid":{"rendered":"https:\/\/kajakaskaoprema.si\/?post_type=product&#038;p=10335"},"modified":"2024-07-22T14:53:58","modified_gmt":"2024-07-22T12:53:58","slug":"jobe-ovitek-za-telefon","status":"publish","type":"product","link":"https:\/\/kajakaskaoprema.si\/en\/trgovina\/torbe-in-nahrbtniki\/jobe-ovitek-za-telefon\/","title":{"rendered":"Jobe Waterproof Gadget Bag"},"content":{"rendered":"<p><strong>Jobe torbica za telefon<\/strong><\/p>\n<p>Planning to bring along your beloved phone or gadgets to the water? No problem with this waterproof and floatable gadget case so you can use your phone and shoot some nice #jobe moments. A Waterproof Gadget bag comes with a neck leash and a extra hook so you can secure your valuables smart &amp; safe. Our Unify vests even have a special inside pocket with hook to put your phone in.<\/p>\n<ul>\n<li>Touchscreen and face recognition possible<\/li>\n<li>Waterproof<\/li>\n<li>Dimenzije: 7,1&#8243; x 3,5&#8243; x 0,4&#8243; | 18 x 9 x 1 cm<\/li>\n<\/ul>","protected":false},"excerpt":{"rendered":"<p>Jobe torbica za telefon Na\u010drtujete, da boste s seboj v vodo vzeli svoj telefon ali pripomo\u010dke? S tem vodoodpornim in plavajo\u010dim ovitkom za pripomo\u010dke ni te\u017eav, zato lahko uporabljate telefon in posnamete nekaj lepih #jobe trenutkov. Vodoodporni torbici za pripomo\u010dke sta prilo\u017eena trak in dodaten kavelj, da lahko svoje dragocenosti pametno in varno zavarujete. Mo\u017enost [&hellip;]<\/p>\n","protected":false},"featured_media":10331,"comment_status":"open","ping_status":"closed","template":"","meta":{"_et_pb_use_builder":"","_et_pb_old_content":"","_et_gb_content_width":""},"product_brand":[],"product_cat":[202,201],"product_tag":[],"class_list":{"0":"post-10335","1":"product","2":"type-product","3":"status-publish","4":"has-post-thumbnail","6":"product_cat-razprodaja","7":"product_cat-torbe-in-nahrbtniki","9":"first","10":"instock","11":"sale","12":"shipping-taxable","13":"purchasable","14":"product-type-simple"},"yoast_head":"<!-- This site is optimized with the Yoast SEO plugin v27.0 - https:\/\/yoast.com\/product\/yoast-seo-wordpress\/ -->\n<title>Jobe ovitek za telefon | Kajaka\u0161ka Oprema<\/title>\n<meta name=\"description\" content=\"Jobe torbica za telefon Na\u010drtujete, da boste s seboj v vodo vzeli svoj telefon ali pripomo\u010dke? S tem vodoodpornim in plavajo\u010dim ovitkom za pripomo\u010dke ni\" \/>\n<meta name=\"robots\" content=\"index, follow, max-snippet:-1, max-image-preview:large, max-video-preview:-1\" \/>\n<link rel=\"canonical\" href=\"https:\/\/kajakaskaoprema.si\/en\/trgovina\/torbe-in-nahrbtniki\/jobe-ovitek-za-telefon\/\" \/>\n<meta property=\"og:locale\" content=\"en_GB\" \/>\n<meta property=\"og:type\" content=\"article\" \/>\n<meta property=\"og:title\" content=\"Jobe ovitek za telefon | Kajaka\u0161ka Oprema\" \/>\n<meta property=\"og:description\" content=\"Jobe torbica za telefon Na\u010drtujete, da boste s seboj v vodo vzeli svoj telefon ali pripomo\u010dke? S tem vodoodpornim in plavajo\u010dim ovitkom za pripomo\u010dke ni\" \/>\n<meta property=\"og:url\" content=\"https:\/\/kajakaskaoprema.si\/en\/trgovina\/torbe-in-nahrbtniki\/jobe-ovitek-za-telefon\/\" \/>\n<meta property=\"og:site_name\" content=\"Kajaka\u0161ka Oprema\" \/>\n<meta property=\"article:publisher\" content=\"https:\/\/www.facebook.com\/profile.php?id=100089048120006\" \/>\n<meta property=\"article:modified_time\" content=\"2024-07-22T12:53:58+00:00\" \/>\n<meta property=\"og:image\" content=\"https:\/\/kajakaskaoprema.si\/wp-content\/uploads\/2023\/08\/Untitled-design-37.webp\" \/>\n\t<meta property=\"og:image:width\" content=\"1000\" \/>\n\t<meta property=\"og:image:height\" content=\"1000\" \/>\n\t<meta property=\"og:image:type\" content=\"image\/webp\" \/>\n<meta name=\"twitter:card\" content=\"summary_large_image\" \/>\n<meta name=\"twitter:label1\" content=\"Estimated reading time\" \/>\n\t<meta name=\"twitter:data1\" content=\"1 minute\" \/>\n<!-- \/ Yoast SEO plugin. -->","yoast_head_json":{"title":"Jobe ovitek za telefon | Kajaka\u0161ka Oprema","description":"Jobe torbica za telefon Na\u010drtujete, da boste s seboj v vodo vzeli svoj telefon ali pripomo\u010dke? S tem vodoodpornim in plavajo\u010dim ovitkom za pripomo\u010dke ni","robots":{"index":"index","follow":"follow","max-snippet":"max-snippet:-1","max-image-preview":"max-image-preview:large","max-video-preview":"max-video-preview:-1"},"canonical":"https:\/\/kajakaskaoprema.si\/en\/trgovina\/torbe-in-nahrbtniki\/jobe-ovitek-za-telefon\/","og_locale":"en_GB","og_type":"article","og_title":"Jobe ovitek za telefon | Kajaka\u0161ka Oprema","og_description":"Jobe torbica za telefon Na\u010drtujete, da boste s seboj v vodo vzeli svoj telefon ali pripomo\u010dke? S tem vodoodpornim in plavajo\u010dim ovitkom za pripomo\u010dke ni","og_url":"https:\/\/kajakaskaoprema.si\/en\/trgovina\/torbe-in-nahrbtniki\/jobe-ovitek-za-telefon\/","og_site_name":"Kajaka\u0161ka Oprema","article_publisher":"https:\/\/www.facebook.com\/profile.php?id=100089048120006","article_modified_time":"2024-07-22T12:53:58+00:00","og_image":[{"width":1000,"height":1000,"url":"https:\/\/kajakaskaoprema.si\/wp-content\/uploads\/2023\/08\/Untitled-design-37.webp","type":"image\/webp"}],"twitter_card":"summary_large_image","twitter_misc":{"Estimated reading time":"1 minute"},"schema":{"@context":"https:\/\/schema.org","@graph":[{"@type":["WebPage","ItemPage"],"@id":"https:\/\/kajakaskaoprema.si\/trgovina\/torbe-in-nahrbtniki\/jobe-ovitek-za-telefon\/","url":"https:\/\/kajakaskaoprema.si\/trgovina\/torbe-in-nahrbtniki\/jobe-ovitek-za-telefon\/","name":"Jobe ovitek za telefon | Kajaka\u0161ka Oprema","isPartOf":{"@id":"https:\/\/kajakaskaoprema.si\/#website"},"primaryImageOfPage":{"@id":"https:\/\/kajakaskaoprema.si\/trgovina\/torbe-in-nahrbtniki\/jobe-ovitek-za-telefon\/#primaryimage"},"image":{"@id":"https:\/\/kajakaskaoprema.si\/trgovina\/torbe-in-nahrbtniki\/jobe-ovitek-za-telefon\/#primaryimage"},"thumbnailUrl":"https:\/\/kajakaskaoprema.si\/wp-content\/uploads\/2023\/08\/Untitled-design-37.webp","datePublished":"2023-08-25T11:15:37+00:00","dateModified":"2024-07-22T12:53:58+00:00","description":"Jobe torbica za telefon Na\u010drtujete, da boste s seboj v vodo vzeli svoj telefon ali pripomo\u010dke? S tem vodoodpornim in plavajo\u010dim ovitkom za pripomo\u010dke ni","breadcrumb":{"@id":"https:\/\/kajakaskaoprema.si\/trgovina\/torbe-in-nahrbtniki\/jobe-ovitek-za-telefon\/#breadcrumb"},"inLanguage":"en-GB","potentialAction":[{"@type":"ReadAction","target":["https:\/\/kajakaskaoprema.si\/trgovina\/torbe-in-nahrbtniki\/jobe-ovitek-za-telefon\/"]}]},{"@type":"ImageObject","inLanguage":"en-GB","@id":"https:\/\/kajakaskaoprema.si\/trgovina\/torbe-in-nahrbtniki\/jobe-ovitek-za-telefon\/#primaryimage","url":"https:\/\/kajakaskaoprema.si\/wp-content\/uploads\/2023\/08\/Untitled-design-37.webp","contentUrl":"https:\/\/kajakaskaoprema.si\/wp-content\/uploads\/2023\/08\/Untitled-design-37.webp","width":1000,"height":1000},{"@type":"BreadcrumbList","@id":"https:\/\/kajakaskaoprema.si\/trgovina\/torbe-in-nahrbtniki\/jobe-ovitek-za-telefon\/#breadcrumb","itemListElement":[{"@type":"ListItem","position":1,"name":"Domov","item":"https:\/\/kajakaskaoprema.si\/"},{"@type":"ListItem","position":2,"name":"Trgovina","item":"https:\/\/kajakaskaoprema.si\/trgovina\/"},{"@type":"ListItem","position":3,"name":"Torbe &amp; nahrbtniki","item":"https:\/\/kajakaskaoprema.si\/kolekcije\/torbe-in-nahrbtniki\/"},{"@type":"ListItem","position":4,"name":"Jobe ovitek za telefon"}]},{"@type":"WebSite","@id":"https:\/\/kajakaskaoprema.si\/#website","url":"https:\/\/kajakaskaoprema.si\/","name":"Kajaka\u0161ka Oprema","description":"Spletna trgovina s kajaka\u0161ko opremo svetovno priznanih znamk. Idealno za vse ljubitelje adrenalina in vodnih \u0161portov.","publisher":{"@id":"https:\/\/kajakaskaoprema.si\/#organization"},"potentialAction":[{"@type":"SearchAction","target":{"@type":"EntryPoint","urlTemplate":"https:\/\/kajakaskaoprema.si\/?s={search_term_string}"},"query-input":{"@type":"PropertyValueSpecification","valueRequired":true,"valueName":"search_term_string"}}],"inLanguage":"en-GB"},{"@type":"Organization","@id":"https:\/\/kajakaskaoprema.si\/#organization","name":"Kajaka\u0161ka Oprema","url":"https:\/\/kajakaskaoprema.si\/","logo":{"@type":"ImageObject","inLanguage":"en-GB","@id":"https:\/\/kajakaskaoprema.si\/#\/schema\/logo\/image\/","url":"https:\/\/kajakaskaoprema.si\/wp-content\/uploads\/2022\/12\/Logo_Kajakaska-Oprema.png","contentUrl":"https:\/\/kajakaskaoprema.si\/wp-content\/uploads\/2022\/12\/Logo_Kajakaska-Oprema.png","width":250,"height":69,"caption":"Kajaka\u0161ka Oprema"},"image":{"@id":"https:\/\/kajakaskaoprema.si\/#\/schema\/logo\/image\/"},"sameAs":["https:\/\/www.facebook.com\/profile.php?id=100089048120006","https:\/\/www.instagram.com\/kajakaska_oprema\/?fbclid=IwAR2wP1CpCpqaC63UyJF_RvVrzwwz_bz6YVmg02z_LdA4tZuWdCWYKBih7zQ"]}]}},"_links":{"self":[{"href":"https:\/\/kajakaskaoprema.si\/en\/wp-json\/wp\/v2\/product\/10335","targetHints":{"allow":["GET"]}}],"collection":[{"href":"https:\/\/kajakaskaoprema.si\/en\/wp-json\/wp\/v2\/product"}],"about":[{"href":"https:\/\/kajakaskaoprema.si\/en\/wp-json\/wp\/v2\/types\/product"}],"replies":[{"embeddable":true,"href":"https:\/\/kajakaskaoprema.si\/en\/wp-json\/wp\/v2\/comments?post=10335"}],"wp:featuredmedia":[{"embeddable":true,"href":"https:\/\/kajakaskaoprema.si\/en\/wp-json\/wp\/v2\/media\/10331"}],"wp:attachment":[{"href":"https:\/\/kajakaskaoprema.si\/en\/wp-json\/wp\/v2\/media?parent=10335"}],"wp:term":[{"taxonomy":"product_brand","embeddable":true,"href":"https:\/\/kajakaskaoprema.si\/en\/wp-json\/wp\/v2\/product_brand?post=10335"},{"taxonomy":"product_cat","embeddable":true,"href":"https:\/\/kajakaskaoprema.si\/en\/wp-json\/wp\/v2\/product_cat?post=10335"},{"taxonomy":"product_tag","embeddable":true,"href":"https:\/\/kajakaskaoprema.si\/en\/wp-json\/wp\/v2\/product_tag?post=10335"}],"curies":[{"name":"wp","href":"https:\/\/api.w.org\/{rel}","templated":true}]}}