{"id":10334,"date":"2023-08-25T13:08:25","date_gmt":"2023-08-25T11:08:25","guid":{"rendered":"https:\/\/kajakaskaoprema.si\/?post_type=product&#038;p=10334"},"modified":"2023-08-25T13:09:18","modified_gmt":"2023-08-25T11:09:18","slug":"jobe-dry-bag-40l","status":"publish","type":"product","link":"https:\/\/kajakaskaoprema.si\/en\/trgovina\/torbe-in-nahrbtniki\/jobe-dry-bag-40l\/","title":{"rendered":"Jobe DRY BAG 40l"},"content":{"rendered":"<p><strong>Jobe Dry Bag 40l<\/strong><\/p>\n<p>This easy to carry bag will keep your gear clean and dry wherever you go. It comes with a comfortable shoulderstrap and handle for easy carrying. This Drybag is available in 10, 20 and 40 liter. A must have for any watersports fanatic!<\/p>\n<ul>\n<li>Easy to carry<\/li>\n<li>Keeps your gear dry free of water &amp; dirt<\/li>\n<li>Dimenzije: 29,9&#8243; x 11,8&#8243; | 76 x 30cm<\/li>\n<\/ul>","protected":false},"excerpt":{"rendered":"<p>Jobe Dry Bag 40l Jobe Dry Bag torba je enostavna za prena\u0161anje in bo va\u0161o opremo ohranila \u010disto in suho, kamor koli greste. Na voljo je z udobnim naramnim pasom in ro\u010dajem za la\u017eje prena\u0161anje. Ta vre\u010da je na voljo v 10, 20 in 40-litrski razli\u010dici. Mora jo imeti vsak ljubitelj vodnih \u0161portov! Enostavno prena\u0161anje [&hellip;]<\/p>\n","protected":false},"featured_media":10330,"comment_status":"open","ping_status":"closed","template":"","meta":{"_et_pb_use_builder":"","_et_pb_old_content":"","_et_gb_content_width":""},"product_brand":[],"product_cat":[201],"product_tag":[],"class_list":{"0":"post-10334","1":"product","2":"type-product","3":"status-publish","4":"has-post-thumbnail","6":"product_cat-torbe-in-nahrbtniki","8":"first","9":"instock","10":"shipping-taxable","11":"purchasable","12":"product-type-simple"},"yoast_head":"<!-- This site is optimized with the Yoast SEO plugin v27.0 - https:\/\/yoast.com\/product\/yoast-seo-wordpress\/ -->\n<title>Jobe DRY BAG 40l | Kajaka\u0161ka Oprema<\/title>\n<meta name=\"description\" content=\"Jobe Dry Bag 40l Jobe Dry Bag torba je enostavna za prena\u0161anje in bo va\u0161o opremo ohranila \u010disto in suho, kamor koli greste. Na voljo je z udobnim naramnim\" \/>\n<meta name=\"robots\" content=\"index, follow, max-snippet:-1, max-image-preview:large, max-video-preview:-1\" \/>\n<link rel=\"canonical\" href=\"https:\/\/kajakaskaoprema.si\/en\/trgovina\/torbe-in-nahrbtniki\/jobe-dry-bag-40l\/\" \/>\n<meta property=\"og:locale\" content=\"en_GB\" \/>\n<meta property=\"og:type\" content=\"article\" \/>\n<meta property=\"og:title\" content=\"Jobe DRY BAG 40l | Kajaka\u0161ka Oprema\" \/>\n<meta property=\"og:description\" content=\"Jobe Dry Bag 40l Jobe Dry Bag torba je enostavna za prena\u0161anje in bo va\u0161o opremo ohranila \u010disto in suho, kamor koli greste. Na voljo je z udobnim naramnim\" \/>\n<meta property=\"og:url\" content=\"https:\/\/kajakaskaoprema.si\/en\/trgovina\/torbe-in-nahrbtniki\/jobe-dry-bag-40l\/\" \/>\n<meta property=\"og:site_name\" content=\"Kajaka\u0161ka Oprema\" \/>\n<meta property=\"article:publisher\" content=\"https:\/\/www.facebook.com\/profile.php?id=100089048120006\" \/>\n<meta property=\"article:modified_time\" content=\"2023-08-25T11:09:18+00:00\" \/>\n<meta property=\"og:image\" content=\"https:\/\/kajakaskaoprema.si\/wp-content\/uploads\/2023\/08\/Jobe-phone-case.webp\" \/>\n\t<meta property=\"og:image:width\" content=\"1000\" \/>\n\t<meta property=\"og:image:height\" content=\"1000\" \/>\n\t<meta property=\"og:image:type\" content=\"image\/webp\" \/>\n<meta name=\"twitter:card\" content=\"summary_large_image\" \/>\n<meta name=\"twitter:label1\" content=\"Estimated reading time\" \/>\n\t<meta name=\"twitter:data1\" content=\"1 minute\" \/>\n<!-- \/ Yoast SEO plugin. -->","yoast_head_json":{"title":"Jobe DRY BAG 40l | Kajaka\u0161ka Oprema","description":"Jobe Dry Bag 40l Jobe Dry Bag torba je enostavna za prena\u0161anje in bo va\u0161o opremo ohranila \u010disto in suho, kamor koli greste. Na voljo je z udobnim naramnim","robots":{"index":"index","follow":"follow","max-snippet":"max-snippet:-1","max-image-preview":"max-image-preview:large","max-video-preview":"max-video-preview:-1"},"canonical":"https:\/\/kajakaskaoprema.si\/en\/trgovina\/torbe-in-nahrbtniki\/jobe-dry-bag-40l\/","og_locale":"en_GB","og_type":"article","og_title":"Jobe DRY BAG 40l | Kajaka\u0161ka Oprema","og_description":"Jobe Dry Bag 40l Jobe Dry Bag torba je enostavna za prena\u0161anje in bo va\u0161o opremo ohranila \u010disto in suho, kamor koli greste. Na voljo je z udobnim naramnim","og_url":"https:\/\/kajakaskaoprema.si\/en\/trgovina\/torbe-in-nahrbtniki\/jobe-dry-bag-40l\/","og_site_name":"Kajaka\u0161ka Oprema","article_publisher":"https:\/\/www.facebook.com\/profile.php?id=100089048120006","article_modified_time":"2023-08-25T11:09:18+00:00","og_image":[{"width":1000,"height":1000,"url":"https:\/\/kajakaskaoprema.si\/wp-content\/uploads\/2023\/08\/Jobe-phone-case.webp","type":"image\/webp"}],"twitter_card":"summary_large_image","twitter_misc":{"Estimated reading time":"1 minute"},"schema":{"@context":"https:\/\/schema.org","@graph":[{"@type":["WebPage","ItemPage"],"@id":"https:\/\/kajakaskaoprema.si\/trgovina\/torbe-in-nahrbtniki\/jobe-dry-bag-40l\/","url":"https:\/\/kajakaskaoprema.si\/trgovina\/torbe-in-nahrbtniki\/jobe-dry-bag-40l\/","name":"Jobe DRY BAG 40l | Kajaka\u0161ka Oprema","isPartOf":{"@id":"https:\/\/kajakaskaoprema.si\/#website"},"primaryImageOfPage":{"@id":"https:\/\/kajakaskaoprema.si\/trgovina\/torbe-in-nahrbtniki\/jobe-dry-bag-40l\/#primaryimage"},"image":{"@id":"https:\/\/kajakaskaoprema.si\/trgovina\/torbe-in-nahrbtniki\/jobe-dry-bag-40l\/#primaryimage"},"thumbnailUrl":"https:\/\/kajakaskaoprema.si\/wp-content\/uploads\/2023\/08\/Jobe-phone-case.webp","datePublished":"2023-08-25T11:08:25+00:00","dateModified":"2023-08-25T11:09:18+00:00","description":"Jobe Dry Bag 40l Jobe Dry Bag torba je enostavna za prena\u0161anje in bo va\u0161o opremo ohranila \u010disto in suho, kamor koli greste. Na voljo je z udobnim naramnim","breadcrumb":{"@id":"https:\/\/kajakaskaoprema.si\/trgovina\/torbe-in-nahrbtniki\/jobe-dry-bag-40l\/#breadcrumb"},"inLanguage":"en-GB","potentialAction":[{"@type":"ReadAction","target":["https:\/\/kajakaskaoprema.si\/trgovina\/torbe-in-nahrbtniki\/jobe-dry-bag-40l\/"]}]},{"@type":"ImageObject","inLanguage":"en-GB","@id":"https:\/\/kajakaskaoprema.si\/trgovina\/torbe-in-nahrbtniki\/jobe-dry-bag-40l\/#primaryimage","url":"https:\/\/kajakaskaoprema.si\/wp-content\/uploads\/2023\/08\/Jobe-phone-case.webp","contentUrl":"https:\/\/kajakaskaoprema.si\/wp-content\/uploads\/2023\/08\/Jobe-phone-case.webp","width":1000,"height":1000},{"@type":"BreadcrumbList","@id":"https:\/\/kajakaskaoprema.si\/trgovina\/torbe-in-nahrbtniki\/jobe-dry-bag-40l\/#breadcrumb","itemListElement":[{"@type":"ListItem","position":1,"name":"Domov","item":"https:\/\/kajakaskaoprema.si\/"},{"@type":"ListItem","position":2,"name":"Trgovina","item":"https:\/\/kajakaskaoprema.si\/trgovina\/"},{"@type":"ListItem","position":3,"name":"Torbe &amp; nahrbtniki","item":"https:\/\/kajakaskaoprema.si\/kolekcije\/torbe-in-nahrbtniki\/"},{"@type":"ListItem","position":4,"name":"Jobe DRY BAG 40l"}]},{"@type":"WebSite","@id":"https:\/\/kajakaskaoprema.si\/#website","url":"https:\/\/kajakaskaoprema.si\/","name":"Kajaka\u0161ka Oprema","description":"Spletna trgovina s kajaka\u0161ko opremo svetovno priznanih znamk. Idealno za vse ljubitelje adrenalina in vodnih \u0161portov.","publisher":{"@id":"https:\/\/kajakaskaoprema.si\/#organization"},"potentialAction":[{"@type":"SearchAction","target":{"@type":"EntryPoint","urlTemplate":"https:\/\/kajakaskaoprema.si\/?s={search_term_string}"},"query-input":{"@type":"PropertyValueSpecification","valueRequired":true,"valueName":"search_term_string"}}],"inLanguage":"en-GB"},{"@type":"Organization","@id":"https:\/\/kajakaskaoprema.si\/#organization","name":"Kajaka\u0161ka Oprema","url":"https:\/\/kajakaskaoprema.si\/","logo":{"@type":"ImageObject","inLanguage":"en-GB","@id":"https:\/\/kajakaskaoprema.si\/#\/schema\/logo\/image\/","url":"https:\/\/kajakaskaoprema.si\/wp-content\/uploads\/2022\/12\/Logo_Kajakaska-Oprema.png","contentUrl":"https:\/\/kajakaskaoprema.si\/wp-content\/uploads\/2022\/12\/Logo_Kajakaska-Oprema.png","width":250,"height":69,"caption":"Kajaka\u0161ka Oprema"},"image":{"@id":"https:\/\/kajakaskaoprema.si\/#\/schema\/logo\/image\/"},"sameAs":["https:\/\/www.facebook.com\/profile.php?id=100089048120006","https:\/\/www.instagram.com\/kajakaska_oprema\/?fbclid=IwAR2wP1CpCpqaC63UyJF_RvVrzwwz_bz6YVmg02z_LdA4tZuWdCWYKBih7zQ"]}]}},"_links":{"self":[{"href":"https:\/\/kajakaskaoprema.si\/en\/wp-json\/wp\/v2\/product\/10334","targetHints":{"allow":["GET"]}}],"collection":[{"href":"https:\/\/kajakaskaoprema.si\/en\/wp-json\/wp\/v2\/product"}],"about":[{"href":"https:\/\/kajakaskaoprema.si\/en\/wp-json\/wp\/v2\/types\/product"}],"replies":[{"embeddable":true,"href":"https:\/\/kajakaskaoprema.si\/en\/wp-json\/wp\/v2\/comments?post=10334"}],"wp:featuredmedia":[{"embeddable":true,"href":"https:\/\/kajakaskaoprema.si\/en\/wp-json\/wp\/v2\/media\/10330"}],"wp:attachment":[{"href":"https:\/\/kajakaskaoprema.si\/en\/wp-json\/wp\/v2\/media?parent=10334"}],"wp:term":[{"taxonomy":"product_brand","embeddable":true,"href":"https:\/\/kajakaskaoprema.si\/en\/wp-json\/wp\/v2\/product_brand?post=10334"},{"taxonomy":"product_cat","embeddable":true,"href":"https:\/\/kajakaskaoprema.si\/en\/wp-json\/wp\/v2\/product_cat?post=10334"},{"taxonomy":"product_tag","embeddable":true,"href":"https:\/\/kajakaskaoprema.si\/en\/wp-json\/wp\/v2\/product_tag?post=10334"}],"curies":[{"name":"wp","href":"https:\/\/api.w.org\/{rel}","templated":true}]}}