{"id":10300,"date":"2023-08-18T13:11:33","date_gmt":"2023-08-18T11:11:33","guid":{"rendered":"https:\/\/kajakaskaoprema.si\/?post_type=product&#038;p=10300"},"modified":"2025-11-20T08:20:23","modified_gmt":"2025-11-20T07:20:23","slug":"resilni-jopic-hiko-cinch-pfd","status":"publish","type":"product","link":"https:\/\/kajakaskaoprema.si\/en\/trgovina\/resilni-jopici\/resilni-jopic-hiko-cinch-pfd\/","title":{"rendered":"Buoyancy aid HIKO CINCH PFD"},"content":{"rendered":"<h1 data-start=\"385\" data-end=\"419\"><strong data-start=\"387\" data-end=\"419\">Re\u0161ilni jopi\u010d HIKO Cinch PFD<\/strong><\/h1>\n<p data-start=\"421\" data-end=\"782\">Re\u0161ilni jopi\u010d HIKO Cinch PFD je zmogljiv, izjemno udoben in nizek PFD, zasnovan za kajaka\u0161e, ki potrebujejo visoko plovnost, maksimalno svobodo gibanja in funkcionalno opremo za <strong data-start=\"599\" data-end=\"613\">divje vode<\/strong>, re\u010dne ture in tehni\u010dno veslanje. Zaradi nizkega kroja omogo\u010da neovirano gibanje v trupu in ramenih, hkrati pa ponuja izjemno stabilen in nizkoprofilen ob\u010dutek v \u010dolnu.<\/p>\n<p data-start=\"784\" data-end=\"1140\">Nastavljive naramnice s podlogo, stranski trakovi, prostoren sprednji \u017eepni del in hitro zapenjanje z zadrgo ter eno visoko\u010dvrstno zaponko naredijo Cinch idealen PFD za <strong data-start=\"953\" data-end=\"976\">whitewater kayaking<\/strong>, rescue programe in napredne vesla\u010de. Vgrajen \u017eep za metno vre\u010do, odsevni elementi, \u017eep za no\u017e in prilo\u017eena pi\u0161\u010dalka pa dodajo varnost v zahtevnih vodnih razmerah.<\/p>\n<h2 data-start=\"1147\" data-end=\"1196\"><strong data-start=\"1150\" data-end=\"1196\">Lastnosti re\u0161ilnega jopi\u010da HIKO Cinch PFD:<\/strong><\/h2>\n<ul data-start=\"1198\" data-end=\"1805\">\n<li data-start=\"1198\" data-end=\"1254\">\n<p data-start=\"1200\" data-end=\"1254\">Nizek kroj za popolno svobodo gibanja med veslanjem.<\/p>\n<\/li>\n<li data-start=\"1255\" data-end=\"1320\">\n<p data-start=\"1257\" data-end=\"1320\">Visoka plovnost za divje vode, re\u010dne ture in zahtevne pogoje.<\/p>\n<\/li>\n<li data-start=\"1321\" data-end=\"1387\">\n<p data-start=\"1323\" data-end=\"1387\">\u0160iroke, podlo\u017eene neopren naramnice za udobje in prilagajanje.<\/p>\n<\/li>\n<li data-start=\"1388\" data-end=\"1447\">\n<p data-start=\"1390\" data-end=\"1447\">Dva nastavljiva stranska trakova za odli\u010dno prileganje.<\/p>\n<\/li>\n<li data-start=\"1448\" data-end=\"1509\">\n<p data-start=\"1450\" data-end=\"1509\">Sprednje zapenjanje z zadrgo + ena visoko\u010dvrstna zaponka.<\/p>\n<\/li>\n<li data-start=\"1510\" data-end=\"1591\">\n<p data-start=\"1512\" data-end=\"1591\">Dva velika sprednja \u017eepa + dva manj\u0161a neopren \u017eepa + pritrdilna to\u010dka za no\u017e.<\/p>\n<\/li>\n<li data-start=\"1592\" data-end=\"1673\">\n<p data-start=\"1594\" data-end=\"1673\">Tunel za metno vre\u010do na spodnjem hrbtnem delu (collapsible throw bag tunnel).<\/p>\n<\/li>\n<li data-start=\"1674\" data-end=\"1731\">\n<p data-start=\"1676\" data-end=\"1731\">Odsevni elementi za bolj\u0161o vidnost v slabih razmerah.<\/p>\n<\/li>\n<li data-start=\"1732\" data-end=\"1755\">\n<p data-start=\"1734\" data-end=\"1755\">Prilo\u017eena pi\u0161\u010dalka.<\/p>\n<\/li>\n<li data-start=\"1756\" data-end=\"1805\">\n<p data-start=\"1758\" data-end=\"1805\">Certifikata <strong data-start=\"1770\" data-end=\"1785\">ISO 12402-5<\/strong> and <strong data-start=\"1789\" data-end=\"1804\">ISO 12402-6<\/strong>.<\/p>\n<\/li>\n<\/ul>\n<h2 data-start=\"1812\" data-end=\"1836\"><strong data-start=\"1815\" data-end=\"1836\">Za koga je primeren?<\/strong><\/h2>\n<p data-start=\"1838\" data-end=\"1881\">Re\u0161ilni jopi\u010d HIKO Cinch PFD je idealen za:<\/p>\n<ul data-start=\"1883\" data-end=\"2226\">\n<li data-start=\"1883\" data-end=\"1920\">\n<p data-start=\"1885\" data-end=\"1920\">napredne kajaka\u0161e na divjih vodah<\/p>\n<\/li>\n<li data-start=\"1921\" data-end=\"1964\">\n<p data-start=\"1923\" data-end=\"1964\">whitewater re\u0161evalce in rescue programe<\/p>\n<\/li>\n<li data-start=\"1965\" data-end=\"2013\">\n<p data-start=\"1967\" data-end=\"2013\">re\u010dne vodi\u010de, in\u0161truktorje in outdoor centre<\/p>\n<\/li>\n<li data-start=\"2014\" data-end=\"2054\">\n<p data-start=\"2016\" data-end=\"2054\">veslanje v zahtevnih re\u010dnih razmerah<\/p>\n<\/li>\n<li data-start=\"2055\" data-end=\"2095\">\n<p data-start=\"2057\" data-end=\"2095\">kajak slalom, creek in river running<\/p>\n<\/li>\n<li data-start=\"2096\" data-end=\"2172\">\n<p data-start=\"2098\" data-end=\"2172\">uporabnike, ki potrebujejo visoko plovnost in odli\u010dno organizacijo \u017eepov<\/p>\n<\/li>\n<li data-start=\"2173\" data-end=\"2226\">\n<p data-start=\"2175\" data-end=\"2226\">vse, ki i\u0161\u010dejo nizkoprofilen, zelo funkcionalen PFD<\/p>\n<\/li>\n<\/ul>\n<h2 data-start=\"2233\" data-end=\"2257\"><strong data-start=\"2236\" data-end=\"2257\">Notranja povezava<\/strong><\/h2>\n<p data-start=\"2259\" data-end=\"2379\">Oglejte si tudi ostale re\u0161ilne jopi\u010de HIKO TUKAJ:<br data-start=\"2308\" data-end=\"2311\" \/><a class=\"decorated-link cursor-pointer\" target=\"_new\" rel=\"noopener\" data-start=\"2311\" data-end=\"2379\">https:\/\/kajakaskaoprema.si\/kategorija-izdelka\/oprema\/resilni-jopici\/<\/a><\/p>","protected":false},"excerpt":{"rendered":"<p>Udoben in nizek re\u0161ilni jopi\u010d HIKO Cinch PFD z visoko plovnostjo, \u017eepi, no\u017e nosilcem in tunelom za metno vre\u010do. Odli\u010den za kajak in divje vode. ISO 12402.<\/p>","protected":false},"featured_media":10307,"comment_status":"open","ping_status":"closed","template":"","meta":{"_et_pb_use_builder":"","_et_pb_old_content":"","_et_gb_content_width":""},"product_brand":[],"product_cat":[198],"product_tag":[],"class_list":{"0":"post-10300","1":"product","2":"type-product","3":"status-publish","4":"has-post-thumbnail","6":"product_cat-resilni-jopici","7":"pa_barva-rdeca","8":"pa_barva-modra","9":"pa_velikost-s-m","10":"pa_velikost-l-xl","11":"pa_velikost-xxl","13":"first","14":"instock","15":"shipping-taxable","16":"purchasable","17":"product-type-variable"},"yoast_head":"<!-- This site is optimized with the Yoast SEO plugin v27.0 - https:\/\/yoast.com\/product\/yoast-seo-wordpress\/ -->\n<title>Re\u0161ilni jopi\u010d HIKO CINCH PFD | Kajaka\u0161ka Oprema<\/title>\n<meta name=\"description\" content=\"Udoben in nizek re\u0161ilni jopi\u010d HIKO Cinch PFD z visoko plovnostjo, \u017eepi, no\u017e nosilcem in tunelom za metno vre\u010do. Odli\u010den za kajak in divje vode. ISO 12402.\" \/>\n<meta name=\"robots\" content=\"index, follow, max-snippet:-1, max-image-preview:large, max-video-preview:-1\" \/>\n<link rel=\"canonical\" href=\"https:\/\/kajakaskaoprema.si\/en\/trgovina\/resilni-jopici\/resilni-jopic-hiko-cinch-pfd\/\" \/>\n<meta property=\"og:locale\" content=\"en_GB\" \/>\n<meta property=\"og:type\" content=\"article\" \/>\n<meta property=\"og:title\" content=\"Re\u0161ilni jopi\u010d HIKO CINCH PFD | Kajaka\u0161ka Oprema\" \/>\n<meta property=\"og:description\" content=\"Udoben in nizek re\u0161ilni jopi\u010d HIKO Cinch PFD z visoko plovnostjo, \u017eepi, no\u017e nosilcem in tunelom za metno vre\u010do. Odli\u010den za kajak in divje vode. ISO 12402.\" \/>\n<meta property=\"og:url\" content=\"https:\/\/kajakaskaoprema.si\/en\/trgovina\/resilni-jopici\/resilni-jopic-hiko-cinch-pfd\/\" \/>\n<meta property=\"og:site_name\" content=\"Kajaka\u0161ka Oprema\" \/>\n<meta property=\"article:publisher\" content=\"https:\/\/www.facebook.com\/profile.php?id=100089048120006\" \/>\n<meta property=\"article:modified_time\" content=\"2025-11-20T07:20:23+00:00\" \/>\n<meta property=\"og:image\" content=\"https:\/\/kajakaskaoprema.si\/wp-content\/uploads\/2023\/08\/Untitled-design-41.webp\" \/>\n\t<meta property=\"og:image:width\" content=\"1000\" \/>\n\t<meta property=\"og:image:height\" content=\"1000\" \/>\n\t<meta property=\"og:image:type\" content=\"image\/webp\" \/>\n<meta name=\"twitter:card\" content=\"summary_large_image\" \/>\n<meta name=\"twitter:label1\" content=\"Estimated reading time\" \/>\n\t<meta name=\"twitter:data1\" content=\"2 minutes\" \/>\n<!-- \/ Yoast SEO plugin. -->","yoast_head_json":{"title":"Re\u0161ilni jopi\u010d HIKO CINCH PFD | Kajaka\u0161ka Oprema","description":"Udoben in nizek re\u0161ilni jopi\u010d HIKO Cinch PFD z visoko plovnostjo, \u017eepi, no\u017e nosilcem in tunelom za metno vre\u010do. Odli\u010den za kajak in divje vode. ISO 12402.","robots":{"index":"index","follow":"follow","max-snippet":"max-snippet:-1","max-image-preview":"max-image-preview:large","max-video-preview":"max-video-preview:-1"},"canonical":"https:\/\/kajakaskaoprema.si\/en\/trgovina\/resilni-jopici\/resilni-jopic-hiko-cinch-pfd\/","og_locale":"en_GB","og_type":"article","og_title":"Re\u0161ilni jopi\u010d HIKO CINCH PFD | Kajaka\u0161ka Oprema","og_description":"Udoben in nizek re\u0161ilni jopi\u010d HIKO Cinch PFD z visoko plovnostjo, \u017eepi, no\u017e nosilcem in tunelom za metno vre\u010do. Odli\u010den za kajak in divje vode. ISO 12402.","og_url":"https:\/\/kajakaskaoprema.si\/en\/trgovina\/resilni-jopici\/resilni-jopic-hiko-cinch-pfd\/","og_site_name":"Kajaka\u0161ka Oprema","article_publisher":"https:\/\/www.facebook.com\/profile.php?id=100089048120006","article_modified_time":"2025-11-20T07:20:23+00:00","og_image":[{"width":1000,"height":1000,"url":"https:\/\/kajakaskaoprema.si\/wp-content\/uploads\/2023\/08\/Untitled-design-41.webp","type":"image\/webp"}],"twitter_card":"summary_large_image","twitter_misc":{"Estimated reading time":"2 minutes"},"schema":{"@context":"https:\/\/schema.org","@graph":[{"@type":["WebPage","ItemPage"],"@id":"https:\/\/kajakaskaoprema.si\/trgovina\/resilni-jopici\/resilni-jopic-hiko-cinch-pfd\/","url":"https:\/\/kajakaskaoprema.si\/trgovina\/resilni-jopici\/resilni-jopic-hiko-cinch-pfd\/","name":"Re\u0161ilni jopi\u010d HIKO CINCH PFD | Kajaka\u0161ka Oprema","isPartOf":{"@id":"https:\/\/kajakaskaoprema.si\/#website"},"primaryImageOfPage":{"@id":"https:\/\/kajakaskaoprema.si\/trgovina\/resilni-jopici\/resilni-jopic-hiko-cinch-pfd\/#primaryimage"},"image":{"@id":"https:\/\/kajakaskaoprema.si\/trgovina\/resilni-jopici\/resilni-jopic-hiko-cinch-pfd\/#primaryimage"},"thumbnailUrl":"https:\/\/kajakaskaoprema.si\/wp-content\/uploads\/2023\/08\/Untitled-design-41.webp","datePublished":"2023-08-18T11:11:33+00:00","dateModified":"2025-11-20T07:20:23+00:00","description":"Udoben in nizek re\u0161ilni jopi\u010d HIKO Cinch PFD z visoko plovnostjo, \u017eepi, no\u017e nosilcem in tunelom za metno vre\u010do. Odli\u010den za kajak in divje vode. ISO 12402.","breadcrumb":{"@id":"https:\/\/kajakaskaoprema.si\/trgovina\/resilni-jopici\/resilni-jopic-hiko-cinch-pfd\/#breadcrumb"},"inLanguage":"en-GB","potentialAction":[{"@type":"ReadAction","target":["https:\/\/kajakaskaoprema.si\/trgovina\/resilni-jopici\/resilni-jopic-hiko-cinch-pfd\/"]}]},{"@type":"ImageObject","inLanguage":"en-GB","@id":"https:\/\/kajakaskaoprema.si\/trgovina\/resilni-jopici\/resilni-jopic-hiko-cinch-pfd\/#primaryimage","url":"https:\/\/kajakaskaoprema.si\/wp-content\/uploads\/2023\/08\/Untitled-design-41.webp","contentUrl":"https:\/\/kajakaskaoprema.si\/wp-content\/uploads\/2023\/08\/Untitled-design-41.webp","width":1000,"height":1000,"caption":"HIKO Cinch PFD \u2013 front view of high-float kayak rescue life jacket with multiple pockets"},{"@type":"BreadcrumbList","@id":"https:\/\/kajakaskaoprema.si\/trgovina\/resilni-jopici\/resilni-jopic-hiko-cinch-pfd\/#breadcrumb","itemListElement":[{"@type":"ListItem","position":1,"name":"Domov","item":"https:\/\/kajakaskaoprema.si\/"},{"@type":"ListItem","position":2,"name":"Trgovina","item":"https:\/\/kajakaskaoprema.si\/trgovina\/"},{"@type":"ListItem","position":3,"name":"Re\u0161ilni jopi\u010di","item":"https:\/\/kajakaskaoprema.si\/kolekcije\/resilni-jopici\/"},{"@type":"ListItem","position":4,"name":"Re\u0161ilni jopi\u010d HIKO CINCH PFD"}]},{"@type":"WebSite","@id":"https:\/\/kajakaskaoprema.si\/#website","url":"https:\/\/kajakaskaoprema.si\/","name":"Kajaka\u0161ka Oprema","description":"Spletna trgovina s kajaka\u0161ko opremo svetovno priznanih znamk. Idealno za vse ljubitelje adrenalina in vodnih \u0161portov.","publisher":{"@id":"https:\/\/kajakaskaoprema.si\/#organization"},"potentialAction":[{"@type":"SearchAction","target":{"@type":"EntryPoint","urlTemplate":"https:\/\/kajakaskaoprema.si\/?s={search_term_string}"},"query-input":{"@type":"PropertyValueSpecification","valueRequired":true,"valueName":"search_term_string"}}],"inLanguage":"en-GB"},{"@type":"Organization","@id":"https:\/\/kajakaskaoprema.si\/#organization","name":"Kajaka\u0161ka Oprema","url":"https:\/\/kajakaskaoprema.si\/","logo":{"@type":"ImageObject","inLanguage":"en-GB","@id":"https:\/\/kajakaskaoprema.si\/#\/schema\/logo\/image\/","url":"https:\/\/kajakaskaoprema.si\/wp-content\/uploads\/2022\/12\/Logo_Kajakaska-Oprema.png","contentUrl":"https:\/\/kajakaskaoprema.si\/wp-content\/uploads\/2022\/12\/Logo_Kajakaska-Oprema.png","width":250,"height":69,"caption":"Kajaka\u0161ka Oprema"},"image":{"@id":"https:\/\/kajakaskaoprema.si\/#\/schema\/logo\/image\/"},"sameAs":["https:\/\/www.facebook.com\/profile.php?id=100089048120006","https:\/\/www.instagram.com\/kajakaska_oprema\/?fbclid=IwAR2wP1CpCpqaC63UyJF_RvVrzwwz_bz6YVmg02z_LdA4tZuWdCWYKBih7zQ"]}]}},"_links":{"self":[{"href":"https:\/\/kajakaskaoprema.si\/en\/wp-json\/wp\/v2\/product\/10300","targetHints":{"allow":["GET"]}}],"collection":[{"href":"https:\/\/kajakaskaoprema.si\/en\/wp-json\/wp\/v2\/product"}],"about":[{"href":"https:\/\/kajakaskaoprema.si\/en\/wp-json\/wp\/v2\/types\/product"}],"replies":[{"embeddable":true,"href":"https:\/\/kajakaskaoprema.si\/en\/wp-json\/wp\/v2\/comments?post=10300"}],"wp:featuredmedia":[{"embeddable":true,"href":"https:\/\/kajakaskaoprema.si\/en\/wp-json\/wp\/v2\/media\/10307"}],"wp:attachment":[{"href":"https:\/\/kajakaskaoprema.si\/en\/wp-json\/wp\/v2\/media?parent=10300"}],"wp:term":[{"taxonomy":"product_brand","embeddable":true,"href":"https:\/\/kajakaskaoprema.si\/en\/wp-json\/wp\/v2\/product_brand?post=10300"},{"taxonomy":"product_cat","embeddable":true,"href":"https:\/\/kajakaskaoprema.si\/en\/wp-json\/wp\/v2\/product_cat?post=10300"},{"taxonomy":"product_tag","embeddable":true,"href":"https:\/\/kajakaskaoprema.si\/en\/wp-json\/wp\/v2\/product_tag?post=10300"}],"curies":[{"name":"wp","href":"https:\/\/api.w.org\/{rel}","templated":true}]}}