{"id":10123,"date":"2023-06-09T09:55:35","date_gmt":"2023-06-09T07:55:35","guid":{"rendered":"https:\/\/kajakaskaoprema.si\/?post_type=product&#038;p=10123"},"modified":"2024-07-02T17:44:34","modified_gmt":"2024-07-02T15:44:34","slug":"suha-obleka-valkyrie-air4-n-xn","status":"publish","type":"product","link":"https:\/\/kajakaskaoprema.si\/en\/trgovina\/suhe-obleke\/suha-obleka-valkyrie-air4-n-xn\/","title":{"rendered":"VALKYRIE Air4.N\/XN Paddle Suit"},"content":{"rendered":"<p><strong>VALKYRIE Air4.N\/XN Paddle Suit<\/strong><\/p>\n<p>This semi-dry will keep you out paddling when the weather is far from warm but you aren't worried about full immersion. <strong>VALKYRIE<\/strong> omogo\u010da uporabo tudi v najzahtevnej\u0161ih in najekstremnej\u0161ih vremenskih pogojih in omogo\u010da kajaka\u0161u, da ga ohranja suhega.<\/p>\n<p>+ Neck is made out of a elastic neoprene with glide skin on the inside for maximum adhesion and minimum water entry.<\/p>\n<p>+ The latex wrist gaskets keep you dry \/ longer neoprene over-cuffs keep you warm.<\/p>\n<p>+ Large front entry waterproof TIZIP\u00ae zipper makes getting in and out simple and easy.<\/p>\n<p>+ The waist is adjustable via two side pulls to ensure optimum fit and to eliminate bulk while paddling.<\/p>\n<p>+ Anatomically cut paddling design allows for a free range of motion.<\/p>\n<p>+ Integrated Cordura socks keep your feet dry and proteced.<\/p>","protected":false},"excerpt":{"rendered":"<p>Suha obleka VALKYRIE Air4.N\/XN Semi-dry suha obleka VALKYRIE omogo\u010da uporabo tudi v najzahtevnej\u0161ih in najekstremnej\u0161ih vremenskih pogojih in omogo\u010da kajaka\u0161u, da ga ohranja suhega. + Del okrog vratu je izdelan iz elasti\u010dnega neoprena z glide skinom na notranji strani za maksimalno oprijemljivost in minimalen vstop vode. + Tesnila iz lateksa na zapestju vas ohranjajo suhe [&hellip;]<\/p>\n","protected":false},"featured_media":10140,"comment_status":"open","ping_status":"closed","template":"","meta":{"_et_pb_use_builder":"","_et_pb_old_content":"","_et_gb_content_width":""},"product_brand":[],"product_cat":[536],"product_tag":[],"class_list":{"0":"post-10123","1":"product","2":"type-product","3":"status-publish","4":"has-post-thumbnail","6":"product_cat-suhe-obleke","7":"pa_barva-rdeca","8":"pa_barva-turkizna","9":"pa_velikost-s","10":"pa_velikost-m","11":"pa_velikost-l","12":"pa_velikost-xl","13":"pa_velikost-xxl","15":"first","16":"instock","17":"shipping-taxable","18":"purchasable","19":"product-type-variable"},"yoast_head":"<!-- This site is optimized with the Yoast SEO plugin v27.0 - https:\/\/yoast.com\/product\/yoast-seo-wordpress\/ -->\n<title>Suha obleka VALKYRIE Air4.N\/XN | Kajaka\u0161ka Oprema<\/title>\n<meta name=\"description\" content=\"Suha obleka VALKYRIE Air4.N\/XN Semi-dry suha obleka VALKYRIE omogo\u010da uporabo tudi v najzahtevnej\u0161ih in najekstremnej\u0161ih vremenskih pogojih in omogo\u010da\" \/>\n<meta name=\"robots\" content=\"index, follow, max-snippet:-1, max-image-preview:large, max-video-preview:-1\" \/>\n<link rel=\"canonical\" href=\"https:\/\/kajakaskaoprema.si\/en\/trgovina\/suhe-obleke\/suha-obleka-valkyrie-air4-n-xn\/\" \/>\n<meta property=\"og:locale\" content=\"en_GB\" \/>\n<meta property=\"og:type\" content=\"article\" \/>\n<meta property=\"og:title\" content=\"Suha obleka VALKYRIE Air4.N\/XN | Kajaka\u0161ka Oprema\" \/>\n<meta property=\"og:description\" content=\"Suha obleka VALKYRIE Air4.N\/XN Semi-dry suha obleka VALKYRIE omogo\u010da uporabo tudi v najzahtevnej\u0161ih in najekstremnej\u0161ih vremenskih pogojih in omogo\u010da\" \/>\n<meta property=\"og:url\" content=\"https:\/\/kajakaskaoprema.si\/en\/trgovina\/suhe-obleke\/suha-obleka-valkyrie-air4-n-xn\/\" \/>\n<meta property=\"og:site_name\" content=\"Kajaka\u0161ka Oprema\" \/>\n<meta property=\"article:publisher\" content=\"https:\/\/www.facebook.com\/profile.php?id=100089048120006\" \/>\n<meta property=\"article:modified_time\" content=\"2024-07-02T15:44:34+00:00\" \/>\n<meta property=\"og:image\" content=\"https:\/\/kajakaskaoprema.si\/wp-content\/uploads\/2023\/06\/Untitled-design-_3_.webp\" \/>\n\t<meta property=\"og:image:width\" content=\"1000\" \/>\n\t<meta property=\"og:image:height\" content=\"1000\" \/>\n\t<meta property=\"og:image:type\" content=\"image\/webp\" \/>\n<meta name=\"twitter:card\" content=\"summary_large_image\" \/>\n<meta name=\"twitter:label1\" content=\"Estimated reading time\" \/>\n\t<meta name=\"twitter:data1\" content=\"1 minute\" \/>\n<!-- \/ Yoast SEO plugin. -->","yoast_head_json":{"title":"Suha obleka VALKYRIE Air4.N\/XN | Kajaka\u0161ka Oprema","description":"Suha obleka VALKYRIE Air4.N\/XN Semi-dry suha obleka VALKYRIE omogo\u010da uporabo tudi v najzahtevnej\u0161ih in najekstremnej\u0161ih vremenskih pogojih in omogo\u010da","robots":{"index":"index","follow":"follow","max-snippet":"max-snippet:-1","max-image-preview":"max-image-preview:large","max-video-preview":"max-video-preview:-1"},"canonical":"https:\/\/kajakaskaoprema.si\/en\/trgovina\/suhe-obleke\/suha-obleka-valkyrie-air4-n-xn\/","og_locale":"en_GB","og_type":"article","og_title":"Suha obleka VALKYRIE Air4.N\/XN | Kajaka\u0161ka Oprema","og_description":"Suha obleka VALKYRIE Air4.N\/XN Semi-dry suha obleka VALKYRIE omogo\u010da uporabo tudi v najzahtevnej\u0161ih in najekstremnej\u0161ih vremenskih pogojih in omogo\u010da","og_url":"https:\/\/kajakaskaoprema.si\/en\/trgovina\/suhe-obleke\/suha-obleka-valkyrie-air4-n-xn\/","og_site_name":"Kajaka\u0161ka Oprema","article_publisher":"https:\/\/www.facebook.com\/profile.php?id=100089048120006","article_modified_time":"2024-07-02T15:44:34+00:00","og_image":[{"width":1000,"height":1000,"url":"https:\/\/kajakaskaoprema.si\/wp-content\/uploads\/2023\/06\/Untitled-design-_3_.webp","type":"image\/webp"}],"twitter_card":"summary_large_image","twitter_misc":{"Estimated reading time":"1 minute"},"schema":{"@context":"https:\/\/schema.org","@graph":[{"@type":["WebPage","ItemPage"],"@id":"https:\/\/kajakaskaoprema.si\/trgovina\/suhe-obleke\/suha-obleka-valkyrie-air4-n-xn\/","url":"https:\/\/kajakaskaoprema.si\/trgovina\/suhe-obleke\/suha-obleka-valkyrie-air4-n-xn\/","name":"Suha obleka VALKYRIE Air4.N\/XN | Kajaka\u0161ka Oprema","isPartOf":{"@id":"https:\/\/kajakaskaoprema.si\/#website"},"primaryImageOfPage":{"@id":"https:\/\/kajakaskaoprema.si\/trgovina\/suhe-obleke\/suha-obleka-valkyrie-air4-n-xn\/#primaryimage"},"image":{"@id":"https:\/\/kajakaskaoprema.si\/trgovina\/suhe-obleke\/suha-obleka-valkyrie-air4-n-xn\/#primaryimage"},"thumbnailUrl":"https:\/\/kajakaskaoprema.si\/wp-content\/uploads\/2023\/06\/Untitled-design-_3_.webp","datePublished":"2023-06-09T07:55:35+00:00","dateModified":"2024-07-02T15:44:34+00:00","description":"Suha obleka VALKYRIE Air4.N\/XN Semi-dry suha obleka VALKYRIE omogo\u010da uporabo tudi v najzahtevnej\u0161ih in najekstremnej\u0161ih vremenskih pogojih in omogo\u010da","breadcrumb":{"@id":"https:\/\/kajakaskaoprema.si\/trgovina\/suhe-obleke\/suha-obleka-valkyrie-air4-n-xn\/#breadcrumb"},"inLanguage":"en-GB","potentialAction":[{"@type":"ReadAction","target":["https:\/\/kajakaskaoprema.si\/trgovina\/suhe-obleke\/suha-obleka-valkyrie-air4-n-xn\/"]}]},{"@type":"ImageObject","inLanguage":"en-GB","@id":"https:\/\/kajakaskaoprema.si\/trgovina\/suhe-obleke\/suha-obleka-valkyrie-air4-n-xn\/#primaryimage","url":"https:\/\/kajakaskaoprema.si\/wp-content\/uploads\/2023\/06\/Untitled-design-_3_.webp","contentUrl":"https:\/\/kajakaskaoprema.si\/wp-content\/uploads\/2023\/06\/Untitled-design-_3_.webp","width":1000,"height":1000},{"@type":"BreadcrumbList","@id":"https:\/\/kajakaskaoprema.si\/trgovina\/suhe-obleke\/suha-obleka-valkyrie-air4-n-xn\/#breadcrumb","itemListElement":[{"@type":"ListItem","position":1,"name":"Domov","item":"https:\/\/kajakaskaoprema.si\/"},{"@type":"ListItem","position":2,"name":"Trgovina","item":"https:\/\/kajakaskaoprema.si\/trgovina\/"},{"@type":"ListItem","position":3,"name":"Suhe obleke","item":"https:\/\/kajakaskaoprema.si\/kolekcije\/suhe-obleke\/"},{"@type":"ListItem","position":4,"name":"Suha obleka VALKYRIE Air4.N\/XN"}]},{"@type":"WebSite","@id":"https:\/\/kajakaskaoprema.si\/#website","url":"https:\/\/kajakaskaoprema.si\/","name":"Kajaka\u0161ka Oprema","description":"Spletna trgovina s kajaka\u0161ko opremo svetovno priznanih znamk. Idealno za vse ljubitelje adrenalina in vodnih \u0161portov.","publisher":{"@id":"https:\/\/kajakaskaoprema.si\/#organization"},"potentialAction":[{"@type":"SearchAction","target":{"@type":"EntryPoint","urlTemplate":"https:\/\/kajakaskaoprema.si\/?s={search_term_string}"},"query-input":{"@type":"PropertyValueSpecification","valueRequired":true,"valueName":"search_term_string"}}],"inLanguage":"en-GB"},{"@type":"Organization","@id":"https:\/\/kajakaskaoprema.si\/#organization","name":"Kajaka\u0161ka Oprema","url":"https:\/\/kajakaskaoprema.si\/","logo":{"@type":"ImageObject","inLanguage":"en-GB","@id":"https:\/\/kajakaskaoprema.si\/#\/schema\/logo\/image\/","url":"https:\/\/kajakaskaoprema.si\/wp-content\/uploads\/2022\/12\/Logo_Kajakaska-Oprema.png","contentUrl":"https:\/\/kajakaskaoprema.si\/wp-content\/uploads\/2022\/12\/Logo_Kajakaska-Oprema.png","width":250,"height":69,"caption":"Kajaka\u0161ka Oprema"},"image":{"@id":"https:\/\/kajakaskaoprema.si\/#\/schema\/logo\/image\/"},"sameAs":["https:\/\/www.facebook.com\/profile.php?id=100089048120006","https:\/\/www.instagram.com\/kajakaska_oprema\/?fbclid=IwAR2wP1CpCpqaC63UyJF_RvVrzwwz_bz6YVmg02z_LdA4tZuWdCWYKBih7zQ"]}]}},"_links":{"self":[{"href":"https:\/\/kajakaskaoprema.si\/en\/wp-json\/wp\/v2\/product\/10123","targetHints":{"allow":["GET"]}}],"collection":[{"href":"https:\/\/kajakaskaoprema.si\/en\/wp-json\/wp\/v2\/product"}],"about":[{"href":"https:\/\/kajakaskaoprema.si\/en\/wp-json\/wp\/v2\/types\/product"}],"replies":[{"embeddable":true,"href":"https:\/\/kajakaskaoprema.si\/en\/wp-json\/wp\/v2\/comments?post=10123"}],"wp:featuredmedia":[{"embeddable":true,"href":"https:\/\/kajakaskaoprema.si\/en\/wp-json\/wp\/v2\/media\/10140"}],"wp:attachment":[{"href":"https:\/\/kajakaskaoprema.si\/en\/wp-json\/wp\/v2\/media?parent=10123"}],"wp:term":[{"taxonomy":"product_brand","embeddable":true,"href":"https:\/\/kajakaskaoprema.si\/en\/wp-json\/wp\/v2\/product_brand?post=10123"},{"taxonomy":"product_cat","embeddable":true,"href":"https:\/\/kajakaskaoprema.si\/en\/wp-json\/wp\/v2\/product_cat?post=10123"},{"taxonomy":"product_tag","embeddable":true,"href":"https:\/\/kajakaskaoprema.si\/en\/wp-json\/wp\/v2\/product_tag?post=10123"}],"curies":[{"name":"wp","href":"https:\/\/api.w.org\/{rel}","templated":true}]}}