{"id":10062,"date":"2023-05-15T14:04:36","date_gmt":"2023-05-15T12:04:36","guid":{"rendered":"https:\/\/kajakaskaoprema.si\/?post_type=product&#038;p=10062"},"modified":"2025-11-19T07:46:54","modified_gmt":"2025-11-19T06:46:54","slug":"neoprenska-obleka-paddler","status":"publish","type":"product","link":"https:\/\/kajakaskaoprema.si\/en\/trgovina\/razprodaja\/neoprenska-obleka-paddler\/","title":{"rendered":"PADDLER Long John"},"content":{"rendered":"<h1 data-start=\"329\" data-end=\"365\"><strong data-start=\"331\" data-end=\"365\">Neoprenska obleka HIKO Paddler<\/strong><\/h1>\n<p data-start=\"367\" data-end=\"828\">Neoprenska obleka HIKO Paddler je preprosta, udobna in zanesljiva long john neopren obleka, zasnovana za hladnej\u0161e vodne razmere. Izdelana je iz 3 mm neoprena, ki nudi odli\u010dno toploto in hkrati ohranja svobodo gibanja, zato je idealna za <strong data-start=\"605\" data-end=\"614\">kayak<\/strong>, <strong data-start=\"616\" data-end=\"628\">veslanje<\/strong> in druge <strong data-start=\"638\" data-end=\"654\">vodne \u0161porte<\/strong>. Zaradi enostavnega zgornjega zapenjanja na je\u017eka je izjemno prakti\u010dna za hitro obla\u010denje in zelo priljubljena pri klubih, outdoor centrih in za\u010detnikih na <strong data-start=\"811\" data-end=\"827\">divjih vodah<\/strong>.<\/p>\n<h2 data-start=\"830\" data-end=\"878\"><strong data-start=\"833\" data-end=\"878\">Lastnosti neoprenske obleke HIKO Paddler:<\/strong><\/h2>\n<ul data-start=\"880\" data-end=\"1202\">\n<li data-start=\"880\" data-end=\"950\">\n<p data-start=\"882\" data-end=\"950\">3 mm neopren za dobro toplotno izolacijo in pro\u017enost pri veslanju.<\/p>\n<\/li>\n<li data-start=\"951\" data-end=\"1012\">\n<p data-start=\"953\" data-end=\"1012\">Enostaven \u201ctop-entry\u201d sistem z je\u017ekom za hitro obla\u010denje.<\/p>\n<\/li>\n<li data-start=\"1013\" data-end=\"1073\">\n<p data-start=\"1015\" data-end=\"1073\">Prilagojena za kajak, rafting in druge vodne aktivnosti.<\/p>\n<\/li>\n<li data-start=\"1074\" data-end=\"1130\">\n<p data-start=\"1076\" data-end=\"1130\">Udoben kroj, primeren za intenzivno gibanje na vodi.<\/p>\n<\/li>\n<li data-start=\"1131\" data-end=\"1202\">\n<p data-start=\"1133\" data-end=\"1202\">Zelo priljubljena izbira za klube, \u0161ole veslanja in outdoor centre.<\/p>\n<\/li>\n<\/ul>\n<h2 data-start=\"1204\" data-end=\"1228\"><strong data-start=\"1207\" data-end=\"1228\">Komu je primerna?<\/strong><\/h2>\n<p data-start=\"1230\" data-end=\"1275\">Neoprenska obleka HIKO Paddler je odli\u010dna za:<\/p>\n<ul data-start=\"1277\" data-end=\"1605\">\n<li data-start=\"1277\" data-end=\"1330\">\n<p data-start=\"1279\" data-end=\"1330\"><strong data-start=\"1279\" data-end=\"1304\">whitewater kayaking<\/strong> in rekreativno veslanje<\/p>\n<\/li>\n<li data-start=\"1331\" data-end=\"1361\">\n<p data-start=\"1333\" data-end=\"1361\">rafting in whitewater ture<\/p>\n<\/li>\n<li data-start=\"1362\" data-end=\"1404\">\n<p data-start=\"1364\" data-end=\"1404\">re\u010dne aktivnosti v hladnej\u0161ih razmerah<\/p>\n<\/li>\n<li data-start=\"1405\" data-end=\"1471\">\n<p data-start=\"1407\" data-end=\"1471\">za\u010detnike in klube, ki potrebujejo zanesljivo kajaka\u0161ko opremo<\/p>\n<\/li>\n<li data-start=\"1472\" data-end=\"1525\">\n<p data-start=\"1474\" data-end=\"1525\">outdoor centre, izposojevalnice in vodne programe<\/p>\n<\/li>\n<li data-start=\"1526\" data-end=\"1605\">\n<p data-start=\"1528\" data-end=\"1605\">vse, ki \u017eelijo toplo, enostavno in trpe\u017eno neopren obleko za <strong data-start=\"1589\" data-end=\"1605\">vodne \u0161porte<\/strong><\/p>\n<\/li>\n<\/ul>\n<h2 data-start=\"1607\" data-end=\"1631\"><strong data-start=\"1610\" data-end=\"1631\">Notranja povezava<\/strong><\/h2>\n<p data-start=\"1633\" data-end=\"1750\">Oglejte si tudi preostale neoprenske obleke HIKO TUKAJ:<br data-start=\"1688\" data-end=\"1691\" \/><strong data-start=\"1691\" data-end=\"1750\"><a class=\"decorated-link\" href=\"https:\/\/kajakaskaoprema.si\/en\/kolekcije\/neoprenske-obleke\/\" target=\"_new\" rel=\"noopener\" data-start=\"1693\" data-end=\"1748\">https:\/\/kajakaskaoprema.si\/kolekcije\/neoprenske-obleke\/<\/a><\/strong><\/p>\n<p data-start=\"1659\" data-end=\"1773\">","protected":false},"excerpt":{"rendered":"<p>Neoprenska long john obleka HIKO Paddler 3 mm za kajak, veslanje in vodne \u0161porte. Topla, udobna in enostavna za uporabo pri raftingu in divjih vodah.<\/p>","protected":false},"featured_media":10073,"comment_status":"open","ping_status":"closed","template":"","meta":{"_et_pb_use_builder":"","_et_pb_old_content":"","_et_gb_content_width":""},"product_brand":[],"product_cat":[540,202],"product_tag":[],"class_list":{"0":"post-10062","1":"product","2":"type-product","3":"status-publish","4":"has-post-thumbnail","6":"product_cat-neoprenske-obleke","7":"product_cat-razprodaja","9":"first","10":"instock","11":"shipping-taxable","12":"purchasable","13":"product-type-variable"},"yoast_head":"<!-- This site is optimized with the Yoast SEO plugin v27.0 - https:\/\/yoast.com\/product\/yoast-seo-wordpress\/ -->\n<title>Neoprenska obleka HIKO PADDLER | Kajaka\u0161ka Oprema<\/title>\n<meta name=\"description\" content=\"Neoprenska long john obleka HIKO Paddler 3 mm za kajak, veslanje in vodne \u0161porte. Topla, udobna in enostavna za uporabo pri raftingu in divjih vodah.\" \/>\n<meta name=\"robots\" content=\"index, follow, max-snippet:-1, max-image-preview:large, max-video-preview:-1\" \/>\n<link rel=\"canonical\" href=\"https:\/\/kajakaskaoprema.si\/en\/trgovina\/razprodaja\/neoprenska-obleka-paddler\/\" \/>\n<meta property=\"og:locale\" content=\"en_GB\" \/>\n<meta property=\"og:type\" content=\"article\" \/>\n<meta property=\"og:title\" content=\"Neoprenska obleka HIKO PADDLER | Kajaka\u0161ka Oprema\" \/>\n<meta property=\"og:description\" content=\"Neoprenska long john obleka HIKO Paddler 3 mm za kajak, veslanje in vodne \u0161porte. Topla, udobna in enostavna za uporabo pri raftingu in divjih vodah.\" \/>\n<meta property=\"og:url\" content=\"https:\/\/kajakaskaoprema.si\/en\/trgovina\/razprodaja\/neoprenska-obleka-paddler\/\" \/>\n<meta property=\"og:site_name\" content=\"Kajaka\u0161ka Oprema\" \/>\n<meta property=\"article:publisher\" content=\"https:\/\/www.facebook.com\/profile.php?id=100089048120006\" \/>\n<meta property=\"article:modified_time\" content=\"2025-11-19T06:46:54+00:00\" \/>\n<meta property=\"og:image\" content=\"https:\/\/kajakaskaoprema.si\/wp-content\/uploads\/2023\/05\/Untitled-design-_17_.webp\" \/>\n\t<meta property=\"og:image:width\" content=\"1000\" \/>\n\t<meta property=\"og:image:height\" content=\"1000\" \/>\n\t<meta property=\"og:image:type\" content=\"image\/webp\" \/>\n<meta name=\"twitter:card\" content=\"summary_large_image\" \/>\n<meta name=\"twitter:label1\" content=\"Estimated reading time\" \/>\n\t<meta name=\"twitter:data1\" content=\"2 minutes\" \/>\n<!-- \/ Yoast SEO plugin. -->","yoast_head_json":{"title":"Neoprenska obleka HIKO PADDLER | Kajaka\u0161ka Oprema","description":"Neoprenska long john obleka HIKO Paddler 3 mm za kajak, veslanje in vodne \u0161porte. Topla, udobna in enostavna za uporabo pri raftingu in divjih vodah.","robots":{"index":"index","follow":"follow","max-snippet":"max-snippet:-1","max-image-preview":"max-image-preview:large","max-video-preview":"max-video-preview:-1"},"canonical":"https:\/\/kajakaskaoprema.si\/en\/trgovina\/razprodaja\/neoprenska-obleka-paddler\/","og_locale":"en_GB","og_type":"article","og_title":"Neoprenska obleka HIKO PADDLER | Kajaka\u0161ka Oprema","og_description":"Neoprenska long john obleka HIKO Paddler 3 mm za kajak, veslanje in vodne \u0161porte. Topla, udobna in enostavna za uporabo pri raftingu in divjih vodah.","og_url":"https:\/\/kajakaskaoprema.si\/en\/trgovina\/razprodaja\/neoprenska-obleka-paddler\/","og_site_name":"Kajaka\u0161ka Oprema","article_publisher":"https:\/\/www.facebook.com\/profile.php?id=100089048120006","article_modified_time":"2025-11-19T06:46:54+00:00","og_image":[{"width":1000,"height":1000,"url":"https:\/\/kajakaskaoprema.si\/wp-content\/uploads\/2023\/05\/Untitled-design-_17_.webp","type":"image\/webp"}],"twitter_card":"summary_large_image","twitter_misc":{"Estimated reading time":"2 minutes"},"schema":{"@context":"https:\/\/schema.org","@graph":[{"@type":["WebPage","ItemPage"],"@id":"https:\/\/kajakaskaoprema.si\/trgovina\/razprodaja\/neoprenska-obleka-paddler\/","url":"https:\/\/kajakaskaoprema.si\/trgovina\/razprodaja\/neoprenska-obleka-paddler\/","name":"Neoprenska obleka HIKO PADDLER | Kajaka\u0161ka Oprema","isPartOf":{"@id":"https:\/\/kajakaskaoprema.si\/#website"},"primaryImageOfPage":{"@id":"https:\/\/kajakaskaoprema.si\/trgovina\/razprodaja\/neoprenska-obleka-paddler\/#primaryimage"},"image":{"@id":"https:\/\/kajakaskaoprema.si\/trgovina\/razprodaja\/neoprenska-obleka-paddler\/#primaryimage"},"thumbnailUrl":"https:\/\/kajakaskaoprema.si\/wp-content\/uploads\/2023\/05\/Untitled-design-_17_.webp","datePublished":"2023-05-15T12:04:36+00:00","dateModified":"2025-11-19T06:46:54+00:00","description":"Neoprenska long john obleka HIKO Paddler 3 mm za kajak, veslanje in vodne \u0161porte. Topla, udobna in enostavna za uporabo pri raftingu in divjih vodah.","breadcrumb":{"@id":"https:\/\/kajakaskaoprema.si\/trgovina\/razprodaja\/neoprenska-obleka-paddler\/#breadcrumb"},"inLanguage":"en-GB","potentialAction":[{"@type":"ReadAction","target":["https:\/\/kajakaskaoprema.si\/trgovina\/razprodaja\/neoprenska-obleka-paddler\/"]}]},{"@type":"ImageObject","inLanguage":"en-GB","@id":"https:\/\/kajakaskaoprema.si\/trgovina\/razprodaja\/neoprenska-obleka-paddler\/#primaryimage","url":"https:\/\/kajakaskaoprema.si\/wp-content\/uploads\/2023\/05\/Untitled-design-_17_.webp","contentUrl":"https:\/\/kajakaskaoprema.si\/wp-content\/uploads\/2023\/05\/Untitled-design-_17_.webp","width":1000,"height":1000,"caption":"Neoprene wetsuit HIKO Paddler for kayaking, rafting, surfing"},{"@type":"BreadcrumbList","@id":"https:\/\/kajakaskaoprema.si\/trgovina\/razprodaja\/neoprenska-obleka-paddler\/#breadcrumb","itemListElement":[{"@type":"ListItem","position":1,"name":"Domov","item":"https:\/\/kajakaskaoprema.si\/"},{"@type":"ListItem","position":2,"name":"Trgovina","item":"https:\/\/kajakaskaoprema.si\/trgovina\/"},{"@type":"ListItem","position":3,"name":"Neoprenske obleke","item":"https:\/\/kajakaskaoprema.si\/kolekcije\/neoprenske-obleke\/"},{"@type":"ListItem","position":4,"name":"Neoprenska obleka HIKO PADDLER"}]},{"@type":"WebSite","@id":"https:\/\/kajakaskaoprema.si\/#website","url":"https:\/\/kajakaskaoprema.si\/","name":"Kajaka\u0161ka Oprema","description":"Spletna trgovina s kajaka\u0161ko opremo svetovno priznanih znamk. Idealno za vse ljubitelje adrenalina in vodnih \u0161portov.","publisher":{"@id":"https:\/\/kajakaskaoprema.si\/#organization"},"potentialAction":[{"@type":"SearchAction","target":{"@type":"EntryPoint","urlTemplate":"https:\/\/kajakaskaoprema.si\/?s={search_term_string}"},"query-input":{"@type":"PropertyValueSpecification","valueRequired":true,"valueName":"search_term_string"}}],"inLanguage":"en-GB"},{"@type":"Organization","@id":"https:\/\/kajakaskaoprema.si\/#organization","name":"Kajaka\u0161ka Oprema","url":"https:\/\/kajakaskaoprema.si\/","logo":{"@type":"ImageObject","inLanguage":"en-GB","@id":"https:\/\/kajakaskaoprema.si\/#\/schema\/logo\/image\/","url":"https:\/\/kajakaskaoprema.si\/wp-content\/uploads\/2022\/12\/Logo_Kajakaska-Oprema.png","contentUrl":"https:\/\/kajakaskaoprema.si\/wp-content\/uploads\/2022\/12\/Logo_Kajakaska-Oprema.png","width":250,"height":69,"caption":"Kajaka\u0161ka Oprema"},"image":{"@id":"https:\/\/kajakaskaoprema.si\/#\/schema\/logo\/image\/"},"sameAs":["https:\/\/www.facebook.com\/profile.php?id=100089048120006","https:\/\/www.instagram.com\/kajakaska_oprema\/?fbclid=IwAR2wP1CpCpqaC63UyJF_RvVrzwwz_bz6YVmg02z_LdA4tZuWdCWYKBih7zQ"]}]}},"_links":{"self":[{"href":"https:\/\/kajakaskaoprema.si\/en\/wp-json\/wp\/v2\/product\/10062","targetHints":{"allow":["GET"]}}],"collection":[{"href":"https:\/\/kajakaskaoprema.si\/en\/wp-json\/wp\/v2\/product"}],"about":[{"href":"https:\/\/kajakaskaoprema.si\/en\/wp-json\/wp\/v2\/types\/product"}],"replies":[{"embeddable":true,"href":"https:\/\/kajakaskaoprema.si\/en\/wp-json\/wp\/v2\/comments?post=10062"}],"wp:featuredmedia":[{"embeddable":true,"href":"https:\/\/kajakaskaoprema.si\/en\/wp-json\/wp\/v2\/media\/10073"}],"wp:attachment":[{"href":"https:\/\/kajakaskaoprema.si\/en\/wp-json\/wp\/v2\/media?parent=10062"}],"wp:term":[{"taxonomy":"product_brand","embeddable":true,"href":"https:\/\/kajakaskaoprema.si\/en\/wp-json\/wp\/v2\/product_brand?post=10062"},{"taxonomy":"product_cat","embeddable":true,"href":"https:\/\/kajakaskaoprema.si\/en\/wp-json\/wp\/v2\/product_cat?post=10062"},{"taxonomy":"product_tag","embeddable":true,"href":"https:\/\/kajakaskaoprema.si\/en\/wp-json\/wp\/v2\/product_tag?post=10062"}],"curies":[{"name":"wp","href":"https:\/\/api.w.org\/{rel}","templated":true}]}}